{"id":977,"date":"2021-01-20T10:16:53","date_gmt":"2021-01-20T09:16:53","guid":{"rendered":"https:\/\/www.robobraille.org\/uvod-v-robobraille\/"},"modified":"2021-01-20T10:16:53","modified_gmt":"2021-01-20T09:16:53","slug":"uvod-v-robobraille","status":"publish","type":"page","link":"https:\/\/www.robobraille.org\/sl\/uvod-v-robobraille\/","title":{"rendered":"Uvod v RoboBraille"},"content":{"rendered":"\n<p>RoboBraille je spletni in e po\u0161tni servis, ki omogo\u010da samodejno pretvorbo dokumentov med razli\u010dnimi vrstami datotek, primeren je za slabovidne in tiste z ote\u017eenim branjem.<\/p>\n\n<p>RoboBraille je re\u0161itev, ki je na voljo 24 ur na dan, za posameznike je brezpla\u010dna, registracija za nekomercialne uporabnike in posameznike ni potrebna. Cilj je podpora in promoviranje samostojnosti posameznikov s posebnimi potrebami v njihovem socialnem \u017eivljenju, v izobra\u017eevalnem sistemu in na delovnem trgu. Kot dodatno ugodnost nudi RoboBraille \u0161e vso zasebnost uporabnikom, ki potrebujejo gradivo v razli\u010dnih vrstah datotek.<\/p>\n\n<p>Za institucionalno rabo je na voljo prilagodljiv spletni vmesnik, prilagojen akademskim in drugim organizacijam, ki \u017eelijo storitev vklju\u010diti na svojih spletnih straneh. Vgraditi jo je mogo\u010de tudi v digitalne knji\u017eni\u010dne in izobra\u017eevalne sisteme za pomo\u010d uporabnikom s posebnimi potrebami. Institucionalna raba je pla\u010dljiva.<\/p>\n\n<p>Storitev sta razvila Danski nacionalni center za slabovidne otroke in mladino ter <a href=\"https:\/\/web.archive.org\/web\/20200817021153\/https:\/\/sensus.dk\/da\">Sensus ApS<\/a>. Od za\u010detka delovanja leta 2004 je RoboBraille \u017ee prejel nekaj nagrad, med temi so nagrade: WISE 2012 Award za podporo pri vklju\u010devanju v izobra\u017eevanje, 2010 BETT Award for best Special Education Needs (nagrado za najbolj\u0161e izobra\u017eevanje posameznikov s posebnimi potrebami) in 2008 eInclusion Award (nagrado Evropske komisije za e dostopnost).<\/p>\n\n<p>RoboBraille je del <a href=\"https:\/\/web.archive.org\/web\/20200923114103\/https:\/\/www.raisingthefloor.org\/\">Raising the Floor Initiative<\/a> (Iniciativa za dvig nivoja) za izbolj\u0161avo dostopnosti in nadaljnje vklju\u010devanje. RoboBraille je tudi pridru\u017eeni \u010dlan konzorcija zdru\u017eenj <a href=\"https:\/\/web.archive.org\/web\/20200923013022\/https:\/\/daisy.org\/\">Daisy Consortium<\/a>.<\/p>\n\n<p>RoboBraille ponuja \u0161tiri razli\u010dne kategorije storitev:<\/p>\n\n<ul class=\"wp-block-list\"><li>Brajeve storitve<\/li><li>Zvo\u010dne storitve<\/li><li>E-knji\u017ene storitve<\/li><li>Storitve dostopnosti<\/li><\/ul>\n\n<h2 class=\"wp-block-heading\">Brajeve storitve<\/h2>\n\n<p>Prevajanje v brajevo pisavo in iz nje (klasi\u010dna pisava ali kratkopis), ki temelji na brajicah v dan\u0161\u010dini, britanski angle\u0161\u010dini, ameri\u0161ki angle\u0161\u010dini, italijan\u0161\u010dini, franco\u0161\u010dini, gr\u0161\u010dini, nem\u0161\u010dini, island\u0161\u010dini, norve\u0161\u010dini, portugal\u0161\u010dini, sloven\u0161\u010dini in \u0161pan\u0161\u010dini. Dokumentom se lahko dolo\u010di velikost tiska in se jih tudi o\u0161tevil\u010di, dostavljena dobite besedila, ki so pripravljena na tisk v razli\u010dnih digitalnih brajevih formatih.<\/p>\n\n<h2 class=\"wp-block-heading\">Zvo\u010dne storitve<\/h2>\n\n<p>Pretvorba v datoteke MP3 in Daisy standard za zvo\u010dne knjige, vklju\u010dno s knjigami Daisy z branimi matemati\u010dnimi izrazi. Storitev zvo\u010dne pretvorbe trenutno vklju\u010duje visokokakovostne glasove za naslednje jezike: arab\u0161\u010dina, dvojezi\u010dno arab\u0161\u010dina in angle\u0161\u010dina, bolgar\u0161\u010dina, dan\u0161\u010dina, nizozem\u0161\u010dina, ameri\u0161ka angle\u0161\u010dina, britanska angle\u0161\u010dina, franco\u0161\u010dina, nem\u0161\u010dina, mad\u017ear\u0161\u010dina, italijan\u0161\u010dina, litov\u0161\u010dina, polj\u0161\u010dina, portugal\u0161\u010dina, romun\u0161\u010dina, sloven\u0161\u010dina, \u0161pan\u0161\u010dina (kastilj\u0161\u010dina) in \u0161pan\u0161\u010dina Latinske Amerike.<\/p>\n\n<h2 class=\"wp-block-heading\">E-knji\u017ene storitve<\/h2>\n\n<p>Dokumenti se lahko pretvorijo v zapise e knjig, in sicer EPUB in Mobi Pocket (Amazon Kindle); tudi EPUB v Mobi Pocket in obratno. Slabovidni uporabniki lahko za la\u017eje branje besedil z e-bralnikov pove\u010dajo osnovno velikost besedila e-knjige.<\/p>\n\n<h2 class=\"wp-block-heading\">Storitve dostopnosti<\/h2>\n\n<p>RoboBraille lahko dokumente, kot so slikovne datoteke GIF, TIFF, JPG, BMP, PCX, DCX, J2K, JP2, JPX, DJV, slikovni PDF in \u0161e vse druge vrste datotek PDF, pretvori v preprostej\u0161e datoteke PDF, DOC, DOCX, Word, XML, XLS, XLSX, CSV, TXT, RTF in HTML. Wordove datoteke in datoteke RTF v besedilne ali ozna\u010dene datoteke PDF, zanje velja zapis, ki ga dolo\u010dite sami (npr. TXT ali PDF). Datoteke PowerPoint pa v ozna\u010dene datoteke PDF, HTML ali RTF.<\/p>\n","protected":false},"excerpt":{"rendered":"<p>RoboBraille je spletni in e po\u0161tni servis, ki omogo\u010da samodejno pretvorbo dokumentov med razli\u010dnimi vrstami datotek, primeren je za slabovidne in tiste z ote\u017eenim branjem. RoboBraille je re\u0161itev, ki je na voljo 24 ur na dan, za posameznike je brezpla\u010dna, registracija za nekomercialne uporabnike in posameznike ni potrebna. Cilj je podpora in promoviranje samostojnosti posameznikov [&hellip;]<\/p>\n","protected":false},"author":4,"featured_media":0,"parent":0,"menu_order":0,"comment_status":"closed","ping_status":"closed","template":"","meta":{"site-sidebar-layout":"default","site-content-layout":"default","ast-site-content-layout":"default","site-content-style":"default","site-sidebar-style":"default","ast-global-header-display":"","ast-banner-title-visibility":"","ast-main-header-display":"","ast-hfb-above-header-display":"","ast-hfb-below-header-display":"","ast-hfb-mobile-header-display":"","site-post-title":"","ast-breadcrumbs-content":"","ast-featured-img":"","footer-sml-layout":"","ast-disable-related-posts":"","theme-transparent-header-meta":"default","adv-header-id-meta":"","stick-header-meta":"","header-above-stick-meta":"","header-main-stick-meta":"","header-below-stick-meta":"","astra-migrate-meta-layouts":"default","ast-page-background-enabled":"default","ast-page-background-meta":{"desktop":{"background-color":"","background-image":"","background-repeat":"repeat","background-position":"center center","background-size":"auto","background-attachment":"scroll","background-type":"","background-media":"","overlay-type":"","overlay-color":"","overlay-opacity":"","overlay-gradient":""},"tablet":{"background-color":"","background-image":"","background-repeat":"repeat","background-position":"center center","background-size":"auto","background-attachment":"scroll","background-type":"","background-media":"","overlay-type":"","overlay-color":"","overlay-opacity":"","overlay-gradient":""},"mobile":{"background-color":"","background-image":"","background-repeat":"repeat","background-position":"center center","background-size":"auto","background-attachment":"scroll","background-type":"","background-media":"","overlay-type":"","overlay-color":"","overlay-opacity":"","overlay-gradient":""}},"ast-content-background-meta":{"desktop":{"background-color":"var(--ast-global-color-5)","background-image":"","background-repeat":"repeat","background-position":"center center","background-size":"auto","background-attachment":"scroll","background-type":"","background-media":"","overlay-type":"","overlay-color":"","overlay-opacity":"","overlay-gradient":""},"tablet":{"background-color":"var(--ast-global-color-5)","background-image":"","background-repeat":"repeat","background-position":"center center","background-size":"auto","background-attachment":"scroll","background-type":"","background-media":"","overlay-type":"","overlay-color":"","overlay-opacity":"","overlay-gradient":""},"mobile":{"background-color":"var(--ast-global-color-5)","background-image":"","background-repeat":"repeat","background-position":"center center","background-size":"auto","background-attachment":"scroll","background-type":"","background-media":"","overlay-type":"","overlay-color":"","overlay-opacity":"","overlay-gradient":""}},"footnotes":""},"class_list":["post-977","page","type-page","status-publish","hentry"],"yoast_head":"<!-- This site is optimized with the Yoast SEO plugin v27.0 - https:\/\/yoast.com\/product\/yoast-seo-wordpress\/ -->\r\n<title>Uvod v RoboBraille - RoboBraille<\/title>\r\n<meta name=\"robots\" content=\"index, follow, max-snippet:-1, max-image-preview:large, max-video-preview:-1\" \/>\r\n<link rel=\"canonical\" href=\"https:\/\/www.robobraille.org\/sl\/uvod-v-robobraille\/\" \/>\r\n<meta property=\"og:locale\" content=\"sl_SI\" \/>\r\n<meta property=\"og:type\" content=\"article\" \/>\r\n<meta property=\"og:title\" content=\"Uvod v RoboBraille - RoboBraille\" \/>\r\n<meta property=\"og:description\" content=\"RoboBraille je spletni in e po\u0161tni servis, ki omogo\u010da samodejno pretvorbo dokumentov med razli\u010dnimi vrstami datotek, primeren je za slabovidne in tiste z ote\u017eenim branjem. RoboBraille je re\u0161itev, ki je na voljo 24 ur na dan, za posameznike je brezpla\u010dna, registracija za nekomercialne uporabnike in posameznike ni potrebna. Cilj je podpora in promoviranje samostojnosti posameznikov [&hellip;]\" \/>\r\n<meta property=\"og:url\" content=\"https:\/\/www.robobraille.org\/sl\/uvod-v-robobraille\/\" \/>\r\n<meta property=\"og:site_name\" content=\"RoboBraille\" \/>\r\n<meta name=\"twitter:card\" content=\"summary_large_image\" \/>\r\n<meta name=\"twitter:label1\" content=\"Est. reading time\" \/>\n\t<meta name=\"twitter:data1\" content=\"3 minute\" \/>\r\n<script type=\"application\/ld+json\" class=\"yoast-schema-graph\">{\"@context\":\"https:\/\/schema.org\",\"@graph\":[{\"@type\":\"WebPage\",\"@id\":\"https:\/\/www.robobraille.org\/sl\/uvod-v-robobraille\/\",\"url\":\"https:\/\/www.robobraille.org\/sl\/uvod-v-robobraille\/\",\"name\":\"Uvod v RoboBraille - RoboBraille\",\"isPartOf\":{\"@id\":\"https:\/\/www.robobraille.org\/sl\/#website\"},\"datePublished\":\"2021-01-20T09:16:53+00:00\",\"breadcrumb\":{\"@id\":\"https:\/\/www.robobraille.org\/sl\/uvod-v-robobraille\/#breadcrumb\"},\"inLanguage\":\"sl-SI\",\"potentialAction\":[{\"@type\":\"ReadAction\",\"target\":[\"https:\/\/www.robobraille.org\/sl\/uvod-v-robobraille\/\"]}]},{\"@type\":\"BreadcrumbList\",\"@id\":\"https:\/\/www.robobraille.org\/sl\/uvod-v-robobraille\/#breadcrumb\",\"itemListElement\":[{\"@type\":\"ListItem\",\"position\":1,\"name\":\"Home\",\"item\":\"https:\/\/www.robobraille.org\/sl\/\"},{\"@type\":\"ListItem\",\"position\":2,\"name\":\"Uvod v RoboBraille\"}]},{\"@type\":\"WebSite\",\"@id\":\"https:\/\/www.robobraille.org\/sl\/#website\",\"url\":\"https:\/\/www.robobraille.org\/sl\/\",\"name\":\"RoboBraille\",\"description\":\"\",\"publisher\":{\"@id\":\"https:\/\/www.robobraille.org\/sl\/#organization\"},\"potentialAction\":[{\"@type\":\"SearchAction\",\"target\":{\"@type\":\"EntryPoint\",\"urlTemplate\":\"https:\/\/www.robobraille.org\/sl\/?s={search_term_string}\"},\"query-input\":{\"@type\":\"PropertyValueSpecification\",\"valueRequired\":true,\"valueName\":\"search_term_string\"}}],\"inLanguage\":\"sl-SI\"},{\"@type\":\"Organization\",\"@id\":\"https:\/\/www.robobraille.org\/sl\/#organization\",\"name\":\"RoboBraille\",\"url\":\"https:\/\/www.robobraille.org\/sl\/\",\"logo\":{\"@type\":\"ImageObject\",\"inLanguage\":\"sl-SI\",\"@id\":\"https:\/\/www.robobraille.org\/sl\/#\/schema\/logo\/image\/\",\"url\":\"https:\/\/www.robobraille.org\/wp-content\/uploads\/2020\/11\/RoboBraille.jpg\",\"contentUrl\":\"https:\/\/www.robobraille.org\/wp-content\/uploads\/2020\/11\/RoboBraille.jpg\",\"width\":340,\"height\":98,\"caption\":\"RoboBraille\"},\"image\":{\"@id\":\"https:\/\/www.robobraille.org\/sl\/#\/schema\/logo\/image\/\"}}]}<\/script>\r\n<!-- \/ Yoast SEO plugin. -->","yoast_head_json":{"title":"Uvod v RoboBraille - RoboBraille","robots":{"index":"index","follow":"follow","max-snippet":"max-snippet:-1","max-image-preview":"max-image-preview:large","max-video-preview":"max-video-preview:-1"},"canonical":"https:\/\/www.robobraille.org\/sl\/uvod-v-robobraille\/","og_locale":"sl_SI","og_type":"article","og_title":"Uvod v RoboBraille - RoboBraille","og_description":"RoboBraille je spletni in e po\u0161tni servis, ki omogo\u010da samodejno pretvorbo dokumentov med razli\u010dnimi vrstami datotek, primeren je za slabovidne in tiste z ote\u017eenim branjem. RoboBraille je re\u0161itev, ki je na voljo 24 ur na dan, za posameznike je brezpla\u010dna, registracija za nekomercialne uporabnike in posameznike ni potrebna. Cilj je podpora in promoviranje samostojnosti posameznikov [&hellip;]","og_url":"https:\/\/www.robobraille.org\/sl\/uvod-v-robobraille\/","og_site_name":"RoboBraille","twitter_card":"summary_large_image","twitter_misc":{"Est. reading time":"3 minute"},"schema":{"@context":"https:\/\/schema.org","@graph":[{"@type":"WebPage","@id":"https:\/\/www.robobraille.org\/sl\/uvod-v-robobraille\/","url":"https:\/\/www.robobraille.org\/sl\/uvod-v-robobraille\/","name":"Uvod v RoboBraille - RoboBraille","isPartOf":{"@id":"https:\/\/www.robobraille.org\/sl\/#website"},"datePublished":"2021-01-20T09:16:53+00:00","breadcrumb":{"@id":"https:\/\/www.robobraille.org\/sl\/uvod-v-robobraille\/#breadcrumb"},"inLanguage":"sl-SI","potentialAction":[{"@type":"ReadAction","target":["https:\/\/www.robobraille.org\/sl\/uvod-v-robobraille\/"]}]},{"@type":"BreadcrumbList","@id":"https:\/\/www.robobraille.org\/sl\/uvod-v-robobraille\/#breadcrumb","itemListElement":[{"@type":"ListItem","position":1,"name":"Home","item":"https:\/\/www.robobraille.org\/sl\/"},{"@type":"ListItem","position":2,"name":"Uvod v RoboBraille"}]},{"@type":"WebSite","@id":"https:\/\/www.robobraille.org\/sl\/#website","url":"https:\/\/www.robobraille.org\/sl\/","name":"RoboBraille","description":"","publisher":{"@id":"https:\/\/www.robobraille.org\/sl\/#organization"},"potentialAction":[{"@type":"SearchAction","target":{"@type":"EntryPoint","urlTemplate":"https:\/\/www.robobraille.org\/sl\/?s={search_term_string}"},"query-input":{"@type":"PropertyValueSpecification","valueRequired":true,"valueName":"search_term_string"}}],"inLanguage":"sl-SI"},{"@type":"Organization","@id":"https:\/\/www.robobraille.org\/sl\/#organization","name":"RoboBraille","url":"https:\/\/www.robobraille.org\/sl\/","logo":{"@type":"ImageObject","inLanguage":"sl-SI","@id":"https:\/\/www.robobraille.org\/sl\/#\/schema\/logo\/image\/","url":"https:\/\/www.robobraille.org\/wp-content\/uploads\/2020\/11\/RoboBraille.jpg","contentUrl":"https:\/\/www.robobraille.org\/wp-content\/uploads\/2020\/11\/RoboBraille.jpg","width":340,"height":98,"caption":"RoboBraille"},"image":{"@id":"https:\/\/www.robobraille.org\/sl\/#\/schema\/logo\/image\/"}}]}},"_links":{"self":[{"href":"https:\/\/www.robobraille.org\/sl\/wp-json\/wp\/v2\/pages\/977","targetHints":{"allow":["GET"]}}],"collection":[{"href":"https:\/\/www.robobraille.org\/sl\/wp-json\/wp\/v2\/pages"}],"about":[{"href":"https:\/\/www.robobraille.org\/sl\/wp-json\/wp\/v2\/types\/page"}],"author":[{"embeddable":true,"href":"https:\/\/www.robobraille.org\/sl\/wp-json\/wp\/v2\/users\/4"}],"replies":[{"embeddable":true,"href":"https:\/\/www.robobraille.org\/sl\/wp-json\/wp\/v2\/comments?post=977"}],"version-history":[{"count":1,"href":"https:\/\/www.robobraille.org\/sl\/wp-json\/wp\/v2\/pages\/977\/revisions"}],"predecessor-version":[{"id":978,"href":"https:\/\/www.robobraille.org\/sl\/wp-json\/wp\/v2\/pages\/977\/revisions\/978"}],"wp:attachment":[{"href":"https:\/\/www.robobraille.org\/sl\/wp-json\/wp\/v2\/media?parent=977"}],"curies":[{"name":"wp","href":"https:\/\/api.w.org\/{rel}","templated":true}]}}