{"id":1041,"date":"2021-01-20T12:43:41","date_gmt":"2021-01-20T11:43:41","guid":{"rendered":"https:\/\/www.robobraille.org\/zasebnost-in-splosni-pogoji-2\/"},"modified":"2021-01-20T12:43:42","modified_gmt":"2021-01-20T11:43:42","slug":"zasebnost-in-splosni-pogoji-2","status":"publish","type":"page","link":"https:\/\/www.robobraille.org\/sl\/zasebnost-in-splosni-pogoji-2\/","title":{"rendered":"Zasebnost in splo\u0161ni pogoji"},"content":{"rendered":"\n<h2 class=\"wp-block-heading\">Zasebnost<\/h2>\n\n<p>RoboBraille pretvori dokumente popolnoma samodejno brez \u010dlove\u0161ke pomo\u010di. Izvorni dokumenti so sprejeti na po\u0161tni stre\u017enik RoboBraille, obdelani s pomo\u010djo enega ali ve\u010d agentov RoboBraille in kot rezultat vrnjeni uporabniku. Vsi dokumenti so nato izbrisani s stre\u017enikov.<\/p>\n\n<p>Ohranjajo se le podatki transakcij za statisti\u010dne namene in kot preventiva pred ne\u017eeleno po\u0161to.  <\/p>\n\n<p> <\/p>\n\n<p> <\/p>\n\n<p> <\/p>\n\n<p> <\/p>\n\n<h2 class=\"wp-block-heading\">Pogoji uporabe<\/h2>\n\n<p>Pri storitvi RoboBraille dobite to\u010dno to, kar vidite. Synscenter in Refsn\u00e6s Sensus ne bosta sprejela odgovornosti do kakr\u0161nihkoli te\u017eav z uporabo servisa. Avtorji servisa predvidevajo, da imajo uporabniki urejene pravice do vseh posredovanih dokumentov. Ponudnik storitve predvideva tudi, da uporabniki storitev uporabljajo na podlagi pogojev, zapisanih na tej spletni strani.<\/p>\n\n<p>RoboBraille je uporabnikom na voljo na nekomercialnih osnovah. Institucionalni uporabniki (npr. univerze) in drugi, ki \u017eelijo spletni servis RoboBraille s pomo\u010djo prilagojenega vmesnika omogo\u010diti svojim \u0161tudentom, klientom, uslu\u017ebencem in drugim, naj za pogodbo pi\u0161ejo podjetju Sensus na e-po\u0161tni naslov <a href=\"https:\/\/web.archive.org\/web\/20200814182816\/mailto:contact@robobraille.org\">contact@robobraille.org<\/a>.<\/p>\n\n<p>Komercialna uporaba servisa (preprodaja gradiva ustvarjenega s storitvijo) in institucionalna raba storitev brez primernega soglasja je strogo prepovedana. V primeru kr\u0161itev pogojev s te spletne strani bomo uporabili pravna sredstva.  <\/p>\n","protected":false},"excerpt":{"rendered":"<p>Zasebnost RoboBraille pretvori dokumente popolnoma samodejno brez \u010dlove\u0161ke pomo\u010di. Izvorni dokumenti so sprejeti na po\u0161tni stre\u017enik RoboBraille, obdelani s pomo\u010djo enega ali ve\u010d agentov RoboBraille in kot rezultat vrnjeni uporabniku. Vsi dokumenti so nato izbrisani s stre\u017enikov. Ohranjajo se le podatki transakcij za statisti\u010dne namene in kot preventiva pred ne\u017eeleno po\u0161to. Pogoji uporabe Pri storitvi [&hellip;]<\/p>\n","protected":false},"author":4,"featured_media":0,"parent":0,"menu_order":0,"comment_status":"closed","ping_status":"closed","template":"","meta":{"site-sidebar-layout":"default","site-content-layout":"default","ast-site-content-layout":"default","site-content-style":"default","site-sidebar-style":"default","ast-global-header-display":"","ast-banner-title-visibility":"","ast-main-header-display":"","ast-hfb-above-header-display":"","ast-hfb-below-header-display":"","ast-hfb-mobile-header-display":"","site-post-title":"","ast-breadcrumbs-content":"","ast-featured-img":"","footer-sml-layout":"","ast-disable-related-posts":"","theme-transparent-header-meta":"default","adv-header-id-meta":"","stick-header-meta":"","header-above-stick-meta":"","header-main-stick-meta":"","header-below-stick-meta":"","astra-migrate-meta-layouts":"default","ast-page-background-enabled":"default","ast-page-background-meta":{"desktop":{"background-color":"","background-image":"","background-repeat":"repeat","background-position":"center center","background-size":"auto","background-attachment":"scroll","background-type":"","background-media":"","overlay-type":"","overlay-color":"","overlay-opacity":"","overlay-gradient":""},"tablet":{"background-color":"","background-image":"","background-repeat":"repeat","background-position":"center center","background-size":"auto","background-attachment":"scroll","background-type":"","background-media":"","overlay-type":"","overlay-color":"","overlay-opacity":"","overlay-gradient":""},"mobile":{"background-color":"","background-image":"","background-repeat":"repeat","background-position":"center center","background-size":"auto","background-attachment":"scroll","background-type":"","background-media":"","overlay-type":"","overlay-color":"","overlay-opacity":"","overlay-gradient":""}},"ast-content-background-meta":{"desktop":{"background-color":"var(--ast-global-color-5)","background-image":"","background-repeat":"repeat","background-position":"center center","background-size":"auto","background-attachment":"scroll","background-type":"","background-media":"","overlay-type":"","overlay-color":"","overlay-opacity":"","overlay-gradient":""},"tablet":{"background-color":"var(--ast-global-color-5)","background-image":"","background-repeat":"repeat","background-position":"center center","background-size":"auto","background-attachment":"scroll","background-type":"","background-media":"","overlay-type":"","overlay-color":"","overlay-opacity":"","overlay-gradient":""},"mobile":{"background-color":"var(--ast-global-color-5)","background-image":"","background-repeat":"repeat","background-position":"center center","background-size":"auto","background-attachment":"scroll","background-type":"","background-media":"","overlay-type":"","overlay-color":"","overlay-opacity":"","overlay-gradient":""}},"footnotes":""},"class_list":["post-1041","page","type-page","status-publish","hentry"],"yoast_head":"<!-- This site is optimized with the Yoast SEO plugin v27.0 - https:\/\/yoast.com\/product\/yoast-seo-wordpress\/ -->\r\n<title>Zasebnost in splo\u0161ni pogoji - RoboBraille<\/title>\r\n<meta name=\"robots\" content=\"index, follow, max-snippet:-1, max-image-preview:large, max-video-preview:-1\" \/>\r\n<link rel=\"canonical\" href=\"https:\/\/www.robobraille.org\/sl\/zasebnost-in-splosni-pogoji-2\/\" \/>\r\n<meta property=\"og:locale\" content=\"sl_SI\" \/>\r\n<meta property=\"og:type\" content=\"article\" \/>\r\n<meta property=\"og:title\" content=\"Zasebnost in splo\u0161ni pogoji - RoboBraille\" \/>\r\n<meta property=\"og:description\" content=\"Zasebnost RoboBraille pretvori dokumente popolnoma samodejno brez \u010dlove\u0161ke pomo\u010di. Izvorni dokumenti so sprejeti na po\u0161tni stre\u017enik RoboBraille, obdelani s pomo\u010djo enega ali ve\u010d agentov RoboBraille in kot rezultat vrnjeni uporabniku. Vsi dokumenti so nato izbrisani s stre\u017enikov. Ohranjajo se le podatki transakcij za statisti\u010dne namene in kot preventiva pred ne\u017eeleno po\u0161to. Pogoji uporabe Pri storitvi [&hellip;]\" \/>\r\n<meta property=\"og:url\" content=\"https:\/\/www.robobraille.org\/sl\/zasebnost-in-splosni-pogoji-2\/\" \/>\r\n<meta property=\"og:site_name\" content=\"RoboBraille\" \/>\r\n<meta property=\"article:modified_time\" content=\"2021-01-20T11:43:42+00:00\" \/>\r\n<meta name=\"twitter:card\" content=\"summary_large_image\" \/>\r\n<meta name=\"twitter:label1\" content=\"Est. reading time\" \/>\n\t<meta name=\"twitter:data1\" content=\"1 minuta\" \/>\r\n<script type=\"application\/ld+json\" class=\"yoast-schema-graph\">{\"@context\":\"https:\/\/schema.org\",\"@graph\":[{\"@type\":\"WebPage\",\"@id\":\"https:\/\/www.robobraille.org\/sl\/zasebnost-in-splosni-pogoji-2\/\",\"url\":\"https:\/\/www.robobraille.org\/sl\/zasebnost-in-splosni-pogoji-2\/\",\"name\":\"Zasebnost in splo\u0161ni pogoji - RoboBraille\",\"isPartOf\":{\"@id\":\"https:\/\/www.robobraille.org\/sl\/#website\"},\"datePublished\":\"2021-01-20T11:43:41+00:00\",\"dateModified\":\"2021-01-20T11:43:42+00:00\",\"breadcrumb\":{\"@id\":\"https:\/\/www.robobraille.org\/sl\/zasebnost-in-splosni-pogoji-2\/#breadcrumb\"},\"inLanguage\":\"sl-SI\",\"potentialAction\":[{\"@type\":\"ReadAction\",\"target\":[\"https:\/\/www.robobraille.org\/sl\/zasebnost-in-splosni-pogoji-2\/\"]}]},{\"@type\":\"BreadcrumbList\",\"@id\":\"https:\/\/www.robobraille.org\/sl\/zasebnost-in-splosni-pogoji-2\/#breadcrumb\",\"itemListElement\":[{\"@type\":\"ListItem\",\"position\":1,\"name\":\"Home\",\"item\":\"https:\/\/www.robobraille.org\/sl\/\"},{\"@type\":\"ListItem\",\"position\":2,\"name\":\"Zasebnost in splo\u0161ni pogoji\"}]},{\"@type\":\"WebSite\",\"@id\":\"https:\/\/www.robobraille.org\/sl\/#website\",\"url\":\"https:\/\/www.robobraille.org\/sl\/\",\"name\":\"RoboBraille\",\"description\":\"\",\"publisher\":{\"@id\":\"https:\/\/www.robobraille.org\/sl\/#organization\"},\"potentialAction\":[{\"@type\":\"SearchAction\",\"target\":{\"@type\":\"EntryPoint\",\"urlTemplate\":\"https:\/\/www.robobraille.org\/sl\/?s={search_term_string}\"},\"query-input\":{\"@type\":\"PropertyValueSpecification\",\"valueRequired\":true,\"valueName\":\"search_term_string\"}}],\"inLanguage\":\"sl-SI\"},{\"@type\":\"Organization\",\"@id\":\"https:\/\/www.robobraille.org\/sl\/#organization\",\"name\":\"RoboBraille\",\"url\":\"https:\/\/www.robobraille.org\/sl\/\",\"logo\":{\"@type\":\"ImageObject\",\"inLanguage\":\"sl-SI\",\"@id\":\"https:\/\/www.robobraille.org\/sl\/#\/schema\/logo\/image\/\",\"url\":\"https:\/\/www.robobraille.org\/wp-content\/uploads\/2020\/11\/RoboBraille.jpg\",\"contentUrl\":\"https:\/\/www.robobraille.org\/wp-content\/uploads\/2020\/11\/RoboBraille.jpg\",\"width\":340,\"height\":98,\"caption\":\"RoboBraille\"},\"image\":{\"@id\":\"https:\/\/www.robobraille.org\/sl\/#\/schema\/logo\/image\/\"}}]}<\/script>\r\n<!-- \/ Yoast SEO plugin. -->","yoast_head_json":{"title":"Zasebnost in splo\u0161ni pogoji - RoboBraille","robots":{"index":"index","follow":"follow","max-snippet":"max-snippet:-1","max-image-preview":"max-image-preview:large","max-video-preview":"max-video-preview:-1"},"canonical":"https:\/\/www.robobraille.org\/sl\/zasebnost-in-splosni-pogoji-2\/","og_locale":"sl_SI","og_type":"article","og_title":"Zasebnost in splo\u0161ni pogoji - RoboBraille","og_description":"Zasebnost RoboBraille pretvori dokumente popolnoma samodejno brez \u010dlove\u0161ke pomo\u010di. Izvorni dokumenti so sprejeti na po\u0161tni stre\u017enik RoboBraille, obdelani s pomo\u010djo enega ali ve\u010d agentov RoboBraille in kot rezultat vrnjeni uporabniku. Vsi dokumenti so nato izbrisani s stre\u017enikov. Ohranjajo se le podatki transakcij za statisti\u010dne namene in kot preventiva pred ne\u017eeleno po\u0161to. Pogoji uporabe Pri storitvi [&hellip;]","og_url":"https:\/\/www.robobraille.org\/sl\/zasebnost-in-splosni-pogoji-2\/","og_site_name":"RoboBraille","article_modified_time":"2021-01-20T11:43:42+00:00","twitter_card":"summary_large_image","twitter_misc":{"Est. reading time":"1 minuta"},"schema":{"@context":"https:\/\/schema.org","@graph":[{"@type":"WebPage","@id":"https:\/\/www.robobraille.org\/sl\/zasebnost-in-splosni-pogoji-2\/","url":"https:\/\/www.robobraille.org\/sl\/zasebnost-in-splosni-pogoji-2\/","name":"Zasebnost in splo\u0161ni pogoji - RoboBraille","isPartOf":{"@id":"https:\/\/www.robobraille.org\/sl\/#website"},"datePublished":"2021-01-20T11:43:41+00:00","dateModified":"2021-01-20T11:43:42+00:00","breadcrumb":{"@id":"https:\/\/www.robobraille.org\/sl\/zasebnost-in-splosni-pogoji-2\/#breadcrumb"},"inLanguage":"sl-SI","potentialAction":[{"@type":"ReadAction","target":["https:\/\/www.robobraille.org\/sl\/zasebnost-in-splosni-pogoji-2\/"]}]},{"@type":"BreadcrumbList","@id":"https:\/\/www.robobraille.org\/sl\/zasebnost-in-splosni-pogoji-2\/#breadcrumb","itemListElement":[{"@type":"ListItem","position":1,"name":"Home","item":"https:\/\/www.robobraille.org\/sl\/"},{"@type":"ListItem","position":2,"name":"Zasebnost in splo\u0161ni pogoji"}]},{"@type":"WebSite","@id":"https:\/\/www.robobraille.org\/sl\/#website","url":"https:\/\/www.robobraille.org\/sl\/","name":"RoboBraille","description":"","publisher":{"@id":"https:\/\/www.robobraille.org\/sl\/#organization"},"potentialAction":[{"@type":"SearchAction","target":{"@type":"EntryPoint","urlTemplate":"https:\/\/www.robobraille.org\/sl\/?s={search_term_string}"},"query-input":{"@type":"PropertyValueSpecification","valueRequired":true,"valueName":"search_term_string"}}],"inLanguage":"sl-SI"},{"@type":"Organization","@id":"https:\/\/www.robobraille.org\/sl\/#organization","name":"RoboBraille","url":"https:\/\/www.robobraille.org\/sl\/","logo":{"@type":"ImageObject","inLanguage":"sl-SI","@id":"https:\/\/www.robobraille.org\/sl\/#\/schema\/logo\/image\/","url":"https:\/\/www.robobraille.org\/wp-content\/uploads\/2020\/11\/RoboBraille.jpg","contentUrl":"https:\/\/www.robobraille.org\/wp-content\/uploads\/2020\/11\/RoboBraille.jpg","width":340,"height":98,"caption":"RoboBraille"},"image":{"@id":"https:\/\/www.robobraille.org\/sl\/#\/schema\/logo\/image\/"}}]}},"_links":{"self":[{"href":"https:\/\/www.robobraille.org\/sl\/wp-json\/wp\/v2\/pages\/1041","targetHints":{"allow":["GET"]}}],"collection":[{"href":"https:\/\/www.robobraille.org\/sl\/wp-json\/wp\/v2\/pages"}],"about":[{"href":"https:\/\/www.robobraille.org\/sl\/wp-json\/wp\/v2\/types\/page"}],"author":[{"embeddable":true,"href":"https:\/\/www.robobraille.org\/sl\/wp-json\/wp\/v2\/users\/4"}],"replies":[{"embeddable":true,"href":"https:\/\/www.robobraille.org\/sl\/wp-json\/wp\/v2\/comments?post=1041"}],"version-history":[{"count":1,"href":"https:\/\/www.robobraille.org\/sl\/wp-json\/wp\/v2\/pages\/1041\/revisions"}],"predecessor-version":[{"id":1042,"href":"https:\/\/www.robobraille.org\/sl\/wp-json\/wp\/v2\/pages\/1041\/revisions\/1042"}],"wp:attachment":[{"href":"https:\/\/www.robobraille.org\/sl\/wp-json\/wp\/v2\/media?parent=1041"}],"curies":[{"name":"wp","href":"https:\/\/api.w.org\/{rel}","templated":true}]}}