{"id":1009,"date":"2021-01-20T11:55:00","date_gmt":"2021-01-20T10:55:00","guid":{"rendered":"https:\/\/www.robobraille.org\/zasebnost-in-splosni-pogoji\/"},"modified":"2021-01-20T11:59:03","modified_gmt":"2021-01-20T10:59:03","slug":"zasebnost-in-splosni-pogoji","status":"publish","type":"page","link":"https:\/\/www.robobraille.org\/sl\/zasebnost-in-splosni-pogoji\/","title":{"rendered":"Partnerji"},"content":{"rendered":"\n<p>Pri storitvi RoboBraille so sodelovale \u017ee mnoge organizacije in dr\u017eave. Kot partner storitve RoboBraille boste lahko predstavljali storitev v svoji dr\u017eavi in nudili uporabnikom kon\u010dno podporo, raz\u0161irjali boste tudi informacije o servisu. Mogo\u010de boste \u017eeleli uporabnike o servisu tudi pou\u010devati ali pa storitev uporabljati kot del va\u0161e ponudbe. Mogo\u010de boste \u017eeleli raziskovati uporabo storitve RoboBraille in tako promovirati samostojnost, integracijo in vklju\u010devanje slabovidnih.<\/p>\n\n<p>Kot partner storitve RoboBraille se boste pridru\u017eili mednarodni mre\u017ei organizacij in posameznikov, ki so strokovnjaki v osnovnem in specialnem izobra\u017eevanju, rehabilitaciji in storitvah za posameznike s posebnimi potrebami. Partnerje vabimo k rednemu sopisanju razli\u010dnih del in novih projektov. Delo spodaj orisuje vloge partnerjev in njihove odgovornosti pri projektih.<\/p>\n\n<p>\u010ce bi radi postali partner storitve RoboBraille, nam pi\u0161ite na <a href=\"https:\/\/web.archive.org\/web\/20200819180532\/mailto:contact@robobraille.org\">contact@robobraille.org<\/a>.<\/p>\n\n<p>Roles and Responsibilities of Partners in a RoboBraille-project<\/p>\n","protected":false},"excerpt":{"rendered":"<p>Pri storitvi RoboBraille so sodelovale \u017ee mnoge organizacije in dr\u017eave. Kot partner storitve RoboBraille boste lahko predstavljali storitev v svoji dr\u017eavi in nudili uporabnikom kon\u010dno podporo, raz\u0161irjali boste tudi informacije o servisu. Mogo\u010de boste \u017eeleli uporabnike o servisu tudi pou\u010devati ali pa storitev uporabljati kot del va\u0161e ponudbe. Mogo\u010de boste \u017eeleli raziskovati uporabo storitve RoboBraille [&hellip;]<\/p>\n","protected":false},"author":4,"featured_media":0,"parent":0,"menu_order":0,"comment_status":"closed","ping_status":"closed","template":"","meta":{"site-sidebar-layout":"default","site-content-layout":"default","ast-site-content-layout":"default","site-content-style":"default","site-sidebar-style":"default","ast-global-header-display":"","ast-banner-title-visibility":"","ast-main-header-display":"","ast-hfb-above-header-display":"","ast-hfb-below-header-display":"","ast-hfb-mobile-header-display":"","site-post-title":"","ast-breadcrumbs-content":"","ast-featured-img":"","footer-sml-layout":"","ast-disable-related-posts":"","theme-transparent-header-meta":"default","adv-header-id-meta":"","stick-header-meta":"","header-above-stick-meta":"","header-main-stick-meta":"","header-below-stick-meta":"","astra-migrate-meta-layouts":"default","ast-page-background-enabled":"default","ast-page-background-meta":{"desktop":{"background-color":"","background-image":"","background-repeat":"repeat","background-position":"center center","background-size":"auto","background-attachment":"scroll","background-type":"","background-media":"","overlay-type":"","overlay-color":"","overlay-opacity":"","overlay-gradient":""},"tablet":{"background-color":"","background-image":"","background-repeat":"repeat","background-position":"center center","background-size":"auto","background-attachment":"scroll","background-type":"","background-media":"","overlay-type":"","overlay-color":"","overlay-opacity":"","overlay-gradient":""},"mobile":{"background-color":"","background-image":"","background-repeat":"repeat","background-position":"center center","background-size":"auto","background-attachment":"scroll","background-type":"","background-media":"","overlay-type":"","overlay-color":"","overlay-opacity":"","overlay-gradient":""}},"ast-content-background-meta":{"desktop":{"background-color":"var(--ast-global-color-5)","background-image":"","background-repeat":"repeat","background-position":"center center","background-size":"auto","background-attachment":"scroll","background-type":"","background-media":"","overlay-type":"","overlay-color":"","overlay-opacity":"","overlay-gradient":""},"tablet":{"background-color":"var(--ast-global-color-5)","background-image":"","background-repeat":"repeat","background-position":"center center","background-size":"auto","background-attachment":"scroll","background-type":"","background-media":"","overlay-type":"","overlay-color":"","overlay-opacity":"","overlay-gradient":""},"mobile":{"background-color":"var(--ast-global-color-5)","background-image":"","background-repeat":"repeat","background-position":"center center","background-size":"auto","background-attachment":"scroll","background-type":"","background-media":"","overlay-type":"","overlay-color":"","overlay-opacity":"","overlay-gradient":""}},"footnotes":""},"class_list":["post-1009","page","type-page","status-publish","hentry"],"yoast_head":"<!-- This site is optimized with the Yoast SEO plugin v27.0 - https:\/\/yoast.com\/product\/yoast-seo-wordpress\/ -->\r\n<title>Partnerji - RoboBraille<\/title>\r\n<meta name=\"robots\" content=\"index, follow, max-snippet:-1, max-image-preview:large, max-video-preview:-1\" \/>\r\n<link rel=\"canonical\" href=\"https:\/\/www.robobraille.org\/sl\/zasebnost-in-splosni-pogoji\/\" \/>\r\n<meta property=\"og:locale\" content=\"sl_SI\" \/>\r\n<meta property=\"og:type\" content=\"article\" \/>\r\n<meta property=\"og:title\" content=\"Partnerji - RoboBraille\" \/>\r\n<meta property=\"og:description\" content=\"Pri storitvi RoboBraille so sodelovale \u017ee mnoge organizacije in dr\u017eave. Kot partner storitve RoboBraille boste lahko predstavljali storitev v svoji dr\u017eavi in nudili uporabnikom kon\u010dno podporo, raz\u0161irjali boste tudi informacije o servisu. Mogo\u010de boste \u017eeleli uporabnike o servisu tudi pou\u010devati ali pa storitev uporabljati kot del va\u0161e ponudbe. Mogo\u010de boste \u017eeleli raziskovati uporabo storitve RoboBraille [&hellip;]\" \/>\r\n<meta property=\"og:url\" content=\"https:\/\/www.robobraille.org\/sl\/zasebnost-in-splosni-pogoji\/\" \/>\r\n<meta property=\"og:site_name\" content=\"RoboBraille\" \/>\r\n<meta property=\"article:modified_time\" content=\"2021-01-20T10:59:03+00:00\" \/>\r\n<meta name=\"twitter:card\" content=\"summary_large_image\" \/>\r\n<meta name=\"twitter:label1\" content=\"Est. reading time\" \/>\n\t<meta name=\"twitter:data1\" content=\"1 minuta\" \/>\r\n<script type=\"application\/ld+json\" class=\"yoast-schema-graph\">{\"@context\":\"https:\/\/schema.org\",\"@graph\":[{\"@type\":\"WebPage\",\"@id\":\"https:\/\/www.robobraille.org\/sl\/zasebnost-in-splosni-pogoji\/\",\"url\":\"https:\/\/www.robobraille.org\/sl\/zasebnost-in-splosni-pogoji\/\",\"name\":\"Partnerji - RoboBraille\",\"isPartOf\":{\"@id\":\"https:\/\/www.robobraille.org\/sl\/#website\"},\"datePublished\":\"2021-01-20T10:55:00+00:00\",\"dateModified\":\"2021-01-20T10:59:03+00:00\",\"breadcrumb\":{\"@id\":\"https:\/\/www.robobraille.org\/sl\/zasebnost-in-splosni-pogoji\/#breadcrumb\"},\"inLanguage\":\"sl-SI\",\"potentialAction\":[{\"@type\":\"ReadAction\",\"target\":[\"https:\/\/www.robobraille.org\/sl\/zasebnost-in-splosni-pogoji\/\"]}]},{\"@type\":\"BreadcrumbList\",\"@id\":\"https:\/\/www.robobraille.org\/sl\/zasebnost-in-splosni-pogoji\/#breadcrumb\",\"itemListElement\":[{\"@type\":\"ListItem\",\"position\":1,\"name\":\"Home\",\"item\":\"https:\/\/www.robobraille.org\/sl\/\"},{\"@type\":\"ListItem\",\"position\":2,\"name\":\"Partnerji\"}]},{\"@type\":\"WebSite\",\"@id\":\"https:\/\/www.robobraille.org\/sl\/#website\",\"url\":\"https:\/\/www.robobraille.org\/sl\/\",\"name\":\"RoboBraille\",\"description\":\"\",\"publisher\":{\"@id\":\"https:\/\/www.robobraille.org\/sl\/#organization\"},\"potentialAction\":[{\"@type\":\"SearchAction\",\"target\":{\"@type\":\"EntryPoint\",\"urlTemplate\":\"https:\/\/www.robobraille.org\/sl\/?s={search_term_string}\"},\"query-input\":{\"@type\":\"PropertyValueSpecification\",\"valueRequired\":true,\"valueName\":\"search_term_string\"}}],\"inLanguage\":\"sl-SI\"},{\"@type\":\"Organization\",\"@id\":\"https:\/\/www.robobraille.org\/sl\/#organization\",\"name\":\"RoboBraille\",\"url\":\"https:\/\/www.robobraille.org\/sl\/\",\"logo\":{\"@type\":\"ImageObject\",\"inLanguage\":\"sl-SI\",\"@id\":\"https:\/\/www.robobraille.org\/sl\/#\/schema\/logo\/image\/\",\"url\":\"https:\/\/www.robobraille.org\/wp-content\/uploads\/2020\/11\/RoboBraille.jpg\",\"contentUrl\":\"https:\/\/www.robobraille.org\/wp-content\/uploads\/2020\/11\/RoboBraille.jpg\",\"width\":340,\"height\":98,\"caption\":\"RoboBraille\"},\"image\":{\"@id\":\"https:\/\/www.robobraille.org\/sl\/#\/schema\/logo\/image\/\"}}]}<\/script>\r\n<!-- \/ Yoast SEO plugin. -->","yoast_head_json":{"title":"Partnerji - RoboBraille","robots":{"index":"index","follow":"follow","max-snippet":"max-snippet:-1","max-image-preview":"max-image-preview:large","max-video-preview":"max-video-preview:-1"},"canonical":"https:\/\/www.robobraille.org\/sl\/zasebnost-in-splosni-pogoji\/","og_locale":"sl_SI","og_type":"article","og_title":"Partnerji - RoboBraille","og_description":"Pri storitvi RoboBraille so sodelovale \u017ee mnoge organizacije in dr\u017eave. Kot partner storitve RoboBraille boste lahko predstavljali storitev v svoji dr\u017eavi in nudili uporabnikom kon\u010dno podporo, raz\u0161irjali boste tudi informacije o servisu. Mogo\u010de boste \u017eeleli uporabnike o servisu tudi pou\u010devati ali pa storitev uporabljati kot del va\u0161e ponudbe. Mogo\u010de boste \u017eeleli raziskovati uporabo storitve RoboBraille [&hellip;]","og_url":"https:\/\/www.robobraille.org\/sl\/zasebnost-in-splosni-pogoji\/","og_site_name":"RoboBraille","article_modified_time":"2021-01-20T10:59:03+00:00","twitter_card":"summary_large_image","twitter_misc":{"Est. reading time":"1 minuta"},"schema":{"@context":"https:\/\/schema.org","@graph":[{"@type":"WebPage","@id":"https:\/\/www.robobraille.org\/sl\/zasebnost-in-splosni-pogoji\/","url":"https:\/\/www.robobraille.org\/sl\/zasebnost-in-splosni-pogoji\/","name":"Partnerji - RoboBraille","isPartOf":{"@id":"https:\/\/www.robobraille.org\/sl\/#website"},"datePublished":"2021-01-20T10:55:00+00:00","dateModified":"2021-01-20T10:59:03+00:00","breadcrumb":{"@id":"https:\/\/www.robobraille.org\/sl\/zasebnost-in-splosni-pogoji\/#breadcrumb"},"inLanguage":"sl-SI","potentialAction":[{"@type":"ReadAction","target":["https:\/\/www.robobraille.org\/sl\/zasebnost-in-splosni-pogoji\/"]}]},{"@type":"BreadcrumbList","@id":"https:\/\/www.robobraille.org\/sl\/zasebnost-in-splosni-pogoji\/#breadcrumb","itemListElement":[{"@type":"ListItem","position":1,"name":"Home","item":"https:\/\/www.robobraille.org\/sl\/"},{"@type":"ListItem","position":2,"name":"Partnerji"}]},{"@type":"WebSite","@id":"https:\/\/www.robobraille.org\/sl\/#website","url":"https:\/\/www.robobraille.org\/sl\/","name":"RoboBraille","description":"","publisher":{"@id":"https:\/\/www.robobraille.org\/sl\/#organization"},"potentialAction":[{"@type":"SearchAction","target":{"@type":"EntryPoint","urlTemplate":"https:\/\/www.robobraille.org\/sl\/?s={search_term_string}"},"query-input":{"@type":"PropertyValueSpecification","valueRequired":true,"valueName":"search_term_string"}}],"inLanguage":"sl-SI"},{"@type":"Organization","@id":"https:\/\/www.robobraille.org\/sl\/#organization","name":"RoboBraille","url":"https:\/\/www.robobraille.org\/sl\/","logo":{"@type":"ImageObject","inLanguage":"sl-SI","@id":"https:\/\/www.robobraille.org\/sl\/#\/schema\/logo\/image\/","url":"https:\/\/www.robobraille.org\/wp-content\/uploads\/2020\/11\/RoboBraille.jpg","contentUrl":"https:\/\/www.robobraille.org\/wp-content\/uploads\/2020\/11\/RoboBraille.jpg","width":340,"height":98,"caption":"RoboBraille"},"image":{"@id":"https:\/\/www.robobraille.org\/sl\/#\/schema\/logo\/image\/"}}]}},"_links":{"self":[{"href":"https:\/\/www.robobraille.org\/sl\/wp-json\/wp\/v2\/pages\/1009","targetHints":{"allow":["GET"]}}],"collection":[{"href":"https:\/\/www.robobraille.org\/sl\/wp-json\/wp\/v2\/pages"}],"about":[{"href":"https:\/\/www.robobraille.org\/sl\/wp-json\/wp\/v2\/types\/page"}],"author":[{"embeddable":true,"href":"https:\/\/www.robobraille.org\/sl\/wp-json\/wp\/v2\/users\/4"}],"replies":[{"embeddable":true,"href":"https:\/\/www.robobraille.org\/sl\/wp-json\/wp\/v2\/comments?post=1009"}],"version-history":[{"count":3,"href":"https:\/\/www.robobraille.org\/sl\/wp-json\/wp\/v2\/pages\/1009\/revisions"}],"predecessor-version":[{"id":1014,"href":"https:\/\/www.robobraille.org\/sl\/wp-json\/wp\/v2\/pages\/1009\/revisions\/1014"}],"wp:attachment":[{"href":"https:\/\/www.robobraille.org\/sl\/wp-json\/wp\/v2\/media?parent=1009"}],"curies":[{"name":"wp","href":"https:\/\/api.w.org\/{rel}","templated":true}]}}