{"id":975,"date":"2021-01-20T10:08:30","date_gmt":"2021-01-20T09:08:30","guid":{"rendered":"https:\/\/www.robobraille.org\/uvod-do-robobraille-2\/"},"modified":"2021-01-20T10:08:30","modified_gmt":"2021-01-20T09:08:30","slug":"uvod-do-robobraille-2","status":"publish","type":"page","link":"https:\/\/www.robobraille.org\/sk\/uvod-do-robobraille-2\/","title":{"rendered":"\u00davod do RoboBraille"},"content":{"rendered":"\n<p>RoboBraille je e-mailov\u00e1 a webov\u00e1 slu\u017eba na automatick\u00e9 prev\u00e1dzanie dokumentov do r\u00f4znych alternat\u00edvnych form\u00e1tov pre zrakovo postihnut\u00e9 osoby a osoby s poruchami \u010d\u00edtania.&#13;\n<\/p>\n\n<p>Slu\u017eba RoboBraille je dostupn\u00e1 24 hod\u00edn denne ako samoobslu\u017en\u00e9 rie\u0161enie a je k dispoz\u00edcii bezplatne pre individu\u00e1lnych nekomer\u010dn\u00fdch pou\u017e\u00edvate\u013eov mimo in\u0161tit\u00faci\u00ed povinn\u00fdch poskytova\u0165 podporu (akademick\u00e1 in\u0161tit\u00facia, organiz\u00e1cia, asoci\u00e1cia alebo podobne). Pou\u017e\u00edvatelia na vyu\u017e\u00edvanie slu\u017eby nemusia by\u0165 registrovan\u00ed. Cie\u013eom je podporova\u0165 a presadzova\u0165 sebesta\u010dnos\u0165 \u013eud\u00ed so \u0161peci\u00e1lnymi potrebami zo soci\u00e1lneho h\u013eadiska, vo vzdel\u00e1vacom syst\u00e9me a na trhu pr\u00e1ce. \u010eal\u0161\u00edm pr\u00ednosom je ochrana s\u00fakromia os\u00f4b, ktor\u00e9 potrebuj\u00fa materi\u00e1ly v alternat\u00edvnych form\u00e1toch.&#13;\n<\/p>\n\n<p>Webov\u00e9 rozhranie RoboBraille je k dispoz\u00edcii aj v prisp\u00f4soben\u00fdch verzi\u00e1ch na in\u0161titucion\u00e1lne vyu\u017eitie (vr\u00e1tane akademick\u00fdch in\u0161tit\u00facii, organiz\u00e1cii, zdru\u017een\u00ed alebo podobne), ktor\u00e9 maj\u00fa mo\u017enos\u0165 zahrn\u00fa\u0165 na svoje webov\u00e9 str\u00e1nky. Mo\u017enosti konverzie dokumentov spolo\u010dnosti RoboBraille mo\u017eno tie\u017e integrova\u0165 do kni\u017eni\u010dn\u00fdch syst\u00e9mov a syst\u00e9mov riadenia vzdel\u00e1vania na podporu pou\u017e\u00edvate\u013eov so \u0161peci\u00e1lnymi potrebami. In\u0161titucion\u00e1lne vyu\u017eitie podlieha predplatn\u00e9mu. Kontaktujte spolo\u010dnos\u0165 Sensus na adrese contact@sensus.dk alebo +45 48 22 10 03 s cie\u013eom z\u00edska\u0165 zmluvu o poskytnut\u00ed slu\u017eby RoboBraille na akademick\u00e9 a \/ alebo in\u0161titucion\u00e1lne \u00fa\u010dely.<\/p>\n\n<p>RoboBraille bol p\u00f4vodne vytvoren\u00fd spolo\u010dnos\u0165ou <a href=\"https:\/\/web.archive.org\/web\/20200922082643\/https:\/\/synref.dk\/\">Synscenter Refsn\u00e6s<\/a> (N\u00e1rodn\u00e9 centrum pre deti a ml\u00e1de\u017e so zrakov\u00fdm postihnut\u00edm v D\u00e1nsku) a <a href=\"https:\/\/web.archive.org\/web\/20200817021153\/https:\/\/sensus.dk\/da\">Sensus ApS<\/a>. Slu\u017eba v s\u00fa\u010dasnosti vylep\u0161uj\u00fa a prev\u00e1dzkuj\u00fa spolo\u010dnosti Sensus a neziskov\u00e1 asoci\u00e1cia RoboBraille Outreach.&#13;\n&#13;\nOd svojho spustenia v roku 2004 z\u00edskal RoboBraille mnoho medzin\u00e1rodn\u00fdch ocenen\u00ed, medzi ktor\u00e9 patr\u00ed <a href=\"https:\/\/web.archive.org\/web\/20190413214712\/http:\/\/www.wise-qatar.org\/robobraille-denmark\">WISE 2012 Award for Inclusion in Education<\/a>, <a href=\"https:\/\/web.archive.org\/web\/20190422014456\/https:\/\/www.theguardian.com\/resource\/winners-and-finalists\">BETT 2010 Award for Best Special Education Needs solution<\/a> a 2008 European Commission e-Inclusion Award for e-Accessibility.<\/p>\n\n<p>RoboBraille je s\u00fa\u010das\u0165ou iniciat\u00edvy <a href=\"https:\/\/web.archive.org\/web\/20200923114103\/https:\/\/www.raisingthefloor.org\/\">Raising the Floor<\/a> (Zvy\u0161ovanie povedomia) na zv\u00fd\u0161enie pr\u00edstupnosti a inkluz\u00edvnosti. RoboBraille je aj prianenou organiz\u00e1ciou <a href=\"https:\/\/web.archive.org\/web\/20200923013022\/https:\/\/daisy.org\/\">konzorcia DAISY<\/a>, ktor\u00e9 implementuje nieko\u013eko \u010dast\u00ed DAISY do RoboBraille. RoboBraille chce po\u010fakova\u0165 konzorciu DAISY za poskytnutie pr\u00edstupu k projektom s otvoren\u00fdm zdrojov\u00fdm k\u00f3dom. Spolo\u010dnos\u0165 RoboBraille tie\u017e \u010fakuje spolo\u010dnosti Microsoft za poskytnutie slu\u017eieb Microsoft Office pre t\u00fato slu\u017ebu.<\/p>\n\n<p>RoboBraill pon\u00faka \u0161tyri r\u00f4zne kateg\u00f3rie slu\u017eieb:<\/p>\n\n<ul class=\"wp-block-list\"><li>Braillovsk\u00e9 slu\u017eby<\/li><li>Audio slu\u017eby<\/li><li>Slu\u017eby elektronickej knihy<\/li><li>Slu\u017eby pr\u00edstupnosti<\/li><\/ul>\n\n<h2 class=\"wp-block-heading\">Braillovsk\u00e9 slu\u017eby<\/h2>\n\n<p>Prepis dokumentov do a z plnopisu a skratkopisu v s\u00falade s braillovsk\u00fdm k\u00f3dom pre bulharsk\u00fd, \u010desk\u00fd, d\u00e1nsky, britsk\u00fd, anglick\u00fd, americk\u00fd, franc\u00fazsky, nemeck\u00fd, gr\u00e9cky, ma\u010farsk\u00fd, islandsk\u00fd, taliansky, n\u00f3rsky, portugalsk\u00fd, rumunsk\u00fd, slovensk\u00fd, slovinsk\u00fd a \u0161panielsky jazyk. Dokumenty m\u00f4\u017eu by\u0165 navy\u0161e naform\u00e1tovan\u00e9 a strany \u010d\u00edslovan\u00e9 a dod\u00e1van\u00e9 ako s\u00fabory pripraven\u00e9 na tla\u010d v r\u00f4znych digit\u00e1lnych braillovsk\u00fdch form\u00e1toch.&#13;\n<\/p>\n\n<h2 class=\"wp-block-heading\">Audio slu\u017eby<\/h2>\n\n<p>Konverzia na jednoduch\u00e9 s\u00fabory MP3 a hovoriace DAISY knihy vr\u00e1tane kn\u00edh DAISY s hovorenou matematikou. Funkcie prevodu zvuku v s\u00fa\u010dasnosti zah\u0155\u0148aj\u00fa vysoko kvalitn\u00e9 hlasy pre: arabsk\u00fd, dvojjazy\u010dn\u00fa arab\u010dinu \/ angli\u010dtinu, bulharsk\u00fd, britsk\u00fd a americk\u00fa angli\u010dtinu, \u010desk\u00fd, \u010d\u00ednsky (kantonsk\u00fd, mandar\u00ednsky, taiwansk\u00fd dialekt), d\u00e1nsky, taliansky, japonsk\u00fd, k\u00f3rejsk\u00fd, litovsk\u00fd, n\u00f3rsky, po\u013esk\u00fd, portugalsk\u00fd, rumunsk\u00fd, slovensk\u00fd, slovinsk\u00fd, \u0161panielsky (kast\u00edlsky a latinskoamerick\u00fd), \u0161v\u00e9dsky a walesk\u00fd jazyk.&#13;\n<\/p>\n\n<h2 class=\"wp-block-heading\">Slu\u017eby elektronickej knihy<\/h2>\n\n<p>Dokumenty je mo\u017en\u00e9 prev\u00e1dza\u0165 na e-knihy form\u00e1tov EPUB aj Mobi Pocket (Amazon Kindle). EPUB mo\u017eno \u010falej konvertova\u0165 na Mobi Pocket a naopak. Pre slabozrak\u00fdch pou\u017e\u00edvate\u013eov mo\u017eno zv\u00e4\u010d\u0161i\u0165 riadkovanie v elektronickej knihe, aby sa tak pri be\u017en\u00fdch elektronick\u00fdch \u010d\u00edta\u010dk\u00e1ch umo\u017enilo primeran\u00e9 zobrazovanie textu . RoboBraille umo\u017e\u0148uje aj konverziu dokumentov  do form\u00e1tu EPUB3 s viacer\u00fdmi vrstvami m\u00e9di\u00ed.&#13;\n<\/p>\n\n<h2 class=\"wp-block-heading\">Slu\u017eby pr\u00edstupnosti<\/h2>\n\n<p>Inak nedostupn\u00e9 dokumenty, ako s\u00fa obrazov\u00e9 s\u00fabory vo form\u00e1toch GIF, TIFF, JPG, PNG, BMP, PCX, DCX, J2K, JP2, JPX, DJV, PDF a v\u0161etky ostatn\u00e9 typy PDF dokumentov, m\u00f4\u017eu by\u0165 konvertovan\u00e9 do pr\u00edstupnej\u0161\u00edch form\u00e1tov vr\u00e1tane PDF so zna\u010dkami, DOC, DOCX, Word XML, XLS, XLSX, CSV, TXT, RTF a HTML. Slu\u017eba \u010falej podporuje konverziu dokumentov bal\u00edka Microsoft Office na ozna\u010den\u00e9 prezent\u00e1cie PDF a Microsoft PowerPoint do s\u00faborov RTF a webov\u00fdch projektov.&#13;\n<\/p>\n","protected":false},"excerpt":{"rendered":"<p>RoboBraille je e-mailov\u00e1 a webov\u00e1 slu\u017eba na automatick\u00e9 prev\u00e1dzanie dokumentov do r\u00f4znych alternat\u00edvnych form\u00e1tov pre zrakovo postihnut\u00e9 osoby a osoby s poruchami \u010d\u00edtania.&#13; Slu\u017eba RoboBraille je dostupn\u00e1 24 hod\u00edn denne ako samoobslu\u017en\u00e9 rie\u0161enie a je k dispoz\u00edcii bezplatne pre individu\u00e1lnych nekomer\u010dn\u00fdch pou\u017e\u00edvate\u013eov mimo in\u0161tit\u00faci\u00ed povinn\u00fdch poskytova\u0165 podporu (akademick\u00e1 in\u0161tit\u00facia, organiz\u00e1cia, asoci\u00e1cia alebo podobne). Pou\u017e\u00edvatelia na [&hellip;]<\/p>\n","protected":false},"author":4,"featured_media":0,"parent":0,"menu_order":0,"comment_status":"closed","ping_status":"closed","template":"","meta":{"site-sidebar-layout":"default","site-content-layout":"default","ast-site-content-layout":"default","site-content-style":"default","site-sidebar-style":"default","ast-global-header-display":"","ast-banner-title-visibility":"","ast-main-header-display":"","ast-hfb-above-header-display":"","ast-hfb-below-header-display":"","ast-hfb-mobile-header-display":"","site-post-title":"","ast-breadcrumbs-content":"","ast-featured-img":"","footer-sml-layout":"","ast-disable-related-posts":"","theme-transparent-header-meta":"default","adv-header-id-meta":"","stick-header-meta":"","header-above-stick-meta":"","header-main-stick-meta":"","header-below-stick-meta":"","astra-migrate-meta-layouts":"default","ast-page-background-enabled":"default","ast-page-background-meta":{"desktop":{"background-color":"","background-image":"","background-repeat":"repeat","background-position":"center center","background-size":"auto","background-attachment":"scroll","background-type":"","background-media":"","overlay-type":"","overlay-color":"","overlay-opacity":"","overlay-gradient":""},"tablet":{"background-color":"","background-image":"","background-repeat":"repeat","background-position":"center center","background-size":"auto","background-attachment":"scroll","background-type":"","background-media":"","overlay-type":"","overlay-color":"","overlay-opacity":"","overlay-gradient":""},"mobile":{"background-color":"","background-image":"","background-repeat":"repeat","background-position":"center center","background-size":"auto","background-attachment":"scroll","background-type":"","background-media":"","overlay-type":"","overlay-color":"","overlay-opacity":"","overlay-gradient":""}},"ast-content-background-meta":{"desktop":{"background-color":"var(--ast-global-color-5)","background-image":"","background-repeat":"repeat","background-position":"center center","background-size":"auto","background-attachment":"scroll","background-type":"","background-media":"","overlay-type":"","overlay-color":"","overlay-opacity":"","overlay-gradient":""},"tablet":{"background-color":"var(--ast-global-color-5)","background-image":"","background-repeat":"repeat","background-position":"center center","background-size":"auto","background-attachment":"scroll","background-type":"","background-media":"","overlay-type":"","overlay-color":"","overlay-opacity":"","overlay-gradient":""},"mobile":{"background-color":"var(--ast-global-color-5)","background-image":"","background-repeat":"repeat","background-position":"center center","background-size":"auto","background-attachment":"scroll","background-type":"","background-media":"","overlay-type":"","overlay-color":"","overlay-opacity":"","overlay-gradient":""}},"footnotes":""},"class_list":["post-975","page","type-page","status-publish","hentry"],"yoast_head":"<!-- This site is optimized with the Yoast SEO plugin v27.0 - https:\/\/yoast.com\/product\/yoast-seo-wordpress\/ -->\r\n<title>\u00davod do RoboBraille - RoboBraille<\/title>\r\n<meta name=\"robots\" content=\"index, follow, max-snippet:-1, max-image-preview:large, max-video-preview:-1\" \/>\r\n<link rel=\"canonical\" href=\"https:\/\/www.robobraille.org\/sk\/uvod-do-robobraille-2\/\" \/>\r\n<meta property=\"og:locale\" content=\"sk_SK\" \/>\r\n<meta property=\"og:type\" content=\"article\" \/>\r\n<meta property=\"og:title\" content=\"\u00davod do RoboBraille - RoboBraille\" \/>\r\n<meta property=\"og:description\" content=\"RoboBraille je e-mailov\u00e1 a webov\u00e1 slu\u017eba na automatick\u00e9 prev\u00e1dzanie dokumentov do r\u00f4znych alternat\u00edvnych form\u00e1tov pre zrakovo postihnut\u00e9 osoby a osoby s poruchami \u010d\u00edtania.&#013; Slu\u017eba RoboBraille je dostupn\u00e1 24 hod\u00edn denne ako samoobslu\u017en\u00e9 rie\u0161enie a je k dispoz\u00edcii bezplatne pre individu\u00e1lnych nekomer\u010dn\u00fdch pou\u017e\u00edvate\u013eov mimo in\u0161tit\u00faci\u00ed povinn\u00fdch poskytova\u0165 podporu (akademick\u00e1 in\u0161tit\u00facia, organiz\u00e1cia, asoci\u00e1cia alebo podobne). Pou\u017e\u00edvatelia na [&hellip;]\" \/>\r\n<meta property=\"og:url\" content=\"https:\/\/www.robobraille.org\/sk\/uvod-do-robobraille-2\/\" \/>\r\n<meta property=\"og:site_name\" content=\"RoboBraille\" \/>\r\n<meta name=\"twitter:card\" content=\"summary_large_image\" \/>\r\n<meta name=\"twitter:label1\" content=\"Predpokladan\u00fd \u010das \u010d\u00edtania\" \/>\n\t<meta name=\"twitter:data1\" content=\"4 min\u00faty\" \/>\r\n<script type=\"application\/ld+json\" class=\"yoast-schema-graph\">{\"@context\":\"https:\/\/schema.org\",\"@graph\":[{\"@type\":\"WebPage\",\"@id\":\"https:\/\/www.robobraille.org\/sk\/uvod-do-robobraille-2\/\",\"url\":\"https:\/\/www.robobraille.org\/sk\/uvod-do-robobraille-2\/\",\"name\":\"\u00davod do RoboBraille - RoboBraille\",\"isPartOf\":{\"@id\":\"https:\/\/www.robobraille.org\/sk\/#website\"},\"datePublished\":\"2021-01-20T09:08:30+00:00\",\"breadcrumb\":{\"@id\":\"https:\/\/www.robobraille.org\/sk\/uvod-do-robobraille-2\/#breadcrumb\"},\"inLanguage\":\"sk-SK\",\"potentialAction\":[{\"@type\":\"ReadAction\",\"target\":[\"https:\/\/www.robobraille.org\/sk\/uvod-do-robobraille-2\/\"]}]},{\"@type\":\"BreadcrumbList\",\"@id\":\"https:\/\/www.robobraille.org\/sk\/uvod-do-robobraille-2\/#breadcrumb\",\"itemListElement\":[{\"@type\":\"ListItem\",\"position\":1,\"name\":\"Home\",\"item\":\"https:\/\/www.robobraille.org\/sk\/\"},{\"@type\":\"ListItem\",\"position\":2,\"name\":\"\u00davod do RoboBraille\"}]},{\"@type\":\"WebSite\",\"@id\":\"https:\/\/www.robobraille.org\/sk\/#website\",\"url\":\"https:\/\/www.robobraille.org\/sk\/\",\"name\":\"RoboBraille\",\"description\":\"\",\"publisher\":{\"@id\":\"https:\/\/www.robobraille.org\/sk\/#organization\"},\"potentialAction\":[{\"@type\":\"SearchAction\",\"target\":{\"@type\":\"EntryPoint\",\"urlTemplate\":\"https:\/\/www.robobraille.org\/sk\/?s={search_term_string}\"},\"query-input\":{\"@type\":\"PropertyValueSpecification\",\"valueRequired\":true,\"valueName\":\"search_term_string\"}}],\"inLanguage\":\"sk-SK\"},{\"@type\":\"Organization\",\"@id\":\"https:\/\/www.robobraille.org\/sk\/#organization\",\"name\":\"RoboBraille\",\"url\":\"https:\/\/www.robobraille.org\/sk\/\",\"logo\":{\"@type\":\"ImageObject\",\"inLanguage\":\"sk-SK\",\"@id\":\"https:\/\/www.robobraille.org\/sk\/#\/schema\/logo\/image\/\",\"url\":\"https:\/\/www.robobraille.org\/wp-content\/uploads\/2020\/11\/RoboBraille.jpg\",\"contentUrl\":\"https:\/\/www.robobraille.org\/wp-content\/uploads\/2020\/11\/RoboBraille.jpg\",\"width\":340,\"height\":98,\"caption\":\"RoboBraille\"},\"image\":{\"@id\":\"https:\/\/www.robobraille.org\/sk\/#\/schema\/logo\/image\/\"}}]}<\/script>\r\n<!-- \/ Yoast SEO plugin. -->","yoast_head_json":{"title":"\u00davod do RoboBraille - RoboBraille","robots":{"index":"index","follow":"follow","max-snippet":"max-snippet:-1","max-image-preview":"max-image-preview:large","max-video-preview":"max-video-preview:-1"},"canonical":"https:\/\/www.robobraille.org\/sk\/uvod-do-robobraille-2\/","og_locale":"sk_SK","og_type":"article","og_title":"\u00davod do RoboBraille - RoboBraille","og_description":"RoboBraille je e-mailov\u00e1 a webov\u00e1 slu\u017eba na automatick\u00e9 prev\u00e1dzanie dokumentov do r\u00f4znych alternat\u00edvnych form\u00e1tov pre zrakovo postihnut\u00e9 osoby a osoby s poruchami \u010d\u00edtania.&#13; Slu\u017eba RoboBraille je dostupn\u00e1 24 hod\u00edn denne ako samoobslu\u017en\u00e9 rie\u0161enie a je k dispoz\u00edcii bezplatne pre individu\u00e1lnych nekomer\u010dn\u00fdch pou\u017e\u00edvate\u013eov mimo in\u0161tit\u00faci\u00ed povinn\u00fdch poskytova\u0165 podporu (akademick\u00e1 in\u0161tit\u00facia, organiz\u00e1cia, asoci\u00e1cia alebo podobne). Pou\u017e\u00edvatelia na [&hellip;]","og_url":"https:\/\/www.robobraille.org\/sk\/uvod-do-robobraille-2\/","og_site_name":"RoboBraille","twitter_card":"summary_large_image","twitter_misc":{"Predpokladan\u00fd \u010das \u010d\u00edtania":"4 min\u00faty"},"schema":{"@context":"https:\/\/schema.org","@graph":[{"@type":"WebPage","@id":"https:\/\/www.robobraille.org\/sk\/uvod-do-robobraille-2\/","url":"https:\/\/www.robobraille.org\/sk\/uvod-do-robobraille-2\/","name":"\u00davod do RoboBraille - RoboBraille","isPartOf":{"@id":"https:\/\/www.robobraille.org\/sk\/#website"},"datePublished":"2021-01-20T09:08:30+00:00","breadcrumb":{"@id":"https:\/\/www.robobraille.org\/sk\/uvod-do-robobraille-2\/#breadcrumb"},"inLanguage":"sk-SK","potentialAction":[{"@type":"ReadAction","target":["https:\/\/www.robobraille.org\/sk\/uvod-do-robobraille-2\/"]}]},{"@type":"BreadcrumbList","@id":"https:\/\/www.robobraille.org\/sk\/uvod-do-robobraille-2\/#breadcrumb","itemListElement":[{"@type":"ListItem","position":1,"name":"Home","item":"https:\/\/www.robobraille.org\/sk\/"},{"@type":"ListItem","position":2,"name":"\u00davod do RoboBraille"}]},{"@type":"WebSite","@id":"https:\/\/www.robobraille.org\/sk\/#website","url":"https:\/\/www.robobraille.org\/sk\/","name":"RoboBraille","description":"","publisher":{"@id":"https:\/\/www.robobraille.org\/sk\/#organization"},"potentialAction":[{"@type":"SearchAction","target":{"@type":"EntryPoint","urlTemplate":"https:\/\/www.robobraille.org\/sk\/?s={search_term_string}"},"query-input":{"@type":"PropertyValueSpecification","valueRequired":true,"valueName":"search_term_string"}}],"inLanguage":"sk-SK"},{"@type":"Organization","@id":"https:\/\/www.robobraille.org\/sk\/#organization","name":"RoboBraille","url":"https:\/\/www.robobraille.org\/sk\/","logo":{"@type":"ImageObject","inLanguage":"sk-SK","@id":"https:\/\/www.robobraille.org\/sk\/#\/schema\/logo\/image\/","url":"https:\/\/www.robobraille.org\/wp-content\/uploads\/2020\/11\/RoboBraille.jpg","contentUrl":"https:\/\/www.robobraille.org\/wp-content\/uploads\/2020\/11\/RoboBraille.jpg","width":340,"height":98,"caption":"RoboBraille"},"image":{"@id":"https:\/\/www.robobraille.org\/sk\/#\/schema\/logo\/image\/"}}]}},"_links":{"self":[{"href":"https:\/\/www.robobraille.org\/sk\/wp-json\/wp\/v2\/pages\/975","targetHints":{"allow":["GET"]}}],"collection":[{"href":"https:\/\/www.robobraille.org\/sk\/wp-json\/wp\/v2\/pages"}],"about":[{"href":"https:\/\/www.robobraille.org\/sk\/wp-json\/wp\/v2\/types\/page"}],"author":[{"embeddable":true,"href":"https:\/\/www.robobraille.org\/sk\/wp-json\/wp\/v2\/users\/4"}],"replies":[{"embeddable":true,"href":"https:\/\/www.robobraille.org\/sk\/wp-json\/wp\/v2\/comments?post=975"}],"version-history":[{"count":1,"href":"https:\/\/www.robobraille.org\/sk\/wp-json\/wp\/v2\/pages\/975\/revisions"}],"predecessor-version":[{"id":976,"href":"https:\/\/www.robobraille.org\/sk\/wp-json\/wp\/v2\/pages\/975\/revisions\/976"}],"wp:attachment":[{"href":"https:\/\/www.robobraille.org\/sk\/wp-json\/wp\/v2\/media?parent=975"}],"curies":[{"name":"wp","href":"https:\/\/api.w.org\/{rel}","templated":true}]}}