{"id":1039,"date":"2021-01-20T12:40:45","date_gmt":"2021-01-20T11:40:45","guid":{"rendered":"https:\/\/www.robobraille.org\/ochrana-osobnych-udajov-a-zmluvne-podmienky\/"},"modified":"2021-01-20T12:40:46","modified_gmt":"2021-01-20T11:40:46","slug":"ochrana-osobnych-udajov-a-zmluvne-podmienky","status":"publish","type":"page","link":"https:\/\/www.robobraille.org\/sk\/ochrana-osobnych-udajov-a-zmluvne-podmienky\/","title":{"rendered":"Ochrana osobn\u00fdch \u00fadajov a zmluvn\u00e9 podmienky"},"content":{"rendered":"\n<h2 class=\"wp-block-heading\">Ochrana osobn\u00fdch \u00fadajov<\/h2>\n\n<p>Proces prevodu dokumentov RoboBraille je plne automatizovan\u00fd bez interakcie \u010dloveka. Zdrojov\u00e9 dokumenty s\u00fa prijat\u00e9 na po\u0161tovom serveri RoboBraille, spracovan\u00e9 jedn\u00fdm alebo viacer\u00fdmi agentmi spolo\u010dnosti RoboBraille a v\u00fdsledok sa vr\u00e1ti pou\u017e\u00edvate\u013eovi v e-maile. Zdrojov\u00fd dokument je n\u00e1sledne odstr\u00e1nen\u00fd zo serverov.<\/p>\n\n<p>Z\u00e1znamy o transakci\u00e1ch sa uchov\u00e1vaj\u00fa na \u00fa\u010dely \u0161tatistiky, mana\u017ementu a prevencie spamu.<\/p>\n\n<p> <\/p>\n\n<p> <\/p>\n\n<p> <\/p>\n\n<p> <\/p>\n\n<h2 class=\"wp-block-heading\">Zmluvn\u00e9 podmienky<\/h2>\n\n<p>Spolo\u010dnos\u0165 Synscenter Refsn\u00e6s a Sensus poskytuje slu\u017ebu RoboBraille bez z\u00e1ruky. Spolo\u010dnos\u0165 Synscenter Refsn\u00e6s ani spolo\u010dnos\u0165 Sensus nenes\u00fa \u017eiadnu zodpovednos\u0165 za priame a \/ alebo nepriame straty s\u00favisiace s pou\u017e\u00edvan\u00edm slu\u017eby. Poskytovatelia slu\u017eieb predpokladaj\u00fa, \u017ee pou\u017e\u00edvatelia maj\u00fa primeran\u00e9 pr\u00e1va na v\u0161etky dokumenty v s\u00favislosti s ktor\u00fdmi bola pou\u017eit\u00e1 slu\u017eba. Poskytovatelia slu\u017eby \u010falej predpokladaj\u00fa, \u017ee u\u017e\u00edvatelia pou\u017e\u00edvaj\u00fa slu\u017ebu v s\u00falade s podmienkami stanoven\u00fdmi na tejto webovej str\u00e1nke.<\/p>\n\n<p>RoboBraille je bezplatne k dispoz\u00edcii jednotlivcom na striktne osobn\u00e9, nekomer\u010dn\u00e9 pou\u017eitie. In\u0161titucion\u00e1lne vyu\u017e\u00edvanie slu\u017eby vy\u017eaduje dohodu o poskytovan\u00ed slu\u017eieb so spolo\u010dnos\u0165ou Sensus. U\u017e\u00edvatelia prepojen\u00ed s in\u0161titucion\u00e1lnym r\u00e1mcom (akademick\u00e1 in\u0161tit\u00facia, organiz\u00e1cia, zdru\u017eenie alebo podobne), ktor\u00ed s\u00fa povinn\u00ed poskytova\u0165 podporu, predstavuj\u00fa sk\u00f4r in\u0161titucion\u00e1lnych ne\u017e individu\u00e1lnych pou\u017e\u00edvate\u013eov. Okrem toho sa za in\u0161titucion\u00e1lnu pova\u017euje aj organizovan\u00e1 in\u0161trukt\u00e1\u017e \u0161tudentov, klientov, zamestnancov, \u010dlenov, absolventov a \u010fal\u0161\u00edch pou\u017e\u00edvate\u013eov o vyu\u017eit\u00ed slu\u017eby. Je potrebn\u00e9, aby sa in\u0161titucion\u00e1lni pou\u017e\u00edvatelia, ako s\u00fa akademick\u00e9 in\u0161tit\u00facie, organiz\u00e1cie, zdru\u017eenia a in\u00e9 in\u0161tit\u00facie, ktor\u00ed chc\u00fa slu\u017ebu bezplatne spr\u00edstupni\u0165 \u0161tudentom, klientom, zamestnancom, \u010dlenom, absolventom a \u010fal\u0161\u00edm v r\u00e1mci primeran\u00fdch \u00faprav a \/ alebo prostredn\u00edctvom vlastn\u00fdch rozhran\u00ed so svojimi, obr\u00e1tili na Sensus na adrese <a href=\"https:\/\/web.archive.org\/web\/20200814182816\/mailto:contact@robobraille.org\">contact@robobraille.org<\/a> v s\u00favislosti s dohodou o poskytovan\u00ed slu\u017eieb.<\/p>\n\n<p>Komer\u010dn\u00e9 vyu\u017eitie slu\u017eby, ako je predaj materi\u00e1lu, ktor\u00fd je v\u00fdsledkov vyu\u017eitia slu\u017eby, ako aj in\u0161titucion\u00e1lne vyu\u017e\u00edvanie slu\u017eby bez riadnej dohody o poskytovan\u00ed slu\u017eieb je pr\u00edsne zak\u00e1zan\u00e9. Akademick\u00e9 in\u0161tit\u00facie, ktor\u00e9 chc\u00fa pon\u00faknu\u0165 slu\u017ebu ako ofici\u00e1lne primeran\u00e9 \u00fapravy, by mali uzavrie\u0165 zmluvu o poskytovan\u00ed slu\u017eieb so spolo\u010dnos\u0165ou Sensus na in\u0161titucion\u00e1lne vyu\u017eitie. Organizovan\u00e9 in\u0161trukt\u00e1\u017ee \u0161tudentov a in\u00fdch pou\u017e\u00edvate\u013eov o pou\u017e\u00edvan\u00ed slu\u017eby predstavuje in\u0161titucion\u00e1lne vyu\u017eitie. v pr\u00edpade zneu\u017eitia a \/ alebo poru\u0161enia podmienok uveden\u00fdch na tejto webovej str\u00e1nke bud\u00fa prijat\u00e9 pr\u00edslu\u0161n\u00e9 pr\u00e1vne opatrenia.<\/p>\n","protected":false},"excerpt":{"rendered":"<p>Ochrana osobn\u00fdch \u00fadajov Proces prevodu dokumentov RoboBraille je plne automatizovan\u00fd bez interakcie \u010dloveka. Zdrojov\u00e9 dokumenty s\u00fa prijat\u00e9 na po\u0161tovom serveri RoboBraille, spracovan\u00e9 jedn\u00fdm alebo viacer\u00fdmi agentmi spolo\u010dnosti RoboBraille a v\u00fdsledok sa vr\u00e1ti pou\u017e\u00edvate\u013eovi v e-maile. Zdrojov\u00fd dokument je n\u00e1sledne odstr\u00e1nen\u00fd zo serverov. Z\u00e1znamy o transakci\u00e1ch sa uchov\u00e1vaj\u00fa na \u00fa\u010dely \u0161tatistiky, mana\u017ementu a prevencie spamu. Zmluvn\u00e9 [&hellip;]<\/p>\n","protected":false},"author":4,"featured_media":0,"parent":0,"menu_order":0,"comment_status":"closed","ping_status":"closed","template":"","meta":{"site-sidebar-layout":"default","site-content-layout":"default","ast-site-content-layout":"default","site-content-style":"default","site-sidebar-style":"default","ast-global-header-display":"","ast-banner-title-visibility":"","ast-main-header-display":"","ast-hfb-above-header-display":"","ast-hfb-below-header-display":"","ast-hfb-mobile-header-display":"","site-post-title":"","ast-breadcrumbs-content":"","ast-featured-img":"","footer-sml-layout":"","ast-disable-related-posts":"","theme-transparent-header-meta":"default","adv-header-id-meta":"","stick-header-meta":"","header-above-stick-meta":"","header-main-stick-meta":"","header-below-stick-meta":"","astra-migrate-meta-layouts":"default","ast-page-background-enabled":"default","ast-page-background-meta":{"desktop":{"background-color":"","background-image":"","background-repeat":"repeat","background-position":"center center","background-size":"auto","background-attachment":"scroll","background-type":"","background-media":"","overlay-type":"","overlay-color":"","overlay-opacity":"","overlay-gradient":""},"tablet":{"background-color":"","background-image":"","background-repeat":"repeat","background-position":"center center","background-size":"auto","background-attachment":"scroll","background-type":"","background-media":"","overlay-type":"","overlay-color":"","overlay-opacity":"","overlay-gradient":""},"mobile":{"background-color":"","background-image":"","background-repeat":"repeat","background-position":"center center","background-size":"auto","background-attachment":"scroll","background-type":"","background-media":"","overlay-type":"","overlay-color":"","overlay-opacity":"","overlay-gradient":""}},"ast-content-background-meta":{"desktop":{"background-color":"var(--ast-global-color-5)","background-image":"","background-repeat":"repeat","background-position":"center center","background-size":"auto","background-attachment":"scroll","background-type":"","background-media":"","overlay-type":"","overlay-color":"","overlay-opacity":"","overlay-gradient":""},"tablet":{"background-color":"var(--ast-global-color-5)","background-image":"","background-repeat":"repeat","background-position":"center center","background-size":"auto","background-attachment":"scroll","background-type":"","background-media":"","overlay-type":"","overlay-color":"","overlay-opacity":"","overlay-gradient":""},"mobile":{"background-color":"var(--ast-global-color-5)","background-image":"","background-repeat":"repeat","background-position":"center center","background-size":"auto","background-attachment":"scroll","background-type":"","background-media":"","overlay-type":"","overlay-color":"","overlay-opacity":"","overlay-gradient":""}},"footnotes":""},"class_list":["post-1039","page","type-page","status-publish","hentry"],"yoast_head":"<!-- This site is optimized with the Yoast SEO plugin v27.0 - https:\/\/yoast.com\/product\/yoast-seo-wordpress\/ -->\r\n<title>Ochrana osobn\u00fdch \u00fadajov a zmluvn\u00e9 podmienky - RoboBraille<\/title>\r\n<meta name=\"robots\" content=\"index, follow, max-snippet:-1, max-image-preview:large, max-video-preview:-1\" \/>\r\n<link rel=\"canonical\" href=\"https:\/\/www.robobraille.org\/sk\/ochrana-osobnych-udajov-a-zmluvne-podmienky\/\" \/>\r\n<meta property=\"og:locale\" content=\"sk_SK\" \/>\r\n<meta property=\"og:type\" content=\"article\" \/>\r\n<meta property=\"og:title\" content=\"Ochrana osobn\u00fdch \u00fadajov a zmluvn\u00e9 podmienky - RoboBraille\" \/>\r\n<meta property=\"og:description\" content=\"Ochrana osobn\u00fdch \u00fadajov Proces prevodu dokumentov RoboBraille je plne automatizovan\u00fd bez interakcie \u010dloveka. Zdrojov\u00e9 dokumenty s\u00fa prijat\u00e9 na po\u0161tovom serveri RoboBraille, spracovan\u00e9 jedn\u00fdm alebo viacer\u00fdmi agentmi spolo\u010dnosti RoboBraille a v\u00fdsledok sa vr\u00e1ti pou\u017e\u00edvate\u013eovi v e-maile. Zdrojov\u00fd dokument je n\u00e1sledne odstr\u00e1nen\u00fd zo serverov. Z\u00e1znamy o transakci\u00e1ch sa uchov\u00e1vaj\u00fa na \u00fa\u010dely \u0161tatistiky, mana\u017ementu a prevencie spamu. Zmluvn\u00e9 [&hellip;]\" \/>\r\n<meta property=\"og:url\" content=\"https:\/\/www.robobraille.org\/sk\/ochrana-osobnych-udajov-a-zmluvne-podmienky\/\" \/>\r\n<meta property=\"og:site_name\" content=\"RoboBraille\" \/>\r\n<meta property=\"article:modified_time\" content=\"2021-01-20T11:40:46+00:00\" \/>\r\n<meta name=\"twitter:card\" content=\"summary_large_image\" \/>\r\n<meta name=\"twitter:label1\" content=\"Predpokladan\u00fd \u010das \u010d\u00edtania\" \/>\n\t<meta name=\"twitter:data1\" content=\"2 min\u00faty\" \/>\r\n<script type=\"application\/ld+json\" class=\"yoast-schema-graph\">{\"@context\":\"https:\/\/schema.org\",\"@graph\":[{\"@type\":\"WebPage\",\"@id\":\"https:\/\/www.robobraille.org\/sk\/ochrana-osobnych-udajov-a-zmluvne-podmienky\/\",\"url\":\"https:\/\/www.robobraille.org\/sk\/ochrana-osobnych-udajov-a-zmluvne-podmienky\/\",\"name\":\"Ochrana osobn\u00fdch \u00fadajov a zmluvn\u00e9 podmienky - RoboBraille\",\"isPartOf\":{\"@id\":\"https:\/\/www.robobraille.org\/sk\/#website\"},\"datePublished\":\"2021-01-20T11:40:45+00:00\",\"dateModified\":\"2021-01-20T11:40:46+00:00\",\"breadcrumb\":{\"@id\":\"https:\/\/www.robobraille.org\/sk\/ochrana-osobnych-udajov-a-zmluvne-podmienky\/#breadcrumb\"},\"inLanguage\":\"sk-SK\",\"potentialAction\":[{\"@type\":\"ReadAction\",\"target\":[\"https:\/\/www.robobraille.org\/sk\/ochrana-osobnych-udajov-a-zmluvne-podmienky\/\"]}]},{\"@type\":\"BreadcrumbList\",\"@id\":\"https:\/\/www.robobraille.org\/sk\/ochrana-osobnych-udajov-a-zmluvne-podmienky\/#breadcrumb\",\"itemListElement\":[{\"@type\":\"ListItem\",\"position\":1,\"name\":\"Home\",\"item\":\"https:\/\/www.robobraille.org\/sk\/\"},{\"@type\":\"ListItem\",\"position\":2,\"name\":\"Ochrana osobn\u00fdch \u00fadajov a zmluvn\u00e9 podmienky\"}]},{\"@type\":\"WebSite\",\"@id\":\"https:\/\/www.robobraille.org\/sk\/#website\",\"url\":\"https:\/\/www.robobraille.org\/sk\/\",\"name\":\"RoboBraille\",\"description\":\"\",\"publisher\":{\"@id\":\"https:\/\/www.robobraille.org\/sk\/#organization\"},\"potentialAction\":[{\"@type\":\"SearchAction\",\"target\":{\"@type\":\"EntryPoint\",\"urlTemplate\":\"https:\/\/www.robobraille.org\/sk\/?s={search_term_string}\"},\"query-input\":{\"@type\":\"PropertyValueSpecification\",\"valueRequired\":true,\"valueName\":\"search_term_string\"}}],\"inLanguage\":\"sk-SK\"},{\"@type\":\"Organization\",\"@id\":\"https:\/\/www.robobraille.org\/sk\/#organization\",\"name\":\"RoboBraille\",\"url\":\"https:\/\/www.robobraille.org\/sk\/\",\"logo\":{\"@type\":\"ImageObject\",\"inLanguage\":\"sk-SK\",\"@id\":\"https:\/\/www.robobraille.org\/sk\/#\/schema\/logo\/image\/\",\"url\":\"https:\/\/www.robobraille.org\/wp-content\/uploads\/2020\/11\/RoboBraille.jpg\",\"contentUrl\":\"https:\/\/www.robobraille.org\/wp-content\/uploads\/2020\/11\/RoboBraille.jpg\",\"width\":340,\"height\":98,\"caption\":\"RoboBraille\"},\"image\":{\"@id\":\"https:\/\/www.robobraille.org\/sk\/#\/schema\/logo\/image\/\"}}]}<\/script>\r\n<!-- \/ Yoast SEO plugin. -->","yoast_head_json":{"title":"Ochrana osobn\u00fdch \u00fadajov a zmluvn\u00e9 podmienky - RoboBraille","robots":{"index":"index","follow":"follow","max-snippet":"max-snippet:-1","max-image-preview":"max-image-preview:large","max-video-preview":"max-video-preview:-1"},"canonical":"https:\/\/www.robobraille.org\/sk\/ochrana-osobnych-udajov-a-zmluvne-podmienky\/","og_locale":"sk_SK","og_type":"article","og_title":"Ochrana osobn\u00fdch \u00fadajov a zmluvn\u00e9 podmienky - RoboBraille","og_description":"Ochrana osobn\u00fdch \u00fadajov Proces prevodu dokumentov RoboBraille je plne automatizovan\u00fd bez interakcie \u010dloveka. Zdrojov\u00e9 dokumenty s\u00fa prijat\u00e9 na po\u0161tovom serveri RoboBraille, spracovan\u00e9 jedn\u00fdm alebo viacer\u00fdmi agentmi spolo\u010dnosti RoboBraille a v\u00fdsledok sa vr\u00e1ti pou\u017e\u00edvate\u013eovi v e-maile. Zdrojov\u00fd dokument je n\u00e1sledne odstr\u00e1nen\u00fd zo serverov. Z\u00e1znamy o transakci\u00e1ch sa uchov\u00e1vaj\u00fa na \u00fa\u010dely \u0161tatistiky, mana\u017ementu a prevencie spamu. Zmluvn\u00e9 [&hellip;]","og_url":"https:\/\/www.robobraille.org\/sk\/ochrana-osobnych-udajov-a-zmluvne-podmienky\/","og_site_name":"RoboBraille","article_modified_time":"2021-01-20T11:40:46+00:00","twitter_card":"summary_large_image","twitter_misc":{"Predpokladan\u00fd \u010das \u010d\u00edtania":"2 min\u00faty"},"schema":{"@context":"https:\/\/schema.org","@graph":[{"@type":"WebPage","@id":"https:\/\/www.robobraille.org\/sk\/ochrana-osobnych-udajov-a-zmluvne-podmienky\/","url":"https:\/\/www.robobraille.org\/sk\/ochrana-osobnych-udajov-a-zmluvne-podmienky\/","name":"Ochrana osobn\u00fdch \u00fadajov a zmluvn\u00e9 podmienky - RoboBraille","isPartOf":{"@id":"https:\/\/www.robobraille.org\/sk\/#website"},"datePublished":"2021-01-20T11:40:45+00:00","dateModified":"2021-01-20T11:40:46+00:00","breadcrumb":{"@id":"https:\/\/www.robobraille.org\/sk\/ochrana-osobnych-udajov-a-zmluvne-podmienky\/#breadcrumb"},"inLanguage":"sk-SK","potentialAction":[{"@type":"ReadAction","target":["https:\/\/www.robobraille.org\/sk\/ochrana-osobnych-udajov-a-zmluvne-podmienky\/"]}]},{"@type":"BreadcrumbList","@id":"https:\/\/www.robobraille.org\/sk\/ochrana-osobnych-udajov-a-zmluvne-podmienky\/#breadcrumb","itemListElement":[{"@type":"ListItem","position":1,"name":"Home","item":"https:\/\/www.robobraille.org\/sk\/"},{"@type":"ListItem","position":2,"name":"Ochrana osobn\u00fdch \u00fadajov a zmluvn\u00e9 podmienky"}]},{"@type":"WebSite","@id":"https:\/\/www.robobraille.org\/sk\/#website","url":"https:\/\/www.robobraille.org\/sk\/","name":"RoboBraille","description":"","publisher":{"@id":"https:\/\/www.robobraille.org\/sk\/#organization"},"potentialAction":[{"@type":"SearchAction","target":{"@type":"EntryPoint","urlTemplate":"https:\/\/www.robobraille.org\/sk\/?s={search_term_string}"},"query-input":{"@type":"PropertyValueSpecification","valueRequired":true,"valueName":"search_term_string"}}],"inLanguage":"sk-SK"},{"@type":"Organization","@id":"https:\/\/www.robobraille.org\/sk\/#organization","name":"RoboBraille","url":"https:\/\/www.robobraille.org\/sk\/","logo":{"@type":"ImageObject","inLanguage":"sk-SK","@id":"https:\/\/www.robobraille.org\/sk\/#\/schema\/logo\/image\/","url":"https:\/\/www.robobraille.org\/wp-content\/uploads\/2020\/11\/RoboBraille.jpg","contentUrl":"https:\/\/www.robobraille.org\/wp-content\/uploads\/2020\/11\/RoboBraille.jpg","width":340,"height":98,"caption":"RoboBraille"},"image":{"@id":"https:\/\/www.robobraille.org\/sk\/#\/schema\/logo\/image\/"}}]}},"_links":{"self":[{"href":"https:\/\/www.robobraille.org\/sk\/wp-json\/wp\/v2\/pages\/1039","targetHints":{"allow":["GET"]}}],"collection":[{"href":"https:\/\/www.robobraille.org\/sk\/wp-json\/wp\/v2\/pages"}],"about":[{"href":"https:\/\/www.robobraille.org\/sk\/wp-json\/wp\/v2\/types\/page"}],"author":[{"embeddable":true,"href":"https:\/\/www.robobraille.org\/sk\/wp-json\/wp\/v2\/users\/4"}],"replies":[{"embeddable":true,"href":"https:\/\/www.robobraille.org\/sk\/wp-json\/wp\/v2\/comments?post=1039"}],"version-history":[{"count":1,"href":"https:\/\/www.robobraille.org\/sk\/wp-json\/wp\/v2\/pages\/1039\/revisions"}],"predecessor-version":[{"id":1040,"href":"https:\/\/www.robobraille.org\/sk\/wp-json\/wp\/v2\/pages\/1039\/revisions\/1040"}],"wp:attachment":[{"href":"https:\/\/www.robobraille.org\/sk\/wp-json\/wp\/v2\/media?parent=1039"}],"curies":[{"name":"wp","href":"https:\/\/api.w.org\/{rel}","templated":true}]}}