{"id":1005,"date":"2021-01-20T11:51:26","date_gmt":"2021-01-20T10:51:26","guid":{"rendered":"https:\/\/www.robobraille.org\/partneri\/"},"modified":"2021-01-20T11:51:42","modified_gmt":"2021-01-20T10:51:42","slug":"partneri","status":"publish","type":"page","link":"https:\/\/www.robobraille.org\/sk\/partneri\/","title":{"rendered":"Partneri"},"content":{"rendered":"\n<p>V priebehu rokov sa zapojilo do projektu RoboBraille mnoho organiz\u00e1cii z r\u00f4znych kraj\u00edn. Ako partner RoboBraille m\u00f4\u017eete zastupova\u0165 spolo\u010dnos\u0165 RoboBraille vo svojej krajine, pon\u00faka\u0165 podporu koncov\u00fdm pou\u017e\u00edvate\u013eom a zvy\u0161ova\u0165 informovanos\u0165 o slu\u017ebe. M\u00f4\u017eete tie\u017e chcie\u0165 u\u010di\u0165 pou\u017e\u00edvate\u013eov vyu\u017e\u00edva\u0165 slu\u017ebu RoboBraille alebo pou\u017e\u00edva\u0165 RoboBraille ako s\u00fa\u010das\u0165 slu\u017eieb, ktor\u00e9 pon\u00faka va\u0161a organiz\u00e1cia. Mo\u017eno budete ma\u0165 z\u00e1ujem realizova\u0165 v\u00fdskum o vyu\u017eit\u00ed slu\u017eby RoboBraille na podporu sebesta\u010dnosti, integr\u00e1cie a inkl\u00fazie.<\/p>\n\n<p>Ako partner spolo\u010dnosti RoboBraille sa pripoj\u00edte k medzin\u00e1rodnej sieti organiz\u00e1ci\u00ed a jednotlivcov, ktor\u00ed sa \u0161pecializuj\u00fa na be\u017en\u00e9 a \u0161peci\u00e1lne vzdel\u00e1vanie, rehabilit\u00e1ciu a slu\u017eby v oblasti zdravotn\u00e9ho postihnutia. Partneri priz\u00fdvame aj k spolupr\u00e1ci na pr\u00edspevkoch a pravidelne sa zap\u00e1jaj\u00fa aj do nov\u00fdch projektov. V ni\u017e\u0161ie uvedenom dokumente sa uv\u00e1dzaj\u00fa \u00falohy a povinnosti partnerov v projekte RoboBraille.<\/p>\n\n<p><p>Ak m\u00e1te z\u00e1ujem sta\u0165 sa partnerom spolo\u010dnosti RoboBraille, kontaktujte t\u00edm RoboBraille na adrese <a href=\"https:\/\/web.archive.org\/web\/20200819180532\/mailto:contact@robobraille.org\" data-mce-href=\"https:\/\/web.archive.org\/web\/20200819180532\/mailto:contact@robobraille.org\">contact@robobraille.org<\/a>.<br\/><\/p><\/p>\n\n<p>Roles and Responsibilities of Partners in a RoboBraille-project<\/p>\n","protected":false},"excerpt":{"rendered":"<p>V priebehu rokov sa zapojilo do projektu RoboBraille mnoho organiz\u00e1cii z r\u00f4znych kraj\u00edn. Ako partner RoboBraille m\u00f4\u017eete zastupova\u0165 spolo\u010dnos\u0165 RoboBraille vo svojej krajine, pon\u00faka\u0165 podporu koncov\u00fdm pou\u017e\u00edvate\u013eom a zvy\u0161ova\u0165 informovanos\u0165 o slu\u017ebe. M\u00f4\u017eete tie\u017e chcie\u0165 u\u010di\u0165 pou\u017e\u00edvate\u013eov vyu\u017e\u00edva\u0165 slu\u017ebu RoboBraille alebo pou\u017e\u00edva\u0165 RoboBraille ako s\u00fa\u010das\u0165 slu\u017eieb, ktor\u00e9 pon\u00faka va\u0161a organiz\u00e1cia. Mo\u017eno budete ma\u0165 z\u00e1ujem realizova\u0165 [&hellip;]<\/p>\n","protected":false},"author":4,"featured_media":0,"parent":0,"menu_order":0,"comment_status":"closed","ping_status":"closed","template":"","meta":{"site-sidebar-layout":"default","site-content-layout":"default","ast-site-content-layout":"default","site-content-style":"default","site-sidebar-style":"default","ast-global-header-display":"","ast-banner-title-visibility":"","ast-main-header-display":"","ast-hfb-above-header-display":"","ast-hfb-below-header-display":"","ast-hfb-mobile-header-display":"","site-post-title":"","ast-breadcrumbs-content":"","ast-featured-img":"","footer-sml-layout":"","ast-disable-related-posts":"","theme-transparent-header-meta":"default","adv-header-id-meta":"","stick-header-meta":"","header-above-stick-meta":"","header-main-stick-meta":"","header-below-stick-meta":"","astra-migrate-meta-layouts":"default","ast-page-background-enabled":"default","ast-page-background-meta":{"desktop":{"background-color":"","background-image":"","background-repeat":"repeat","background-position":"center center","background-size":"auto","background-attachment":"scroll","background-type":"","background-media":"","overlay-type":"","overlay-color":"","overlay-opacity":"","overlay-gradient":""},"tablet":{"background-color":"","background-image":"","background-repeat":"repeat","background-position":"center center","background-size":"auto","background-attachment":"scroll","background-type":"","background-media":"","overlay-type":"","overlay-color":"","overlay-opacity":"","overlay-gradient":""},"mobile":{"background-color":"","background-image":"","background-repeat":"repeat","background-position":"center center","background-size":"auto","background-attachment":"scroll","background-type":"","background-media":"","overlay-type":"","overlay-color":"","overlay-opacity":"","overlay-gradient":""}},"ast-content-background-meta":{"desktop":{"background-color":"var(--ast-global-color-5)","background-image":"","background-repeat":"repeat","background-position":"center center","background-size":"auto","background-attachment":"scroll","background-type":"","background-media":"","overlay-type":"","overlay-color":"","overlay-opacity":"","overlay-gradient":""},"tablet":{"background-color":"var(--ast-global-color-5)","background-image":"","background-repeat":"repeat","background-position":"center center","background-size":"auto","background-attachment":"scroll","background-type":"","background-media":"","overlay-type":"","overlay-color":"","overlay-opacity":"","overlay-gradient":""},"mobile":{"background-color":"var(--ast-global-color-5)","background-image":"","background-repeat":"repeat","background-position":"center center","background-size":"auto","background-attachment":"scroll","background-type":"","background-media":"","overlay-type":"","overlay-color":"","overlay-opacity":"","overlay-gradient":""}},"footnotes":""},"class_list":["post-1005","page","type-page","status-publish","hentry"],"yoast_head":"<!-- This site is optimized with the Yoast SEO plugin v27.0 - https:\/\/yoast.com\/product\/yoast-seo-wordpress\/ -->\r\n<title>Partneri - RoboBraille<\/title>\r\n<meta name=\"robots\" content=\"index, follow, max-snippet:-1, max-image-preview:large, max-video-preview:-1\" \/>\r\n<link rel=\"canonical\" href=\"https:\/\/www.robobraille.org\/sk\/partneri\/\" \/>\r\n<meta property=\"og:locale\" content=\"sk_SK\" \/>\r\n<meta property=\"og:type\" content=\"article\" \/>\r\n<meta property=\"og:title\" content=\"Partneri - RoboBraille\" \/>\r\n<meta property=\"og:description\" content=\"V priebehu rokov sa zapojilo do projektu RoboBraille mnoho organiz\u00e1cii z r\u00f4znych kraj\u00edn. Ako partner RoboBraille m\u00f4\u017eete zastupova\u0165 spolo\u010dnos\u0165 RoboBraille vo svojej krajine, pon\u00faka\u0165 podporu koncov\u00fdm pou\u017e\u00edvate\u013eom a zvy\u0161ova\u0165 informovanos\u0165 o slu\u017ebe. M\u00f4\u017eete tie\u017e chcie\u0165 u\u010di\u0165 pou\u017e\u00edvate\u013eov vyu\u017e\u00edva\u0165 slu\u017ebu RoboBraille alebo pou\u017e\u00edva\u0165 RoboBraille ako s\u00fa\u010das\u0165 slu\u017eieb, ktor\u00e9 pon\u00faka va\u0161a organiz\u00e1cia. Mo\u017eno budete ma\u0165 z\u00e1ujem realizova\u0165 [&hellip;]\" \/>\r\n<meta property=\"og:url\" content=\"https:\/\/www.robobraille.org\/sk\/partneri\/\" \/>\r\n<meta property=\"og:site_name\" content=\"RoboBraille\" \/>\r\n<meta property=\"article:modified_time\" content=\"2021-01-20T10:51:42+00:00\" \/>\r\n<meta name=\"twitter:card\" content=\"summary_large_image\" \/>\r\n<meta name=\"twitter:label1\" content=\"Predpokladan\u00fd \u010das \u010d\u00edtania\" \/>\n\t<meta name=\"twitter:data1\" content=\"1 min\u00fata\" \/>\r\n<script type=\"application\/ld+json\" class=\"yoast-schema-graph\">{\"@context\":\"https:\/\/schema.org\",\"@graph\":[{\"@type\":\"WebPage\",\"@id\":\"https:\/\/www.robobraille.org\/sk\/partneri\/\",\"url\":\"https:\/\/www.robobraille.org\/sk\/partneri\/\",\"name\":\"Partneri - RoboBraille\",\"isPartOf\":{\"@id\":\"https:\/\/www.robobraille.org\/sk\/#website\"},\"datePublished\":\"2021-01-20T10:51:26+00:00\",\"dateModified\":\"2021-01-20T10:51:42+00:00\",\"breadcrumb\":{\"@id\":\"https:\/\/www.robobraille.org\/sk\/partneri\/#breadcrumb\"},\"inLanguage\":\"sk-SK\",\"potentialAction\":[{\"@type\":\"ReadAction\",\"target\":[\"https:\/\/www.robobraille.org\/sk\/partneri\/\"]}]},{\"@type\":\"BreadcrumbList\",\"@id\":\"https:\/\/www.robobraille.org\/sk\/partneri\/#breadcrumb\",\"itemListElement\":[{\"@type\":\"ListItem\",\"position\":1,\"name\":\"Home\",\"item\":\"https:\/\/www.robobraille.org\/sk\/\"},{\"@type\":\"ListItem\",\"position\":2,\"name\":\"Partneri\"}]},{\"@type\":\"WebSite\",\"@id\":\"https:\/\/www.robobraille.org\/sk\/#website\",\"url\":\"https:\/\/www.robobraille.org\/sk\/\",\"name\":\"RoboBraille\",\"description\":\"\",\"publisher\":{\"@id\":\"https:\/\/www.robobraille.org\/sk\/#organization\"},\"potentialAction\":[{\"@type\":\"SearchAction\",\"target\":{\"@type\":\"EntryPoint\",\"urlTemplate\":\"https:\/\/www.robobraille.org\/sk\/?s={search_term_string}\"},\"query-input\":{\"@type\":\"PropertyValueSpecification\",\"valueRequired\":true,\"valueName\":\"search_term_string\"}}],\"inLanguage\":\"sk-SK\"},{\"@type\":\"Organization\",\"@id\":\"https:\/\/www.robobraille.org\/sk\/#organization\",\"name\":\"RoboBraille\",\"url\":\"https:\/\/www.robobraille.org\/sk\/\",\"logo\":{\"@type\":\"ImageObject\",\"inLanguage\":\"sk-SK\",\"@id\":\"https:\/\/www.robobraille.org\/sk\/#\/schema\/logo\/image\/\",\"url\":\"https:\/\/www.robobraille.org\/wp-content\/uploads\/2020\/11\/RoboBraille.jpg\",\"contentUrl\":\"https:\/\/www.robobraille.org\/wp-content\/uploads\/2020\/11\/RoboBraille.jpg\",\"width\":340,\"height\":98,\"caption\":\"RoboBraille\"},\"image\":{\"@id\":\"https:\/\/www.robobraille.org\/sk\/#\/schema\/logo\/image\/\"}}]}<\/script>\r\n<!-- \/ Yoast SEO plugin. -->","yoast_head_json":{"title":"Partneri - RoboBraille","robots":{"index":"index","follow":"follow","max-snippet":"max-snippet:-1","max-image-preview":"max-image-preview:large","max-video-preview":"max-video-preview:-1"},"canonical":"https:\/\/www.robobraille.org\/sk\/partneri\/","og_locale":"sk_SK","og_type":"article","og_title":"Partneri - RoboBraille","og_description":"V priebehu rokov sa zapojilo do projektu RoboBraille mnoho organiz\u00e1cii z r\u00f4znych kraj\u00edn. Ako partner RoboBraille m\u00f4\u017eete zastupova\u0165 spolo\u010dnos\u0165 RoboBraille vo svojej krajine, pon\u00faka\u0165 podporu koncov\u00fdm pou\u017e\u00edvate\u013eom a zvy\u0161ova\u0165 informovanos\u0165 o slu\u017ebe. M\u00f4\u017eete tie\u017e chcie\u0165 u\u010di\u0165 pou\u017e\u00edvate\u013eov vyu\u017e\u00edva\u0165 slu\u017ebu RoboBraille alebo pou\u017e\u00edva\u0165 RoboBraille ako s\u00fa\u010das\u0165 slu\u017eieb, ktor\u00e9 pon\u00faka va\u0161a organiz\u00e1cia. Mo\u017eno budete ma\u0165 z\u00e1ujem realizova\u0165 [&hellip;]","og_url":"https:\/\/www.robobraille.org\/sk\/partneri\/","og_site_name":"RoboBraille","article_modified_time":"2021-01-20T10:51:42+00:00","twitter_card":"summary_large_image","twitter_misc":{"Predpokladan\u00fd \u010das \u010d\u00edtania":"1 min\u00fata"},"schema":{"@context":"https:\/\/schema.org","@graph":[{"@type":"WebPage","@id":"https:\/\/www.robobraille.org\/sk\/partneri\/","url":"https:\/\/www.robobraille.org\/sk\/partneri\/","name":"Partneri - RoboBraille","isPartOf":{"@id":"https:\/\/www.robobraille.org\/sk\/#website"},"datePublished":"2021-01-20T10:51:26+00:00","dateModified":"2021-01-20T10:51:42+00:00","breadcrumb":{"@id":"https:\/\/www.robobraille.org\/sk\/partneri\/#breadcrumb"},"inLanguage":"sk-SK","potentialAction":[{"@type":"ReadAction","target":["https:\/\/www.robobraille.org\/sk\/partneri\/"]}]},{"@type":"BreadcrumbList","@id":"https:\/\/www.robobraille.org\/sk\/partneri\/#breadcrumb","itemListElement":[{"@type":"ListItem","position":1,"name":"Home","item":"https:\/\/www.robobraille.org\/sk\/"},{"@type":"ListItem","position":2,"name":"Partneri"}]},{"@type":"WebSite","@id":"https:\/\/www.robobraille.org\/sk\/#website","url":"https:\/\/www.robobraille.org\/sk\/","name":"RoboBraille","description":"","publisher":{"@id":"https:\/\/www.robobraille.org\/sk\/#organization"},"potentialAction":[{"@type":"SearchAction","target":{"@type":"EntryPoint","urlTemplate":"https:\/\/www.robobraille.org\/sk\/?s={search_term_string}"},"query-input":{"@type":"PropertyValueSpecification","valueRequired":true,"valueName":"search_term_string"}}],"inLanguage":"sk-SK"},{"@type":"Organization","@id":"https:\/\/www.robobraille.org\/sk\/#organization","name":"RoboBraille","url":"https:\/\/www.robobraille.org\/sk\/","logo":{"@type":"ImageObject","inLanguage":"sk-SK","@id":"https:\/\/www.robobraille.org\/sk\/#\/schema\/logo\/image\/","url":"https:\/\/www.robobraille.org\/wp-content\/uploads\/2020\/11\/RoboBraille.jpg","contentUrl":"https:\/\/www.robobraille.org\/wp-content\/uploads\/2020\/11\/RoboBraille.jpg","width":340,"height":98,"caption":"RoboBraille"},"image":{"@id":"https:\/\/www.robobraille.org\/sk\/#\/schema\/logo\/image\/"}}]}},"_links":{"self":[{"href":"https:\/\/www.robobraille.org\/sk\/wp-json\/wp\/v2\/pages\/1005","targetHints":{"allow":["GET"]}}],"collection":[{"href":"https:\/\/www.robobraille.org\/sk\/wp-json\/wp\/v2\/pages"}],"about":[{"href":"https:\/\/www.robobraille.org\/sk\/wp-json\/wp\/v2\/types\/page"}],"author":[{"embeddable":true,"href":"https:\/\/www.robobraille.org\/sk\/wp-json\/wp\/v2\/users\/4"}],"replies":[{"embeddable":true,"href":"https:\/\/www.robobraille.org\/sk\/wp-json\/wp\/v2\/comments?post=1005"}],"version-history":[{"count":3,"href":"https:\/\/www.robobraille.org\/sk\/wp-json\/wp\/v2\/pages\/1005\/revisions"}],"predecessor-version":[{"id":1008,"href":"https:\/\/www.robobraille.org\/sk\/wp-json\/wp\/v2\/pages\/1005\/revisions\/1008"}],"wp:attachment":[{"href":"https:\/\/www.robobraille.org\/sk\/wp-json\/wp\/v2\/media?parent=1005"}],"curies":[{"name":"wp","href":"https:\/\/api.w.org\/{rel}","templated":true}]}}