{"id":973,"date":"2021-01-20T10:00:05","date_gmt":"2021-01-20T09:00:05","guid":{"rendered":"https:\/\/www.robobraille.org\/introducere-in-robobraille\/"},"modified":"2021-01-20T10:00:06","modified_gmt":"2021-01-20T09:00:06","slug":"introducere-in-robobraille","status":"publish","type":"page","link":"https:\/\/www.robobraille.org\/ro\/introducere-in-robobraille\/","title":{"rendered":"Introducere \u00een RoboBraille"},"content":{"rendered":"\n<p>RoboBraille este un serviciu de e-mail \u0219i web-based capabil de a transforma \u00een mod automat documente \u00eentr-o varietate de formate alternative pentru persoanele cu deficien\u021be de  vedere  \u0219i dificult\u0103\u021bi de citire.&#13;\n<\/p>\n\n<p>RoboBraille este disponibil 24\/7 ca o solu\u021bie de self-service, este gratuit pentru to\u021bi utilizatorii, pentru to\u0163i utilizatorii \u00eenregistra\u0163i sau ne\u00eenregistra\u0163i care nu folosesc acest serviciu \u00een scop comercial. Obiectivul este de a sprijini \u0219i promova independen\u0163a persoanelor cu nevoi speciale, pe parcursul sistemului de educa\u021bie \u0219i pe pia\u021ba muncii. Ca un beneficiu suplimentar, RoboBraille asigur\u0103 protejarea intimit\u0103\u0163ii celor care au nevoie de materiale \u00een formate alternative.<\/p>\n\n<p>Pentru utilizare institu\u021bional\u0103, interfata web RoboBraille este disponibil \u00een versiuni personalizate pentru institu\u021biile academice \u0219i alte organiza\u021bii care doresc s\u0103-l posteze pe WEB sit-urile lor. Posibilit\u0103\u0163ile de conversie RoboBraille pot fi integrate cu u\u015furin\u0163\u0103 de sistemele de bibliotec\u0103 \u0219i \u00een managementul \u00eenv\u0103\u021b\u0103rii, \u00een scopul sprijinirii utilizatorilor cu nevoi speciale. Utilizarea institu\u021bional\u0103 este supus\u0103 unei taxe de abonament.<\/p>\n\n<p>RoboBraille este dezvoltat \u00een comun, de c\u0103tre <a href=\"https:\/\/web.archive.org\/web\/20200922082643\/https:\/\/synref.dk\/\">Synscenter Refsn\u00e6s<\/a> (Centrul Na\u021bional pentru Copii \u015fi Tineri cu Deficien\u021be de Vedere din Danemarca) \u0219i <a href=\"https:\/\/web.archive.org\/web\/20200817021153\/https:\/\/sensus.dk\/da\">Sensus ApS<\/a>. De la lansarea sa \u00een 2004, RoboBraille a c\u00e2\u0219tigat mai multe premii interna\u021bionale, inclusiv <a href=\"https:\/\/web.archive.org\/web\/20190413214712\/http:\/\/www.wise-qatar.org\/robobraille-denmark\">WISE 2012 &#8211; Premiul pentru Incluziune \u00een educa\u021bie<\/a>, <a href=\"https:\/\/web.archive.org\/web\/20190422014456\/https:\/\/www.theguardian.com\/resource\/winners-and-finalists\">BETT 2010 &#8211; Premiul pentru cea mai bun\u0103 solu\u0163ie \u00een nevoile educa\u021bionale speciale<\/a> \u0219i \u00een 2008 Premiul de e-incluziune pentru e-accesibilitate al Comisiei Europene.<\/p>\n\n<p>RoboBraille face parte din ini\u0163iativa <a href=\"https:\/\/web.archive.org\/web\/20200923114103\/https:\/\/www.raisingthefloor.org\/\">Raising the Floor<\/a> referitoare la \u00eembun\u0103t\u0103\u021birea accesibilit\u0103\u021bii \u0219i incluziunii. RoboBraille este, de asemenea, un membru asociat al <a href=\"https:\/\/web.archive.org\/web\/20200923013022\/https:\/\/daisy.org\/\">Consor\u021biului Daisy<\/a>.<\/p>\n\n<p>RoboBraille ofer\u0103 patru categorii diferite de servicii:<\/p>\n\n<ul class=\"wp-block-list\"><li>servicii Braille<\/li><li>servicii audio<\/li><li>servicii de e-book<\/li><li>servicii de accesibilizare<\/li><\/ul>\n\n<h2 class=\"wp-block-heading\">Servicii Braille<\/h2>\n\n<p>Transcrierea documentelor din \u0219i \u00een Braille \u00een conformitate cu codurile Braille pentru danez\u0103, englez\u0103 britanic\u0103, engleza american\u0103, italian\u0103, francez\u0103, greac\u0103, german\u0103, islandez\u0103, norvegian\u0103, portughez\u0103, sloven\u0103 \u0219i spaniol\u0103. Pot fi formatate, paginate \u0219i livrate ca fi\u0219iere ready-to-emboss (gata pentru tip\u0103rire) \u00eentr-o varietate de formate digitale Braille.&#13;\n<\/p>\n\n<h2 class=\"wp-block-heading\">Servicii audio<\/h2>\n\n<p>Conversia \u00een fi\u0219iere mp3 \u0219i Daisy, inclusiv c\u0103r\u021bi Daisy de matematic\u0103. Caracteristicile de conversie audio includ \u00een prezent voci de \u00eenalt\u0103 calitate pentru arab\u0103, arab\u0103 \/ englez\u0103 bilingv, engleza britanic\u0103 \u0219i american\u0103, bulgar\u0103, danez\u0103, olandez\u0103, german\u0103, francez\u0103, maghiar\u0103, italian\u0103, lituanian\u0103, polonez\u0103, portughez\u0103, rom\u00e2n\u0103, sloven\u0103, castilian\u0103 \u0219i spaniol\u0103 latino-american\u0103.&#13;\n<\/p>\n\n<h2 class=\"wp-block-heading\">Serviciile de e-book<\/h2>\n\n<p>Documentele pot fi convertite at\u00e2t \u00een EPUB \u0219i Mobi Pocket (Amazon Kindle), formate e-book. \u00cen plus, EPUB pot fi convertit \u00een Mobi Pocket \u0219i invers. Pentru a oferi ajutor utilizatorilor cu vedere slab\u0103, linia de baz\u0103 a corpului de text \u00eentr-un e-book poate fi marit pentru a permite o mai bun\u0103 scalare a textului de c\u0103tre cititorii de e-book-uri.&#13;\n<\/p>\n\n<h2 class=\"wp-block-heading\">Servicii de accesibilizare<\/h2>\n\n<p>Alte documentele inaccesibile, cum ar fi fi\u0219iere imagine \u00een format GIF, TIFF, JPG, BMP, PCX, DCX, J2K, JP2, JPX, DJV \u0219i imagine PDF, precum \u0219i toate tipurile de fi\u0219iere PDF pot fi convertite \u00een mai multe formate accesibile, inclusiv etichetat pdf, doc, docx, Word XML, xls, xlsx, csv, text, RTF \u0219i HTML. Serviciul suport\u0103, de asemenea, conversia documentelor Microsoft Office \u00een PDF \u0219i prezent\u0103ri Microsoft PowerPoint \u00een fi\u0219iere RTF \u0219i proiecte web.<\/p>\n","protected":false},"excerpt":{"rendered":"<p>RoboBraille este un serviciu de e-mail \u0219i web-based capabil de a transforma \u00een mod automat documente \u00eentr-o varietate de formate alternative pentru persoanele cu deficien\u021be de vedere \u0219i dificult\u0103\u021bi de citire.&#13; RoboBraille este disponibil 24\/7 ca o solu\u021bie de self-service, este gratuit pentru to\u021bi utilizatorii, pentru to\u0163i utilizatorii \u00eenregistra\u0163i sau ne\u00eenregistra\u0163i care nu folosesc acest [&hellip;]<\/p>\n","protected":false},"author":4,"featured_media":0,"parent":0,"menu_order":0,"comment_status":"closed","ping_status":"closed","template":"","meta":{"site-sidebar-layout":"default","site-content-layout":"default","ast-site-content-layout":"default","site-content-style":"default","site-sidebar-style":"default","ast-global-header-display":"","ast-banner-title-visibility":"","ast-main-header-display":"","ast-hfb-above-header-display":"","ast-hfb-below-header-display":"","ast-hfb-mobile-header-display":"","site-post-title":"","ast-breadcrumbs-content":"","ast-featured-img":"","footer-sml-layout":"","ast-disable-related-posts":"","theme-transparent-header-meta":"default","adv-header-id-meta":"","stick-header-meta":"","header-above-stick-meta":"","header-main-stick-meta":"","header-below-stick-meta":"","astra-migrate-meta-layouts":"default","ast-page-background-enabled":"default","ast-page-background-meta":{"desktop":{"background-color":"","background-image":"","background-repeat":"repeat","background-position":"center center","background-size":"auto","background-attachment":"scroll","background-type":"","background-media":"","overlay-type":"","overlay-color":"","overlay-opacity":"","overlay-gradient":""},"tablet":{"background-color":"","background-image":"","background-repeat":"repeat","background-position":"center center","background-size":"auto","background-attachment":"scroll","background-type":"","background-media":"","overlay-type":"","overlay-color":"","overlay-opacity":"","overlay-gradient":""},"mobile":{"background-color":"","background-image":"","background-repeat":"repeat","background-position":"center center","background-size":"auto","background-attachment":"scroll","background-type":"","background-media":"","overlay-type":"","overlay-color":"","overlay-opacity":"","overlay-gradient":""}},"ast-content-background-meta":{"desktop":{"background-color":"var(--ast-global-color-5)","background-image":"","background-repeat":"repeat","background-position":"center center","background-size":"auto","background-attachment":"scroll","background-type":"","background-media":"","overlay-type":"","overlay-color":"","overlay-opacity":"","overlay-gradient":""},"tablet":{"background-color":"var(--ast-global-color-5)","background-image":"","background-repeat":"repeat","background-position":"center center","background-size":"auto","background-attachment":"scroll","background-type":"","background-media":"","overlay-type":"","overlay-color":"","overlay-opacity":"","overlay-gradient":""},"mobile":{"background-color":"var(--ast-global-color-5)","background-image":"","background-repeat":"repeat","background-position":"center center","background-size":"auto","background-attachment":"scroll","background-type":"","background-media":"","overlay-type":"","overlay-color":"","overlay-opacity":"","overlay-gradient":""}},"footnotes":""},"class_list":["post-973","page","type-page","status-publish","hentry"],"yoast_head":"<!-- This site is optimized with the Yoast SEO plugin v27.0 - https:\/\/yoast.com\/product\/yoast-seo-wordpress\/ -->\r\n<title>Introducere \u00een RoboBraille - RoboBraille<\/title>\r\n<meta name=\"robots\" content=\"index, follow, max-snippet:-1, max-image-preview:large, max-video-preview:-1\" \/>\r\n<link rel=\"canonical\" href=\"https:\/\/www.robobraille.org\/ro\/introducere-in-robobraille\/\" \/>\r\n<meta property=\"og:locale\" content=\"ro_RO\" \/>\r\n<meta property=\"og:type\" content=\"article\" \/>\r\n<meta property=\"og:title\" content=\"Introducere \u00een RoboBraille - RoboBraille\" \/>\r\n<meta property=\"og:description\" content=\"RoboBraille este un serviciu de e-mail \u0219i web-based capabil de a transforma \u00een mod automat documente \u00eentr-o varietate de formate alternative pentru persoanele cu deficien\u021be de vedere \u0219i dificult\u0103\u021bi de citire.&#013; RoboBraille este disponibil 24\/7 ca o solu\u021bie de self-service, este gratuit pentru to\u021bi utilizatorii, pentru to\u0163i utilizatorii \u00eenregistra\u0163i sau ne\u00eenregistra\u0163i care nu folosesc acest [&hellip;]\" \/>\r\n<meta property=\"og:url\" content=\"https:\/\/www.robobraille.org\/ro\/introducere-in-robobraille\/\" \/>\r\n<meta property=\"og:site_name\" content=\"RoboBraille\" \/>\r\n<meta property=\"article:modified_time\" content=\"2021-01-20T09:00:06+00:00\" \/>\r\n<meta name=\"twitter:card\" content=\"summary_large_image\" \/>\r\n<meta name=\"twitter:label1\" content=\"Timp estimat pentru citire\" \/>\n\t<meta name=\"twitter:data1\" content=\"3 minute\" \/>\r\n<script type=\"application\/ld+json\" class=\"yoast-schema-graph\">{\"@context\":\"https:\/\/schema.org\",\"@graph\":[{\"@type\":\"WebPage\",\"@id\":\"https:\/\/www.robobraille.org\/ro\/introducere-in-robobraille\/\",\"url\":\"https:\/\/www.robobraille.org\/ro\/introducere-in-robobraille\/\",\"name\":\"Introducere \u00een RoboBraille - RoboBraille\",\"isPartOf\":{\"@id\":\"https:\/\/www.robobraille.org\/ro\/#website\"},\"datePublished\":\"2021-01-20T09:00:05+00:00\",\"dateModified\":\"2021-01-20T09:00:06+00:00\",\"breadcrumb\":{\"@id\":\"https:\/\/www.robobraille.org\/ro\/introducere-in-robobraille\/#breadcrumb\"},\"inLanguage\":\"ro-RO\",\"potentialAction\":[{\"@type\":\"ReadAction\",\"target\":[\"https:\/\/www.robobraille.org\/ro\/introducere-in-robobraille\/\"]}]},{\"@type\":\"BreadcrumbList\",\"@id\":\"https:\/\/www.robobraille.org\/ro\/introducere-in-robobraille\/#breadcrumb\",\"itemListElement\":[{\"@type\":\"ListItem\",\"position\":1,\"name\":\"Home\",\"item\":\"https:\/\/www.robobraille.org\/ro\/\"},{\"@type\":\"ListItem\",\"position\":2,\"name\":\"Introducere \u00een RoboBraille\"}]},{\"@type\":\"WebSite\",\"@id\":\"https:\/\/www.robobraille.org\/ro\/#website\",\"url\":\"https:\/\/www.robobraille.org\/ro\/\",\"name\":\"RoboBraille\",\"description\":\"\",\"publisher\":{\"@id\":\"https:\/\/www.robobraille.org\/ro\/#organization\"},\"potentialAction\":[{\"@type\":\"SearchAction\",\"target\":{\"@type\":\"EntryPoint\",\"urlTemplate\":\"https:\/\/www.robobraille.org\/ro\/?s={search_term_string}\"},\"query-input\":{\"@type\":\"PropertyValueSpecification\",\"valueRequired\":true,\"valueName\":\"search_term_string\"}}],\"inLanguage\":\"ro-RO\"},{\"@type\":\"Organization\",\"@id\":\"https:\/\/www.robobraille.org\/ro\/#organization\",\"name\":\"RoboBraille\",\"url\":\"https:\/\/www.robobraille.org\/ro\/\",\"logo\":{\"@type\":\"ImageObject\",\"inLanguage\":\"ro-RO\",\"@id\":\"https:\/\/www.robobraille.org\/ro\/#\/schema\/logo\/image\/\",\"url\":\"https:\/\/www.robobraille.org\/wp-content\/uploads\/2020\/11\/RoboBraille.jpg\",\"contentUrl\":\"https:\/\/www.robobraille.org\/wp-content\/uploads\/2020\/11\/RoboBraille.jpg\",\"width\":340,\"height\":98,\"caption\":\"RoboBraille\"},\"image\":{\"@id\":\"https:\/\/www.robobraille.org\/ro\/#\/schema\/logo\/image\/\"}}]}<\/script>\r\n<!-- \/ Yoast SEO plugin. -->","yoast_head_json":{"title":"Introducere \u00een RoboBraille - RoboBraille","robots":{"index":"index","follow":"follow","max-snippet":"max-snippet:-1","max-image-preview":"max-image-preview:large","max-video-preview":"max-video-preview:-1"},"canonical":"https:\/\/www.robobraille.org\/ro\/introducere-in-robobraille\/","og_locale":"ro_RO","og_type":"article","og_title":"Introducere \u00een RoboBraille - RoboBraille","og_description":"RoboBraille este un serviciu de e-mail \u0219i web-based capabil de a transforma \u00een mod automat documente \u00eentr-o varietate de formate alternative pentru persoanele cu deficien\u021be de vedere \u0219i dificult\u0103\u021bi de citire.&#13; RoboBraille este disponibil 24\/7 ca o solu\u021bie de self-service, este gratuit pentru to\u021bi utilizatorii, pentru to\u0163i utilizatorii \u00eenregistra\u0163i sau ne\u00eenregistra\u0163i care nu folosesc acest [&hellip;]","og_url":"https:\/\/www.robobraille.org\/ro\/introducere-in-robobraille\/","og_site_name":"RoboBraille","article_modified_time":"2021-01-20T09:00:06+00:00","twitter_card":"summary_large_image","twitter_misc":{"Timp estimat pentru citire":"3 minute"},"schema":{"@context":"https:\/\/schema.org","@graph":[{"@type":"WebPage","@id":"https:\/\/www.robobraille.org\/ro\/introducere-in-robobraille\/","url":"https:\/\/www.robobraille.org\/ro\/introducere-in-robobraille\/","name":"Introducere \u00een RoboBraille - RoboBraille","isPartOf":{"@id":"https:\/\/www.robobraille.org\/ro\/#website"},"datePublished":"2021-01-20T09:00:05+00:00","dateModified":"2021-01-20T09:00:06+00:00","breadcrumb":{"@id":"https:\/\/www.robobraille.org\/ro\/introducere-in-robobraille\/#breadcrumb"},"inLanguage":"ro-RO","potentialAction":[{"@type":"ReadAction","target":["https:\/\/www.robobraille.org\/ro\/introducere-in-robobraille\/"]}]},{"@type":"BreadcrumbList","@id":"https:\/\/www.robobraille.org\/ro\/introducere-in-robobraille\/#breadcrumb","itemListElement":[{"@type":"ListItem","position":1,"name":"Home","item":"https:\/\/www.robobraille.org\/ro\/"},{"@type":"ListItem","position":2,"name":"Introducere \u00een RoboBraille"}]},{"@type":"WebSite","@id":"https:\/\/www.robobraille.org\/ro\/#website","url":"https:\/\/www.robobraille.org\/ro\/","name":"RoboBraille","description":"","publisher":{"@id":"https:\/\/www.robobraille.org\/ro\/#organization"},"potentialAction":[{"@type":"SearchAction","target":{"@type":"EntryPoint","urlTemplate":"https:\/\/www.robobraille.org\/ro\/?s={search_term_string}"},"query-input":{"@type":"PropertyValueSpecification","valueRequired":true,"valueName":"search_term_string"}}],"inLanguage":"ro-RO"},{"@type":"Organization","@id":"https:\/\/www.robobraille.org\/ro\/#organization","name":"RoboBraille","url":"https:\/\/www.robobraille.org\/ro\/","logo":{"@type":"ImageObject","inLanguage":"ro-RO","@id":"https:\/\/www.robobraille.org\/ro\/#\/schema\/logo\/image\/","url":"https:\/\/www.robobraille.org\/wp-content\/uploads\/2020\/11\/RoboBraille.jpg","contentUrl":"https:\/\/www.robobraille.org\/wp-content\/uploads\/2020\/11\/RoboBraille.jpg","width":340,"height":98,"caption":"RoboBraille"},"image":{"@id":"https:\/\/www.robobraille.org\/ro\/#\/schema\/logo\/image\/"}}]}},"_links":{"self":[{"href":"https:\/\/www.robobraille.org\/ro\/wp-json\/wp\/v2\/pages\/973","targetHints":{"allow":["GET"]}}],"collection":[{"href":"https:\/\/www.robobraille.org\/ro\/wp-json\/wp\/v2\/pages"}],"about":[{"href":"https:\/\/www.robobraille.org\/ro\/wp-json\/wp\/v2\/types\/page"}],"author":[{"embeddable":true,"href":"https:\/\/www.robobraille.org\/ro\/wp-json\/wp\/v2\/users\/4"}],"replies":[{"embeddable":true,"href":"https:\/\/www.robobraille.org\/ro\/wp-json\/wp\/v2\/comments?post=973"}],"version-history":[{"count":1,"href":"https:\/\/www.robobraille.org\/ro\/wp-json\/wp\/v2\/pages\/973\/revisions"}],"predecessor-version":[{"id":974,"href":"https:\/\/www.robobraille.org\/ro\/wp-json\/wp\/v2\/pages\/973\/revisions\/974"}],"wp:attachment":[{"href":"https:\/\/www.robobraille.org\/ro\/wp-json\/wp\/v2\/media?parent=973"}],"curies":[{"name":"wp","href":"https:\/\/api.w.org\/{rel}","templated":true}]}}