{"id":1037,"date":"2021-01-20T12:37:54","date_gmt":"2021-01-20T11:37:54","guid":{"rendered":"https:\/\/www.robobraille.org\/confidentialitate-si-termeni\/"},"modified":"2021-01-20T12:37:55","modified_gmt":"2021-01-20T11:37:55","slug":"confidentialitate-si-termeni","status":"publish","type":"page","link":"https:\/\/www.robobraille.org\/ro\/confidentialitate-si-termeni\/","title":{"rendered":"Confiden\u021bialitate \u0219i termeni"},"content":{"rendered":"\n<h2 class=\"wp-block-heading\">Confiden\u0163ialitate<\/h2>\n\n<p>Procesul de conversie a documentelor RoboBraille este complet automatizat, far\u0103 nici o interac\u021biune uman\u0103. Documentele surs\u0103 sunt primite pe serverul de mail RoboBraille, prelucrate prin unul sau mai multe aplica\u0163ii RoboBraille, iar rezultatul este trimis c\u0103tre utilizator printr-un e-mail. Documentul surs\u0103 este ulterior \u0219ters de pe servere.<\/p>\n\n<p>\u00cenregistr\u0103rile tranzac\u021biilor sunt p\u0103strate \u00een scopuri statistice, manageriale \u0219i pentru spam.<\/p>\n\n<p> <\/p>\n\n<p> <\/p>\n\n<p> <\/p>\n\n<p> <\/p>\n\n<h2 class=\"wp-block-heading\">Termeni<\/h2>\n\n<p>RoboBraille este oferit pe principul de baz\u0103 &#8222;ca atare&#8221;. Nici Synscenter Refsn\u00e6s, nici Sensus (furnizorii de servicii) nu \u00ee\u0219i va asuma nici o responsabilitate pentru pierderile directe \u0219i \/ sau indirecte legate de utilizarea serviciului. Furnizorii de servicii presupun c\u0103 utilizatorii au drepturi adecvate la orice document transmis c\u0103tre serviciul RoboBraille. Furnizorii de servicii presupun c\u0103 utilizatorii folosesc serviciul acesta, \u00een conformitate cu condi\u021biile stabilite de pe acest sit web.<\/p>\n\n<p>RoboBraille este disponibil gratuit pentru utilizatorii individuali pe baz\u0103 strict non-comercial\u0103. Utilizatorii institu\u021bionali, cum ar fi universit\u0103\u021bile \u0219i alte institu\u0163ii care doresc s\u0103 ofere acest serviciu, disponibil gratuit, printr-o interfa\u021b\u0103 personalizat\u0103 pentru a studen\u021bii s\u0103i, angaja\u021bi, clien\u021bi \u0219i alte persoane, trebuie s\u0103 contacteze Sensus pe adresa de e-mail <a href=\"https:\/\/web.archive.org\/web\/20200814182816\/mailto:contact@robobraille.org\">contact@robobraille.org<\/a> pentru un acord de servicii.<\/p>\n\n<p>Utilizarea \u00een scopuri comerciale a serviciilor, cum ar fi materialul produs de serviciu, precum \u0219i utilizarea institu\u021bional\u0103 a serviciului f\u0103r\u0103 un contract de servicii corespunz\u0103tor este strict interzis\u0103. M\u0103suri legale vor fi luate \u00een caz de abuz \u0219i \/ sau \u00eenc\u0103lcare a termenilor stabilite pe acest sit web.<\/p>\n","protected":false},"excerpt":{"rendered":"<p>Confiden\u0163ialitate Procesul de conversie a documentelor RoboBraille este complet automatizat, far\u0103 nici o interac\u021biune uman\u0103. Documentele surs\u0103 sunt primite pe serverul de mail RoboBraille, prelucrate prin unul sau mai multe aplica\u0163ii RoboBraille, iar rezultatul este trimis c\u0103tre utilizator printr-un e-mail. Documentul surs\u0103 este ulterior \u0219ters de pe servere. \u00cenregistr\u0103rile tranzac\u021biilor sunt p\u0103strate \u00een scopuri statistice, [&hellip;]<\/p>\n","protected":false},"author":4,"featured_media":0,"parent":0,"menu_order":0,"comment_status":"closed","ping_status":"closed","template":"","meta":{"site-sidebar-layout":"default","site-content-layout":"default","ast-site-content-layout":"default","site-content-style":"default","site-sidebar-style":"default","ast-global-header-display":"","ast-banner-title-visibility":"","ast-main-header-display":"","ast-hfb-above-header-display":"","ast-hfb-below-header-display":"","ast-hfb-mobile-header-display":"","site-post-title":"","ast-breadcrumbs-content":"","ast-featured-img":"","footer-sml-layout":"","ast-disable-related-posts":"","theme-transparent-header-meta":"default","adv-header-id-meta":"","stick-header-meta":"","header-above-stick-meta":"","header-main-stick-meta":"","header-below-stick-meta":"","astra-migrate-meta-layouts":"default","ast-page-background-enabled":"default","ast-page-background-meta":{"desktop":{"background-color":"","background-image":"","background-repeat":"repeat","background-position":"center center","background-size":"auto","background-attachment":"scroll","background-type":"","background-media":"","overlay-type":"","overlay-color":"","overlay-opacity":"","overlay-gradient":""},"tablet":{"background-color":"","background-image":"","background-repeat":"repeat","background-position":"center center","background-size":"auto","background-attachment":"scroll","background-type":"","background-media":"","overlay-type":"","overlay-color":"","overlay-opacity":"","overlay-gradient":""},"mobile":{"background-color":"","background-image":"","background-repeat":"repeat","background-position":"center center","background-size":"auto","background-attachment":"scroll","background-type":"","background-media":"","overlay-type":"","overlay-color":"","overlay-opacity":"","overlay-gradient":""}},"ast-content-background-meta":{"desktop":{"background-color":"var(--ast-global-color-5)","background-image":"","background-repeat":"repeat","background-position":"center center","background-size":"auto","background-attachment":"scroll","background-type":"","background-media":"","overlay-type":"","overlay-color":"","overlay-opacity":"","overlay-gradient":""},"tablet":{"background-color":"var(--ast-global-color-5)","background-image":"","background-repeat":"repeat","background-position":"center center","background-size":"auto","background-attachment":"scroll","background-type":"","background-media":"","overlay-type":"","overlay-color":"","overlay-opacity":"","overlay-gradient":""},"mobile":{"background-color":"var(--ast-global-color-5)","background-image":"","background-repeat":"repeat","background-position":"center center","background-size":"auto","background-attachment":"scroll","background-type":"","background-media":"","overlay-type":"","overlay-color":"","overlay-opacity":"","overlay-gradient":""}},"footnotes":""},"class_list":["post-1037","page","type-page","status-publish","hentry"],"yoast_head":"<!-- This site is optimized with the Yoast SEO plugin v27.0 - https:\/\/yoast.com\/product\/yoast-seo-wordpress\/ -->\r\n<title>Confiden\u021bialitate \u0219i termeni - RoboBraille<\/title>\r\n<meta name=\"robots\" content=\"index, follow, max-snippet:-1, max-image-preview:large, max-video-preview:-1\" \/>\r\n<link rel=\"canonical\" href=\"https:\/\/www.robobraille.org\/ro\/confidentialitate-si-termeni\/\" \/>\r\n<meta property=\"og:locale\" content=\"ro_RO\" \/>\r\n<meta property=\"og:type\" content=\"article\" \/>\r\n<meta property=\"og:title\" content=\"Confiden\u021bialitate \u0219i termeni - RoboBraille\" \/>\r\n<meta property=\"og:description\" content=\"Confiden\u0163ialitate Procesul de conversie a documentelor RoboBraille este complet automatizat, far\u0103 nici o interac\u021biune uman\u0103. Documentele surs\u0103 sunt primite pe serverul de mail RoboBraille, prelucrate prin unul sau mai multe aplica\u0163ii RoboBraille, iar rezultatul este trimis c\u0103tre utilizator printr-un e-mail. Documentul surs\u0103 este ulterior \u0219ters de pe servere. \u00cenregistr\u0103rile tranzac\u021biilor sunt p\u0103strate \u00een scopuri statistice, [&hellip;]\" \/>\r\n<meta property=\"og:url\" content=\"https:\/\/www.robobraille.org\/ro\/confidentialitate-si-termeni\/\" \/>\r\n<meta property=\"og:site_name\" content=\"RoboBraille\" \/>\r\n<meta property=\"article:modified_time\" content=\"2021-01-20T11:37:55+00:00\" \/>\r\n<meta name=\"twitter:card\" content=\"summary_large_image\" \/>\r\n<meta name=\"twitter:label1\" content=\"Timp estimat pentru citire\" \/>\n\t<meta name=\"twitter:data1\" content=\"1 minut\" \/>\r\n<script type=\"application\/ld+json\" class=\"yoast-schema-graph\">{\"@context\":\"https:\/\/schema.org\",\"@graph\":[{\"@type\":\"WebPage\",\"@id\":\"https:\/\/www.robobraille.org\/ro\/confidentialitate-si-termeni\/\",\"url\":\"https:\/\/www.robobraille.org\/ro\/confidentialitate-si-termeni\/\",\"name\":\"Confiden\u021bialitate \u0219i termeni - RoboBraille\",\"isPartOf\":{\"@id\":\"https:\/\/www.robobraille.org\/ro\/#website\"},\"datePublished\":\"2021-01-20T11:37:54+00:00\",\"dateModified\":\"2021-01-20T11:37:55+00:00\",\"breadcrumb\":{\"@id\":\"https:\/\/www.robobraille.org\/ro\/confidentialitate-si-termeni\/#breadcrumb\"},\"inLanguage\":\"ro-RO\",\"potentialAction\":[{\"@type\":\"ReadAction\",\"target\":[\"https:\/\/www.robobraille.org\/ro\/confidentialitate-si-termeni\/\"]}]},{\"@type\":\"BreadcrumbList\",\"@id\":\"https:\/\/www.robobraille.org\/ro\/confidentialitate-si-termeni\/#breadcrumb\",\"itemListElement\":[{\"@type\":\"ListItem\",\"position\":1,\"name\":\"Home\",\"item\":\"https:\/\/www.robobraille.org\/ro\/\"},{\"@type\":\"ListItem\",\"position\":2,\"name\":\"Confiden\u021bialitate \u0219i termeni\"}]},{\"@type\":\"WebSite\",\"@id\":\"https:\/\/www.robobraille.org\/ro\/#website\",\"url\":\"https:\/\/www.robobraille.org\/ro\/\",\"name\":\"RoboBraille\",\"description\":\"\",\"publisher\":{\"@id\":\"https:\/\/www.robobraille.org\/ro\/#organization\"},\"potentialAction\":[{\"@type\":\"SearchAction\",\"target\":{\"@type\":\"EntryPoint\",\"urlTemplate\":\"https:\/\/www.robobraille.org\/ro\/?s={search_term_string}\"},\"query-input\":{\"@type\":\"PropertyValueSpecification\",\"valueRequired\":true,\"valueName\":\"search_term_string\"}}],\"inLanguage\":\"ro-RO\"},{\"@type\":\"Organization\",\"@id\":\"https:\/\/www.robobraille.org\/ro\/#organization\",\"name\":\"RoboBraille\",\"url\":\"https:\/\/www.robobraille.org\/ro\/\",\"logo\":{\"@type\":\"ImageObject\",\"inLanguage\":\"ro-RO\",\"@id\":\"https:\/\/www.robobraille.org\/ro\/#\/schema\/logo\/image\/\",\"url\":\"https:\/\/www.robobraille.org\/wp-content\/uploads\/2020\/11\/RoboBraille.jpg\",\"contentUrl\":\"https:\/\/www.robobraille.org\/wp-content\/uploads\/2020\/11\/RoboBraille.jpg\",\"width\":340,\"height\":98,\"caption\":\"RoboBraille\"},\"image\":{\"@id\":\"https:\/\/www.robobraille.org\/ro\/#\/schema\/logo\/image\/\"}}]}<\/script>\r\n<!-- \/ Yoast SEO plugin. -->","yoast_head_json":{"title":"Confiden\u021bialitate \u0219i termeni - RoboBraille","robots":{"index":"index","follow":"follow","max-snippet":"max-snippet:-1","max-image-preview":"max-image-preview:large","max-video-preview":"max-video-preview:-1"},"canonical":"https:\/\/www.robobraille.org\/ro\/confidentialitate-si-termeni\/","og_locale":"ro_RO","og_type":"article","og_title":"Confiden\u021bialitate \u0219i termeni - RoboBraille","og_description":"Confiden\u0163ialitate Procesul de conversie a documentelor RoboBraille este complet automatizat, far\u0103 nici o interac\u021biune uman\u0103. Documentele surs\u0103 sunt primite pe serverul de mail RoboBraille, prelucrate prin unul sau mai multe aplica\u0163ii RoboBraille, iar rezultatul este trimis c\u0103tre utilizator printr-un e-mail. Documentul surs\u0103 este ulterior \u0219ters de pe servere. \u00cenregistr\u0103rile tranzac\u021biilor sunt p\u0103strate \u00een scopuri statistice, [&hellip;]","og_url":"https:\/\/www.robobraille.org\/ro\/confidentialitate-si-termeni\/","og_site_name":"RoboBraille","article_modified_time":"2021-01-20T11:37:55+00:00","twitter_card":"summary_large_image","twitter_misc":{"Timp estimat pentru citire":"1 minut"},"schema":{"@context":"https:\/\/schema.org","@graph":[{"@type":"WebPage","@id":"https:\/\/www.robobraille.org\/ro\/confidentialitate-si-termeni\/","url":"https:\/\/www.robobraille.org\/ro\/confidentialitate-si-termeni\/","name":"Confiden\u021bialitate \u0219i termeni - RoboBraille","isPartOf":{"@id":"https:\/\/www.robobraille.org\/ro\/#website"},"datePublished":"2021-01-20T11:37:54+00:00","dateModified":"2021-01-20T11:37:55+00:00","breadcrumb":{"@id":"https:\/\/www.robobraille.org\/ro\/confidentialitate-si-termeni\/#breadcrumb"},"inLanguage":"ro-RO","potentialAction":[{"@type":"ReadAction","target":["https:\/\/www.robobraille.org\/ro\/confidentialitate-si-termeni\/"]}]},{"@type":"BreadcrumbList","@id":"https:\/\/www.robobraille.org\/ro\/confidentialitate-si-termeni\/#breadcrumb","itemListElement":[{"@type":"ListItem","position":1,"name":"Home","item":"https:\/\/www.robobraille.org\/ro\/"},{"@type":"ListItem","position":2,"name":"Confiden\u021bialitate \u0219i termeni"}]},{"@type":"WebSite","@id":"https:\/\/www.robobraille.org\/ro\/#website","url":"https:\/\/www.robobraille.org\/ro\/","name":"RoboBraille","description":"","publisher":{"@id":"https:\/\/www.robobraille.org\/ro\/#organization"},"potentialAction":[{"@type":"SearchAction","target":{"@type":"EntryPoint","urlTemplate":"https:\/\/www.robobraille.org\/ro\/?s={search_term_string}"},"query-input":{"@type":"PropertyValueSpecification","valueRequired":true,"valueName":"search_term_string"}}],"inLanguage":"ro-RO"},{"@type":"Organization","@id":"https:\/\/www.robobraille.org\/ro\/#organization","name":"RoboBraille","url":"https:\/\/www.robobraille.org\/ro\/","logo":{"@type":"ImageObject","inLanguage":"ro-RO","@id":"https:\/\/www.robobraille.org\/ro\/#\/schema\/logo\/image\/","url":"https:\/\/www.robobraille.org\/wp-content\/uploads\/2020\/11\/RoboBraille.jpg","contentUrl":"https:\/\/www.robobraille.org\/wp-content\/uploads\/2020\/11\/RoboBraille.jpg","width":340,"height":98,"caption":"RoboBraille"},"image":{"@id":"https:\/\/www.robobraille.org\/ro\/#\/schema\/logo\/image\/"}}]}},"_links":{"self":[{"href":"https:\/\/www.robobraille.org\/ro\/wp-json\/wp\/v2\/pages\/1037","targetHints":{"allow":["GET"]}}],"collection":[{"href":"https:\/\/www.robobraille.org\/ro\/wp-json\/wp\/v2\/pages"}],"about":[{"href":"https:\/\/www.robobraille.org\/ro\/wp-json\/wp\/v2\/types\/page"}],"author":[{"embeddable":true,"href":"https:\/\/www.robobraille.org\/ro\/wp-json\/wp\/v2\/users\/4"}],"replies":[{"embeddable":true,"href":"https:\/\/www.robobraille.org\/ro\/wp-json\/wp\/v2\/comments?post=1037"}],"version-history":[{"count":1,"href":"https:\/\/www.robobraille.org\/ro\/wp-json\/wp\/v2\/pages\/1037\/revisions"}],"predecessor-version":[{"id":1038,"href":"https:\/\/www.robobraille.org\/ro\/wp-json\/wp\/v2\/pages\/1037\/revisions\/1038"}],"wp:attachment":[{"href":"https:\/\/www.robobraille.org\/ro\/wp-json\/wp\/v2\/media?parent=1037"}],"curies":[{"name":"wp","href":"https:\/\/api.w.org\/{rel}","templated":true}]}}