{"id":1003,"date":"2021-01-20T11:48:10","date_gmt":"2021-01-20T10:48:10","guid":{"rendered":"https:\/\/www.robobraille.org\/parteneri\/"},"modified":"2021-01-20T11:48:10","modified_gmt":"2021-01-20T10:48:10","slug":"parteneri","status":"publish","type":"page","link":"https:\/\/www.robobraille.org\/ro\/parteneri\/","title":{"rendered":"Parteneri"},"content":{"rendered":"\n<p>De-a lungul anilor, mai multe organiza\u021bii din multe \u021b\u0103ri au fost implicate \u00een RoboBraille. Ca partener RoboBraille, pentru a putea reprezenta RoboBraille \u00een \u021bara dumneavoastr\u0103, trebuie s\u0103 oferi\u021bi suport utilizatorilor finali \u0219i s\u0103 prezenta\u021bi informa\u021bii despre serviciile oferite. Dac\u0103 a\u021bi dori, de asemenea, a\u021bi putea prezenta utilizatorilor RoboBraille pentru a  fi folosit ca parte a serviciilor oferite de organiza\u021bia dumneavoastr\u0103. Sau poate dori\u021bi s\u0103 efectua\u021bi cercet\u0103ri privind modul \u00een care este utilizat RoboBraille pentru a promova autonomia personal\u0103, integrarea \u0219i incluziunea.<\/p>\n\n<p>Ca partener RoboBraille, v\u0103 al\u0103tura\u021bi unei re\u021bele interna\u021bionale de organiza\u021bii \u0219i speciali\u015fti \u00een \u00eenv\u0103\u021b\u0103m\u00e2ntul obi\u015fnuit \u0219i special, de reabilitare \u0219i servicii pentru persoanele cu dizabilit\u0103\u0163i. Partenerii sunt invita\u021bi s\u0103 devin\u0103 co-autori de articole \u0219i s\u0103 se al\u0103ture \u00een proiecte \u00een mod regulat. Lucrarea de mai jos prezint\u0103 rolurile \u0219i responsabilit\u0103\u021bile partenerilor \u00een proiect RoboBraille.<\/p>\n\n<p>Dac\u0103 sunte\u021bi interesat \u00een a deveni un partener RoboBraille , nu ezita\u021bi s\u0103 contacta\u021bi echipa RoboBraille pe adresa de e-mail <a href=\"https:\/\/web.archive.org\/web\/20200819180532\/mailto:contact@robobraille.org\">contact@robobraille.org<\/a>.<\/p>\n\n<p>Roles and Responsibilities of Partners in a RoboBraille-project<\/p>\n","protected":false},"excerpt":{"rendered":"<p>De-a lungul anilor, mai multe organiza\u021bii din multe \u021b\u0103ri au fost implicate \u00een RoboBraille. Ca partener RoboBraille, pentru a putea reprezenta RoboBraille \u00een \u021bara dumneavoastr\u0103, trebuie s\u0103 oferi\u021bi suport utilizatorilor finali \u0219i s\u0103 prezenta\u021bi informa\u021bii despre serviciile oferite. Dac\u0103 a\u021bi dori, de asemenea, a\u021bi putea prezenta utilizatorilor RoboBraille pentru a fi folosit ca parte a [&hellip;]<\/p>\n","protected":false},"author":4,"featured_media":0,"parent":0,"menu_order":0,"comment_status":"closed","ping_status":"closed","template":"","meta":{"site-sidebar-layout":"default","site-content-layout":"default","ast-site-content-layout":"default","site-content-style":"default","site-sidebar-style":"default","ast-global-header-display":"","ast-banner-title-visibility":"","ast-main-header-display":"","ast-hfb-above-header-display":"","ast-hfb-below-header-display":"","ast-hfb-mobile-header-display":"","site-post-title":"","ast-breadcrumbs-content":"","ast-featured-img":"","footer-sml-layout":"","ast-disable-related-posts":"","theme-transparent-header-meta":"default","adv-header-id-meta":"","stick-header-meta":"","header-above-stick-meta":"","header-main-stick-meta":"","header-below-stick-meta":"","astra-migrate-meta-layouts":"default","ast-page-background-enabled":"default","ast-page-background-meta":{"desktop":{"background-color":"","background-image":"","background-repeat":"repeat","background-position":"center center","background-size":"auto","background-attachment":"scroll","background-type":"","background-media":"","overlay-type":"","overlay-color":"","overlay-opacity":"","overlay-gradient":""},"tablet":{"background-color":"","background-image":"","background-repeat":"repeat","background-position":"center center","background-size":"auto","background-attachment":"scroll","background-type":"","background-media":"","overlay-type":"","overlay-color":"","overlay-opacity":"","overlay-gradient":""},"mobile":{"background-color":"","background-image":"","background-repeat":"repeat","background-position":"center center","background-size":"auto","background-attachment":"scroll","background-type":"","background-media":"","overlay-type":"","overlay-color":"","overlay-opacity":"","overlay-gradient":""}},"ast-content-background-meta":{"desktop":{"background-color":"var(--ast-global-color-5)","background-image":"","background-repeat":"repeat","background-position":"center center","background-size":"auto","background-attachment":"scroll","background-type":"","background-media":"","overlay-type":"","overlay-color":"","overlay-opacity":"","overlay-gradient":""},"tablet":{"background-color":"var(--ast-global-color-5)","background-image":"","background-repeat":"repeat","background-position":"center center","background-size":"auto","background-attachment":"scroll","background-type":"","background-media":"","overlay-type":"","overlay-color":"","overlay-opacity":"","overlay-gradient":""},"mobile":{"background-color":"var(--ast-global-color-5)","background-image":"","background-repeat":"repeat","background-position":"center center","background-size":"auto","background-attachment":"scroll","background-type":"","background-media":"","overlay-type":"","overlay-color":"","overlay-opacity":"","overlay-gradient":""}},"footnotes":""},"class_list":["post-1003","page","type-page","status-publish","hentry"],"yoast_head":"<!-- This site is optimized with the Yoast SEO plugin v27.0 - https:\/\/yoast.com\/product\/yoast-seo-wordpress\/ -->\r\n<title>Parteneri - RoboBraille<\/title>\r\n<meta name=\"robots\" content=\"index, follow, max-snippet:-1, max-image-preview:large, max-video-preview:-1\" \/>\r\n<link rel=\"canonical\" href=\"https:\/\/www.robobraille.org\/ro\/parteneri\/\" \/>\r\n<meta property=\"og:locale\" content=\"ro_RO\" \/>\r\n<meta property=\"og:type\" content=\"article\" \/>\r\n<meta property=\"og:title\" content=\"Parteneri - RoboBraille\" \/>\r\n<meta property=\"og:description\" content=\"De-a lungul anilor, mai multe organiza\u021bii din multe \u021b\u0103ri au fost implicate \u00een RoboBraille. Ca partener RoboBraille, pentru a putea reprezenta RoboBraille \u00een \u021bara dumneavoastr\u0103, trebuie s\u0103 oferi\u021bi suport utilizatorilor finali \u0219i s\u0103 prezenta\u021bi informa\u021bii despre serviciile oferite. Dac\u0103 a\u021bi dori, de asemenea, a\u021bi putea prezenta utilizatorilor RoboBraille pentru a fi folosit ca parte a [&hellip;]\" \/>\r\n<meta property=\"og:url\" content=\"https:\/\/www.robobraille.org\/ro\/parteneri\/\" \/>\r\n<meta property=\"og:site_name\" content=\"RoboBraille\" \/>\r\n<meta name=\"twitter:card\" content=\"summary_large_image\" \/>\r\n<meta name=\"twitter:label1\" content=\"Timp estimat pentru citire\" \/>\n\t<meta name=\"twitter:data1\" content=\"1 minut\" \/>\r\n<script type=\"application\/ld+json\" class=\"yoast-schema-graph\">{\"@context\":\"https:\/\/schema.org\",\"@graph\":[{\"@type\":\"WebPage\",\"@id\":\"https:\/\/www.robobraille.org\/ro\/parteneri\/\",\"url\":\"https:\/\/www.robobraille.org\/ro\/parteneri\/\",\"name\":\"Parteneri - RoboBraille\",\"isPartOf\":{\"@id\":\"https:\/\/www.robobraille.org\/ro\/#website\"},\"datePublished\":\"2021-01-20T10:48:10+00:00\",\"breadcrumb\":{\"@id\":\"https:\/\/www.robobraille.org\/ro\/parteneri\/#breadcrumb\"},\"inLanguage\":\"ro-RO\",\"potentialAction\":[{\"@type\":\"ReadAction\",\"target\":[\"https:\/\/www.robobraille.org\/ro\/parteneri\/\"]}]},{\"@type\":\"BreadcrumbList\",\"@id\":\"https:\/\/www.robobraille.org\/ro\/parteneri\/#breadcrumb\",\"itemListElement\":[{\"@type\":\"ListItem\",\"position\":1,\"name\":\"Home\",\"item\":\"https:\/\/www.robobraille.org\/ro\/\"},{\"@type\":\"ListItem\",\"position\":2,\"name\":\"Parteneri\"}]},{\"@type\":\"WebSite\",\"@id\":\"https:\/\/www.robobraille.org\/ro\/#website\",\"url\":\"https:\/\/www.robobraille.org\/ro\/\",\"name\":\"RoboBraille\",\"description\":\"\",\"publisher\":{\"@id\":\"https:\/\/www.robobraille.org\/ro\/#organization\"},\"potentialAction\":[{\"@type\":\"SearchAction\",\"target\":{\"@type\":\"EntryPoint\",\"urlTemplate\":\"https:\/\/www.robobraille.org\/ro\/?s={search_term_string}\"},\"query-input\":{\"@type\":\"PropertyValueSpecification\",\"valueRequired\":true,\"valueName\":\"search_term_string\"}}],\"inLanguage\":\"ro-RO\"},{\"@type\":\"Organization\",\"@id\":\"https:\/\/www.robobraille.org\/ro\/#organization\",\"name\":\"RoboBraille\",\"url\":\"https:\/\/www.robobraille.org\/ro\/\",\"logo\":{\"@type\":\"ImageObject\",\"inLanguage\":\"ro-RO\",\"@id\":\"https:\/\/www.robobraille.org\/ro\/#\/schema\/logo\/image\/\",\"url\":\"https:\/\/www.robobraille.org\/wp-content\/uploads\/2020\/11\/RoboBraille.jpg\",\"contentUrl\":\"https:\/\/www.robobraille.org\/wp-content\/uploads\/2020\/11\/RoboBraille.jpg\",\"width\":340,\"height\":98,\"caption\":\"RoboBraille\"},\"image\":{\"@id\":\"https:\/\/www.robobraille.org\/ro\/#\/schema\/logo\/image\/\"}}]}<\/script>\r\n<!-- \/ Yoast SEO plugin. -->","yoast_head_json":{"title":"Parteneri - RoboBraille","robots":{"index":"index","follow":"follow","max-snippet":"max-snippet:-1","max-image-preview":"max-image-preview:large","max-video-preview":"max-video-preview:-1"},"canonical":"https:\/\/www.robobraille.org\/ro\/parteneri\/","og_locale":"ro_RO","og_type":"article","og_title":"Parteneri - RoboBraille","og_description":"De-a lungul anilor, mai multe organiza\u021bii din multe \u021b\u0103ri au fost implicate \u00een RoboBraille. Ca partener RoboBraille, pentru a putea reprezenta RoboBraille \u00een \u021bara dumneavoastr\u0103, trebuie s\u0103 oferi\u021bi suport utilizatorilor finali \u0219i s\u0103 prezenta\u021bi informa\u021bii despre serviciile oferite. Dac\u0103 a\u021bi dori, de asemenea, a\u021bi putea prezenta utilizatorilor RoboBraille pentru a fi folosit ca parte a [&hellip;]","og_url":"https:\/\/www.robobraille.org\/ro\/parteneri\/","og_site_name":"RoboBraille","twitter_card":"summary_large_image","twitter_misc":{"Timp estimat pentru citire":"1 minut"},"schema":{"@context":"https:\/\/schema.org","@graph":[{"@type":"WebPage","@id":"https:\/\/www.robobraille.org\/ro\/parteneri\/","url":"https:\/\/www.robobraille.org\/ro\/parteneri\/","name":"Parteneri - RoboBraille","isPartOf":{"@id":"https:\/\/www.robobraille.org\/ro\/#website"},"datePublished":"2021-01-20T10:48:10+00:00","breadcrumb":{"@id":"https:\/\/www.robobraille.org\/ro\/parteneri\/#breadcrumb"},"inLanguage":"ro-RO","potentialAction":[{"@type":"ReadAction","target":["https:\/\/www.robobraille.org\/ro\/parteneri\/"]}]},{"@type":"BreadcrumbList","@id":"https:\/\/www.robobraille.org\/ro\/parteneri\/#breadcrumb","itemListElement":[{"@type":"ListItem","position":1,"name":"Home","item":"https:\/\/www.robobraille.org\/ro\/"},{"@type":"ListItem","position":2,"name":"Parteneri"}]},{"@type":"WebSite","@id":"https:\/\/www.robobraille.org\/ro\/#website","url":"https:\/\/www.robobraille.org\/ro\/","name":"RoboBraille","description":"","publisher":{"@id":"https:\/\/www.robobraille.org\/ro\/#organization"},"potentialAction":[{"@type":"SearchAction","target":{"@type":"EntryPoint","urlTemplate":"https:\/\/www.robobraille.org\/ro\/?s={search_term_string}"},"query-input":{"@type":"PropertyValueSpecification","valueRequired":true,"valueName":"search_term_string"}}],"inLanguage":"ro-RO"},{"@type":"Organization","@id":"https:\/\/www.robobraille.org\/ro\/#organization","name":"RoboBraille","url":"https:\/\/www.robobraille.org\/ro\/","logo":{"@type":"ImageObject","inLanguage":"ro-RO","@id":"https:\/\/www.robobraille.org\/ro\/#\/schema\/logo\/image\/","url":"https:\/\/www.robobraille.org\/wp-content\/uploads\/2020\/11\/RoboBraille.jpg","contentUrl":"https:\/\/www.robobraille.org\/wp-content\/uploads\/2020\/11\/RoboBraille.jpg","width":340,"height":98,"caption":"RoboBraille"},"image":{"@id":"https:\/\/www.robobraille.org\/ro\/#\/schema\/logo\/image\/"}}]}},"_links":{"self":[{"href":"https:\/\/www.robobraille.org\/ro\/wp-json\/wp\/v2\/pages\/1003","targetHints":{"allow":["GET"]}}],"collection":[{"href":"https:\/\/www.robobraille.org\/ro\/wp-json\/wp\/v2\/pages"}],"about":[{"href":"https:\/\/www.robobraille.org\/ro\/wp-json\/wp\/v2\/types\/page"}],"author":[{"embeddable":true,"href":"https:\/\/www.robobraille.org\/ro\/wp-json\/wp\/v2\/users\/4"}],"replies":[{"embeddable":true,"href":"https:\/\/www.robobraille.org\/ro\/wp-json\/wp\/v2\/comments?post=1003"}],"version-history":[{"count":1,"href":"https:\/\/www.robobraille.org\/ro\/wp-json\/wp\/v2\/pages\/1003\/revisions"}],"predecessor-version":[{"id":1004,"href":"https:\/\/www.robobraille.org\/ro\/wp-json\/wp\/v2\/pages\/1003\/revisions\/1004"}],"wp:attachment":[{"href":"https:\/\/www.robobraille.org\/ro\/wp-json\/wp\/v2\/media?parent=1003"}],"curies":[{"name":"wp","href":"https:\/\/api.w.org\/{rel}","templated":true}]}}