{"id":1035,"date":"2021-01-20T12:35:29","date_gmt":"2021-01-20T11:35:29","guid":{"rendered":"https:\/\/www.robobraille.org\/privacidade-e-termos\/"},"modified":"2021-01-20T12:35:29","modified_gmt":"2021-01-20T11:35:29","slug":"privacidade-e-termos","status":"publish","type":"page","link":"https:\/\/www.robobraille.org\/pt-pt\/privacidade-e-termos\/","title":{"rendered":"Privacidade e Termos"},"content":{"rendered":"\n<h2 class=\"wp-block-heading\">Privacidade<\/h2>\n\n<p>O processo de convers\u00e3o de documentos no servi\u00e7o RoboBraille \u00e9 inteiramente autom\u00e1tico e nele n\u00e3o existe intera\u00e7\u00e3o humana. Os documentos de origem s\u00e3o recebidos no servidor de e-mail do RoboBraille, processados por um ou mais agentes RoboBraille e o resultado \u00e9 devolvido ao utilizador atrav\u00e9s de e-mail. O documento de origem \u00e9 posteriormente eliminado do servidor.<\/p>\n\n<p>O registo desta transa\u00e7\u00e3o \u00e9 mantido para efeitos estat\u00edsticos, de gest\u00e3o e preven\u00e7\u00e3o de SPAM. <\/p>\n\n<p> <\/p>\n\n<p> <\/p>\n\n<p> <\/p>\n\n<p> <\/p>\n\n<h2 class=\"wp-block-heading\">Termos<\/h2>\n\n<p>O servi\u00e7o RoboBraille \u00e9 fornecido pela Synscenter Refsn\u00e6s e pela Sensus numa base puramente \u201ccomo est\u00e1\u201d. Nem a Synscenter Refsn\u00e6s nem a Sensus assumir\u00e3o qualquer responsabilidade por danos diretos e indiretos relacionados com o uso do servi\u00e7o. Os fornecedores do servi\u00e7o assumem que os utilizadores possuem direitos sobre qualquer documento submetido para o servi\u00e7o. Os fornecedores do servi\u00e7o assumem tamb\u00e9m que os utilizadores usam o servi\u00e7o de acordo com os termos estabelecidos neste website.<\/p>\n\n<p>O Robobraille est\u00e1 dispon\u00edvel gratuitamente para utiliza\u00e7\u00e3o pessoal estritamente individual e n\u00e3o comercial. O uso institucional do servi\u00e7o requer um contrato com a Sensus. O ensino organizado dirigido a estudantes, clientes, funcion\u00e1rios, membros, antigos alunos e outros sobre a forma de utilizar o servi\u00e7o \u00e9 considerado uso institucional. Utilizadores institucionais como organiza\u00e7\u00f5es acad\u00e9micas e outras que desejem disponibilizar gratuitamente o servi\u00e7o atrav\u00e9s de interfaces customizadas para os seus estudantes, clientes, funcion\u00e1rios, membros, antigos alunos e outros, dever\u00e3o contactar a Sensus atrav\u00e9s do endere\u00e7o <a href=\"https:\/\/web.archive.org\/web\/20200814182816\/mailto:contact@robobraille.org\">contact@robobraille.org<\/a> para o estabelecimento de um contrato de servi\u00e7o.<\/p>\n\n<p>A utiliza\u00e7\u00e3o comercial do servi\u00e7o, como a revenda do material produzido pelo servi\u00e7o assim como a utiliza\u00e7\u00e3o institucional do servi\u00e7o sem o contrato de servi\u00e7o necess\u00e1rio est\u00e3o estritamente proibidos. Institui\u00e7\u00f5es acad\u00e9micas, que desejem oferecer o servi\u00e7o oficialmente dever\u00e3o requerer um contrato de servi\u00e7o para utiliza\u00e7\u00e3o institucional com a Sensus. O ensino organizado dirigido a estudantes sobre a forma de utilizar o servi\u00e7o \u00e9 considerado uso institucional. Ser\u00e3o tomadas medidas legais em caso de abuso e\/ou viola\u00e7\u00e3o dos termos estabelecidos neste website.<\/p>\n","protected":false},"excerpt":{"rendered":"<p>Privacidade O processo de convers\u00e3o de documentos no servi\u00e7o RoboBraille \u00e9 inteiramente autom\u00e1tico e nele n\u00e3o existe intera\u00e7\u00e3o humana. Os documentos de origem s\u00e3o recebidos no servidor de e-mail do RoboBraille, processados por um ou mais agentes RoboBraille e o resultado \u00e9 devolvido ao utilizador atrav\u00e9s de e-mail. O documento de origem \u00e9 posteriormente eliminado [&hellip;]<\/p>\n","protected":false},"author":4,"featured_media":0,"parent":0,"menu_order":0,"comment_status":"closed","ping_status":"closed","template":"","meta":{"site-sidebar-layout":"default","site-content-layout":"default","ast-site-content-layout":"default","site-content-style":"default","site-sidebar-style":"default","ast-global-header-display":"","ast-banner-title-visibility":"","ast-main-header-display":"","ast-hfb-above-header-display":"","ast-hfb-below-header-display":"","ast-hfb-mobile-header-display":"","site-post-title":"","ast-breadcrumbs-content":"","ast-featured-img":"","footer-sml-layout":"","ast-disable-related-posts":"","theme-transparent-header-meta":"default","adv-header-id-meta":"","stick-header-meta":"","header-above-stick-meta":"","header-main-stick-meta":"","header-below-stick-meta":"","astra-migrate-meta-layouts":"default","ast-page-background-enabled":"default","ast-page-background-meta":{"desktop":{"background-color":"","background-image":"","background-repeat":"repeat","background-position":"center center","background-size":"auto","background-attachment":"scroll","background-type":"","background-media":"","overlay-type":"","overlay-color":"","overlay-opacity":"","overlay-gradient":""},"tablet":{"background-color":"","background-image":"","background-repeat":"repeat","background-position":"center center","background-size":"auto","background-attachment":"scroll","background-type":"","background-media":"","overlay-type":"","overlay-color":"","overlay-opacity":"","overlay-gradient":""},"mobile":{"background-color":"","background-image":"","background-repeat":"repeat","background-position":"center center","background-size":"auto","background-attachment":"scroll","background-type":"","background-media":"","overlay-type":"","overlay-color":"","overlay-opacity":"","overlay-gradient":""}},"ast-content-background-meta":{"desktop":{"background-color":"var(--ast-global-color-5)","background-image":"","background-repeat":"repeat","background-position":"center center","background-size":"auto","background-attachment":"scroll","background-type":"","background-media":"","overlay-type":"","overlay-color":"","overlay-opacity":"","overlay-gradient":""},"tablet":{"background-color":"var(--ast-global-color-5)","background-image":"","background-repeat":"repeat","background-position":"center center","background-size":"auto","background-attachment":"scroll","background-type":"","background-media":"","overlay-type":"","overlay-color":"","overlay-opacity":"","overlay-gradient":""},"mobile":{"background-color":"var(--ast-global-color-5)","background-image":"","background-repeat":"repeat","background-position":"center center","background-size":"auto","background-attachment":"scroll","background-type":"","background-media":"","overlay-type":"","overlay-color":"","overlay-opacity":"","overlay-gradient":""}},"footnotes":""},"class_list":["post-1035","page","type-page","status-publish","hentry"],"yoast_head":"<!-- This site is optimized with the Yoast SEO plugin v27.0 - https:\/\/yoast.com\/product\/yoast-seo-wordpress\/ -->\r\n<title>Privacidade e Termos - RoboBraille<\/title>\r\n<meta name=\"robots\" content=\"index, follow, max-snippet:-1, max-image-preview:large, max-video-preview:-1\" \/>\r\n<link rel=\"canonical\" href=\"https:\/\/www.robobraille.org\/pt-pt\/privacidade-e-termos\/\" \/>\r\n<meta property=\"og:locale\" content=\"pt_PT\" \/>\r\n<meta property=\"og:type\" content=\"article\" \/>\r\n<meta property=\"og:title\" content=\"Privacidade e Termos - RoboBraille\" \/>\r\n<meta property=\"og:description\" content=\"Privacidade O processo de convers\u00e3o de documentos no servi\u00e7o RoboBraille \u00e9 inteiramente autom\u00e1tico e nele n\u00e3o existe intera\u00e7\u00e3o humana. Os documentos de origem s\u00e3o recebidos no servidor de e-mail do RoboBraille, processados por um ou mais agentes RoboBraille e o resultado \u00e9 devolvido ao utilizador atrav\u00e9s de e-mail. O documento de origem \u00e9 posteriormente eliminado [&hellip;]\" \/>\r\n<meta property=\"og:url\" content=\"https:\/\/www.robobraille.org\/pt-pt\/privacidade-e-termos\/\" \/>\r\n<meta property=\"og:site_name\" content=\"RoboBraille\" \/>\r\n<meta name=\"twitter:card\" content=\"summary_large_image\" \/>\r\n<meta name=\"twitter:label1\" content=\"Tempo estimado de leitura\" \/>\n\t<meta name=\"twitter:data1\" content=\"2 minutos\" \/>\r\n<script type=\"application\/ld+json\" class=\"yoast-schema-graph\">{\"@context\":\"https:\/\/schema.org\",\"@graph\":[{\"@type\":\"WebPage\",\"@id\":\"https:\/\/www.robobraille.org\/pt-pt\/privacidade-e-termos\/\",\"url\":\"https:\/\/www.robobraille.org\/pt-pt\/privacidade-e-termos\/\",\"name\":\"Privacidade e Termos - RoboBraille\",\"isPartOf\":{\"@id\":\"https:\/\/www.robobraille.org\/pt-pt\/#website\"},\"datePublished\":\"2021-01-20T11:35:29+00:00\",\"breadcrumb\":{\"@id\":\"https:\/\/www.robobraille.org\/pt-pt\/privacidade-e-termos\/#breadcrumb\"},\"inLanguage\":\"pt-PT\",\"potentialAction\":[{\"@type\":\"ReadAction\",\"target\":[\"https:\/\/www.robobraille.org\/pt-pt\/privacidade-e-termos\/\"]}]},{\"@type\":\"BreadcrumbList\",\"@id\":\"https:\/\/www.robobraille.org\/pt-pt\/privacidade-e-termos\/#breadcrumb\",\"itemListElement\":[{\"@type\":\"ListItem\",\"position\":1,\"name\":\"Home\",\"item\":\"https:\/\/www.robobraille.org\/pt-pt\/\"},{\"@type\":\"ListItem\",\"position\":2,\"name\":\"Privacidade e Termos\"}]},{\"@type\":\"WebSite\",\"@id\":\"https:\/\/www.robobraille.org\/pt-pt\/#website\",\"url\":\"https:\/\/www.robobraille.org\/pt-pt\/\",\"name\":\"RoboBraille\",\"description\":\"\",\"publisher\":{\"@id\":\"https:\/\/www.robobraille.org\/pt-pt\/#organization\"},\"potentialAction\":[{\"@type\":\"SearchAction\",\"target\":{\"@type\":\"EntryPoint\",\"urlTemplate\":\"https:\/\/www.robobraille.org\/pt-pt\/?s={search_term_string}\"},\"query-input\":{\"@type\":\"PropertyValueSpecification\",\"valueRequired\":true,\"valueName\":\"search_term_string\"}}],\"inLanguage\":\"pt-PT\"},{\"@type\":\"Organization\",\"@id\":\"https:\/\/www.robobraille.org\/pt-pt\/#organization\",\"name\":\"RoboBraille\",\"url\":\"https:\/\/www.robobraille.org\/pt-pt\/\",\"logo\":{\"@type\":\"ImageObject\",\"inLanguage\":\"pt-PT\",\"@id\":\"https:\/\/www.robobraille.org\/pt-pt\/#\/schema\/logo\/image\/\",\"url\":\"https:\/\/www.robobraille.org\/wp-content\/uploads\/2020\/11\/RoboBraille.jpg\",\"contentUrl\":\"https:\/\/www.robobraille.org\/wp-content\/uploads\/2020\/11\/RoboBraille.jpg\",\"width\":340,\"height\":98,\"caption\":\"RoboBraille\"},\"image\":{\"@id\":\"https:\/\/www.robobraille.org\/pt-pt\/#\/schema\/logo\/image\/\"}}]}<\/script>\r\n<!-- \/ Yoast SEO plugin. -->","yoast_head_json":{"title":"Privacidade e Termos - RoboBraille","robots":{"index":"index","follow":"follow","max-snippet":"max-snippet:-1","max-image-preview":"max-image-preview:large","max-video-preview":"max-video-preview:-1"},"canonical":"https:\/\/www.robobraille.org\/pt-pt\/privacidade-e-termos\/","og_locale":"pt_PT","og_type":"article","og_title":"Privacidade e Termos - RoboBraille","og_description":"Privacidade O processo de convers\u00e3o de documentos no servi\u00e7o RoboBraille \u00e9 inteiramente autom\u00e1tico e nele n\u00e3o existe intera\u00e7\u00e3o humana. Os documentos de origem s\u00e3o recebidos no servidor de e-mail do RoboBraille, processados por um ou mais agentes RoboBraille e o resultado \u00e9 devolvido ao utilizador atrav\u00e9s de e-mail. O documento de origem \u00e9 posteriormente eliminado [&hellip;]","og_url":"https:\/\/www.robobraille.org\/pt-pt\/privacidade-e-termos\/","og_site_name":"RoboBraille","twitter_card":"summary_large_image","twitter_misc":{"Tempo estimado de leitura":"2 minutos"},"schema":{"@context":"https:\/\/schema.org","@graph":[{"@type":"WebPage","@id":"https:\/\/www.robobraille.org\/pt-pt\/privacidade-e-termos\/","url":"https:\/\/www.robobraille.org\/pt-pt\/privacidade-e-termos\/","name":"Privacidade e Termos - RoboBraille","isPartOf":{"@id":"https:\/\/www.robobraille.org\/pt-pt\/#website"},"datePublished":"2021-01-20T11:35:29+00:00","breadcrumb":{"@id":"https:\/\/www.robobraille.org\/pt-pt\/privacidade-e-termos\/#breadcrumb"},"inLanguage":"pt-PT","potentialAction":[{"@type":"ReadAction","target":["https:\/\/www.robobraille.org\/pt-pt\/privacidade-e-termos\/"]}]},{"@type":"BreadcrumbList","@id":"https:\/\/www.robobraille.org\/pt-pt\/privacidade-e-termos\/#breadcrumb","itemListElement":[{"@type":"ListItem","position":1,"name":"Home","item":"https:\/\/www.robobraille.org\/pt-pt\/"},{"@type":"ListItem","position":2,"name":"Privacidade e Termos"}]},{"@type":"WebSite","@id":"https:\/\/www.robobraille.org\/pt-pt\/#website","url":"https:\/\/www.robobraille.org\/pt-pt\/","name":"RoboBraille","description":"","publisher":{"@id":"https:\/\/www.robobraille.org\/pt-pt\/#organization"},"potentialAction":[{"@type":"SearchAction","target":{"@type":"EntryPoint","urlTemplate":"https:\/\/www.robobraille.org\/pt-pt\/?s={search_term_string}"},"query-input":{"@type":"PropertyValueSpecification","valueRequired":true,"valueName":"search_term_string"}}],"inLanguage":"pt-PT"},{"@type":"Organization","@id":"https:\/\/www.robobraille.org\/pt-pt\/#organization","name":"RoboBraille","url":"https:\/\/www.robobraille.org\/pt-pt\/","logo":{"@type":"ImageObject","inLanguage":"pt-PT","@id":"https:\/\/www.robobraille.org\/pt-pt\/#\/schema\/logo\/image\/","url":"https:\/\/www.robobraille.org\/wp-content\/uploads\/2020\/11\/RoboBraille.jpg","contentUrl":"https:\/\/www.robobraille.org\/wp-content\/uploads\/2020\/11\/RoboBraille.jpg","width":340,"height":98,"caption":"RoboBraille"},"image":{"@id":"https:\/\/www.robobraille.org\/pt-pt\/#\/schema\/logo\/image\/"}}]}},"_links":{"self":[{"href":"https:\/\/www.robobraille.org\/pt-pt\/wp-json\/wp\/v2\/pages\/1035","targetHints":{"allow":["GET"]}}],"collection":[{"href":"https:\/\/www.robobraille.org\/pt-pt\/wp-json\/wp\/v2\/pages"}],"about":[{"href":"https:\/\/www.robobraille.org\/pt-pt\/wp-json\/wp\/v2\/types\/page"}],"author":[{"embeddable":true,"href":"https:\/\/www.robobraille.org\/pt-pt\/wp-json\/wp\/v2\/users\/4"}],"replies":[{"embeddable":true,"href":"https:\/\/www.robobraille.org\/pt-pt\/wp-json\/wp\/v2\/comments?post=1035"}],"version-history":[{"count":1,"href":"https:\/\/www.robobraille.org\/pt-pt\/wp-json\/wp\/v2\/pages\/1035\/revisions"}],"predecessor-version":[{"id":1036,"href":"https:\/\/www.robobraille.org\/pt-pt\/wp-json\/wp\/v2\/pages\/1035\/revisions\/1036"}],"wp:attachment":[{"href":"https:\/\/www.robobraille.org\/pt-pt\/wp-json\/wp\/v2\/media?parent=1035"}],"curies":[{"name":"wp","href":"https:\/\/api.w.org\/{rel}","templated":true}]}}