{"id":1001,"date":"2021-01-20T11:46:45","date_gmt":"2021-01-20T10:46:45","guid":{"rendered":"https:\/\/www.robobraille.org\/partners\/"},"modified":"2021-01-20T11:46:45","modified_gmt":"2021-01-20T10:46:45","slug":"partners","status":"publish","type":"page","link":"https:\/\/www.robobraille.org\/pt-pt\/partners\/","title":{"rendered":"Partners"},"content":{"rendered":"\n<p>Ao longo do tempo, muitas organiza\u00e7\u00f5es de diferentes pa\u00edses t\u00eam estado envolvidas no projeto RoboBraille. Como parceiro RoboBraille, pode representar o RoboBraille no seu pa\u00eds, oferecendo apoio aos utilizadores e divulgando este servi\u00e7o. Tamb\u00e9m poder\u00e1 ensinar os utilizadores a tirar partido do RoboBraille ou utilizar o RoboBraille como parte do servi\u00e7o oferecido pela sua organiza\u00e7\u00e3o. Ou ainda conduzir estudos sobre de que forma o RoboBraille \u00e9 utlizado como forma de promover a autonomia, a integra\u00e7\u00e3o e a inclus\u00e3o.<\/p>\n\n<p>Como parceiro RoboBraille, ir\u00e1 juntar-se a uma rede international de organiza\u00e7\u00f5es e indiv\u00edduos especializados no ensino regular e na educa\u00e7\u00e3o especial, reabilita\u00e7\u00e3o e outras respostas na \u00e1rea da defici\u00eancia. Os parceiros deste projeto s\u00e3o convidados, numa base regular, a participarem como coautores de artigos e\/ou a juntarem-se a novos projetos. O documento abaixo descreve de forma mais detalhada o papel e as responsabilidades dos parceiros do projeto RoboBraille.<\/p>\n\n<p>Se estiver interessado em ser um parceiro RoboBraille entre em contato com a equipa RoboBraille atrav\u00e9s do endere\u00e7o <a href=\"https:\/\/web.archive.org\/web\/20200819180532\/mailto:contact@robobraille.org\">contact@robobraille.org<\/a>.<\/p>\n\n<p>Roles and Responsibilities of Partners in a RoboBraille-project<\/p>\n","protected":false},"excerpt":{"rendered":"<p>Ao longo do tempo, muitas organiza\u00e7\u00f5es de diferentes pa\u00edses t\u00eam estado envolvidas no projeto RoboBraille. Como parceiro RoboBraille, pode representar o RoboBraille no seu pa\u00eds, oferecendo apoio aos utilizadores e divulgando este servi\u00e7o. Tamb\u00e9m poder\u00e1 ensinar os utilizadores a tirar partido do RoboBraille ou utilizar o RoboBraille como parte do servi\u00e7o oferecido pela sua organiza\u00e7\u00e3o. [&hellip;]<\/p>\n","protected":false},"author":4,"featured_media":0,"parent":0,"menu_order":0,"comment_status":"closed","ping_status":"closed","template":"","meta":{"site-sidebar-layout":"default","site-content-layout":"default","ast-site-content-layout":"default","site-content-style":"default","site-sidebar-style":"default","ast-global-header-display":"","ast-banner-title-visibility":"","ast-main-header-display":"","ast-hfb-above-header-display":"","ast-hfb-below-header-display":"","ast-hfb-mobile-header-display":"","site-post-title":"","ast-breadcrumbs-content":"","ast-featured-img":"","footer-sml-layout":"","ast-disable-related-posts":"","theme-transparent-header-meta":"default","adv-header-id-meta":"","stick-header-meta":"","header-above-stick-meta":"","header-main-stick-meta":"","header-below-stick-meta":"","astra-migrate-meta-layouts":"default","ast-page-background-enabled":"default","ast-page-background-meta":{"desktop":{"background-color":"","background-image":"","background-repeat":"repeat","background-position":"center center","background-size":"auto","background-attachment":"scroll","background-type":"","background-media":"","overlay-type":"","overlay-color":"","overlay-opacity":"","overlay-gradient":""},"tablet":{"background-color":"","background-image":"","background-repeat":"repeat","background-position":"center center","background-size":"auto","background-attachment":"scroll","background-type":"","background-media":"","overlay-type":"","overlay-color":"","overlay-opacity":"","overlay-gradient":""},"mobile":{"background-color":"","background-image":"","background-repeat":"repeat","background-position":"center center","background-size":"auto","background-attachment":"scroll","background-type":"","background-media":"","overlay-type":"","overlay-color":"","overlay-opacity":"","overlay-gradient":""}},"ast-content-background-meta":{"desktop":{"background-color":"var(--ast-global-color-5)","background-image":"","background-repeat":"repeat","background-position":"center center","background-size":"auto","background-attachment":"scroll","background-type":"","background-media":"","overlay-type":"","overlay-color":"","overlay-opacity":"","overlay-gradient":""},"tablet":{"background-color":"var(--ast-global-color-5)","background-image":"","background-repeat":"repeat","background-position":"center center","background-size":"auto","background-attachment":"scroll","background-type":"","background-media":"","overlay-type":"","overlay-color":"","overlay-opacity":"","overlay-gradient":""},"mobile":{"background-color":"var(--ast-global-color-5)","background-image":"","background-repeat":"repeat","background-position":"center center","background-size":"auto","background-attachment":"scroll","background-type":"","background-media":"","overlay-type":"","overlay-color":"","overlay-opacity":"","overlay-gradient":""}},"footnotes":""},"class_list":["post-1001","page","type-page","status-publish","hentry"],"yoast_head":"<!-- This site is optimized with the Yoast SEO plugin v27.0 - https:\/\/yoast.com\/product\/yoast-seo-wordpress\/ -->\r\n<title>Partners - RoboBraille<\/title>\r\n<meta name=\"robots\" content=\"index, follow, max-snippet:-1, max-image-preview:large, max-video-preview:-1\" \/>\r\n<link rel=\"canonical\" href=\"https:\/\/www.robobraille.org\/pt-pt\/partners\/\" \/>\r\n<meta property=\"og:locale\" content=\"pt_PT\" \/>\r\n<meta property=\"og:type\" content=\"article\" \/>\r\n<meta property=\"og:title\" content=\"Partners - RoboBraille\" \/>\r\n<meta property=\"og:description\" content=\"Ao longo do tempo, muitas organiza\u00e7\u00f5es de diferentes pa\u00edses t\u00eam estado envolvidas no projeto RoboBraille. Como parceiro RoboBraille, pode representar o RoboBraille no seu pa\u00eds, oferecendo apoio aos utilizadores e divulgando este servi\u00e7o. Tamb\u00e9m poder\u00e1 ensinar os utilizadores a tirar partido do RoboBraille ou utilizar o RoboBraille como parte do servi\u00e7o oferecido pela sua organiza\u00e7\u00e3o. [&hellip;]\" \/>\r\n<meta property=\"og:url\" content=\"https:\/\/www.robobraille.org\/pt-pt\/partners\/\" \/>\r\n<meta property=\"og:site_name\" content=\"RoboBraille\" \/>\r\n<meta name=\"twitter:card\" content=\"summary_large_image\" \/>\r\n<meta name=\"twitter:label1\" content=\"Tempo estimado de leitura\" \/>\n\t<meta name=\"twitter:data1\" content=\"1 minuto\" \/>\r\n<script type=\"application\/ld+json\" class=\"yoast-schema-graph\">{\"@context\":\"https:\/\/schema.org\",\"@graph\":[{\"@type\":\"WebPage\",\"@id\":\"https:\/\/www.robobraille.org\/pt-pt\/partners\/\",\"url\":\"https:\/\/www.robobraille.org\/pt-pt\/partners\/\",\"name\":\"Partners - RoboBraille\",\"isPartOf\":{\"@id\":\"https:\/\/www.robobraille.org\/pt-pt\/#website\"},\"datePublished\":\"2021-01-20T10:46:45+00:00\",\"breadcrumb\":{\"@id\":\"https:\/\/www.robobraille.org\/pt-pt\/partners\/#breadcrumb\"},\"inLanguage\":\"pt-PT\",\"potentialAction\":[{\"@type\":\"ReadAction\",\"target\":[\"https:\/\/www.robobraille.org\/pt-pt\/partners\/\"]}]},{\"@type\":\"BreadcrumbList\",\"@id\":\"https:\/\/www.robobraille.org\/pt-pt\/partners\/#breadcrumb\",\"itemListElement\":[{\"@type\":\"ListItem\",\"position\":1,\"name\":\"Home\",\"item\":\"https:\/\/www.robobraille.org\/pt-pt\/\"},{\"@type\":\"ListItem\",\"position\":2,\"name\":\"Partners\"}]},{\"@type\":\"WebSite\",\"@id\":\"https:\/\/www.robobraille.org\/pt-pt\/#website\",\"url\":\"https:\/\/www.robobraille.org\/pt-pt\/\",\"name\":\"RoboBraille\",\"description\":\"\",\"publisher\":{\"@id\":\"https:\/\/www.robobraille.org\/pt-pt\/#organization\"},\"potentialAction\":[{\"@type\":\"SearchAction\",\"target\":{\"@type\":\"EntryPoint\",\"urlTemplate\":\"https:\/\/www.robobraille.org\/pt-pt\/?s={search_term_string}\"},\"query-input\":{\"@type\":\"PropertyValueSpecification\",\"valueRequired\":true,\"valueName\":\"search_term_string\"}}],\"inLanguage\":\"pt-PT\"},{\"@type\":\"Organization\",\"@id\":\"https:\/\/www.robobraille.org\/pt-pt\/#organization\",\"name\":\"RoboBraille\",\"url\":\"https:\/\/www.robobraille.org\/pt-pt\/\",\"logo\":{\"@type\":\"ImageObject\",\"inLanguage\":\"pt-PT\",\"@id\":\"https:\/\/www.robobraille.org\/pt-pt\/#\/schema\/logo\/image\/\",\"url\":\"https:\/\/www.robobraille.org\/wp-content\/uploads\/2020\/11\/RoboBraille.jpg\",\"contentUrl\":\"https:\/\/www.robobraille.org\/wp-content\/uploads\/2020\/11\/RoboBraille.jpg\",\"width\":340,\"height\":98,\"caption\":\"RoboBraille\"},\"image\":{\"@id\":\"https:\/\/www.robobraille.org\/pt-pt\/#\/schema\/logo\/image\/\"}}]}<\/script>\r\n<!-- \/ Yoast SEO plugin. -->","yoast_head_json":{"title":"Partners - RoboBraille","robots":{"index":"index","follow":"follow","max-snippet":"max-snippet:-1","max-image-preview":"max-image-preview:large","max-video-preview":"max-video-preview:-1"},"canonical":"https:\/\/www.robobraille.org\/pt-pt\/partners\/","og_locale":"pt_PT","og_type":"article","og_title":"Partners - RoboBraille","og_description":"Ao longo do tempo, muitas organiza\u00e7\u00f5es de diferentes pa\u00edses t\u00eam estado envolvidas no projeto RoboBraille. Como parceiro RoboBraille, pode representar o RoboBraille no seu pa\u00eds, oferecendo apoio aos utilizadores e divulgando este servi\u00e7o. Tamb\u00e9m poder\u00e1 ensinar os utilizadores a tirar partido do RoboBraille ou utilizar o RoboBraille como parte do servi\u00e7o oferecido pela sua organiza\u00e7\u00e3o. [&hellip;]","og_url":"https:\/\/www.robobraille.org\/pt-pt\/partners\/","og_site_name":"RoboBraille","twitter_card":"summary_large_image","twitter_misc":{"Tempo estimado de leitura":"1 minuto"},"schema":{"@context":"https:\/\/schema.org","@graph":[{"@type":"WebPage","@id":"https:\/\/www.robobraille.org\/pt-pt\/partners\/","url":"https:\/\/www.robobraille.org\/pt-pt\/partners\/","name":"Partners - RoboBraille","isPartOf":{"@id":"https:\/\/www.robobraille.org\/pt-pt\/#website"},"datePublished":"2021-01-20T10:46:45+00:00","breadcrumb":{"@id":"https:\/\/www.robobraille.org\/pt-pt\/partners\/#breadcrumb"},"inLanguage":"pt-PT","potentialAction":[{"@type":"ReadAction","target":["https:\/\/www.robobraille.org\/pt-pt\/partners\/"]}]},{"@type":"BreadcrumbList","@id":"https:\/\/www.robobraille.org\/pt-pt\/partners\/#breadcrumb","itemListElement":[{"@type":"ListItem","position":1,"name":"Home","item":"https:\/\/www.robobraille.org\/pt-pt\/"},{"@type":"ListItem","position":2,"name":"Partners"}]},{"@type":"WebSite","@id":"https:\/\/www.robobraille.org\/pt-pt\/#website","url":"https:\/\/www.robobraille.org\/pt-pt\/","name":"RoboBraille","description":"","publisher":{"@id":"https:\/\/www.robobraille.org\/pt-pt\/#organization"},"potentialAction":[{"@type":"SearchAction","target":{"@type":"EntryPoint","urlTemplate":"https:\/\/www.robobraille.org\/pt-pt\/?s={search_term_string}"},"query-input":{"@type":"PropertyValueSpecification","valueRequired":true,"valueName":"search_term_string"}}],"inLanguage":"pt-PT"},{"@type":"Organization","@id":"https:\/\/www.robobraille.org\/pt-pt\/#organization","name":"RoboBraille","url":"https:\/\/www.robobraille.org\/pt-pt\/","logo":{"@type":"ImageObject","inLanguage":"pt-PT","@id":"https:\/\/www.robobraille.org\/pt-pt\/#\/schema\/logo\/image\/","url":"https:\/\/www.robobraille.org\/wp-content\/uploads\/2020\/11\/RoboBraille.jpg","contentUrl":"https:\/\/www.robobraille.org\/wp-content\/uploads\/2020\/11\/RoboBraille.jpg","width":340,"height":98,"caption":"RoboBraille"},"image":{"@id":"https:\/\/www.robobraille.org\/pt-pt\/#\/schema\/logo\/image\/"}}]}},"_links":{"self":[{"href":"https:\/\/www.robobraille.org\/pt-pt\/wp-json\/wp\/v2\/pages\/1001","targetHints":{"allow":["GET"]}}],"collection":[{"href":"https:\/\/www.robobraille.org\/pt-pt\/wp-json\/wp\/v2\/pages"}],"about":[{"href":"https:\/\/www.robobraille.org\/pt-pt\/wp-json\/wp\/v2\/types\/page"}],"author":[{"embeddable":true,"href":"https:\/\/www.robobraille.org\/pt-pt\/wp-json\/wp\/v2\/users\/4"}],"replies":[{"embeddable":true,"href":"https:\/\/www.robobraille.org\/pt-pt\/wp-json\/wp\/v2\/comments?post=1001"}],"version-history":[{"count":1,"href":"https:\/\/www.robobraille.org\/pt-pt\/wp-json\/wp\/v2\/pages\/1001\/revisions"}],"predecessor-version":[{"id":1002,"href":"https:\/\/www.robobraille.org\/pt-pt\/wp-json\/wp\/v2\/pages\/1001\/revisions\/1002"}],"wp:attachment":[{"href":"https:\/\/www.robobraille.org\/pt-pt\/wp-json\/wp\/v2\/media?parent=1001"}],"curies":[{"name":"wp","href":"https:\/\/api.w.org\/{rel}","templated":true}]}}