{"id":999,"date":"2021-01-20T11:45:23","date_gmt":"2021-01-20T10:45:23","guid":{"rendered":"https:\/\/www.robobraille.org\/partnerzy\/"},"modified":"2021-01-20T11:45:23","modified_gmt":"2021-01-20T10:45:23","slug":"partnerzy","status":"publish","type":"page","link":"https:\/\/www.robobraille.org\/pl\/partnerzy\/","title":{"rendered":"Partnerzy"},"content":{"rendered":"\n<p>W ci\u0105gu ostatnich lat wiele organizacji z wielu kraj\u00f3w by\u0142o zaanga\u017cowanych w RoboBraille\u2019a. Jako partner mo\u017cesz reprezentowa\u0107 RoboBraille we w\u0142asnym kraju, oferuj\u0105c wsparcie u\u017cytkownika ko\u0144cowego oraz upowszechniaj\u0105c informacje na temat tej us\u0142ugi. Mo\u017cesz te\u017c zach\u0119ca\u0107 u\u017cytkownik\u00f3w do korzystania z RoboBraille\u2019a lub wykorzystywa\u0107 go w ramach us\u0142ug oferowanych przez w\u0142asn\u0105 organizacj\u0119. Mo\u017cesz te\u017c jeste\u015bcie zainteresowa\u0107 si\u0119 prowadzeniem bada\u0144 naukowych, dotycz\u0105cych tego, w jaki spos\u00f3b mo\u017cna wykorzysta\u0107 RoboBraille\u2019a w rewalidacji, integracji i dzia\u0142aniu przeciw e-wykluczeniu os\u00f3b niepe\u0142nosprawnych wzrokowo.<\/p>\n\n<p>Jako partner RoboBraille\u2019a, przy\u0142\u0105czasz si\u0119 do mi\u0119dzynarodowej sieci organizacji i specjalist\u00f3w w zakresie rehablilitacji, rewalidacji, edukacji i r\u00f3\u017cnorodnych us\u0142ug dla os\u00f3b niepe\u0142nosprawnych. Partnerzy s\u0105 zapraszani do wsp\u00f3\u0142pracy i opracowywania standard\u00f3w, a tak\u017ce uczestnicz\u0105 w nowych projektach.<\/p>\n\n<p>Prosimy o kontakt z naszym zespo\u0142em pod adresem poczty elektronicznej <a href=\"https:\/\/web.archive.org\/web\/20200819180532\/mailto:contact@robobraille.org\">contact@robobraille.org<\/a>, je\u015bli chcesz zosta\u0107 naszym partnerem.<\/p>\n\n<p>Roles and Responsibilities of Partners in a RoboBraille-project<\/p>\n","protected":false},"excerpt":{"rendered":"<p>W ci\u0105gu ostatnich lat wiele organizacji z wielu kraj\u00f3w by\u0142o zaanga\u017cowanych w RoboBraille\u2019a. Jako partner mo\u017cesz reprezentowa\u0107 RoboBraille we w\u0142asnym kraju, oferuj\u0105c wsparcie u\u017cytkownika ko\u0144cowego oraz upowszechniaj\u0105c informacje na temat tej us\u0142ugi. Mo\u017cesz te\u017c zach\u0119ca\u0107 u\u017cytkownik\u00f3w do korzystania z RoboBraille\u2019a lub wykorzystywa\u0107 go w ramach us\u0142ug oferowanych przez w\u0142asn\u0105 organizacj\u0119. Mo\u017cesz te\u017c jeste\u015bcie zainteresowa\u0107 si\u0119 [&hellip;]<\/p>\n","protected":false},"author":4,"featured_media":0,"parent":0,"menu_order":0,"comment_status":"closed","ping_status":"closed","template":"","meta":{"site-sidebar-layout":"default","site-content-layout":"default","ast-site-content-layout":"default","site-content-style":"default","site-sidebar-style":"default","ast-global-header-display":"","ast-banner-title-visibility":"","ast-main-header-display":"","ast-hfb-above-header-display":"","ast-hfb-below-header-display":"","ast-hfb-mobile-header-display":"","site-post-title":"","ast-breadcrumbs-content":"","ast-featured-img":"","footer-sml-layout":"","ast-disable-related-posts":"","theme-transparent-header-meta":"default","adv-header-id-meta":"","stick-header-meta":"","header-above-stick-meta":"","header-main-stick-meta":"","header-below-stick-meta":"","astra-migrate-meta-layouts":"default","ast-page-background-enabled":"default","ast-page-background-meta":{"desktop":{"background-color":"","background-image":"","background-repeat":"repeat","background-position":"center center","background-size":"auto","background-attachment":"scroll","background-type":"","background-media":"","overlay-type":"","overlay-color":"","overlay-opacity":"","overlay-gradient":""},"tablet":{"background-color":"","background-image":"","background-repeat":"repeat","background-position":"center center","background-size":"auto","background-attachment":"scroll","background-type":"","background-media":"","overlay-type":"","overlay-color":"","overlay-opacity":"","overlay-gradient":""},"mobile":{"background-color":"","background-image":"","background-repeat":"repeat","background-position":"center center","background-size":"auto","background-attachment":"scroll","background-type":"","background-media":"","overlay-type":"","overlay-color":"","overlay-opacity":"","overlay-gradient":""}},"ast-content-background-meta":{"desktop":{"background-color":"var(--ast-global-color-5)","background-image":"","background-repeat":"repeat","background-position":"center center","background-size":"auto","background-attachment":"scroll","background-type":"","background-media":"","overlay-type":"","overlay-color":"","overlay-opacity":"","overlay-gradient":""},"tablet":{"background-color":"var(--ast-global-color-5)","background-image":"","background-repeat":"repeat","background-position":"center center","background-size":"auto","background-attachment":"scroll","background-type":"","background-media":"","overlay-type":"","overlay-color":"","overlay-opacity":"","overlay-gradient":""},"mobile":{"background-color":"var(--ast-global-color-5)","background-image":"","background-repeat":"repeat","background-position":"center center","background-size":"auto","background-attachment":"scroll","background-type":"","background-media":"","overlay-type":"","overlay-color":"","overlay-opacity":"","overlay-gradient":""}},"footnotes":""},"class_list":["post-999","page","type-page","status-publish","hentry"],"yoast_head":"<!-- This site is optimized with the Yoast SEO plugin v27.0 - https:\/\/yoast.com\/product\/yoast-seo-wordpress\/ -->\r\n<title>Partnerzy - RoboBraille<\/title>\r\n<meta name=\"robots\" content=\"index, follow, max-snippet:-1, max-image-preview:large, max-video-preview:-1\" \/>\r\n<link rel=\"canonical\" href=\"https:\/\/www.robobraille.org\/pl\/partnerzy\/\" \/>\r\n<meta property=\"og:locale\" content=\"pl_PL\" \/>\r\n<meta property=\"og:type\" content=\"article\" \/>\r\n<meta property=\"og:title\" content=\"Partnerzy - RoboBraille\" \/>\r\n<meta property=\"og:description\" content=\"W ci\u0105gu ostatnich lat wiele organizacji z wielu kraj\u00f3w by\u0142o zaanga\u017cowanych w RoboBraille\u2019a. Jako partner mo\u017cesz reprezentowa\u0107 RoboBraille we w\u0142asnym kraju, oferuj\u0105c wsparcie u\u017cytkownika ko\u0144cowego oraz upowszechniaj\u0105c informacje na temat tej us\u0142ugi. Mo\u017cesz te\u017c zach\u0119ca\u0107 u\u017cytkownik\u00f3w do korzystania z RoboBraille\u2019a lub wykorzystywa\u0107 go w ramach us\u0142ug oferowanych przez w\u0142asn\u0105 organizacj\u0119. Mo\u017cesz te\u017c jeste\u015bcie zainteresowa\u0107 si\u0119 [&hellip;]\" \/>\r\n<meta property=\"og:url\" content=\"https:\/\/www.robobraille.org\/pl\/partnerzy\/\" \/>\r\n<meta property=\"og:site_name\" content=\"RoboBraille\" \/>\r\n<meta name=\"twitter:card\" content=\"summary_large_image\" \/>\r\n<meta name=\"twitter:label1\" content=\"Szacowany czas czytania\" \/>\n\t<meta name=\"twitter:data1\" content=\"1 minuta\" \/>\r\n<script type=\"application\/ld+json\" class=\"yoast-schema-graph\">{\"@context\":\"https:\/\/schema.org\",\"@graph\":[{\"@type\":\"WebPage\",\"@id\":\"https:\/\/www.robobraille.org\/pl\/partnerzy\/\",\"url\":\"https:\/\/www.robobraille.org\/pl\/partnerzy\/\",\"name\":\"Partnerzy - RoboBraille\",\"isPartOf\":{\"@id\":\"https:\/\/www.robobraille.org\/pl\/#website\"},\"datePublished\":\"2021-01-20T10:45:23+00:00\",\"breadcrumb\":{\"@id\":\"https:\/\/www.robobraille.org\/pl\/partnerzy\/#breadcrumb\"},\"inLanguage\":\"pl-PL\",\"potentialAction\":[{\"@type\":\"ReadAction\",\"target\":[\"https:\/\/www.robobraille.org\/pl\/partnerzy\/\"]}]},{\"@type\":\"BreadcrumbList\",\"@id\":\"https:\/\/www.robobraille.org\/pl\/partnerzy\/#breadcrumb\",\"itemListElement\":[{\"@type\":\"ListItem\",\"position\":1,\"name\":\"Home\",\"item\":\"https:\/\/www.robobraille.org\/pl\/\"},{\"@type\":\"ListItem\",\"position\":2,\"name\":\"Partnerzy\"}]},{\"@type\":\"WebSite\",\"@id\":\"https:\/\/www.robobraille.org\/pl\/#website\",\"url\":\"https:\/\/www.robobraille.org\/pl\/\",\"name\":\"RoboBraille\",\"description\":\"\",\"publisher\":{\"@id\":\"https:\/\/www.robobraille.org\/pl\/#organization\"},\"potentialAction\":[{\"@type\":\"SearchAction\",\"target\":{\"@type\":\"EntryPoint\",\"urlTemplate\":\"https:\/\/www.robobraille.org\/pl\/?s={search_term_string}\"},\"query-input\":{\"@type\":\"PropertyValueSpecification\",\"valueRequired\":true,\"valueName\":\"search_term_string\"}}],\"inLanguage\":\"pl-PL\"},{\"@type\":\"Organization\",\"@id\":\"https:\/\/www.robobraille.org\/pl\/#organization\",\"name\":\"RoboBraille\",\"url\":\"https:\/\/www.robobraille.org\/pl\/\",\"logo\":{\"@type\":\"ImageObject\",\"inLanguage\":\"pl-PL\",\"@id\":\"https:\/\/www.robobraille.org\/pl\/#\/schema\/logo\/image\/\",\"url\":\"https:\/\/www.robobraille.org\/wp-content\/uploads\/2020\/11\/RoboBraille.jpg\",\"contentUrl\":\"https:\/\/www.robobraille.org\/wp-content\/uploads\/2020\/11\/RoboBraille.jpg\",\"width\":340,\"height\":98,\"caption\":\"RoboBraille\"},\"image\":{\"@id\":\"https:\/\/www.robobraille.org\/pl\/#\/schema\/logo\/image\/\"}}]}<\/script>\r\n<!-- \/ Yoast SEO plugin. -->","yoast_head_json":{"title":"Partnerzy - RoboBraille","robots":{"index":"index","follow":"follow","max-snippet":"max-snippet:-1","max-image-preview":"max-image-preview:large","max-video-preview":"max-video-preview:-1"},"canonical":"https:\/\/www.robobraille.org\/pl\/partnerzy\/","og_locale":"pl_PL","og_type":"article","og_title":"Partnerzy - RoboBraille","og_description":"W ci\u0105gu ostatnich lat wiele organizacji z wielu kraj\u00f3w by\u0142o zaanga\u017cowanych w RoboBraille\u2019a. Jako partner mo\u017cesz reprezentowa\u0107 RoboBraille we w\u0142asnym kraju, oferuj\u0105c wsparcie u\u017cytkownika ko\u0144cowego oraz upowszechniaj\u0105c informacje na temat tej us\u0142ugi. Mo\u017cesz te\u017c zach\u0119ca\u0107 u\u017cytkownik\u00f3w do korzystania z RoboBraille\u2019a lub wykorzystywa\u0107 go w ramach us\u0142ug oferowanych przez w\u0142asn\u0105 organizacj\u0119. Mo\u017cesz te\u017c jeste\u015bcie zainteresowa\u0107 si\u0119 [&hellip;]","og_url":"https:\/\/www.robobraille.org\/pl\/partnerzy\/","og_site_name":"RoboBraille","twitter_card":"summary_large_image","twitter_misc":{"Szacowany czas czytania":"1 minuta"},"schema":{"@context":"https:\/\/schema.org","@graph":[{"@type":"WebPage","@id":"https:\/\/www.robobraille.org\/pl\/partnerzy\/","url":"https:\/\/www.robobraille.org\/pl\/partnerzy\/","name":"Partnerzy - RoboBraille","isPartOf":{"@id":"https:\/\/www.robobraille.org\/pl\/#website"},"datePublished":"2021-01-20T10:45:23+00:00","breadcrumb":{"@id":"https:\/\/www.robobraille.org\/pl\/partnerzy\/#breadcrumb"},"inLanguage":"pl-PL","potentialAction":[{"@type":"ReadAction","target":["https:\/\/www.robobraille.org\/pl\/partnerzy\/"]}]},{"@type":"BreadcrumbList","@id":"https:\/\/www.robobraille.org\/pl\/partnerzy\/#breadcrumb","itemListElement":[{"@type":"ListItem","position":1,"name":"Home","item":"https:\/\/www.robobraille.org\/pl\/"},{"@type":"ListItem","position":2,"name":"Partnerzy"}]},{"@type":"WebSite","@id":"https:\/\/www.robobraille.org\/pl\/#website","url":"https:\/\/www.robobraille.org\/pl\/","name":"RoboBraille","description":"","publisher":{"@id":"https:\/\/www.robobraille.org\/pl\/#organization"},"potentialAction":[{"@type":"SearchAction","target":{"@type":"EntryPoint","urlTemplate":"https:\/\/www.robobraille.org\/pl\/?s={search_term_string}"},"query-input":{"@type":"PropertyValueSpecification","valueRequired":true,"valueName":"search_term_string"}}],"inLanguage":"pl-PL"},{"@type":"Organization","@id":"https:\/\/www.robobraille.org\/pl\/#organization","name":"RoboBraille","url":"https:\/\/www.robobraille.org\/pl\/","logo":{"@type":"ImageObject","inLanguage":"pl-PL","@id":"https:\/\/www.robobraille.org\/pl\/#\/schema\/logo\/image\/","url":"https:\/\/www.robobraille.org\/wp-content\/uploads\/2020\/11\/RoboBraille.jpg","contentUrl":"https:\/\/www.robobraille.org\/wp-content\/uploads\/2020\/11\/RoboBraille.jpg","width":340,"height":98,"caption":"RoboBraille"},"image":{"@id":"https:\/\/www.robobraille.org\/pl\/#\/schema\/logo\/image\/"}}]}},"_links":{"self":[{"href":"https:\/\/www.robobraille.org\/pl\/wp-json\/wp\/v2\/pages\/999","targetHints":{"allow":["GET"]}}],"collection":[{"href":"https:\/\/www.robobraille.org\/pl\/wp-json\/wp\/v2\/pages"}],"about":[{"href":"https:\/\/www.robobraille.org\/pl\/wp-json\/wp\/v2\/types\/page"}],"author":[{"embeddable":true,"href":"https:\/\/www.robobraille.org\/pl\/wp-json\/wp\/v2\/users\/4"}],"replies":[{"embeddable":true,"href":"https:\/\/www.robobraille.org\/pl\/wp-json\/wp\/v2\/comments?post=999"}],"version-history":[{"count":1,"href":"https:\/\/www.robobraille.org\/pl\/wp-json\/wp\/v2\/pages\/999\/revisions"}],"predecessor-version":[{"id":1000,"href":"https:\/\/www.robobraille.org\/pl\/wp-json\/wp\/v2\/pages\/999\/revisions\/1000"}],"wp:attachment":[{"href":"https:\/\/www.robobraille.org\/pl\/wp-json\/wp\/v2\/media?parent=999"}],"curies":[{"name":"wp","href":"https:\/\/api.w.org\/{rel}","templated":true}]}}