{"id":943,"date":"2021-01-19T14:24:20","date_gmt":"2021-01-19T13:24:20","guid":{"rendered":"https:\/\/www.robobraille.org\/przekaz-darowizne-wesprzyj\/"},"modified":"2021-01-19T14:24:21","modified_gmt":"2021-01-19T13:24:21","slug":"przekaz-darowizne-wesprzyj","status":"publish","type":"page","link":"https:\/\/www.robobraille.org\/pl\/przekaz-darowizne-wesprzyj\/","title":{"rendered":"Przeka\u017c darowizn\u0119\/Wesprzyj"},"content":{"rendered":"\n<p>Dokonuj\u0105c wp\u0142aty mo\u017cesz pom\u00f3c, \u017ceby RoboBraille by\u0142 bezp\u0142atn\u0105 us\u0142ug\u0105, do zastosowa\u0144 indywidualnych i niekomercyjnych. U\u017cyj przycisku Przeka\u017c darowizn\u0119 i dokonaj wp\u0142aty przez PayU lub za pomoc\u0105 karty kredytowej. Dzi\u0119kujemy za wsparcie.&#13;\n<\/p>\n\n<div class=\"wp-block-buttons is-layout-flex wp-block-buttons-is-layout-flex\">\n<div class=\"wp-block-button\"><a class=\"wp-block-button__link\" href=\"https:\/\/www.paypal.com\/cgi-bin\/webscr?cmd=_s-xclick&amp;hosted_button_id=76S2KWXGGFCSS\" target=\"_blank\" rel=\"noreferrer noopener\">Przeka\u017c darowizn\u0119\/Wesprzyj<\/a><\/div>\n<\/div>\n","protected":false},"excerpt":{"rendered":"<p>Dokonuj\u0105c wp\u0142aty mo\u017cesz pom\u00f3c, \u017ceby RoboBraille by\u0142 bezp\u0142atn\u0105 us\u0142ug\u0105, do zastosowa\u0144 indywidualnych i niekomercyjnych. U\u017cyj przycisku Przeka\u017c darowizn\u0119 i dokonaj wp\u0142aty przez PayU lub za pomoc\u0105 karty kredytowej. Dzi\u0119kujemy za wsparcie.&#13;<\/p>\n","protected":false},"author":4,"featured_media":0,"parent":0,"menu_order":0,"comment_status":"closed","ping_status":"closed","template":"","meta":{"site-sidebar-layout":"default","site-content-layout":"default","ast-site-content-layout":"default","site-content-style":"default","site-sidebar-style":"default","ast-global-header-display":"","ast-banner-title-visibility":"","ast-main-header-display":"","ast-hfb-above-header-display":"","ast-hfb-below-header-display":"","ast-hfb-mobile-header-display":"","site-post-title":"","ast-breadcrumbs-content":"","ast-featured-img":"","footer-sml-layout":"","ast-disable-related-posts":"","theme-transparent-header-meta":"default","adv-header-id-meta":"","stick-header-meta":"","header-above-stick-meta":"","header-main-stick-meta":"","header-below-stick-meta":"","astra-migrate-meta-layouts":"default","ast-page-background-enabled":"default","ast-page-background-meta":{"desktop":{"background-color":"","background-image":"","background-repeat":"repeat","background-position":"center center","background-size":"auto","background-attachment":"scroll","background-type":"","background-media":"","overlay-type":"","overlay-color":"","overlay-opacity":"","overlay-gradient":""},"tablet":{"background-color":"","background-image":"","background-repeat":"repeat","background-position":"center center","background-size":"auto","background-attachment":"scroll","background-type":"","background-media":"","overlay-type":"","overlay-color":"","overlay-opacity":"","overlay-gradient":""},"mobile":{"background-color":"","background-image":"","background-repeat":"repeat","background-position":"center center","background-size":"auto","background-attachment":"scroll","background-type":"","background-media":"","overlay-type":"","overlay-color":"","overlay-opacity":"","overlay-gradient":""}},"ast-content-background-meta":{"desktop":{"background-color":"var(--ast-global-color-5)","background-image":"","background-repeat":"repeat","background-position":"center center","background-size":"auto","background-attachment":"scroll","background-type":"","background-media":"","overlay-type":"","overlay-color":"","overlay-opacity":"","overlay-gradient":""},"tablet":{"background-color":"var(--ast-global-color-5)","background-image":"","background-repeat":"repeat","background-position":"center center","background-size":"auto","background-attachment":"scroll","background-type":"","background-media":"","overlay-type":"","overlay-color":"","overlay-opacity":"","overlay-gradient":""},"mobile":{"background-color":"var(--ast-global-color-5)","background-image":"","background-repeat":"repeat","background-position":"center center","background-size":"auto","background-attachment":"scroll","background-type":"","background-media":"","overlay-type":"","overlay-color":"","overlay-opacity":"","overlay-gradient":""}},"footnotes":""},"class_list":["post-943","page","type-page","status-publish","hentry"],"yoast_head":"<!-- This site is optimized with the Yoast SEO plugin v27.0 - https:\/\/yoast.com\/product\/yoast-seo-wordpress\/ -->\r\n<title>Przeka\u017c darowizn\u0119\/Wesprzyj - RoboBraille<\/title>\r\n<meta name=\"robots\" content=\"index, follow, max-snippet:-1, max-image-preview:large, max-video-preview:-1\" \/>\r\n<link rel=\"canonical\" href=\"https:\/\/www.robobraille.org\/pl\/przekaz-darowizne-wesprzyj\/\" \/>\r\n<meta property=\"og:locale\" content=\"pl_PL\" \/>\r\n<meta property=\"og:type\" content=\"article\" \/>\r\n<meta property=\"og:title\" content=\"Przeka\u017c darowizn\u0119\/Wesprzyj - RoboBraille\" \/>\r\n<meta property=\"og:description\" content=\"Dokonuj\u0105c wp\u0142aty mo\u017cesz pom\u00f3c, \u017ceby RoboBraille by\u0142 bezp\u0142atn\u0105 us\u0142ug\u0105, do zastosowa\u0144 indywidualnych i niekomercyjnych. U\u017cyj przycisku Przeka\u017c darowizn\u0119 i dokonaj wp\u0142aty przez PayU lub za pomoc\u0105 karty kredytowej. Dzi\u0119kujemy za wsparcie.&#013;\" \/>\r\n<meta property=\"og:url\" content=\"https:\/\/www.robobraille.org\/pl\/przekaz-darowizne-wesprzyj\/\" \/>\r\n<meta property=\"og:site_name\" content=\"RoboBraille\" \/>\r\n<meta property=\"article:modified_time\" content=\"2021-01-19T13:24:21+00:00\" \/>\r\n<meta name=\"twitter:card\" content=\"summary_large_image\" \/>\r\n<script type=\"application\/ld+json\" class=\"yoast-schema-graph\">{\"@context\":\"https:\/\/schema.org\",\"@graph\":[{\"@type\":\"WebPage\",\"@id\":\"https:\/\/www.robobraille.org\/pl\/przekaz-darowizne-wesprzyj\/\",\"url\":\"https:\/\/www.robobraille.org\/pl\/przekaz-darowizne-wesprzyj\/\",\"name\":\"Przeka\u017c darowizn\u0119\/Wesprzyj - RoboBraille\",\"isPartOf\":{\"@id\":\"https:\/\/www.robobraille.org\/pl\/#website\"},\"datePublished\":\"2021-01-19T13:24:20+00:00\",\"dateModified\":\"2021-01-19T13:24:21+00:00\",\"breadcrumb\":{\"@id\":\"https:\/\/www.robobraille.org\/pl\/przekaz-darowizne-wesprzyj\/#breadcrumb\"},\"inLanguage\":\"pl-PL\",\"potentialAction\":[{\"@type\":\"ReadAction\",\"target\":[\"https:\/\/www.robobraille.org\/pl\/przekaz-darowizne-wesprzyj\/\"]}]},{\"@type\":\"BreadcrumbList\",\"@id\":\"https:\/\/www.robobraille.org\/pl\/przekaz-darowizne-wesprzyj\/#breadcrumb\",\"itemListElement\":[{\"@type\":\"ListItem\",\"position\":1,\"name\":\"Home\",\"item\":\"https:\/\/www.robobraille.org\/pl\/\"},{\"@type\":\"ListItem\",\"position\":2,\"name\":\"Przeka\u017c darowizn\u0119\/Wesprzyj\"}]},{\"@type\":\"WebSite\",\"@id\":\"https:\/\/www.robobraille.org\/pl\/#website\",\"url\":\"https:\/\/www.robobraille.org\/pl\/\",\"name\":\"RoboBraille\",\"description\":\"\",\"publisher\":{\"@id\":\"https:\/\/www.robobraille.org\/pl\/#organization\"},\"potentialAction\":[{\"@type\":\"SearchAction\",\"target\":{\"@type\":\"EntryPoint\",\"urlTemplate\":\"https:\/\/www.robobraille.org\/pl\/?s={search_term_string}\"},\"query-input\":{\"@type\":\"PropertyValueSpecification\",\"valueRequired\":true,\"valueName\":\"search_term_string\"}}],\"inLanguage\":\"pl-PL\"},{\"@type\":\"Organization\",\"@id\":\"https:\/\/www.robobraille.org\/pl\/#organization\",\"name\":\"RoboBraille\",\"url\":\"https:\/\/www.robobraille.org\/pl\/\",\"logo\":{\"@type\":\"ImageObject\",\"inLanguage\":\"pl-PL\",\"@id\":\"https:\/\/www.robobraille.org\/pl\/#\/schema\/logo\/image\/\",\"url\":\"https:\/\/www.robobraille.org\/wp-content\/uploads\/2020\/11\/RoboBraille.jpg\",\"contentUrl\":\"https:\/\/www.robobraille.org\/wp-content\/uploads\/2020\/11\/RoboBraille.jpg\",\"width\":340,\"height\":98,\"caption\":\"RoboBraille\"},\"image\":{\"@id\":\"https:\/\/www.robobraille.org\/pl\/#\/schema\/logo\/image\/\"}}]}<\/script>\r\n<!-- \/ Yoast SEO plugin. -->","yoast_head_json":{"title":"Przeka\u017c darowizn\u0119\/Wesprzyj - RoboBraille","robots":{"index":"index","follow":"follow","max-snippet":"max-snippet:-1","max-image-preview":"max-image-preview:large","max-video-preview":"max-video-preview:-1"},"canonical":"https:\/\/www.robobraille.org\/pl\/przekaz-darowizne-wesprzyj\/","og_locale":"pl_PL","og_type":"article","og_title":"Przeka\u017c darowizn\u0119\/Wesprzyj - RoboBraille","og_description":"Dokonuj\u0105c wp\u0142aty mo\u017cesz pom\u00f3c, \u017ceby RoboBraille by\u0142 bezp\u0142atn\u0105 us\u0142ug\u0105, do zastosowa\u0144 indywidualnych i niekomercyjnych. U\u017cyj przycisku Przeka\u017c darowizn\u0119 i dokonaj wp\u0142aty przez PayU lub za pomoc\u0105 karty kredytowej. Dzi\u0119kujemy za wsparcie.&#13;","og_url":"https:\/\/www.robobraille.org\/pl\/przekaz-darowizne-wesprzyj\/","og_site_name":"RoboBraille","article_modified_time":"2021-01-19T13:24:21+00:00","twitter_card":"summary_large_image","schema":{"@context":"https:\/\/schema.org","@graph":[{"@type":"WebPage","@id":"https:\/\/www.robobraille.org\/pl\/przekaz-darowizne-wesprzyj\/","url":"https:\/\/www.robobraille.org\/pl\/przekaz-darowizne-wesprzyj\/","name":"Przeka\u017c darowizn\u0119\/Wesprzyj - RoboBraille","isPartOf":{"@id":"https:\/\/www.robobraille.org\/pl\/#website"},"datePublished":"2021-01-19T13:24:20+00:00","dateModified":"2021-01-19T13:24:21+00:00","breadcrumb":{"@id":"https:\/\/www.robobraille.org\/pl\/przekaz-darowizne-wesprzyj\/#breadcrumb"},"inLanguage":"pl-PL","potentialAction":[{"@type":"ReadAction","target":["https:\/\/www.robobraille.org\/pl\/przekaz-darowizne-wesprzyj\/"]}]},{"@type":"BreadcrumbList","@id":"https:\/\/www.robobraille.org\/pl\/przekaz-darowizne-wesprzyj\/#breadcrumb","itemListElement":[{"@type":"ListItem","position":1,"name":"Home","item":"https:\/\/www.robobraille.org\/pl\/"},{"@type":"ListItem","position":2,"name":"Przeka\u017c darowizn\u0119\/Wesprzyj"}]},{"@type":"WebSite","@id":"https:\/\/www.robobraille.org\/pl\/#website","url":"https:\/\/www.robobraille.org\/pl\/","name":"RoboBraille","description":"","publisher":{"@id":"https:\/\/www.robobraille.org\/pl\/#organization"},"potentialAction":[{"@type":"SearchAction","target":{"@type":"EntryPoint","urlTemplate":"https:\/\/www.robobraille.org\/pl\/?s={search_term_string}"},"query-input":{"@type":"PropertyValueSpecification","valueRequired":true,"valueName":"search_term_string"}}],"inLanguage":"pl-PL"},{"@type":"Organization","@id":"https:\/\/www.robobraille.org\/pl\/#organization","name":"RoboBraille","url":"https:\/\/www.robobraille.org\/pl\/","logo":{"@type":"ImageObject","inLanguage":"pl-PL","@id":"https:\/\/www.robobraille.org\/pl\/#\/schema\/logo\/image\/","url":"https:\/\/www.robobraille.org\/wp-content\/uploads\/2020\/11\/RoboBraille.jpg","contentUrl":"https:\/\/www.robobraille.org\/wp-content\/uploads\/2020\/11\/RoboBraille.jpg","width":340,"height":98,"caption":"RoboBraille"},"image":{"@id":"https:\/\/www.robobraille.org\/pl\/#\/schema\/logo\/image\/"}}]}},"_links":{"self":[{"href":"https:\/\/www.robobraille.org\/pl\/wp-json\/wp\/v2\/pages\/943","targetHints":{"allow":["GET"]}}],"collection":[{"href":"https:\/\/www.robobraille.org\/pl\/wp-json\/wp\/v2\/pages"}],"about":[{"href":"https:\/\/www.robobraille.org\/pl\/wp-json\/wp\/v2\/types\/page"}],"author":[{"embeddable":true,"href":"https:\/\/www.robobraille.org\/pl\/wp-json\/wp\/v2\/users\/4"}],"replies":[{"embeddable":true,"href":"https:\/\/www.robobraille.org\/pl\/wp-json\/wp\/v2\/comments?post=943"}],"version-history":[{"count":1,"href":"https:\/\/www.robobraille.org\/pl\/wp-json\/wp\/v2\/pages\/943\/revisions"}],"predecessor-version":[{"id":944,"href":"https:\/\/www.robobraille.org\/pl\/wp-json\/wp\/v2\/pages\/943\/revisions\/944"}],"wp:attachment":[{"href":"https:\/\/www.robobraille.org\/pl\/wp-json\/wp\/v2\/media?parent=943"}],"curies":[{"name":"wp","href":"https:\/\/api.w.org\/{rel}","templated":true}]}}