{"id":1033,"date":"2021-01-20T12:33:02","date_gmt":"2021-01-20T11:33:02","guid":{"rendered":"https:\/\/www.robobraille.org\/polityka-prywatnosci\/"},"modified":"2021-01-20T12:33:03","modified_gmt":"2021-01-20T11:33:03","slug":"polityka-prywatnosci","status":"publish","type":"page","link":"https:\/\/www.robobraille.org\/pl\/polityka-prywatnosci\/","title":{"rendered":"Polityka prywatno\u015bci"},"content":{"rendered":"\n<h2 class=\"wp-block-heading\">Prywatno\u015b\u0107<\/h2>\n\n<p>Proces przetwarzania dokument\u00f3w przez system RoboBraille jest w pe\u0142ni zautomatyzowany, bez jakiegokolwiek udzia\u0142u ludzkiego. Dokumenty \u017ar\u00f3d\u0142owe otrzymywane przez serwer pocztowy RoboBraille\u2019a, przetwarzane s\u0105 jeden za drugim w kolejno\u015bci dostarczania. Przetworzony wynik dostarczany jest do nadawcy w postaci listu elektronicznego. Dokumenty \u017ar\u00f3d\u0142owe s\u0105 sukcesywnie kasowane z przetwarzaj\u0105cych je serwer\u00f3w.<\/p>\n\n<p>Zapisy realizowanych transakcji przechowywane s\u0105 jedynie do cel\u00f3w statystycznych, zarz\u0105dzania infrastruktur\u0105 oraz jako wzorce zapobiegaj\u0105ce dzia\u0142aniom niepo\u017c\u0105danym.<\/p>\n\n<p> <\/p>\n\n<p> <\/p>\n\n<p> <\/p>\n\n<p> <\/p>\n\n<h2 class=\"wp-block-heading\">Terms<\/h2>\n\n<p>Synscenter Refsn\u00e6s ani Sensus (dostawcy) nie ponosz\u0105 \u017cadnej odpowiedzialno\u015bci za bezpo\u015brednie i \/ lub po\u015brednie straty wynikaj\u0105ce z korzystania z tej us\u0142ugi. Dostawca us\u0142ugi zak\u0142ada, \u017ce u\u017cytkownicy posiadaj\u0105 wystarczaj\u0105ce uprawnienia do korzystania z dowolnego dokumentu przes\u0142anego do przetworzenia. Us\u0142ugodawcy zak\u0142adaj\u0105, \u017ce u\u017cytkownicy korzystaj\u0105 z oferowanych us\u0142ug zgodnie z warunkami okre\u015blonymi na stronie internetowej.<\/p>\n\n<p>Us\u0142ugi oferowane przez RoboBraille\u2019a s\u0105 dost\u0119pne bezp\u0142atnie dla u\u017cytkownik\u00f3w indywidualnych na zasadach \u015bci\u015ble niekomercyjnych. U\u017cytkownicy instytucjonalni, tacy jak uniwersytety i inne instytucje, mog\u0105 uzyska\u0107 dost\u0119p do us\u0142ug dostosowany do potrzeb niepe\u0142nosprawnych student\u00f3w, pracownik\u00f3w, klient\u00f3w i innych os\u00f3b. Zainteresownych prosimy o kontakt z Sensus poprzez <a href=\"https:\/\/web.archive.org\/web\/20200814182816\/mailto:contact@robobraille.org\">contact@robobraille.org<\/a>, w celu zawarcia umowy o \u015bwiadczenie us\u0142ugi.<\/p>\n\n<p>Komercyjne wykorzystanie naszych us\u0142ug do odsprzeda\u017cy materia\u0142\u00f3w produkowanych przez nasz serwis, jak i instytucjonalne korzystanie z naszych us\u0142ugi bez odpowiedniej zgody jest zabronione. Dzia\u0142ania prawne zostan\u0105 podj\u0119te w przypadku nadu\u017cycia i \/ lub naruszeniem warunk\u00f3w okre\u015blonych w niniejszym serwisie internetowym.<\/p>\n","protected":false},"excerpt":{"rendered":"<p>Prywatno\u015b\u0107 Proces przetwarzania dokument\u00f3w przez system RoboBraille jest w pe\u0142ni zautomatyzowany, bez jakiegokolwiek udzia\u0142u ludzkiego. Dokumenty \u017ar\u00f3d\u0142owe otrzymywane przez serwer pocztowy RoboBraille\u2019a, przetwarzane s\u0105 jeden za drugim w kolejno\u015bci dostarczania. Przetworzony wynik dostarczany jest do nadawcy w postaci listu elektronicznego. Dokumenty \u017ar\u00f3d\u0142owe s\u0105 sukcesywnie kasowane z przetwarzaj\u0105cych je serwer\u00f3w. Zapisy realizowanych transakcji przechowywane s\u0105 jedynie [&hellip;]<\/p>\n","protected":false},"author":4,"featured_media":0,"parent":0,"menu_order":0,"comment_status":"closed","ping_status":"closed","template":"","meta":{"site-sidebar-layout":"default","site-content-layout":"default","ast-site-content-layout":"default","site-content-style":"default","site-sidebar-style":"default","ast-global-header-display":"","ast-banner-title-visibility":"","ast-main-header-display":"","ast-hfb-above-header-display":"","ast-hfb-below-header-display":"","ast-hfb-mobile-header-display":"","site-post-title":"","ast-breadcrumbs-content":"","ast-featured-img":"","footer-sml-layout":"","ast-disable-related-posts":"","theme-transparent-header-meta":"default","adv-header-id-meta":"","stick-header-meta":"","header-above-stick-meta":"","header-main-stick-meta":"","header-below-stick-meta":"","astra-migrate-meta-layouts":"default","ast-page-background-enabled":"default","ast-page-background-meta":{"desktop":{"background-color":"","background-image":"","background-repeat":"repeat","background-position":"center center","background-size":"auto","background-attachment":"scroll","background-type":"","background-media":"","overlay-type":"","overlay-color":"","overlay-opacity":"","overlay-gradient":""},"tablet":{"background-color":"","background-image":"","background-repeat":"repeat","background-position":"center center","background-size":"auto","background-attachment":"scroll","background-type":"","background-media":"","overlay-type":"","overlay-color":"","overlay-opacity":"","overlay-gradient":""},"mobile":{"background-color":"","background-image":"","background-repeat":"repeat","background-position":"center center","background-size":"auto","background-attachment":"scroll","background-type":"","background-media":"","overlay-type":"","overlay-color":"","overlay-opacity":"","overlay-gradient":""}},"ast-content-background-meta":{"desktop":{"background-color":"var(--ast-global-color-5)","background-image":"","background-repeat":"repeat","background-position":"center center","background-size":"auto","background-attachment":"scroll","background-type":"","background-media":"","overlay-type":"","overlay-color":"","overlay-opacity":"","overlay-gradient":""},"tablet":{"background-color":"var(--ast-global-color-5)","background-image":"","background-repeat":"repeat","background-position":"center center","background-size":"auto","background-attachment":"scroll","background-type":"","background-media":"","overlay-type":"","overlay-color":"","overlay-opacity":"","overlay-gradient":""},"mobile":{"background-color":"var(--ast-global-color-5)","background-image":"","background-repeat":"repeat","background-position":"center center","background-size":"auto","background-attachment":"scroll","background-type":"","background-media":"","overlay-type":"","overlay-color":"","overlay-opacity":"","overlay-gradient":""}},"footnotes":""},"class_list":["post-1033","page","type-page","status-publish","hentry"],"yoast_head":"<!-- This site is optimized with the Yoast SEO plugin v27.0 - https:\/\/yoast.com\/product\/yoast-seo-wordpress\/ -->\r\n<title>Polityka prywatno\u015bci - RoboBraille<\/title>\r\n<meta name=\"robots\" content=\"index, follow, max-snippet:-1, max-image-preview:large, max-video-preview:-1\" \/>\r\n<link rel=\"canonical\" href=\"https:\/\/www.robobraille.org\/pl\/polityka-prywatnosci\/\" \/>\r\n<meta property=\"og:locale\" content=\"pl_PL\" \/>\r\n<meta property=\"og:type\" content=\"article\" \/>\r\n<meta property=\"og:title\" content=\"Polityka prywatno\u015bci - RoboBraille\" \/>\r\n<meta property=\"og:description\" content=\"Prywatno\u015b\u0107 Proces przetwarzania dokument\u00f3w przez system RoboBraille jest w pe\u0142ni zautomatyzowany, bez jakiegokolwiek udzia\u0142u ludzkiego. Dokumenty \u017ar\u00f3d\u0142owe otrzymywane przez serwer pocztowy RoboBraille\u2019a, przetwarzane s\u0105 jeden za drugim w kolejno\u015bci dostarczania. Przetworzony wynik dostarczany jest do nadawcy w postaci listu elektronicznego. Dokumenty \u017ar\u00f3d\u0142owe s\u0105 sukcesywnie kasowane z przetwarzaj\u0105cych je serwer\u00f3w. Zapisy realizowanych transakcji przechowywane s\u0105 jedynie [&hellip;]\" \/>\r\n<meta property=\"og:url\" content=\"https:\/\/www.robobraille.org\/pl\/polityka-prywatnosci\/\" \/>\r\n<meta property=\"og:site_name\" content=\"RoboBraille\" \/>\r\n<meta property=\"article:modified_time\" content=\"2021-01-20T11:33:03+00:00\" \/>\r\n<meta name=\"twitter:card\" content=\"summary_large_image\" \/>\r\n<meta name=\"twitter:label1\" content=\"Szacowany czas czytania\" \/>\n\t<meta name=\"twitter:data1\" content=\"1 minuta\" \/>\r\n<script type=\"application\/ld+json\" class=\"yoast-schema-graph\">{\"@context\":\"https:\/\/schema.org\",\"@graph\":[{\"@type\":\"WebPage\",\"@id\":\"https:\/\/www.robobraille.org\/pl\/polityka-prywatnosci\/\",\"url\":\"https:\/\/www.robobraille.org\/pl\/polityka-prywatnosci\/\",\"name\":\"Polityka prywatno\u015bci - RoboBraille\",\"isPartOf\":{\"@id\":\"https:\/\/www.robobraille.org\/pl\/#website\"},\"datePublished\":\"2021-01-20T11:33:02+00:00\",\"dateModified\":\"2021-01-20T11:33:03+00:00\",\"breadcrumb\":{\"@id\":\"https:\/\/www.robobraille.org\/pl\/polityka-prywatnosci\/#breadcrumb\"},\"inLanguage\":\"pl-PL\",\"potentialAction\":[{\"@type\":\"ReadAction\",\"target\":[\"https:\/\/www.robobraille.org\/pl\/polityka-prywatnosci\/\"]}]},{\"@type\":\"BreadcrumbList\",\"@id\":\"https:\/\/www.robobraille.org\/pl\/polityka-prywatnosci\/#breadcrumb\",\"itemListElement\":[{\"@type\":\"ListItem\",\"position\":1,\"name\":\"Home\",\"item\":\"https:\/\/www.robobraille.org\/pl\/\"},{\"@type\":\"ListItem\",\"position\":2,\"name\":\"Polityka prywatno\u015bci\"}]},{\"@type\":\"WebSite\",\"@id\":\"https:\/\/www.robobraille.org\/pl\/#website\",\"url\":\"https:\/\/www.robobraille.org\/pl\/\",\"name\":\"RoboBraille\",\"description\":\"\",\"publisher\":{\"@id\":\"https:\/\/www.robobraille.org\/pl\/#organization\"},\"potentialAction\":[{\"@type\":\"SearchAction\",\"target\":{\"@type\":\"EntryPoint\",\"urlTemplate\":\"https:\/\/www.robobraille.org\/pl\/?s={search_term_string}\"},\"query-input\":{\"@type\":\"PropertyValueSpecification\",\"valueRequired\":true,\"valueName\":\"search_term_string\"}}],\"inLanguage\":\"pl-PL\"},{\"@type\":\"Organization\",\"@id\":\"https:\/\/www.robobraille.org\/pl\/#organization\",\"name\":\"RoboBraille\",\"url\":\"https:\/\/www.robobraille.org\/pl\/\",\"logo\":{\"@type\":\"ImageObject\",\"inLanguage\":\"pl-PL\",\"@id\":\"https:\/\/www.robobraille.org\/pl\/#\/schema\/logo\/image\/\",\"url\":\"https:\/\/www.robobraille.org\/wp-content\/uploads\/2020\/11\/RoboBraille.jpg\",\"contentUrl\":\"https:\/\/www.robobraille.org\/wp-content\/uploads\/2020\/11\/RoboBraille.jpg\",\"width\":340,\"height\":98,\"caption\":\"RoboBraille\"},\"image\":{\"@id\":\"https:\/\/www.robobraille.org\/pl\/#\/schema\/logo\/image\/\"}}]}<\/script>\r\n<!-- \/ Yoast SEO plugin. -->","yoast_head_json":{"title":"Polityka prywatno\u015bci - RoboBraille","robots":{"index":"index","follow":"follow","max-snippet":"max-snippet:-1","max-image-preview":"max-image-preview:large","max-video-preview":"max-video-preview:-1"},"canonical":"https:\/\/www.robobraille.org\/pl\/polityka-prywatnosci\/","og_locale":"pl_PL","og_type":"article","og_title":"Polityka prywatno\u015bci - RoboBraille","og_description":"Prywatno\u015b\u0107 Proces przetwarzania dokument\u00f3w przez system RoboBraille jest w pe\u0142ni zautomatyzowany, bez jakiegokolwiek udzia\u0142u ludzkiego. Dokumenty \u017ar\u00f3d\u0142owe otrzymywane przez serwer pocztowy RoboBraille\u2019a, przetwarzane s\u0105 jeden za drugim w kolejno\u015bci dostarczania. Przetworzony wynik dostarczany jest do nadawcy w postaci listu elektronicznego. Dokumenty \u017ar\u00f3d\u0142owe s\u0105 sukcesywnie kasowane z przetwarzaj\u0105cych je serwer\u00f3w. Zapisy realizowanych transakcji przechowywane s\u0105 jedynie [&hellip;]","og_url":"https:\/\/www.robobraille.org\/pl\/polityka-prywatnosci\/","og_site_name":"RoboBraille","article_modified_time":"2021-01-20T11:33:03+00:00","twitter_card":"summary_large_image","twitter_misc":{"Szacowany czas czytania":"1 minuta"},"schema":{"@context":"https:\/\/schema.org","@graph":[{"@type":"WebPage","@id":"https:\/\/www.robobraille.org\/pl\/polityka-prywatnosci\/","url":"https:\/\/www.robobraille.org\/pl\/polityka-prywatnosci\/","name":"Polityka prywatno\u015bci - RoboBraille","isPartOf":{"@id":"https:\/\/www.robobraille.org\/pl\/#website"},"datePublished":"2021-01-20T11:33:02+00:00","dateModified":"2021-01-20T11:33:03+00:00","breadcrumb":{"@id":"https:\/\/www.robobraille.org\/pl\/polityka-prywatnosci\/#breadcrumb"},"inLanguage":"pl-PL","potentialAction":[{"@type":"ReadAction","target":["https:\/\/www.robobraille.org\/pl\/polityka-prywatnosci\/"]}]},{"@type":"BreadcrumbList","@id":"https:\/\/www.robobraille.org\/pl\/polityka-prywatnosci\/#breadcrumb","itemListElement":[{"@type":"ListItem","position":1,"name":"Home","item":"https:\/\/www.robobraille.org\/pl\/"},{"@type":"ListItem","position":2,"name":"Polityka prywatno\u015bci"}]},{"@type":"WebSite","@id":"https:\/\/www.robobraille.org\/pl\/#website","url":"https:\/\/www.robobraille.org\/pl\/","name":"RoboBraille","description":"","publisher":{"@id":"https:\/\/www.robobraille.org\/pl\/#organization"},"potentialAction":[{"@type":"SearchAction","target":{"@type":"EntryPoint","urlTemplate":"https:\/\/www.robobraille.org\/pl\/?s={search_term_string}"},"query-input":{"@type":"PropertyValueSpecification","valueRequired":true,"valueName":"search_term_string"}}],"inLanguage":"pl-PL"},{"@type":"Organization","@id":"https:\/\/www.robobraille.org\/pl\/#organization","name":"RoboBraille","url":"https:\/\/www.robobraille.org\/pl\/","logo":{"@type":"ImageObject","inLanguage":"pl-PL","@id":"https:\/\/www.robobraille.org\/pl\/#\/schema\/logo\/image\/","url":"https:\/\/www.robobraille.org\/wp-content\/uploads\/2020\/11\/RoboBraille.jpg","contentUrl":"https:\/\/www.robobraille.org\/wp-content\/uploads\/2020\/11\/RoboBraille.jpg","width":340,"height":98,"caption":"RoboBraille"},"image":{"@id":"https:\/\/www.robobraille.org\/pl\/#\/schema\/logo\/image\/"}}]}},"_links":{"self":[{"href":"https:\/\/www.robobraille.org\/pl\/wp-json\/wp\/v2\/pages\/1033","targetHints":{"allow":["GET"]}}],"collection":[{"href":"https:\/\/www.robobraille.org\/pl\/wp-json\/wp\/v2\/pages"}],"about":[{"href":"https:\/\/www.robobraille.org\/pl\/wp-json\/wp\/v2\/types\/page"}],"author":[{"embeddable":true,"href":"https:\/\/www.robobraille.org\/pl\/wp-json\/wp\/v2\/users\/4"}],"replies":[{"embeddable":true,"href":"https:\/\/www.robobraille.org\/pl\/wp-json\/wp\/v2\/comments?post=1033"}],"version-history":[{"count":1,"href":"https:\/\/www.robobraille.org\/pl\/wp-json\/wp\/v2\/pages\/1033\/revisions"}],"predecessor-version":[{"id":1034,"href":"https:\/\/www.robobraille.org\/pl\/wp-json\/wp\/v2\/pages\/1033\/revisions\/1034"}],"wp:attachment":[{"href":"https:\/\/www.robobraille.org\/pl\/wp-json\/wp\/v2\/media?parent=1033"}],"curies":[{"name":"wp","href":"https:\/\/api.w.org\/{rel}","templated":true}]}}