{"id":963,"date":"2021-01-20T08:56:54","date_gmt":"2021-01-20T07:56:54","guid":{"rendered":"https:\/\/www.robobraille.org\/robobraille-p-ilisaritinnera-2\/"},"modified":"2021-01-20T08:56:54","modified_gmt":"2021-01-20T07:56:54","slug":"robobraille-p-ilisaritinnera-2","status":"publish","type":"page","link":"https:\/\/www.robobraille.org\/kl\/robobraille-p-ilisaritinnera-2\/","title":{"rendered":"RoboBraille-p ilisaritinnera"},"content":{"rendered":"\n<p>RoboBraille tassaavoq sullissivik internet-imik  tunngavilik, taassumalu alla-tat immikkoortunut, punktskrift-inut agguarsinnaavai, atortorissaarutillu atorlugit oqaasinngortisinnaallugit, atuaganngortissinnaallugit DAISY-t aamma e-bogit. Atortorissaarutit atorlugit oqaatsit pingaartumik inunnit isigiarsuttunit, atuarnermillu ajornartorsiuteqartunit, allanillumi atorneqarsinnaapput.&#13;\n<\/p>\n\n<p>Sullissivik RoboBraille sukkulluunniit atorneqarsinnaavoq, atorniaraannilu nalunaarsorneqaqqaartariaqarani. Sullissivik RoboBraille inuit ataasiakkaat niuvernermik siunertaqartinnagu akeqanngitsumik atorsinnaavaat. Sullissi-viup siunertaraa inuit imminnut ikiornissaata nammineernissaasalu  siuarsarnissaa, kiisalu taamaaliornikkut inuit ilinniartitaanikkut immikkut ittunik pisariaqartitsisut, suliffeqarfinni aammaluni nalinginnaasumik inuiaqatigiinni ilaatinneqalernissaat. Sullissivik RoboBraille isertortuuvoq atuisullu ataatsiakkaat inuttut inuunerannik illersuisuulluni.&#13;\n<\/p>\n\n<p>Sullissivik RoboBraille aammattaaq suliffeqarfinnit, ingerlatsivinnit univesitetinillu atorneqarsinnaasunngorlugu naleqqussakkamik peqarpoq, taannalu nammineq nittartakkamut webside-mut intranet-imulluunniit ilanngunneqassaaq. Sullissivik RoboBraille aamma atorniartarfinnut, bibliotek-inut, Learning Management systeminut aamma database-nut ilanngunneqarsinnaavoq, tamaattumillu allatat ikkutat toqqaatumik ingerlatinneqarsinnaallutik. Sullissivik RoboBraille ingerlatsivinni imaluun-niit niuvernermi atorniaraanna licensimut akiliisoqassaaq.<\/p>\n\n<p>Sullissivik RoboBraille <a href=\"https:\/\/web.archive.org\/web\/20200922082643\/https:\/\/synref.dk\/\">Syncenter Refsn\u00e6s<\/a>, det nationale center for blinde og svagsynede b\u00f8rn og unge i Danmark-imit, <a href=\"https:\/\/web.archive.org\/web\/20200817021153\/https:\/\/sensus.dk\/da\">Sensus ApS<\/a> suleqatigalugu inerisarneqarpoq. Sullissivik RoboBraille 2004-mi aalartinnerminiilli nunani tamani nersornaatinik arlalinnik pissarsinikuuvoq, taakkununnga ilaalluni <a href=\"https:\/\/web.archive.org\/web\/20190413214712\/http:\/\/www.wise-qatar.org\/robobraille-denmark\">WISE 2012, tassa ilinniartitsinermut systemip ilanngunneranut<\/a>, <a href=\"https:\/\/web.archive.org\/web\/20190422014456\/https:\/\/www.theguardian.com\/resource\/winners-and-finalists\">BETT Award 2010<\/a> immikkut ittumik atuartitsinermi sakkoq pitsaanerpaanermut kiisalu EU kommissionip eInclusion Award 2008 internet-imi iserfigiuminarne-ranut.<\/p>\n\n<p>Sullissivik RoboBraille tassaavoq Raising the Floor-ip nunarsuaq tamakker-lugu atorneqartup ilaa, taanna internet-tip iserfigiuminarnerata ilanngun-nissaatalu annertusarneranik suliaqarpoq kiisalu the Daisy Consortium-ip ataani ilaasortaalluni.&#13;\n&#13;\n\u00a0&#13;\n&#13;\n\u00a0<\/p>\n\n<p>Sullissivik RoboBraille-p ilanngutsitsinit typit sisamat neqeroorutigai:               <\/p>\n\n<ul class=\"wp-block-list\"><li>Allatat immikkoortunut punktskriftinngortitsineq<\/li><li>Nipinngortitsineq<\/li><li>e-b\u00f8ger-inngortitsineq<\/li><li>Formatinut iserfigiuminarninngortitsineq<\/li><\/ul>\n\n<h2 class=\"wp-block-heading\">Allatat immikkoortunut punktskriftinngortitsineq <\/h2>\n\n<p>RoboBraille-p allatat tamakkiisut  allatanut naannerusunut immikkoortunut punktskriftinngortissinnaavai. RoboBraille-p iimmikkoortunut punktskrift-i-nut nuna tamakkerlugu maleruagassat oqaatsinut ukununnga atorpai: dansk, engelsk, amerikansk, italiensk, fransk, gr\u00e6sk, tysk, islandsk, norsk, portugisisk, slovensk aamma spansk. Allagaq punktskriftinngortitaq formatererlugu, quppernerit kisitsisitalerlugit anillateriaannanngorlugu punktskriftinngortinnissaanut formatinut assigiinngitsorpassuarnut piareerneqarpoq.  &#13;\n<\/p>\n\n<h2 class=\"wp-block-heading\">Nipinngortitsineq<\/h2>\n\n<p>RoboBraille-p nipinngortitsinermi formatinut marlunngortitsisinnaavoq. MP3 aamma DAISY (atuagaq digitalinngortitaq). Kiisalu  RoboBraille-p  atuakkat DAISY-t matematikimi formlerinik imallit suliarisinnaavai. RoboBraille-p oqaatsini makkunani atortorissaarutit pitsaassustinik qaffa-sinnerpaanik pitsaassusillit atorpai: arabisk, arabisk med engelske l\u00e5neord, amerikansk engelsk, britisk engelsk, bulgarsk, dansk, fransk, gr\u00e6sk, hollandsk, italiensk, litauisk, polsk, portugisisk, rum\u00e6nsk, slovensk, spansk, latinamerikansk spansk aamma ungarsk.&#13;\n<\/p>\n\n<h2 class=\"wp-block-heading\">e-b\u00f8gerinngortitsineq<\/h2>\n\n<p>RoboBraille-p e-boginngortitsinermi formatit marluk atorpai. Mobi Pocket (e-boginik Amazon Kindle-nik atuartartunut) kiisalu EPUB (allanut tamanut) EPUB filit Mobi Pocket-inngortissinnaappit aamma paarlatunngortinneqar-sinnaapput. Kiisalu RoboBraille e-b\u00f8gerit naqinnerinik angisuunngortitsin-naavoq, takkua isigiarsuttunut atussallugit piukkunnaateqarput.&#13;\n<\/p>\n\n<h2 class=\"wp-block-heading\">Formatinut iserfigiuminarninngortitsineq<\/h2>\n\n<p>RoboBraille-p allatat (naqitat) ajornartut, soorlu assilissat filit gif, tiff, jpg, bmp, pcx, dcx, j2k, jp2, jpx, djv kiisalu typit PDF-it tamaasa formatinut iserfigiuminarnerusunut ukununnga tagged pdf, doc, docx, Word xml, xls, xlsx, csv, text, rtf og html-inut formaterersinnaavai. RoboBraillep  allakkat Microsoft Office dokumentit tagged PDF-inngortissinnaavai,  kiisalu Microsoft PowerPoint pr\u00e6sentationer-t rtf filinngortissinnaallugit imaluunniit web-projektinngortissinnaallugit, tassa taakkua ingerlatiginis-saat taartigalugit atortunit ajornannginnerummat.&#13;\n<\/p>\n","protected":false},"excerpt":{"rendered":"<p>RoboBraille tassaavoq sullissivik internet-imik tunngavilik, taassumalu alla-tat immikkoortunut, punktskrift-inut agguarsinnaavai, atortorissaarutillu atorlugit oqaasinngortisinnaallugit, atuaganngortissinnaallugit DAISY-t aamma e-bogit. Atortorissaarutit atorlugit oqaatsit pingaartumik inunnit isigiarsuttunit, atuarnermillu ajornartorsiuteqartunit, allanillumi atorneqarsinnaapput.&#13; Sullissivik RoboBraille sukkulluunniit atorneqarsinnaavoq, atorniaraannilu nalunaarsorneqaqqaartariaqarani. Sullissivik RoboBraille inuit ataasiakkaat niuvernermik siunertaqartinnagu akeqanngitsumik atorsinnaavaat. Sullissi-viup siunertaraa inuit imminnut ikiornissaata nammineernissaasalu siuarsarnissaa, kiisalu taamaaliornikkut inuit ilinniartitaanikkut immikkut ittunik pisariaqartitsisut, [&hellip;]<\/p>\n","protected":false},"author":4,"featured_media":0,"parent":0,"menu_order":0,"comment_status":"closed","ping_status":"closed","template":"","meta":{"site-sidebar-layout":"default","site-content-layout":"default","ast-site-content-layout":"default","site-content-style":"default","site-sidebar-style":"default","ast-global-header-display":"","ast-banner-title-visibility":"","ast-main-header-display":"","ast-hfb-above-header-display":"","ast-hfb-below-header-display":"","ast-hfb-mobile-header-display":"","site-post-title":"","ast-breadcrumbs-content":"","ast-featured-img":"","footer-sml-layout":"","ast-disable-related-posts":"","theme-transparent-header-meta":"default","adv-header-id-meta":"","stick-header-meta":"","header-above-stick-meta":"","header-main-stick-meta":"","header-below-stick-meta":"","astra-migrate-meta-layouts":"default","ast-page-background-enabled":"default","ast-page-background-meta":{"desktop":{"background-color":"","background-image":"","background-repeat":"repeat","background-position":"center center","background-size":"auto","background-attachment":"scroll","background-type":"","background-media":"","overlay-type":"","overlay-color":"","overlay-opacity":"","overlay-gradient":""},"tablet":{"background-color":"","background-image":"","background-repeat":"repeat","background-position":"center center","background-size":"auto","background-attachment":"scroll","background-type":"","background-media":"","overlay-type":"","overlay-color":"","overlay-opacity":"","overlay-gradient":""},"mobile":{"background-color":"","background-image":"","background-repeat":"repeat","background-position":"center center","background-size":"auto","background-attachment":"scroll","background-type":"","background-media":"","overlay-type":"","overlay-color":"","overlay-opacity":"","overlay-gradient":""}},"ast-content-background-meta":{"desktop":{"background-color":"var(--ast-global-color-5)","background-image":"","background-repeat":"repeat","background-position":"center center","background-size":"auto","background-attachment":"scroll","background-type":"","background-media":"","overlay-type":"","overlay-color":"","overlay-opacity":"","overlay-gradient":""},"tablet":{"background-color":"var(--ast-global-color-5)","background-image":"","background-repeat":"repeat","background-position":"center center","background-size":"auto","background-attachment":"scroll","background-type":"","background-media":"","overlay-type":"","overlay-color":"","overlay-opacity":"","overlay-gradient":""},"mobile":{"background-color":"var(--ast-global-color-5)","background-image":"","background-repeat":"repeat","background-position":"center center","background-size":"auto","background-attachment":"scroll","background-type":"","background-media":"","overlay-type":"","overlay-color":"","overlay-opacity":"","overlay-gradient":""}},"footnotes":""},"class_list":["post-963","page","type-page","status-publish","hentry"],"yoast_head":"<!-- This site is optimized with the Yoast SEO plugin v27.0 - https:\/\/yoast.com\/product\/yoast-seo-wordpress\/ -->\r\n<title>RoboBraille-p ilisaritinnera - RoboBraille<\/title>\r\n<meta name=\"robots\" content=\"index, follow, max-snippet:-1, max-image-preview:large, max-video-preview:-1\" \/>\r\n<link rel=\"canonical\" href=\"https:\/\/www.robobraille.org\/kl\/robobraille-p-ilisaritinnera-2\/\" \/>\r\n<meta property=\"og:locale\" content=\"en_US\" \/>\r\n<meta property=\"og:type\" content=\"article\" \/>\r\n<meta property=\"og:title\" content=\"RoboBraille-p ilisaritinnera - RoboBraille\" \/>\r\n<meta property=\"og:description\" content=\"RoboBraille tassaavoq sullissivik internet-imik tunngavilik, taassumalu alla-tat immikkoortunut, punktskrift-inut agguarsinnaavai, atortorissaarutillu atorlugit oqaasinngortisinnaallugit, atuaganngortissinnaallugit DAISY-t aamma e-bogit. Atortorissaarutit atorlugit oqaatsit pingaartumik inunnit isigiarsuttunit, atuarnermillu ajornartorsiuteqartunit, allanillumi atorneqarsinnaapput.&#013; Sullissivik RoboBraille sukkulluunniit atorneqarsinnaavoq, atorniaraannilu nalunaarsorneqaqqaartariaqarani. Sullissivik RoboBraille inuit ataasiakkaat niuvernermik siunertaqartinnagu akeqanngitsumik atorsinnaavaat. Sullissi-viup siunertaraa inuit imminnut ikiornissaata nammineernissaasalu siuarsarnissaa, kiisalu taamaaliornikkut inuit ilinniartitaanikkut immikkut ittunik pisariaqartitsisut, [&hellip;]\" \/>\r\n<meta property=\"og:url\" content=\"https:\/\/www.robobraille.org\/kl\/robobraille-p-ilisaritinnera-2\/\" \/>\r\n<meta property=\"og:site_name\" content=\"RoboBraille\" \/>\r\n<meta name=\"twitter:card\" content=\"summary_large_image\" \/>\r\n<meta name=\"twitter:label1\" content=\"Est. reading time\" \/>\n\t<meta name=\"twitter:data1\" content=\"2 minutes\" \/>\r\n<script type=\"application\/ld+json\" class=\"yoast-schema-graph\">{\"@context\":\"https:\/\/schema.org\",\"@graph\":[{\"@type\":\"WebPage\",\"@id\":\"https:\/\/www.robobraille.org\/kl\/robobraille-p-ilisaritinnera-2\/\",\"url\":\"https:\/\/www.robobraille.org\/kl\/robobraille-p-ilisaritinnera-2\/\",\"name\":\"RoboBraille-p ilisaritinnera - RoboBraille\",\"isPartOf\":{\"@id\":\"https:\/\/www.robobraille.org\/kl\/#website\"},\"datePublished\":\"2021-01-20T07:56:54+00:00\",\"breadcrumb\":{\"@id\":\"https:\/\/www.robobraille.org\/kl\/robobraille-p-ilisaritinnera-2\/#breadcrumb\"},\"inLanguage\":\"kal\",\"potentialAction\":[{\"@type\":\"ReadAction\",\"target\":[\"https:\/\/www.robobraille.org\/kl\/robobraille-p-ilisaritinnera-2\/\"]}]},{\"@type\":\"BreadcrumbList\",\"@id\":\"https:\/\/www.robobraille.org\/kl\/robobraille-p-ilisaritinnera-2\/#breadcrumb\",\"itemListElement\":[{\"@type\":\"ListItem\",\"position\":1,\"name\":\"Home\",\"item\":\"https:\/\/www.robobraille.org\/kl\/\"},{\"@type\":\"ListItem\",\"position\":2,\"name\":\"RoboBraille-p ilisaritinnera\"}]},{\"@type\":\"WebSite\",\"@id\":\"https:\/\/www.robobraille.org\/kl\/#website\",\"url\":\"https:\/\/www.robobraille.org\/kl\/\",\"name\":\"RoboBraille\",\"description\":\"\",\"publisher\":{\"@id\":\"https:\/\/www.robobraille.org\/kl\/#organization\"},\"potentialAction\":[{\"@type\":\"SearchAction\",\"target\":{\"@type\":\"EntryPoint\",\"urlTemplate\":\"https:\/\/www.robobraille.org\/kl\/?s={search_term_string}\"},\"query-input\":{\"@type\":\"PropertyValueSpecification\",\"valueRequired\":true,\"valueName\":\"search_term_string\"}}],\"inLanguage\":\"kal\"},{\"@type\":\"Organization\",\"@id\":\"https:\/\/www.robobraille.org\/kl\/#organization\",\"name\":\"RoboBraille\",\"url\":\"https:\/\/www.robobraille.org\/kl\/\",\"logo\":{\"@type\":\"ImageObject\",\"inLanguage\":\"kal\",\"@id\":\"https:\/\/www.robobraille.org\/kl\/#\/schema\/logo\/image\/\",\"url\":\"https:\/\/www.robobraille.org\/wp-content\/uploads\/2020\/11\/RoboBraille.jpg\",\"contentUrl\":\"https:\/\/www.robobraille.org\/wp-content\/uploads\/2020\/11\/RoboBraille.jpg\",\"width\":340,\"height\":98,\"caption\":\"RoboBraille\"},\"image\":{\"@id\":\"https:\/\/www.robobraille.org\/kl\/#\/schema\/logo\/image\/\"}}]}<\/script>\r\n<!-- \/ Yoast SEO plugin. -->","yoast_head_json":{"title":"RoboBraille-p ilisaritinnera - RoboBraille","robots":{"index":"index","follow":"follow","max-snippet":"max-snippet:-1","max-image-preview":"max-image-preview:large","max-video-preview":"max-video-preview:-1"},"canonical":"https:\/\/www.robobraille.org\/kl\/robobraille-p-ilisaritinnera-2\/","og_locale":"en_US","og_type":"article","og_title":"RoboBraille-p ilisaritinnera - RoboBraille","og_description":"RoboBraille tassaavoq sullissivik internet-imik tunngavilik, taassumalu alla-tat immikkoortunut, punktskrift-inut agguarsinnaavai, atortorissaarutillu atorlugit oqaasinngortisinnaallugit, atuaganngortissinnaallugit DAISY-t aamma e-bogit. Atortorissaarutit atorlugit oqaatsit pingaartumik inunnit isigiarsuttunit, atuarnermillu ajornartorsiuteqartunit, allanillumi atorneqarsinnaapput.&#13; Sullissivik RoboBraille sukkulluunniit atorneqarsinnaavoq, atorniaraannilu nalunaarsorneqaqqaartariaqarani. Sullissivik RoboBraille inuit ataasiakkaat niuvernermik siunertaqartinnagu akeqanngitsumik atorsinnaavaat. Sullissi-viup siunertaraa inuit imminnut ikiornissaata nammineernissaasalu siuarsarnissaa, kiisalu taamaaliornikkut inuit ilinniartitaanikkut immikkut ittunik pisariaqartitsisut, [&hellip;]","og_url":"https:\/\/www.robobraille.org\/kl\/robobraille-p-ilisaritinnera-2\/","og_site_name":"RoboBraille","twitter_card":"summary_large_image","twitter_misc":{"Est. reading time":"2 minutes"},"schema":{"@context":"https:\/\/schema.org","@graph":[{"@type":"WebPage","@id":"https:\/\/www.robobraille.org\/kl\/robobraille-p-ilisaritinnera-2\/","url":"https:\/\/www.robobraille.org\/kl\/robobraille-p-ilisaritinnera-2\/","name":"RoboBraille-p ilisaritinnera - RoboBraille","isPartOf":{"@id":"https:\/\/www.robobraille.org\/kl\/#website"},"datePublished":"2021-01-20T07:56:54+00:00","breadcrumb":{"@id":"https:\/\/www.robobraille.org\/kl\/robobraille-p-ilisaritinnera-2\/#breadcrumb"},"inLanguage":"kal","potentialAction":[{"@type":"ReadAction","target":["https:\/\/www.robobraille.org\/kl\/robobraille-p-ilisaritinnera-2\/"]}]},{"@type":"BreadcrumbList","@id":"https:\/\/www.robobraille.org\/kl\/robobraille-p-ilisaritinnera-2\/#breadcrumb","itemListElement":[{"@type":"ListItem","position":1,"name":"Home","item":"https:\/\/www.robobraille.org\/kl\/"},{"@type":"ListItem","position":2,"name":"RoboBraille-p ilisaritinnera"}]},{"@type":"WebSite","@id":"https:\/\/www.robobraille.org\/kl\/#website","url":"https:\/\/www.robobraille.org\/kl\/","name":"RoboBraille","description":"","publisher":{"@id":"https:\/\/www.robobraille.org\/kl\/#organization"},"potentialAction":[{"@type":"SearchAction","target":{"@type":"EntryPoint","urlTemplate":"https:\/\/www.robobraille.org\/kl\/?s={search_term_string}"},"query-input":{"@type":"PropertyValueSpecification","valueRequired":true,"valueName":"search_term_string"}}],"inLanguage":"kal"},{"@type":"Organization","@id":"https:\/\/www.robobraille.org\/kl\/#organization","name":"RoboBraille","url":"https:\/\/www.robobraille.org\/kl\/","logo":{"@type":"ImageObject","inLanguage":"kal","@id":"https:\/\/www.robobraille.org\/kl\/#\/schema\/logo\/image\/","url":"https:\/\/www.robobraille.org\/wp-content\/uploads\/2020\/11\/RoboBraille.jpg","contentUrl":"https:\/\/www.robobraille.org\/wp-content\/uploads\/2020\/11\/RoboBraille.jpg","width":340,"height":98,"caption":"RoboBraille"},"image":{"@id":"https:\/\/www.robobraille.org\/kl\/#\/schema\/logo\/image\/"}}]}},"_links":{"self":[{"href":"https:\/\/www.robobraille.org\/kl\/wp-json\/wp\/v2\/pages\/963","targetHints":{"allow":["GET"]}}],"collection":[{"href":"https:\/\/www.robobraille.org\/kl\/wp-json\/wp\/v2\/pages"}],"about":[{"href":"https:\/\/www.robobraille.org\/kl\/wp-json\/wp\/v2\/types\/page"}],"author":[{"embeddable":true,"href":"https:\/\/www.robobraille.org\/kl\/wp-json\/wp\/v2\/users\/4"}],"replies":[{"embeddable":true,"href":"https:\/\/www.robobraille.org\/kl\/wp-json\/wp\/v2\/comments?post=963"}],"version-history":[{"count":1,"href":"https:\/\/www.robobraille.org\/kl\/wp-json\/wp\/v2\/pages\/963\/revisions"}],"predecessor-version":[{"id":964,"href":"https:\/\/www.robobraille.org\/kl\/wp-json\/wp\/v2\/pages\/963\/revisions\/964"}],"wp:attachment":[{"href":"https:\/\/www.robobraille.org\/kl\/wp-json\/wp\/v2\/media?parent=963"}],"curies":[{"name":"wp","href":"https:\/\/api.w.org\/{rel}","templated":true}]}}