{"id":1031,"date":"2021-01-20T12:30:35","date_gmt":"2021-01-20T11:30:35","guid":{"rendered":"https:\/\/www.robobraille.org\/privacy-e-condizioni\/"},"modified":"2021-01-20T12:30:36","modified_gmt":"2021-01-20T11:30:36","slug":"privacy-e-condizioni","status":"publish","type":"page","link":"https:\/\/www.robobraille.org\/it\/privacy-e-condizioni\/","title":{"rendered":"Privacy e Condizioni"},"content":{"rendered":"\n<h2 class=\"wp-block-heading\">Privacy<\/h2>\n\n<p>La conversione RoboBraille di un documento \u00e8 completamente automatizzata. I documenti vengono ricevuti dal server RoboBraille, elaborati da uno o pi\u00f9 agenti ed il risultato viene rinviato via email all\u2019utente. Successivamente il documento di origine viene cancellato dai server.<\/p>\n\n<p>Solo per motivi statistici, organizzativi e prevenzione di spam viene registrato il numero di richieste.&#13;\n<\/p>\n\n<p> <\/p>\n\n<p> <\/p>\n\n<p> <\/p>\n\n<p> <\/p>\n\n<h2 class=\"wp-block-heading\">Termini<\/h2>\n\n<p>Il servizio RoboBraille viene fornito \u201ccos\u00ec com\u2019\u00e8\u201d. N\u00e9 Synscenter Refsn\u00e6s n\u00e9 Sensus (i provider del servizio) sono responsabili di perdite dirette e\/o indirette attribuibili al servizio. I provider del servizio danno per scontato che gli utenti abbiano diritti di utilizzo di tutti i documenti che vengono inviati al servizio. I provider del servizio inoltre danno per scontato che il servizio venga utilizzato sulla base dei termini indicati in questo sito. RoboBraille \u00e8 un servizio gratuito per uso personale su base strettamente non commercialie.<\/p>\n\n<p>Istituzioni universitarie o altre organizzazioni educative che desiderino fornire il servizio ai loro studenti, impiegati, clienti a mezzo di un\u2019interfaccia personalizzata possono contattare Sensus a <a href=\"https:\/\/web.archive.org\/web\/20200814182816\/mailto:contact@robobraille.org\">contact@robobraille.org<\/a> per accordarsi sul le modalit\u00e0 del servizio.<\/p>\n\n<p>E\u2019 vietato l\u2019utilizzo commerciale del servizio ad es. vendita di materiale prodotto con RoboBraille o utilizzo istituzionale del servizio senza un accordo specifico sulle modalit\u00e0. In caso di errato utilizzo del servizio, o violazione dei termini indicati in questo sito, verranno intraprese azioni legali.<\/p>\n","protected":false},"excerpt":{"rendered":"<p>Privacy La conversione RoboBraille di un documento \u00e8 completamente automatizzata. I documenti vengono ricevuti dal server RoboBraille, elaborati da uno o pi\u00f9 agenti ed il risultato viene rinviato via email all\u2019utente. Successivamente il documento di origine viene cancellato dai server. Solo per motivi statistici, organizzativi e prevenzione di spam viene registrato il numero di richieste.&#13; [&hellip;]<\/p>\n","protected":false},"author":4,"featured_media":0,"parent":0,"menu_order":0,"comment_status":"closed","ping_status":"closed","template":"","meta":{"site-sidebar-layout":"default","site-content-layout":"default","ast-site-content-layout":"default","site-content-style":"default","site-sidebar-style":"default","ast-global-header-display":"","ast-banner-title-visibility":"","ast-main-header-display":"","ast-hfb-above-header-display":"","ast-hfb-below-header-display":"","ast-hfb-mobile-header-display":"","site-post-title":"","ast-breadcrumbs-content":"","ast-featured-img":"","footer-sml-layout":"","ast-disable-related-posts":"","theme-transparent-header-meta":"default","adv-header-id-meta":"","stick-header-meta":"","header-above-stick-meta":"","header-main-stick-meta":"","header-below-stick-meta":"","astra-migrate-meta-layouts":"default","ast-page-background-enabled":"default","ast-page-background-meta":{"desktop":{"background-color":"","background-image":"","background-repeat":"repeat","background-position":"center center","background-size":"auto","background-attachment":"scroll","background-type":"","background-media":"","overlay-type":"","overlay-color":"","overlay-opacity":"","overlay-gradient":""},"tablet":{"background-color":"","background-image":"","background-repeat":"repeat","background-position":"center center","background-size":"auto","background-attachment":"scroll","background-type":"","background-media":"","overlay-type":"","overlay-color":"","overlay-opacity":"","overlay-gradient":""},"mobile":{"background-color":"","background-image":"","background-repeat":"repeat","background-position":"center center","background-size":"auto","background-attachment":"scroll","background-type":"","background-media":"","overlay-type":"","overlay-color":"","overlay-opacity":"","overlay-gradient":""}},"ast-content-background-meta":{"desktop":{"background-color":"var(--ast-global-color-5)","background-image":"","background-repeat":"repeat","background-position":"center center","background-size":"auto","background-attachment":"scroll","background-type":"","background-media":"","overlay-type":"","overlay-color":"","overlay-opacity":"","overlay-gradient":""},"tablet":{"background-color":"var(--ast-global-color-5)","background-image":"","background-repeat":"repeat","background-position":"center center","background-size":"auto","background-attachment":"scroll","background-type":"","background-media":"","overlay-type":"","overlay-color":"","overlay-opacity":"","overlay-gradient":""},"mobile":{"background-color":"var(--ast-global-color-5)","background-image":"","background-repeat":"repeat","background-position":"center center","background-size":"auto","background-attachment":"scroll","background-type":"","background-media":"","overlay-type":"","overlay-color":"","overlay-opacity":"","overlay-gradient":""}},"footnotes":""},"class_list":["post-1031","page","type-page","status-publish","hentry"],"yoast_head":"<!-- This site is optimized with the Yoast SEO plugin v27.0 - https:\/\/yoast.com\/product\/yoast-seo-wordpress\/ -->\r\n<title>Privacy e Condizioni - RoboBraille<\/title>\r\n<meta name=\"robots\" content=\"index, follow, max-snippet:-1, max-image-preview:large, max-video-preview:-1\" \/>\r\n<link rel=\"canonical\" href=\"https:\/\/www.robobraille.org\/it\/privacy-e-condizioni\/\" \/>\r\n<meta property=\"og:locale\" content=\"it_IT\" \/>\r\n<meta property=\"og:type\" content=\"article\" \/>\r\n<meta property=\"og:title\" content=\"Privacy e Condizioni - RoboBraille\" \/>\r\n<meta property=\"og:description\" content=\"Privacy La conversione RoboBraille di un documento \u00e8 completamente automatizzata. I documenti vengono ricevuti dal server RoboBraille, elaborati da uno o pi\u00f9 agenti ed il risultato viene rinviato via email all\u2019utente. Successivamente il documento di origine viene cancellato dai server. Solo per motivi statistici, organizzativi e prevenzione di spam viene registrato il numero di richieste.&#013; [&hellip;]\" \/>\r\n<meta property=\"og:url\" content=\"https:\/\/www.robobraille.org\/it\/privacy-e-condizioni\/\" \/>\r\n<meta property=\"og:site_name\" content=\"RoboBraille\" \/>\r\n<meta property=\"article:modified_time\" content=\"2021-01-20T11:30:36+00:00\" \/>\r\n<meta name=\"twitter:card\" content=\"summary_large_image\" \/>\r\n<meta name=\"twitter:label1\" content=\"Tempo di lettura stimato\" \/>\n\t<meta name=\"twitter:data1\" content=\"1 minuto\" \/>\r\n<script type=\"application\/ld+json\" class=\"yoast-schema-graph\">{\"@context\":\"https:\/\/schema.org\",\"@graph\":[{\"@type\":\"WebPage\",\"@id\":\"https:\/\/www.robobraille.org\/it\/privacy-e-condizioni\/\",\"url\":\"https:\/\/www.robobraille.org\/it\/privacy-e-condizioni\/\",\"name\":\"Privacy e Condizioni - RoboBraille\",\"isPartOf\":{\"@id\":\"https:\/\/www.robobraille.org\/it\/#website\"},\"datePublished\":\"2021-01-20T11:30:35+00:00\",\"dateModified\":\"2021-01-20T11:30:36+00:00\",\"breadcrumb\":{\"@id\":\"https:\/\/www.robobraille.org\/it\/privacy-e-condizioni\/#breadcrumb\"},\"inLanguage\":\"it-IT\",\"potentialAction\":[{\"@type\":\"ReadAction\",\"target\":[\"https:\/\/www.robobraille.org\/it\/privacy-e-condizioni\/\"]}]},{\"@type\":\"BreadcrumbList\",\"@id\":\"https:\/\/www.robobraille.org\/it\/privacy-e-condizioni\/#breadcrumb\",\"itemListElement\":[{\"@type\":\"ListItem\",\"position\":1,\"name\":\"Home\",\"item\":\"https:\/\/www.robobraille.org\/it\/\"},{\"@type\":\"ListItem\",\"position\":2,\"name\":\"Privacy e Condizioni\"}]},{\"@type\":\"WebSite\",\"@id\":\"https:\/\/www.robobraille.org\/it\/#website\",\"url\":\"https:\/\/www.robobraille.org\/it\/\",\"name\":\"RoboBraille\",\"description\":\"\",\"publisher\":{\"@id\":\"https:\/\/www.robobraille.org\/it\/#organization\"},\"potentialAction\":[{\"@type\":\"SearchAction\",\"target\":{\"@type\":\"EntryPoint\",\"urlTemplate\":\"https:\/\/www.robobraille.org\/it\/?s={search_term_string}\"},\"query-input\":{\"@type\":\"PropertyValueSpecification\",\"valueRequired\":true,\"valueName\":\"search_term_string\"}}],\"inLanguage\":\"it-IT\"},{\"@type\":\"Organization\",\"@id\":\"https:\/\/www.robobraille.org\/it\/#organization\",\"name\":\"RoboBraille\",\"url\":\"https:\/\/www.robobraille.org\/it\/\",\"logo\":{\"@type\":\"ImageObject\",\"inLanguage\":\"it-IT\",\"@id\":\"https:\/\/www.robobraille.org\/it\/#\/schema\/logo\/image\/\",\"url\":\"https:\/\/www.robobraille.org\/wp-content\/uploads\/2020\/11\/RoboBraille.jpg\",\"contentUrl\":\"https:\/\/www.robobraille.org\/wp-content\/uploads\/2020\/11\/RoboBraille.jpg\",\"width\":340,\"height\":98,\"caption\":\"RoboBraille\"},\"image\":{\"@id\":\"https:\/\/www.robobraille.org\/it\/#\/schema\/logo\/image\/\"}}]}<\/script>\r\n<!-- \/ Yoast SEO plugin. -->","yoast_head_json":{"title":"Privacy e Condizioni - RoboBraille","robots":{"index":"index","follow":"follow","max-snippet":"max-snippet:-1","max-image-preview":"max-image-preview:large","max-video-preview":"max-video-preview:-1"},"canonical":"https:\/\/www.robobraille.org\/it\/privacy-e-condizioni\/","og_locale":"it_IT","og_type":"article","og_title":"Privacy e Condizioni - RoboBraille","og_description":"Privacy La conversione RoboBraille di un documento \u00e8 completamente automatizzata. I documenti vengono ricevuti dal server RoboBraille, elaborati da uno o pi\u00f9 agenti ed il risultato viene rinviato via email all\u2019utente. Successivamente il documento di origine viene cancellato dai server. Solo per motivi statistici, organizzativi e prevenzione di spam viene registrato il numero di richieste.&#13; [&hellip;]","og_url":"https:\/\/www.robobraille.org\/it\/privacy-e-condizioni\/","og_site_name":"RoboBraille","article_modified_time":"2021-01-20T11:30:36+00:00","twitter_card":"summary_large_image","twitter_misc":{"Tempo di lettura stimato":"1 minuto"},"schema":{"@context":"https:\/\/schema.org","@graph":[{"@type":"WebPage","@id":"https:\/\/www.robobraille.org\/it\/privacy-e-condizioni\/","url":"https:\/\/www.robobraille.org\/it\/privacy-e-condizioni\/","name":"Privacy e Condizioni - RoboBraille","isPartOf":{"@id":"https:\/\/www.robobraille.org\/it\/#website"},"datePublished":"2021-01-20T11:30:35+00:00","dateModified":"2021-01-20T11:30:36+00:00","breadcrumb":{"@id":"https:\/\/www.robobraille.org\/it\/privacy-e-condizioni\/#breadcrumb"},"inLanguage":"it-IT","potentialAction":[{"@type":"ReadAction","target":["https:\/\/www.robobraille.org\/it\/privacy-e-condizioni\/"]}]},{"@type":"BreadcrumbList","@id":"https:\/\/www.robobraille.org\/it\/privacy-e-condizioni\/#breadcrumb","itemListElement":[{"@type":"ListItem","position":1,"name":"Home","item":"https:\/\/www.robobraille.org\/it\/"},{"@type":"ListItem","position":2,"name":"Privacy e Condizioni"}]},{"@type":"WebSite","@id":"https:\/\/www.robobraille.org\/it\/#website","url":"https:\/\/www.robobraille.org\/it\/","name":"RoboBraille","description":"","publisher":{"@id":"https:\/\/www.robobraille.org\/it\/#organization"},"potentialAction":[{"@type":"SearchAction","target":{"@type":"EntryPoint","urlTemplate":"https:\/\/www.robobraille.org\/it\/?s={search_term_string}"},"query-input":{"@type":"PropertyValueSpecification","valueRequired":true,"valueName":"search_term_string"}}],"inLanguage":"it-IT"},{"@type":"Organization","@id":"https:\/\/www.robobraille.org\/it\/#organization","name":"RoboBraille","url":"https:\/\/www.robobraille.org\/it\/","logo":{"@type":"ImageObject","inLanguage":"it-IT","@id":"https:\/\/www.robobraille.org\/it\/#\/schema\/logo\/image\/","url":"https:\/\/www.robobraille.org\/wp-content\/uploads\/2020\/11\/RoboBraille.jpg","contentUrl":"https:\/\/www.robobraille.org\/wp-content\/uploads\/2020\/11\/RoboBraille.jpg","width":340,"height":98,"caption":"RoboBraille"},"image":{"@id":"https:\/\/www.robobraille.org\/it\/#\/schema\/logo\/image\/"}}]}},"_links":{"self":[{"href":"https:\/\/www.robobraille.org\/it\/wp-json\/wp\/v2\/pages\/1031","targetHints":{"allow":["GET"]}}],"collection":[{"href":"https:\/\/www.robobraille.org\/it\/wp-json\/wp\/v2\/pages"}],"about":[{"href":"https:\/\/www.robobraille.org\/it\/wp-json\/wp\/v2\/types\/page"}],"author":[{"embeddable":true,"href":"https:\/\/www.robobraille.org\/it\/wp-json\/wp\/v2\/users\/4"}],"replies":[{"embeddable":true,"href":"https:\/\/www.robobraille.org\/it\/wp-json\/wp\/v2\/comments?post=1031"}],"version-history":[{"count":1,"href":"https:\/\/www.robobraille.org\/it\/wp-json\/wp\/v2\/pages\/1031\/revisions"}],"predecessor-version":[{"id":1032,"href":"https:\/\/www.robobraille.org\/it\/wp-json\/wp\/v2\/pages\/1031\/revisions\/1032"}],"wp:attachment":[{"href":"https:\/\/www.robobraille.org\/it\/wp-json\/wp\/v2\/media?parent=1031"}],"curies":[{"name":"wp","href":"https:\/\/api.w.org\/{rel}","templated":true}]}}