{"id":965,"date":"2021-01-20T09:06:45","date_gmt":"2021-01-20T08:06:45","guid":{"rendered":"https:\/\/www.robobraille.org\/bevezetes-a-robobraille-hasznalataba\/"},"modified":"2021-01-20T09:06:45","modified_gmt":"2021-01-20T08:06:45","slug":"bevezetes-a-robobraille-hasznalataba","status":"publish","type":"page","link":"https:\/\/www.robobraille.org\/hu\/bevezetes-a-robobraille-hasznalataba\/","title":{"rendered":"Bevezet\u00e9s a RoboBraille haszn\u00e1lat\u00e1ba"},"content":{"rendered":"\n<p>A RoboBraille egy e-mail \u00e9s web-alap\u00fa szolg\u00e1ltat\u00e1s, mely automatikusan k\u00e9pes a dokumentumokat \u00e1talak\u00edtani olyan alternat\u00edv form\u00e1tumokra, melyeket haszn\u00e1lhatnak a l\u00e1t\u00e1ss\u00e9r\u00fclt \u00e9s olvas\u00e1si neh\u00e9zs\u00e9gekkel k\u00fczd\u0151 felhaszn\u00e1l\u00f3k.&#13;\n<\/p>\n\n<p>A Robobraille egy folyamatosan m\u0171k\u00f6d\u0151 szolg\u00e1ltat\u00e1s, melyet a felhaszn\u00e1l\u00f3k mag\u00e1nc\u00e9lra ingyenesen, regisztr\u00e1ci\u00f3 n\u00e9lk\u00fcl vehetnek ig\u00e9nybe.&#13;\n&#13;\nA RoboBraille c\u00e9lja, hogy t\u00e1mogassa \u00e9s \u00f6szt\u00f6n\u00f6zze a fogyat\u00e9kkal \u00e9l\u0151 felhaszn\u00e1l\u00f3k \u00f6n\u00e1ll\u00f3s\u00e1g\u00e1t az oktat\u00e1si rendszerben \u00e9s a munkaer\u0151-piacon egyar\u00e1nt. A szolg\u00e1ltat\u00e1s arra is alkalmas, hogy nem akad\u00e1lymentes form\u00e1tumban elk\u00e9sz\u00edtett dokumentumokat hozz\u00e1f\u00e9rhet\u0151bb\u00e9 tegyen.&#13;\n<\/p>\n\n<p>A tudom\u00e1nyos int\u00e9zm\u00e9nyeknek \u00e9s c\u00e9ges felhaszn\u00e1l\u00f3knak egy testreszabott webes fel\u00fclet \u00e1ll rendelkez\u00e9s\u00fckre. A speci\u00e1lis sz\u00fcks\u00e9glet\u0171 felhaszn\u00e1l\u00f3k ig\u00e9nyeinek t\u00e1mogat\u00e1sa \u00e9rdek\u00e9ben a dokumentumkonvert\u00e1l\u00e1si lehet\u0151s\u00e9gek integr\u00e1lhat\u00f3ak az oktat\u00e1si \u00e9s k\u00f6nyvt\u00e1ri rendszerekbe. Az int\u00e9zm\u00e9nyi felhaszn\u00e1l\u00e1s el\u0151fizet\u00e9si d\u00edj ellen\u00e9ben lehets\u00e9ges.<\/p>\n\n<p>A RoboBraille szolg\u00e1ltat\u00e1st a <a href=\"https:\/\/web.archive.org\/web\/20200922082643\/https:\/\/synref.dk\/\">Synscenter Refsn\u00e6s<\/a> (a d\u00e1n l\u00e1t\u00e1ss\u00e9r\u00fclt gyermekek nemzeti ifj\u00fas\u00e1gi k\u00f6zpontja) \u00e9s a <a href=\"https:\/\/web.archive.org\/web\/20200817021153\/https:\/\/sensus.dk\/da\">Sensus ApS<\/a> k\u00f6z\u00f6sen fejlesztette ki. A szolg\u00e1ltat\u00e1s 2004-es indul\u00e1sa \u00f3ta sz\u00e1mos nemzetk\u00f6zi d\u00edjat nyert, bele\u00e9rtve a <a href=\"https:\/\/web.archive.org\/web\/20190413214712\/http:\/\/www.wise-qatar.org\/robobraille-denmark\">WISE 2012 befogad\u00e1s az oktat\u00e1sban<\/a>, a <a href=\"https:\/\/web.archive.org\/web\/20190422014456\/https:\/\/www.theguardian.com\/resource\/winners-and-finalists\">BETT 2010 a legjobb megold\u00e1s saj\u00e1tos nevel\u00e9si ig\u00e9ny\u0171 felhaszn\u00e1l\u00f3knak,<\/a> valamint a <a href=\"https:\/\/web.archive.org\/web\/20190720165843\/http:\/\/ec.europa.eu\/information_society\/events\/e-inclusion\/2008\/exhibition\/awards\/index_en.htm\">2008-as Eur\u00f3pai Bizotts\u00e1g e-Inclusion d\u00edjakat az e-hozz\u00e1f\u00e9rhet\u0151s\u00e9g\u00e9rt<\/a>.<\/p>\n\n<p>A RoboBraille r\u00e9sze k\u00edv\u00e1n lenni annak a kezdem\u00e9nyez\u00e9snek, mely jav\u00edtani k\u00edv\u00e1nja az es\u00e9lyegyenl\u0151s\u00e9get \u00e9s az integr\u00e1ci\u00f3t, \u00e9s tagja a <a href=\"https:\/\/web.archive.org\/web\/20200923013022\/https:\/\/daisy.org\/\">Daisy Consortiumnak<\/a>.<\/p>\n\n<p>A RoboBraille n\u00e9gy k\u00fcl\u00f6nb\u00f6z\u0151 kateg\u00f3ri\u00e1ba tartoz\u00f3 szolg\u00e1ltat\u00e1st k\u00edn\u00e1l:<\/p>\n\n<ul class=\"wp-block-list\"><li>Braille szolg\u00e1ltat\u00e1sok<\/li><li>Hang szolg\u00e1ltat\u00e1sok<\/li><li>E-k\u00f6nyvekkel kapcsolatos szolg\u00e1ltat\u00e1sok<\/li><li>Akad\u00e1lymentes\u00edt\u00e9si szolg\u00e1ltat\u00e1sok<\/li><\/ul>\n\n<h2 class=\"wp-block-heading\">Braille szolg\u00e1ltat\u00e1sok<\/h2>\n\n<p>A szolg\u00e1ltat\u00e1s lehet\u0151v\u00e9 teszi, hogy a dokumentumokat \u00e1talak\u00edtsa sz\u00e1m\u00edt\u00f3g\u00e9pes vagy irodalmi Braille dokumentumm\u00e1. A k\u00f6vetkez\u0151 nyelvek t\u00e1mogatottak Braille dokumentum l\u00e9trehoz\u00e1sakor: d\u00e1n, brit angol, amerikai angol, olasz, francia, g\u00f6r\u00f6g, n\u00e9met, izlandi, norv\u00e9g, portug\u00e1l, szlov\u00e9n \u00e9s spanyol. A Braille dokumentumok elk\u00e9sz\u00edt\u00e9se el\u0151tt be\u00e1ll\u00edthat\u00f3k a k\u00fcl\u00f6nb\u00f6z\u0151 form\u00e1z\u00e1sok \u00e9s az oldalak beoszt\u00e1sa. A visszak\u00fcld\u00f6tt Braille nyomtat\u00e1sra k\u00e9sz dokumentumok k\u00fcl\u00f6nb\u00f6z\u0151 digit\u00e1lis Braille form\u00e1tum\u00faak lehetnek.&#13;\n<\/p>\n\n<h2 class=\"wp-block-heading\">Hang szolg\u00e1ltat\u00e1sok<\/h2>\n\n<p>A szolg\u00e1ltat\u00e1s seg\u00edts\u00e9g\u00e9vel a dokumentumok norm\u00e1l mp3 f\u00e1jlokk\u00e1 \u00e9s Daisy k\u00f6nyvv\u00e9 alak\u00edthat\u00f3k, bele\u00e9rtve a matematikai Daisy k\u00f6nyv form\u00e1tumot. A hangalap\u00fa konverzi\u00f3 a k\u00f6vetkez\u0151 nyelvek eset\u00e9n ny\u00fajt j\u00f3 min\u0151s\u00e9g\u0171 hangkaraktereket: arab, arab\/angol (k\u00e9tnyelv\u0171 dokumentum), bolg\u00e1r, brit \u00e9s amerikai angol, d\u00e1n, holland, n\u00e9met, francia, magyar, olasz, litv\u00e1n, lengyel, portug\u00e1l, rom\u00e1n, szlov\u00e9n, kaszt\u00edliai \u00e9s latin-amerikai spanyol.&#13;\n<\/p>\n\n<h2 class=\"wp-block-heading\">E-k\u00f6nyvekkel kapcsolatos szolg\u00e1ltat\u00e1sok<\/h2>\n\n<p>A szolg\u00e1ltat\u00e1s seg\u00edts\u00e9g\u00e9vel a dokumentumok \u00e1talak\u00edthat\u00f3k a n\u00e9pszer\u0171 ePub \u00e9s Mobi (Kindle) e-k\u00f6nyv form\u00e1tumra. R\u00e1ad\u00e1sul az ePub Mobi form\u00e1tumra is \u00e1talak\u00edthat\u00f3, illetve mindez ford\u00edtva is igaz. A legt\u00f6bb e-k\u00f6nyv olvas\u00f3n\u00e1l a gyeng\u00e9nl\u00e1t\u00f3 felhaszn\u00e1l\u00f3k seg\u00edt\u00e9se \u00e9rdek\u00e9ben az e-k\u00f6nyvekben az alapvonal a t\u00f6rzssz\u00f6vegben sk\u00e1l\u00e1zhat\u00f3, \u00edgy nagyobb mennyis\u00e9g\u0171 sz\u00f6veg jelen\u00edthet\u0151 meg az e-k\u00f6nyv olvas\u00f3 eszk\u00f6z\u00f6n.&#13;\n<\/p>\n\n<h2 class=\"wp-block-heading\">Akad\u00e1lymentes\u00edt\u00e9si szolg\u00e1ltat\u00e1sok<\/h2>\n\n<p>Bizonyos nem akad\u00e1lymentes form\u00e1tumban l\u00e9v\u0151 dokumentumok, p\u00e9ld\u00e1ul gif, tiff, jpg, bmp, pcx, dcx, j2k, jp2, jpx, djv \u00e9s a csak k\u00e9p form\u00e1tumban l\u00e9v\u0151 pdf dokumentumok, valamint a pdf dokumentumok tov\u00e1bbi t\u00edpusai \u00e1talak\u00edthat\u00f3ak jobban hozz\u00e1f\u00e9rhet\u0151 form\u00e1tum\u00fav\u00e1. Ilyen form\u00e1tum lehet a c\u00edmk\u00e9zett pdf, doc, docx, Word xml, xls, xlsx, csv, text, rtf \u00e9s a html. A Word \u00e9s az rtf f\u00e1jlok \u00e1tkonvert\u00e1lhat\u00f3ak text vagy c\u00edmk\u00e9zett pdf f\u00e1jll\u00e1 annak megfelel\u0151en, hogy a felhaszn\u00e1l\u00f3 melyik form\u00e1tumot v\u00e1lasztja. A PowerPoint f\u00e1jlok c\u00edmk\u00e9zett pdf, web-project vagy rtf form\u00e1tumra alak\u00edthat\u00f3ak \u00e1t.&#13;\n<\/p>\n","protected":false},"excerpt":{"rendered":"<p>A RoboBraille egy e-mail \u00e9s web-alap\u00fa szolg\u00e1ltat\u00e1s, mely automatikusan k\u00e9pes a dokumentumokat \u00e1talak\u00edtani olyan alternat\u00edv form\u00e1tumokra, melyeket haszn\u00e1lhatnak a l\u00e1t\u00e1ss\u00e9r\u00fclt \u00e9s olvas\u00e1si neh\u00e9zs\u00e9gekkel k\u00fczd\u0151 felhaszn\u00e1l\u00f3k.&#13; A Robobraille egy folyamatosan m\u0171k\u00f6d\u0151 szolg\u00e1ltat\u00e1s, melyet a felhaszn\u00e1l\u00f3k mag\u00e1nc\u00e9lra ingyenesen, regisztr\u00e1ci\u00f3 n\u00e9lk\u00fcl vehetnek ig\u00e9nybe.&#13; &#13; A RoboBraille c\u00e9lja, hogy t\u00e1mogassa \u00e9s \u00f6szt\u00f6n\u00f6zze a fogyat\u00e9kkal \u00e9l\u0151 felhaszn\u00e1l\u00f3k \u00f6n\u00e1ll\u00f3s\u00e1g\u00e1t az oktat\u00e1si [&hellip;]<\/p>\n","protected":false},"author":4,"featured_media":0,"parent":0,"menu_order":0,"comment_status":"closed","ping_status":"closed","template":"","meta":{"site-sidebar-layout":"default","site-content-layout":"default","ast-site-content-layout":"default","site-content-style":"default","site-sidebar-style":"default","ast-global-header-display":"","ast-banner-title-visibility":"","ast-main-header-display":"","ast-hfb-above-header-display":"","ast-hfb-below-header-display":"","ast-hfb-mobile-header-display":"","site-post-title":"","ast-breadcrumbs-content":"","ast-featured-img":"","footer-sml-layout":"","ast-disable-related-posts":"","theme-transparent-header-meta":"default","adv-header-id-meta":"","stick-header-meta":"","header-above-stick-meta":"","header-main-stick-meta":"","header-below-stick-meta":"","astra-migrate-meta-layouts":"default","ast-page-background-enabled":"default","ast-page-background-meta":{"desktop":{"background-color":"","background-image":"","background-repeat":"repeat","background-position":"center center","background-size":"auto","background-attachment":"scroll","background-type":"","background-media":"","overlay-type":"","overlay-color":"","overlay-opacity":"","overlay-gradient":""},"tablet":{"background-color":"","background-image":"","background-repeat":"repeat","background-position":"center center","background-size":"auto","background-attachment":"scroll","background-type":"","background-media":"","overlay-type":"","overlay-color":"","overlay-opacity":"","overlay-gradient":""},"mobile":{"background-color":"","background-image":"","background-repeat":"repeat","background-position":"center center","background-size":"auto","background-attachment":"scroll","background-type":"","background-media":"","overlay-type":"","overlay-color":"","overlay-opacity":"","overlay-gradient":""}},"ast-content-background-meta":{"desktop":{"background-color":"var(--ast-global-color-5)","background-image":"","background-repeat":"repeat","background-position":"center center","background-size":"auto","background-attachment":"scroll","background-type":"","background-media":"","overlay-type":"","overlay-color":"","overlay-opacity":"","overlay-gradient":""},"tablet":{"background-color":"var(--ast-global-color-5)","background-image":"","background-repeat":"repeat","background-position":"center center","background-size":"auto","background-attachment":"scroll","background-type":"","background-media":"","overlay-type":"","overlay-color":"","overlay-opacity":"","overlay-gradient":""},"mobile":{"background-color":"var(--ast-global-color-5)","background-image":"","background-repeat":"repeat","background-position":"center center","background-size":"auto","background-attachment":"scroll","background-type":"","background-media":"","overlay-type":"","overlay-color":"","overlay-opacity":"","overlay-gradient":""}},"footnotes":""},"class_list":["post-965","page","type-page","status-publish","hentry"],"yoast_head":"<!-- This site is optimized with the Yoast SEO plugin v27.0 - https:\/\/yoast.com\/product\/yoast-seo-wordpress\/ -->\r\n<title>Bevezet\u00e9s a RoboBraille haszn\u00e1lat\u00e1ba - RoboBraille<\/title>\r\n<meta name=\"robots\" content=\"index, follow, max-snippet:-1, max-image-preview:large, max-video-preview:-1\" \/>\r\n<link rel=\"canonical\" href=\"https:\/\/www.robobraille.org\/hu\/bevezetes-a-robobraille-hasznalataba\/\" \/>\r\n<meta property=\"og:locale\" content=\"hu_HU\" \/>\r\n<meta property=\"og:type\" content=\"article\" \/>\r\n<meta property=\"og:title\" content=\"Bevezet\u00e9s a RoboBraille haszn\u00e1lat\u00e1ba - RoboBraille\" \/>\r\n<meta property=\"og:description\" content=\"A RoboBraille egy e-mail \u00e9s web-alap\u00fa szolg\u00e1ltat\u00e1s, mely automatikusan k\u00e9pes a dokumentumokat \u00e1talak\u00edtani olyan alternat\u00edv form\u00e1tumokra, melyeket haszn\u00e1lhatnak a l\u00e1t\u00e1ss\u00e9r\u00fclt \u00e9s olvas\u00e1si neh\u00e9zs\u00e9gekkel k\u00fczd\u0151 felhaszn\u00e1l\u00f3k.&#013; A Robobraille egy folyamatosan m\u0171k\u00f6d\u0151 szolg\u00e1ltat\u00e1s, melyet a felhaszn\u00e1l\u00f3k mag\u00e1nc\u00e9lra ingyenesen, regisztr\u00e1ci\u00f3 n\u00e9lk\u00fcl vehetnek ig\u00e9nybe.&#013; &#013; A RoboBraille c\u00e9lja, hogy t\u00e1mogassa \u00e9s \u00f6szt\u00f6n\u00f6zze a fogyat\u00e9kkal \u00e9l\u0151 felhaszn\u00e1l\u00f3k \u00f6n\u00e1ll\u00f3s\u00e1g\u00e1t az oktat\u00e1si [&hellip;]\" \/>\r\n<meta property=\"og:url\" content=\"https:\/\/www.robobraille.org\/hu\/bevezetes-a-robobraille-hasznalataba\/\" \/>\r\n<meta property=\"og:site_name\" content=\"RoboBraille\" \/>\r\n<meta name=\"twitter:card\" content=\"summary_large_image\" \/>\r\n<meta name=\"twitter:label1\" content=\"Becs\u00fclt olvas\u00e1si id\u0151\" \/>\n\t<meta name=\"twitter:data1\" content=\"4 perc\" \/>\r\n<script type=\"application\/ld+json\" class=\"yoast-schema-graph\">{\"@context\":\"https:\/\/schema.org\",\"@graph\":[{\"@type\":\"WebPage\",\"@id\":\"https:\/\/www.robobraille.org\/hu\/bevezetes-a-robobraille-hasznalataba\/\",\"url\":\"https:\/\/www.robobraille.org\/hu\/bevezetes-a-robobraille-hasznalataba\/\",\"name\":\"Bevezet\u00e9s a RoboBraille haszn\u00e1lat\u00e1ba - RoboBraille\",\"isPartOf\":{\"@id\":\"https:\/\/www.robobraille.org\/hu\/#website\"},\"datePublished\":\"2021-01-20T08:06:45+00:00\",\"breadcrumb\":{\"@id\":\"https:\/\/www.robobraille.org\/hu\/bevezetes-a-robobraille-hasznalataba\/#breadcrumb\"},\"inLanguage\":\"hu\",\"potentialAction\":[{\"@type\":\"ReadAction\",\"target\":[\"https:\/\/www.robobraille.org\/hu\/bevezetes-a-robobraille-hasznalataba\/\"]}]},{\"@type\":\"BreadcrumbList\",\"@id\":\"https:\/\/www.robobraille.org\/hu\/bevezetes-a-robobraille-hasznalataba\/#breadcrumb\",\"itemListElement\":[{\"@type\":\"ListItem\",\"position\":1,\"name\":\"Home\",\"item\":\"https:\/\/www.robobraille.org\/hu\/\"},{\"@type\":\"ListItem\",\"position\":2,\"name\":\"Bevezet\u00e9s a RoboBraille haszn\u00e1lat\u00e1ba\"}]},{\"@type\":\"WebSite\",\"@id\":\"https:\/\/www.robobraille.org\/hu\/#website\",\"url\":\"https:\/\/www.robobraille.org\/hu\/\",\"name\":\"RoboBraille\",\"description\":\"\",\"publisher\":{\"@id\":\"https:\/\/www.robobraille.org\/hu\/#organization\"},\"potentialAction\":[{\"@type\":\"SearchAction\",\"target\":{\"@type\":\"EntryPoint\",\"urlTemplate\":\"https:\/\/www.robobraille.org\/hu\/?s={search_term_string}\"},\"query-input\":{\"@type\":\"PropertyValueSpecification\",\"valueRequired\":true,\"valueName\":\"search_term_string\"}}],\"inLanguage\":\"hu\"},{\"@type\":\"Organization\",\"@id\":\"https:\/\/www.robobraille.org\/hu\/#organization\",\"name\":\"RoboBraille\",\"url\":\"https:\/\/www.robobraille.org\/hu\/\",\"logo\":{\"@type\":\"ImageObject\",\"inLanguage\":\"hu\",\"@id\":\"https:\/\/www.robobraille.org\/hu\/#\/schema\/logo\/image\/\",\"url\":\"https:\/\/www.robobraille.org\/wp-content\/uploads\/2020\/11\/RoboBraille.jpg\",\"contentUrl\":\"https:\/\/www.robobraille.org\/wp-content\/uploads\/2020\/11\/RoboBraille.jpg\",\"width\":340,\"height\":98,\"caption\":\"RoboBraille\"},\"image\":{\"@id\":\"https:\/\/www.robobraille.org\/hu\/#\/schema\/logo\/image\/\"}}]}<\/script>\r\n<!-- \/ Yoast SEO plugin. -->","yoast_head_json":{"title":"Bevezet\u00e9s a RoboBraille haszn\u00e1lat\u00e1ba - RoboBraille","robots":{"index":"index","follow":"follow","max-snippet":"max-snippet:-1","max-image-preview":"max-image-preview:large","max-video-preview":"max-video-preview:-1"},"canonical":"https:\/\/www.robobraille.org\/hu\/bevezetes-a-robobraille-hasznalataba\/","og_locale":"hu_HU","og_type":"article","og_title":"Bevezet\u00e9s a RoboBraille haszn\u00e1lat\u00e1ba - RoboBraille","og_description":"A RoboBraille egy e-mail \u00e9s web-alap\u00fa szolg\u00e1ltat\u00e1s, mely automatikusan k\u00e9pes a dokumentumokat \u00e1talak\u00edtani olyan alternat\u00edv form\u00e1tumokra, melyeket haszn\u00e1lhatnak a l\u00e1t\u00e1ss\u00e9r\u00fclt \u00e9s olvas\u00e1si neh\u00e9zs\u00e9gekkel k\u00fczd\u0151 felhaszn\u00e1l\u00f3k.&#13; A Robobraille egy folyamatosan m\u0171k\u00f6d\u0151 szolg\u00e1ltat\u00e1s, melyet a felhaszn\u00e1l\u00f3k mag\u00e1nc\u00e9lra ingyenesen, regisztr\u00e1ci\u00f3 n\u00e9lk\u00fcl vehetnek ig\u00e9nybe.&#13; &#13; A RoboBraille c\u00e9lja, hogy t\u00e1mogassa \u00e9s \u00f6szt\u00f6n\u00f6zze a fogyat\u00e9kkal \u00e9l\u0151 felhaszn\u00e1l\u00f3k \u00f6n\u00e1ll\u00f3s\u00e1g\u00e1t az oktat\u00e1si [&hellip;]","og_url":"https:\/\/www.robobraille.org\/hu\/bevezetes-a-robobraille-hasznalataba\/","og_site_name":"RoboBraille","twitter_card":"summary_large_image","twitter_misc":{"Becs\u00fclt olvas\u00e1si id\u0151":"4 perc"},"schema":{"@context":"https:\/\/schema.org","@graph":[{"@type":"WebPage","@id":"https:\/\/www.robobraille.org\/hu\/bevezetes-a-robobraille-hasznalataba\/","url":"https:\/\/www.robobraille.org\/hu\/bevezetes-a-robobraille-hasznalataba\/","name":"Bevezet\u00e9s a RoboBraille haszn\u00e1lat\u00e1ba - RoboBraille","isPartOf":{"@id":"https:\/\/www.robobraille.org\/hu\/#website"},"datePublished":"2021-01-20T08:06:45+00:00","breadcrumb":{"@id":"https:\/\/www.robobraille.org\/hu\/bevezetes-a-robobraille-hasznalataba\/#breadcrumb"},"inLanguage":"hu","potentialAction":[{"@type":"ReadAction","target":["https:\/\/www.robobraille.org\/hu\/bevezetes-a-robobraille-hasznalataba\/"]}]},{"@type":"BreadcrumbList","@id":"https:\/\/www.robobraille.org\/hu\/bevezetes-a-robobraille-hasznalataba\/#breadcrumb","itemListElement":[{"@type":"ListItem","position":1,"name":"Home","item":"https:\/\/www.robobraille.org\/hu\/"},{"@type":"ListItem","position":2,"name":"Bevezet\u00e9s a RoboBraille haszn\u00e1lat\u00e1ba"}]},{"@type":"WebSite","@id":"https:\/\/www.robobraille.org\/hu\/#website","url":"https:\/\/www.robobraille.org\/hu\/","name":"RoboBraille","description":"","publisher":{"@id":"https:\/\/www.robobraille.org\/hu\/#organization"},"potentialAction":[{"@type":"SearchAction","target":{"@type":"EntryPoint","urlTemplate":"https:\/\/www.robobraille.org\/hu\/?s={search_term_string}"},"query-input":{"@type":"PropertyValueSpecification","valueRequired":true,"valueName":"search_term_string"}}],"inLanguage":"hu"},{"@type":"Organization","@id":"https:\/\/www.robobraille.org\/hu\/#organization","name":"RoboBraille","url":"https:\/\/www.robobraille.org\/hu\/","logo":{"@type":"ImageObject","inLanguage":"hu","@id":"https:\/\/www.robobraille.org\/hu\/#\/schema\/logo\/image\/","url":"https:\/\/www.robobraille.org\/wp-content\/uploads\/2020\/11\/RoboBraille.jpg","contentUrl":"https:\/\/www.robobraille.org\/wp-content\/uploads\/2020\/11\/RoboBraille.jpg","width":340,"height":98,"caption":"RoboBraille"},"image":{"@id":"https:\/\/www.robobraille.org\/hu\/#\/schema\/logo\/image\/"}}]}},"_links":{"self":[{"href":"https:\/\/www.robobraille.org\/hu\/wp-json\/wp\/v2\/pages\/965","targetHints":{"allow":["GET"]}}],"collection":[{"href":"https:\/\/www.robobraille.org\/hu\/wp-json\/wp\/v2\/pages"}],"about":[{"href":"https:\/\/www.robobraille.org\/hu\/wp-json\/wp\/v2\/types\/page"}],"author":[{"embeddable":true,"href":"https:\/\/www.robobraille.org\/hu\/wp-json\/wp\/v2\/users\/4"}],"replies":[{"embeddable":true,"href":"https:\/\/www.robobraille.org\/hu\/wp-json\/wp\/v2\/comments?post=965"}],"version-history":[{"count":1,"href":"https:\/\/www.robobraille.org\/hu\/wp-json\/wp\/v2\/pages\/965\/revisions"}],"predecessor-version":[{"id":966,"href":"https:\/\/www.robobraille.org\/hu\/wp-json\/wp\/v2\/pages\/965\/revisions\/966"}],"wp:attachment":[{"href":"https:\/\/www.robobraille.org\/hu\/wp-json\/wp\/v2\/media?parent=965"}],"curies":[{"name":"wp","href":"https:\/\/api.w.org\/{rel}","templated":true}]}}