{"id":939,"date":"2021-01-19T14:21:51","date_gmt":"2021-01-19T13:21:51","guid":{"rendered":"https:\/\/www.robobraille.org\/adomanyozas\/"},"modified":"2021-01-19T14:21:52","modified_gmt":"2021-01-19T13:21:52","slug":"adomanyozas","status":"publish","type":"page","link":"https:\/\/www.robobraille.org\/hu\/adomanyozas\/","title":{"rendered":"Adom\u00e1nyoz\u00e1s"},"content":{"rendered":"\n<p>Adom\u00e1ny\u00e1val seg\u00edthet nek\u00fcnk tov\u00e1bbra is biztos\u00edtani, hogy a RoboBraille szolg\u00e1ltat\u00e1s ingyenesen el\u00e9rhet\u0151 legyen minden egyes nem kereskedelmi felhaszn\u00e1l\u00f3 sz\u00e1m\u00e1ra. Az Adom\u00e1ny gomb haszn\u00e1lat\u00e1val Paypall-on vagy hitelk\u00e1rty\u00e1n kereszt\u00fcl adom\u00e1nyozhat. Nagyra \u00e9rt\u00e9kelj\u00fck a t\u00e1mogat\u00e1s\u00e1t.&#13;\n<\/p>\n\n<div class=\"wp-block-buttons is-layout-flex wp-block-buttons-is-layout-flex\">\n<div class=\"wp-block-button\"><a class=\"wp-block-button__link\" href=\"https:\/\/www.paypal.com\/cgi-bin\/webscr?cmd=_s-xclick&amp;hosted_button_id=76S2KWXGGFCSS\" target=\"_blank\" rel=\"noreferrer noopener\">Adom\u00e1nyoz\u00e1s<\/a><\/div>\n<\/div>\n","protected":false},"excerpt":{"rendered":"<p>Adom\u00e1ny\u00e1val seg\u00edthet nek\u00fcnk tov\u00e1bbra is biztos\u00edtani, hogy a RoboBraille szolg\u00e1ltat\u00e1s ingyenesen el\u00e9rhet\u0151 legyen minden egyes nem kereskedelmi felhaszn\u00e1l\u00f3 sz\u00e1m\u00e1ra. Az Adom\u00e1ny gomb haszn\u00e1lat\u00e1val Paypall-on vagy hitelk\u00e1rty\u00e1n kereszt\u00fcl adom\u00e1nyozhat. Nagyra \u00e9rt\u00e9kelj\u00fck a t\u00e1mogat\u00e1s\u00e1t.&#13;<\/p>\n","protected":false},"author":4,"featured_media":0,"parent":0,"menu_order":0,"comment_status":"closed","ping_status":"closed","template":"","meta":{"site-sidebar-layout":"default","site-content-layout":"default","ast-site-content-layout":"default","site-content-style":"default","site-sidebar-style":"default","ast-global-header-display":"","ast-banner-title-visibility":"","ast-main-header-display":"","ast-hfb-above-header-display":"","ast-hfb-below-header-display":"","ast-hfb-mobile-header-display":"","site-post-title":"","ast-breadcrumbs-content":"","ast-featured-img":"","footer-sml-layout":"","ast-disable-related-posts":"","theme-transparent-header-meta":"default","adv-header-id-meta":"","stick-header-meta":"","header-above-stick-meta":"","header-main-stick-meta":"","header-below-stick-meta":"","astra-migrate-meta-layouts":"default","ast-page-background-enabled":"default","ast-page-background-meta":{"desktop":{"background-color":"","background-image":"","background-repeat":"repeat","background-position":"center center","background-size":"auto","background-attachment":"scroll","background-type":"","background-media":"","overlay-type":"","overlay-color":"","overlay-opacity":"","overlay-gradient":""},"tablet":{"background-color":"","background-image":"","background-repeat":"repeat","background-position":"center center","background-size":"auto","background-attachment":"scroll","background-type":"","background-media":"","overlay-type":"","overlay-color":"","overlay-opacity":"","overlay-gradient":""},"mobile":{"background-color":"","background-image":"","background-repeat":"repeat","background-position":"center center","background-size":"auto","background-attachment":"scroll","background-type":"","background-media":"","overlay-type":"","overlay-color":"","overlay-opacity":"","overlay-gradient":""}},"ast-content-background-meta":{"desktop":{"background-color":"var(--ast-global-color-5)","background-image":"","background-repeat":"repeat","background-position":"center center","background-size":"auto","background-attachment":"scroll","background-type":"","background-media":"","overlay-type":"","overlay-color":"","overlay-opacity":"","overlay-gradient":""},"tablet":{"background-color":"var(--ast-global-color-5)","background-image":"","background-repeat":"repeat","background-position":"center center","background-size":"auto","background-attachment":"scroll","background-type":"","background-media":"","overlay-type":"","overlay-color":"","overlay-opacity":"","overlay-gradient":""},"mobile":{"background-color":"var(--ast-global-color-5)","background-image":"","background-repeat":"repeat","background-position":"center center","background-size":"auto","background-attachment":"scroll","background-type":"","background-media":"","overlay-type":"","overlay-color":"","overlay-opacity":"","overlay-gradient":""}},"footnotes":""},"class_list":["post-939","page","type-page","status-publish","hentry"],"yoast_head":"<!-- This site is optimized with the Yoast SEO plugin v27.0 - https:\/\/yoast.com\/product\/yoast-seo-wordpress\/ -->\r\n<title>Adom\u00e1nyoz\u00e1s - RoboBraille<\/title>\r\n<meta name=\"robots\" content=\"index, follow, max-snippet:-1, max-image-preview:large, max-video-preview:-1\" \/>\r\n<link rel=\"canonical\" href=\"https:\/\/www.robobraille.org\/hu\/adomanyozas\/\" \/>\r\n<meta property=\"og:locale\" content=\"hu_HU\" \/>\r\n<meta property=\"og:type\" content=\"article\" \/>\r\n<meta property=\"og:title\" content=\"Adom\u00e1nyoz\u00e1s - RoboBraille\" \/>\r\n<meta property=\"og:description\" content=\"Adom\u00e1ny\u00e1val seg\u00edthet nek\u00fcnk tov\u00e1bbra is biztos\u00edtani, hogy a RoboBraille szolg\u00e1ltat\u00e1s ingyenesen el\u00e9rhet\u0151 legyen minden egyes nem kereskedelmi felhaszn\u00e1l\u00f3 sz\u00e1m\u00e1ra. Az Adom\u00e1ny gomb haszn\u00e1lat\u00e1val Paypall-on vagy hitelk\u00e1rty\u00e1n kereszt\u00fcl adom\u00e1nyozhat. Nagyra \u00e9rt\u00e9kelj\u00fck a t\u00e1mogat\u00e1s\u00e1t.&#013;\" \/>\r\n<meta property=\"og:url\" content=\"https:\/\/www.robobraille.org\/hu\/adomanyozas\/\" \/>\r\n<meta property=\"og:site_name\" content=\"RoboBraille\" \/>\r\n<meta property=\"article:modified_time\" content=\"2021-01-19T13:21:52+00:00\" \/>\r\n<meta name=\"twitter:card\" content=\"summary_large_image\" \/>\r\n<script type=\"application\/ld+json\" class=\"yoast-schema-graph\">{\"@context\":\"https:\/\/schema.org\",\"@graph\":[{\"@type\":\"WebPage\",\"@id\":\"https:\/\/www.robobraille.org\/hu\/adomanyozas\/\",\"url\":\"https:\/\/www.robobraille.org\/hu\/adomanyozas\/\",\"name\":\"Adom\u00e1nyoz\u00e1s - RoboBraille\",\"isPartOf\":{\"@id\":\"https:\/\/www.robobraille.org\/hu\/#website\"},\"datePublished\":\"2021-01-19T13:21:51+00:00\",\"dateModified\":\"2021-01-19T13:21:52+00:00\",\"breadcrumb\":{\"@id\":\"https:\/\/www.robobraille.org\/hu\/adomanyozas\/#breadcrumb\"},\"inLanguage\":\"hu\",\"potentialAction\":[{\"@type\":\"ReadAction\",\"target\":[\"https:\/\/www.robobraille.org\/hu\/adomanyozas\/\"]}]},{\"@type\":\"BreadcrumbList\",\"@id\":\"https:\/\/www.robobraille.org\/hu\/adomanyozas\/#breadcrumb\",\"itemListElement\":[{\"@type\":\"ListItem\",\"position\":1,\"name\":\"Home\",\"item\":\"https:\/\/www.robobraille.org\/hu\/\"},{\"@type\":\"ListItem\",\"position\":2,\"name\":\"Adom\u00e1nyoz\u00e1s\"}]},{\"@type\":\"WebSite\",\"@id\":\"https:\/\/www.robobraille.org\/hu\/#website\",\"url\":\"https:\/\/www.robobraille.org\/hu\/\",\"name\":\"RoboBraille\",\"description\":\"\",\"publisher\":{\"@id\":\"https:\/\/www.robobraille.org\/hu\/#organization\"},\"potentialAction\":[{\"@type\":\"SearchAction\",\"target\":{\"@type\":\"EntryPoint\",\"urlTemplate\":\"https:\/\/www.robobraille.org\/hu\/?s={search_term_string}\"},\"query-input\":{\"@type\":\"PropertyValueSpecification\",\"valueRequired\":true,\"valueName\":\"search_term_string\"}}],\"inLanguage\":\"hu\"},{\"@type\":\"Organization\",\"@id\":\"https:\/\/www.robobraille.org\/hu\/#organization\",\"name\":\"RoboBraille\",\"url\":\"https:\/\/www.robobraille.org\/hu\/\",\"logo\":{\"@type\":\"ImageObject\",\"inLanguage\":\"hu\",\"@id\":\"https:\/\/www.robobraille.org\/hu\/#\/schema\/logo\/image\/\",\"url\":\"https:\/\/www.robobraille.org\/wp-content\/uploads\/2020\/11\/RoboBraille.jpg\",\"contentUrl\":\"https:\/\/www.robobraille.org\/wp-content\/uploads\/2020\/11\/RoboBraille.jpg\",\"width\":340,\"height\":98,\"caption\":\"RoboBraille\"},\"image\":{\"@id\":\"https:\/\/www.robobraille.org\/hu\/#\/schema\/logo\/image\/\"}}]}<\/script>\r\n<!-- \/ Yoast SEO plugin. -->","yoast_head_json":{"title":"Adom\u00e1nyoz\u00e1s - RoboBraille","robots":{"index":"index","follow":"follow","max-snippet":"max-snippet:-1","max-image-preview":"max-image-preview:large","max-video-preview":"max-video-preview:-1"},"canonical":"https:\/\/www.robobraille.org\/hu\/adomanyozas\/","og_locale":"hu_HU","og_type":"article","og_title":"Adom\u00e1nyoz\u00e1s - RoboBraille","og_description":"Adom\u00e1ny\u00e1val seg\u00edthet nek\u00fcnk tov\u00e1bbra is biztos\u00edtani, hogy a RoboBraille szolg\u00e1ltat\u00e1s ingyenesen el\u00e9rhet\u0151 legyen minden egyes nem kereskedelmi felhaszn\u00e1l\u00f3 sz\u00e1m\u00e1ra. Az Adom\u00e1ny gomb haszn\u00e1lat\u00e1val Paypall-on vagy hitelk\u00e1rty\u00e1n kereszt\u00fcl adom\u00e1nyozhat. Nagyra \u00e9rt\u00e9kelj\u00fck a t\u00e1mogat\u00e1s\u00e1t.&#13;","og_url":"https:\/\/www.robobraille.org\/hu\/adomanyozas\/","og_site_name":"RoboBraille","article_modified_time":"2021-01-19T13:21:52+00:00","twitter_card":"summary_large_image","schema":{"@context":"https:\/\/schema.org","@graph":[{"@type":"WebPage","@id":"https:\/\/www.robobraille.org\/hu\/adomanyozas\/","url":"https:\/\/www.robobraille.org\/hu\/adomanyozas\/","name":"Adom\u00e1nyoz\u00e1s - RoboBraille","isPartOf":{"@id":"https:\/\/www.robobraille.org\/hu\/#website"},"datePublished":"2021-01-19T13:21:51+00:00","dateModified":"2021-01-19T13:21:52+00:00","breadcrumb":{"@id":"https:\/\/www.robobraille.org\/hu\/adomanyozas\/#breadcrumb"},"inLanguage":"hu","potentialAction":[{"@type":"ReadAction","target":["https:\/\/www.robobraille.org\/hu\/adomanyozas\/"]}]},{"@type":"BreadcrumbList","@id":"https:\/\/www.robobraille.org\/hu\/adomanyozas\/#breadcrumb","itemListElement":[{"@type":"ListItem","position":1,"name":"Home","item":"https:\/\/www.robobraille.org\/hu\/"},{"@type":"ListItem","position":2,"name":"Adom\u00e1nyoz\u00e1s"}]},{"@type":"WebSite","@id":"https:\/\/www.robobraille.org\/hu\/#website","url":"https:\/\/www.robobraille.org\/hu\/","name":"RoboBraille","description":"","publisher":{"@id":"https:\/\/www.robobraille.org\/hu\/#organization"},"potentialAction":[{"@type":"SearchAction","target":{"@type":"EntryPoint","urlTemplate":"https:\/\/www.robobraille.org\/hu\/?s={search_term_string}"},"query-input":{"@type":"PropertyValueSpecification","valueRequired":true,"valueName":"search_term_string"}}],"inLanguage":"hu"},{"@type":"Organization","@id":"https:\/\/www.robobraille.org\/hu\/#organization","name":"RoboBraille","url":"https:\/\/www.robobraille.org\/hu\/","logo":{"@type":"ImageObject","inLanguage":"hu","@id":"https:\/\/www.robobraille.org\/hu\/#\/schema\/logo\/image\/","url":"https:\/\/www.robobraille.org\/wp-content\/uploads\/2020\/11\/RoboBraille.jpg","contentUrl":"https:\/\/www.robobraille.org\/wp-content\/uploads\/2020\/11\/RoboBraille.jpg","width":340,"height":98,"caption":"RoboBraille"},"image":{"@id":"https:\/\/www.robobraille.org\/hu\/#\/schema\/logo\/image\/"}}]}},"_links":{"self":[{"href":"https:\/\/www.robobraille.org\/hu\/wp-json\/wp\/v2\/pages\/939","targetHints":{"allow":["GET"]}}],"collection":[{"href":"https:\/\/www.robobraille.org\/hu\/wp-json\/wp\/v2\/pages"}],"about":[{"href":"https:\/\/www.robobraille.org\/hu\/wp-json\/wp\/v2\/types\/page"}],"author":[{"embeddable":true,"href":"https:\/\/www.robobraille.org\/hu\/wp-json\/wp\/v2\/users\/4"}],"replies":[{"embeddable":true,"href":"https:\/\/www.robobraille.org\/hu\/wp-json\/wp\/v2\/comments?post=939"}],"version-history":[{"count":1,"href":"https:\/\/www.robobraille.org\/hu\/wp-json\/wp\/v2\/pages\/939\/revisions"}],"predecessor-version":[{"id":940,"href":"https:\/\/www.robobraille.org\/hu\/wp-json\/wp\/v2\/pages\/939\/revisions\/940"}],"wp:attachment":[{"href":"https:\/\/www.robobraille.org\/hu\/wp-json\/wp\/v2\/media?parent=939"}],"curies":[{"name":"wp","href":"https:\/\/api.w.org\/{rel}","templated":true}]}}