{"id":1059,"date":"2021-01-20T13:14:29","date_gmt":"2021-01-20T12:14:29","guid":{"rendered":"https:\/\/www.robobraille.org\/informacios-anyagok\/"},"modified":"2021-01-22T12:40:01","modified_gmt":"2021-01-22T11:40:01","slug":"informacios-anyagok","status":"publish","type":"page","link":"https:\/\/www.robobraille.org\/hu\/informacios-anyagok\/","title":{"rendered":"Inform\u00e1ci\u00f3s anyagok"},"content":{"rendered":"\n<p>Ezen az oldalon rengeteg inform\u00e1ci\u00f3 megtal\u00e1lhat\u00f3 a RoboBraille szolg\u00e1ltat\u00e1ssal kapcsolatban, bele\u00e9rtve a felhaszn\u00e1l\u00f3i \u00fatmutat\u00f3kat, bros\u00far\u00e1kat, tudom\u00e1nyos dolgozatokat, m\u0171szaki k\u00e9rd\u00e9sekkel kapcsolatos inform\u00e1ci\u00f3kat, log\u00f3kat, fot\u00f3kat \u00e9s sok m\u00e1s inform\u00e1ci\u00f3t.<\/p>\n\n<p>A forr\u00e1s megjel\u00f6l\u00e9s\u00e9vel ezek az inform\u00e1ci\u00f3k szabadon felhaszn\u00e1lhat\u00f3k k\u00e9pz\u00e9si c\u00e9lokra.&#13;\n&#13;\nPlease refer to the English site to access the resources<\/p>\n","protected":false},"excerpt":{"rendered":"<p>Ezen az oldalon rengeteg inform\u00e1ci\u00f3 megtal\u00e1lhat\u00f3 a RoboBraille szolg\u00e1ltat\u00e1ssal kapcsolatban, bele\u00e9rtve a felhaszn\u00e1l\u00f3i \u00fatmutat\u00f3kat, bros\u00far\u00e1kat, tudom\u00e1nyos dolgozatokat, m\u0171szaki k\u00e9rd\u00e9sekkel kapcsolatos inform\u00e1ci\u00f3kat, log\u00f3kat, fot\u00f3kat \u00e9s sok m\u00e1s inform\u00e1ci\u00f3t. A forr\u00e1s megjel\u00f6l\u00e9s\u00e9vel ezek az inform\u00e1ci\u00f3k szabadon felhaszn\u00e1lhat\u00f3k k\u00e9pz\u00e9si c\u00e9lokra.&#13; &#13; Please refer to the English site to access the resources<\/p>\n","protected":false},"author":4,"featured_media":0,"parent":0,"menu_order":0,"comment_status":"closed","ping_status":"closed","template":"","meta":{"site-sidebar-layout":"default","site-content-layout":"default","ast-site-content-layout":"default","site-content-style":"default","site-sidebar-style":"default","ast-global-header-display":"","ast-banner-title-visibility":"","ast-main-header-display":"","ast-hfb-above-header-display":"","ast-hfb-below-header-display":"","ast-hfb-mobile-header-display":"","site-post-title":"","ast-breadcrumbs-content":"","ast-featured-img":"","footer-sml-layout":"","ast-disable-related-posts":"","theme-transparent-header-meta":"default","adv-header-id-meta":"","stick-header-meta":"","header-above-stick-meta":"","header-main-stick-meta":"","header-below-stick-meta":"","astra-migrate-meta-layouts":"default","ast-page-background-enabled":"default","ast-page-background-meta":{"desktop":{"background-color":"","background-image":"","background-repeat":"repeat","background-position":"center center","background-size":"auto","background-attachment":"scroll","background-type":"","background-media":"","overlay-type":"","overlay-color":"","overlay-opacity":"","overlay-gradient":""},"tablet":{"background-color":"","background-image":"","background-repeat":"repeat","background-position":"center center","background-size":"auto","background-attachment":"scroll","background-type":"","background-media":"","overlay-type":"","overlay-color":"","overlay-opacity":"","overlay-gradient":""},"mobile":{"background-color":"","background-image":"","background-repeat":"repeat","background-position":"center center","background-size":"auto","background-attachment":"scroll","background-type":"","background-media":"","overlay-type":"","overlay-color":"","overlay-opacity":"","overlay-gradient":""}},"ast-content-background-meta":{"desktop":{"background-color":"var(--ast-global-color-5)","background-image":"","background-repeat":"repeat","background-position":"center center","background-size":"auto","background-attachment":"scroll","background-type":"","background-media":"","overlay-type":"","overlay-color":"","overlay-opacity":"","overlay-gradient":""},"tablet":{"background-color":"var(--ast-global-color-5)","background-image":"","background-repeat":"repeat","background-position":"center center","background-size":"auto","background-attachment":"scroll","background-type":"","background-media":"","overlay-type":"","overlay-color":"","overlay-opacity":"","overlay-gradient":""},"mobile":{"background-color":"var(--ast-global-color-5)","background-image":"","background-repeat":"repeat","background-position":"center center","background-size":"auto","background-attachment":"scroll","background-type":"","background-media":"","overlay-type":"","overlay-color":"","overlay-opacity":"","overlay-gradient":""}},"footnotes":""},"class_list":["post-1059","page","type-page","status-publish","hentry"],"yoast_head":"<!-- This site is optimized with the Yoast SEO plugin v27.0 - https:\/\/yoast.com\/product\/yoast-seo-wordpress\/ -->\r\n<title>Inform\u00e1ci\u00f3s anyagok - RoboBraille<\/title>\r\n<meta name=\"robots\" content=\"index, follow, max-snippet:-1, max-image-preview:large, max-video-preview:-1\" \/>\r\n<link rel=\"canonical\" href=\"https:\/\/www.robobraille.org\/hu\/informacios-anyagok\/\" \/>\r\n<meta property=\"og:locale\" content=\"hu_HU\" \/>\r\n<meta property=\"og:type\" content=\"article\" \/>\r\n<meta property=\"og:title\" content=\"Inform\u00e1ci\u00f3s anyagok - RoboBraille\" \/>\r\n<meta property=\"og:description\" content=\"Ezen az oldalon rengeteg inform\u00e1ci\u00f3 megtal\u00e1lhat\u00f3 a RoboBraille szolg\u00e1ltat\u00e1ssal kapcsolatban, bele\u00e9rtve a felhaszn\u00e1l\u00f3i \u00fatmutat\u00f3kat, bros\u00far\u00e1kat, tudom\u00e1nyos dolgozatokat, m\u0171szaki k\u00e9rd\u00e9sekkel kapcsolatos inform\u00e1ci\u00f3kat, log\u00f3kat, fot\u00f3kat \u00e9s sok m\u00e1s inform\u00e1ci\u00f3t. A forr\u00e1s megjel\u00f6l\u00e9s\u00e9vel ezek az inform\u00e1ci\u00f3k szabadon felhaszn\u00e1lhat\u00f3k k\u00e9pz\u00e9si c\u00e9lokra.&#013; &#013; Please refer to the English site to access the resources\" \/>\r\n<meta property=\"og:url\" content=\"https:\/\/www.robobraille.org\/hu\/informacios-anyagok\/\" \/>\r\n<meta property=\"og:site_name\" content=\"RoboBraille\" \/>\r\n<meta property=\"article:modified_time\" content=\"2021-01-22T11:40:01+00:00\" \/>\r\n<meta name=\"twitter:card\" content=\"summary_large_image\" \/>\r\n<script type=\"application\/ld+json\" class=\"yoast-schema-graph\">{\"@context\":\"https:\/\/schema.org\",\"@graph\":[{\"@type\":\"WebPage\",\"@id\":\"https:\/\/www.robobraille.org\/hu\/informacios-anyagok\/\",\"url\":\"https:\/\/www.robobraille.org\/hu\/informacios-anyagok\/\",\"name\":\"Inform\u00e1ci\u00f3s anyagok - RoboBraille\",\"isPartOf\":{\"@id\":\"https:\/\/www.robobraille.org\/hu\/#website\"},\"datePublished\":\"2021-01-20T12:14:29+00:00\",\"dateModified\":\"2021-01-22T11:40:01+00:00\",\"breadcrumb\":{\"@id\":\"https:\/\/www.robobraille.org\/hu\/informacios-anyagok\/#breadcrumb\"},\"inLanguage\":\"hu\",\"potentialAction\":[{\"@type\":\"ReadAction\",\"target\":[\"https:\/\/www.robobraille.org\/hu\/informacios-anyagok\/\"]}]},{\"@type\":\"BreadcrumbList\",\"@id\":\"https:\/\/www.robobraille.org\/hu\/informacios-anyagok\/#breadcrumb\",\"itemListElement\":[{\"@type\":\"ListItem\",\"position\":1,\"name\":\"Home\",\"item\":\"https:\/\/www.robobraille.org\/hu\/\"},{\"@type\":\"ListItem\",\"position\":2,\"name\":\"Inform\u00e1ci\u00f3s anyagok\"}]},{\"@type\":\"WebSite\",\"@id\":\"https:\/\/www.robobraille.org\/hu\/#website\",\"url\":\"https:\/\/www.robobraille.org\/hu\/\",\"name\":\"RoboBraille\",\"description\":\"\",\"publisher\":{\"@id\":\"https:\/\/www.robobraille.org\/hu\/#organization\"},\"potentialAction\":[{\"@type\":\"SearchAction\",\"target\":{\"@type\":\"EntryPoint\",\"urlTemplate\":\"https:\/\/www.robobraille.org\/hu\/?s={search_term_string}\"},\"query-input\":{\"@type\":\"PropertyValueSpecification\",\"valueRequired\":true,\"valueName\":\"search_term_string\"}}],\"inLanguage\":\"hu\"},{\"@type\":\"Organization\",\"@id\":\"https:\/\/www.robobraille.org\/hu\/#organization\",\"name\":\"RoboBraille\",\"url\":\"https:\/\/www.robobraille.org\/hu\/\",\"logo\":{\"@type\":\"ImageObject\",\"inLanguage\":\"hu\",\"@id\":\"https:\/\/www.robobraille.org\/hu\/#\/schema\/logo\/image\/\",\"url\":\"https:\/\/www.robobraille.org\/wp-content\/uploads\/2020\/11\/RoboBraille.jpg\",\"contentUrl\":\"https:\/\/www.robobraille.org\/wp-content\/uploads\/2020\/11\/RoboBraille.jpg\",\"width\":340,\"height\":98,\"caption\":\"RoboBraille\"},\"image\":{\"@id\":\"https:\/\/www.robobraille.org\/hu\/#\/schema\/logo\/image\/\"}}]}<\/script>\r\n<!-- \/ Yoast SEO plugin. -->","yoast_head_json":{"title":"Inform\u00e1ci\u00f3s anyagok - RoboBraille","robots":{"index":"index","follow":"follow","max-snippet":"max-snippet:-1","max-image-preview":"max-image-preview:large","max-video-preview":"max-video-preview:-1"},"canonical":"https:\/\/www.robobraille.org\/hu\/informacios-anyagok\/","og_locale":"hu_HU","og_type":"article","og_title":"Inform\u00e1ci\u00f3s anyagok - RoboBraille","og_description":"Ezen az oldalon rengeteg inform\u00e1ci\u00f3 megtal\u00e1lhat\u00f3 a RoboBraille szolg\u00e1ltat\u00e1ssal kapcsolatban, bele\u00e9rtve a felhaszn\u00e1l\u00f3i \u00fatmutat\u00f3kat, bros\u00far\u00e1kat, tudom\u00e1nyos dolgozatokat, m\u0171szaki k\u00e9rd\u00e9sekkel kapcsolatos inform\u00e1ci\u00f3kat, log\u00f3kat, fot\u00f3kat \u00e9s sok m\u00e1s inform\u00e1ci\u00f3t. A forr\u00e1s megjel\u00f6l\u00e9s\u00e9vel ezek az inform\u00e1ci\u00f3k szabadon felhaszn\u00e1lhat\u00f3k k\u00e9pz\u00e9si c\u00e9lokra.&#13; &#13; Please refer to the English site to access the resources","og_url":"https:\/\/www.robobraille.org\/hu\/informacios-anyagok\/","og_site_name":"RoboBraille","article_modified_time":"2021-01-22T11:40:01+00:00","twitter_card":"summary_large_image","schema":{"@context":"https:\/\/schema.org","@graph":[{"@type":"WebPage","@id":"https:\/\/www.robobraille.org\/hu\/informacios-anyagok\/","url":"https:\/\/www.robobraille.org\/hu\/informacios-anyagok\/","name":"Inform\u00e1ci\u00f3s anyagok - RoboBraille","isPartOf":{"@id":"https:\/\/www.robobraille.org\/hu\/#website"},"datePublished":"2021-01-20T12:14:29+00:00","dateModified":"2021-01-22T11:40:01+00:00","breadcrumb":{"@id":"https:\/\/www.robobraille.org\/hu\/informacios-anyagok\/#breadcrumb"},"inLanguage":"hu","potentialAction":[{"@type":"ReadAction","target":["https:\/\/www.robobraille.org\/hu\/informacios-anyagok\/"]}]},{"@type":"BreadcrumbList","@id":"https:\/\/www.robobraille.org\/hu\/informacios-anyagok\/#breadcrumb","itemListElement":[{"@type":"ListItem","position":1,"name":"Home","item":"https:\/\/www.robobraille.org\/hu\/"},{"@type":"ListItem","position":2,"name":"Inform\u00e1ci\u00f3s anyagok"}]},{"@type":"WebSite","@id":"https:\/\/www.robobraille.org\/hu\/#website","url":"https:\/\/www.robobraille.org\/hu\/","name":"RoboBraille","description":"","publisher":{"@id":"https:\/\/www.robobraille.org\/hu\/#organization"},"potentialAction":[{"@type":"SearchAction","target":{"@type":"EntryPoint","urlTemplate":"https:\/\/www.robobraille.org\/hu\/?s={search_term_string}"},"query-input":{"@type":"PropertyValueSpecification","valueRequired":true,"valueName":"search_term_string"}}],"inLanguage":"hu"},{"@type":"Organization","@id":"https:\/\/www.robobraille.org\/hu\/#organization","name":"RoboBraille","url":"https:\/\/www.robobraille.org\/hu\/","logo":{"@type":"ImageObject","inLanguage":"hu","@id":"https:\/\/www.robobraille.org\/hu\/#\/schema\/logo\/image\/","url":"https:\/\/www.robobraille.org\/wp-content\/uploads\/2020\/11\/RoboBraille.jpg","contentUrl":"https:\/\/www.robobraille.org\/wp-content\/uploads\/2020\/11\/RoboBraille.jpg","width":340,"height":98,"caption":"RoboBraille"},"image":{"@id":"https:\/\/www.robobraille.org\/hu\/#\/schema\/logo\/image\/"}}]}},"_links":{"self":[{"href":"https:\/\/www.robobraille.org\/hu\/wp-json\/wp\/v2\/pages\/1059","targetHints":{"allow":["GET"]}}],"collection":[{"href":"https:\/\/www.robobraille.org\/hu\/wp-json\/wp\/v2\/pages"}],"about":[{"href":"https:\/\/www.robobraille.org\/hu\/wp-json\/wp\/v2\/types\/page"}],"author":[{"embeddable":true,"href":"https:\/\/www.robobraille.org\/hu\/wp-json\/wp\/v2\/users\/4"}],"replies":[{"embeddable":true,"href":"https:\/\/www.robobraille.org\/hu\/wp-json\/wp\/v2\/comments?post=1059"}],"version-history":[{"count":3,"href":"https:\/\/www.robobraille.org\/hu\/wp-json\/wp\/v2\/pages\/1059\/revisions"}],"predecessor-version":[{"id":1749,"href":"https:\/\/www.robobraille.org\/hu\/wp-json\/wp\/v2\/pages\/1059\/revisions\/1749"}],"wp:attachment":[{"href":"https:\/\/www.robobraille.org\/hu\/wp-json\/wp\/v2\/media?parent=1059"}],"curies":[{"name":"wp","href":"https:\/\/api.w.org\/{rel}","templated":true}]}}