{"id":1029,"date":"2021-01-20T12:28:10","date_gmt":"2021-01-20T11:28:10","guid":{"rendered":"https:\/\/www.robobraille.org\/adatvedelem-es-iranyelvek\/"},"modified":"2021-01-20T12:28:10","modified_gmt":"2021-01-20T11:28:10","slug":"adatvedelem-es-iranyelvek","status":"publish","type":"page","link":"https:\/\/www.robobraille.org\/hu\/adatvedelem-es-iranyelvek\/","title":{"rendered":"Adatv\u00e9delem \u00e9s ir\u00e1nyelvek"},"content":{"rendered":"\n<h2 class=\"wp-block-heading\">Adatv\u00e9delem<\/h2>\n\n<p>A RoboBraille szolg\u00e1ltat\u00e1s \u00e1ltal v\u00e9gzett dokumentum-konverzi\u00f3 teljesen automatikusan, emberi beavatkoz\u00e1s n\u00e9lk\u00fcl t\u00f6rt\u00e9nik. A forr\u00e1sdokumentumok elk\u00fcld\u00e9sre ker\u00fclnek az e-mail szerver\u00fcnkre, egy vagy t\u00f6bb RoboBraille folyamat feldolgozza a dokumentumot, majd ezt k\u00f6vet\u0151en a dokumentum a felhaszn\u00e1l\u00f3 \u00e1ltal megadott e-mail c\u00edmre ker\u00fcl elk\u00fcld\u00e9sre. A forr\u00e1s dokumentum ezut\u00e1n a szerver\u00fcnkr\u0151l t\u00f6rl\u00e9sre ker\u00fcl.<\/p>\n\n<p>A tranzakci\u00f3s adatokat r\u00f6gz\u00edt\u0151 rekordokat statisztikai c\u00e9lb\u00f3l \u00e9s a k\u00e9retlen levelek elleni v\u00e9dekez\u00e9s miatt t\u00e1roljuk.<\/p>\n\n<p> <\/p>\n\n<p> <\/p>\n\n<p> <\/p>\n\n<p> <\/p>\n\n<h2 class=\"wp-block-heading\">Ir\u00e1nyelvek<\/h2>\n\n<p>A RoboBraille biztos\u00edtani szeretn\u00e9 a szolg\u00e1ltat\u00e1s leg\u00e1lis haszn\u00e1lat\u00e1t. A szolg\u00e1ltat\u00e1s ig\u00e9nybev\u00e9tele miatt sem a Synscenter Refsn\u00e6s, sem a Sensus c\u00e9g, mint szolg\u00e1ltat\u00f3 nem v\u00e1llalja a felel\u0151ss\u00e9get a k\u00f6zvetlen \u00e9s \/ vagy k\u00f6zvetett vesztes\u00e9g\u00e9rt. A szolg\u00e1ltat\u00f3k felt\u00e9telezik, hogy a felhaszn\u00e1l\u00f3k a megfelel\u0151 jogok birtok\u00e1ban k\u00fcldenek el minden olyan dokumentumot, melyekkel kapcsolatban ig\u00e9nybeveszik a szolg\u00e1ltat\u00e1st. A szolg\u00e1ltat\u00f3k felt\u00e9telezik, hogy a felhaszn\u00e1l\u00f3k a szolg\u00e1ltat\u00e1s ig\u00e9nybev\u00e9telekor ezen ir\u00e1nyelveknek megfelel\u0151en j\u00e1rnak el.<\/p>\n\n<p>A RoboBraille ingyenesen hozz\u00e1f\u00e9rhet\u0151 az egy\u00e9ni felhaszn\u00e1l\u00f3k sz\u00e1m\u00e1ra, szigor\u00faan nem kereskedelmi alapon. Int\u00e9zm\u00e9nyi felhaszn\u00e1l\u00f3k sz\u00e1m\u00e1ra (egyetemek, iskol\u00e1k) a szolg\u00e1ltat\u00e1s ingyenesen el\u00e9rhet\u0151 egy szem\u00e9lyre szabott fel\u00fcleten, hogy a di\u00e1kok, az alkalmazottak, az \u00fcgyfelek \u00e9s m\u00e1sok haszn\u00e1lhass\u00e1k a szolg\u00e1ltat\u00e1st. A szolg\u00e1ltat\u00e1si szerz\u0151d\u00e9s megk\u00f6t\u00e9se \u00e9rdek\u00e9ben vegye fel a kapcsolatot a Sensus c\u00e9ggel a <a href=\"https:\/\/web.archive.org\/web\/20200814182816\/mailto:contact@robobraille.org\">contact@robobraille.org<\/a> e-mail c\u00edmen.<\/p>\n\n<p>A szolg\u00e1ltat\u00e1st tov\u00e1bb-\u00e9rt\u00e9kes\u00edteni, kereskedelmi c\u00e9lb\u00f3l haszn\u00e1lni enged\u00e9ly n\u00e9lk\u00fcl szigor\u00faan tilos. Jogi l\u00e9p\u00e9seket kell tenn\u00fcnk, ha a vissza\u00e9l\u00e9s s\u00e9rti a weboldalon felt\u00fcntetett ir\u00e1nyelveket.<\/p>\n","protected":false},"excerpt":{"rendered":"<p>Adatv\u00e9delem A RoboBraille szolg\u00e1ltat\u00e1s \u00e1ltal v\u00e9gzett dokumentum-konverzi\u00f3 teljesen automatikusan, emberi beavatkoz\u00e1s n\u00e9lk\u00fcl t\u00f6rt\u00e9nik. A forr\u00e1sdokumentumok elk\u00fcld\u00e9sre ker\u00fclnek az e-mail szerver\u00fcnkre, egy vagy t\u00f6bb RoboBraille folyamat feldolgozza a dokumentumot, majd ezt k\u00f6vet\u0151en a dokumentum a felhaszn\u00e1l\u00f3 \u00e1ltal megadott e-mail c\u00edmre ker\u00fcl elk\u00fcld\u00e9sre. A forr\u00e1s dokumentum ezut\u00e1n a szerver\u00fcnkr\u0151l t\u00f6rl\u00e9sre ker\u00fcl. A tranzakci\u00f3s adatokat r\u00f6gz\u00edt\u0151 rekordokat statisztikai [&hellip;]<\/p>\n","protected":false},"author":4,"featured_media":0,"parent":0,"menu_order":0,"comment_status":"closed","ping_status":"closed","template":"","meta":{"site-sidebar-layout":"default","site-content-layout":"default","ast-site-content-layout":"default","site-content-style":"default","site-sidebar-style":"default","ast-global-header-display":"","ast-banner-title-visibility":"","ast-main-header-display":"","ast-hfb-above-header-display":"","ast-hfb-below-header-display":"","ast-hfb-mobile-header-display":"","site-post-title":"","ast-breadcrumbs-content":"","ast-featured-img":"","footer-sml-layout":"","ast-disable-related-posts":"","theme-transparent-header-meta":"default","adv-header-id-meta":"","stick-header-meta":"","header-above-stick-meta":"","header-main-stick-meta":"","header-below-stick-meta":"","astra-migrate-meta-layouts":"default","ast-page-background-enabled":"default","ast-page-background-meta":{"desktop":{"background-color":"","background-image":"","background-repeat":"repeat","background-position":"center center","background-size":"auto","background-attachment":"scroll","background-type":"","background-media":"","overlay-type":"","overlay-color":"","overlay-opacity":"","overlay-gradient":""},"tablet":{"background-color":"","background-image":"","background-repeat":"repeat","background-position":"center center","background-size":"auto","background-attachment":"scroll","background-type":"","background-media":"","overlay-type":"","overlay-color":"","overlay-opacity":"","overlay-gradient":""},"mobile":{"background-color":"","background-image":"","background-repeat":"repeat","background-position":"center center","background-size":"auto","background-attachment":"scroll","background-type":"","background-media":"","overlay-type":"","overlay-color":"","overlay-opacity":"","overlay-gradient":""}},"ast-content-background-meta":{"desktop":{"background-color":"var(--ast-global-color-5)","background-image":"","background-repeat":"repeat","background-position":"center center","background-size":"auto","background-attachment":"scroll","background-type":"","background-media":"","overlay-type":"","overlay-color":"","overlay-opacity":"","overlay-gradient":""},"tablet":{"background-color":"var(--ast-global-color-5)","background-image":"","background-repeat":"repeat","background-position":"center center","background-size":"auto","background-attachment":"scroll","background-type":"","background-media":"","overlay-type":"","overlay-color":"","overlay-opacity":"","overlay-gradient":""},"mobile":{"background-color":"var(--ast-global-color-5)","background-image":"","background-repeat":"repeat","background-position":"center center","background-size":"auto","background-attachment":"scroll","background-type":"","background-media":"","overlay-type":"","overlay-color":"","overlay-opacity":"","overlay-gradient":""}},"footnotes":""},"class_list":["post-1029","page","type-page","status-publish","hentry"],"yoast_head":"<!-- This site is optimized with the Yoast SEO plugin v27.0 - https:\/\/yoast.com\/product\/yoast-seo-wordpress\/ -->\r\n<title>Adatv\u00e9delem \u00e9s ir\u00e1nyelvek - RoboBraille<\/title>\r\n<meta name=\"robots\" content=\"index, follow, max-snippet:-1, max-image-preview:large, max-video-preview:-1\" \/>\r\n<link rel=\"canonical\" href=\"https:\/\/www.robobraille.org\/hu\/adatvedelem-es-iranyelvek\/\" \/>\r\n<meta property=\"og:locale\" content=\"hu_HU\" \/>\r\n<meta property=\"og:type\" content=\"article\" \/>\r\n<meta property=\"og:title\" content=\"Adatv\u00e9delem \u00e9s ir\u00e1nyelvek - RoboBraille\" \/>\r\n<meta property=\"og:description\" content=\"Adatv\u00e9delem A RoboBraille szolg\u00e1ltat\u00e1s \u00e1ltal v\u00e9gzett dokumentum-konverzi\u00f3 teljesen automatikusan, emberi beavatkoz\u00e1s n\u00e9lk\u00fcl t\u00f6rt\u00e9nik. A forr\u00e1sdokumentumok elk\u00fcld\u00e9sre ker\u00fclnek az e-mail szerver\u00fcnkre, egy vagy t\u00f6bb RoboBraille folyamat feldolgozza a dokumentumot, majd ezt k\u00f6vet\u0151en a dokumentum a felhaszn\u00e1l\u00f3 \u00e1ltal megadott e-mail c\u00edmre ker\u00fcl elk\u00fcld\u00e9sre. A forr\u00e1s dokumentum ezut\u00e1n a szerver\u00fcnkr\u0151l t\u00f6rl\u00e9sre ker\u00fcl. A tranzakci\u00f3s adatokat r\u00f6gz\u00edt\u0151 rekordokat statisztikai [&hellip;]\" \/>\r\n<meta property=\"og:url\" content=\"https:\/\/www.robobraille.org\/hu\/adatvedelem-es-iranyelvek\/\" \/>\r\n<meta property=\"og:site_name\" content=\"RoboBraille\" \/>\r\n<meta name=\"twitter:card\" content=\"summary_large_image\" \/>\r\n<meta name=\"twitter:label1\" content=\"Becs\u00fclt olvas\u00e1si id\u0151\" \/>\n\t<meta name=\"twitter:data1\" content=\"2 perc\" \/>\r\n<script type=\"application\/ld+json\" class=\"yoast-schema-graph\">{\"@context\":\"https:\/\/schema.org\",\"@graph\":[{\"@type\":\"WebPage\",\"@id\":\"https:\/\/www.robobraille.org\/hu\/adatvedelem-es-iranyelvek\/\",\"url\":\"https:\/\/www.robobraille.org\/hu\/adatvedelem-es-iranyelvek\/\",\"name\":\"Adatv\u00e9delem \u00e9s ir\u00e1nyelvek - RoboBraille\",\"isPartOf\":{\"@id\":\"https:\/\/www.robobraille.org\/hu\/#website\"},\"datePublished\":\"2021-01-20T11:28:10+00:00\",\"breadcrumb\":{\"@id\":\"https:\/\/www.robobraille.org\/hu\/adatvedelem-es-iranyelvek\/#breadcrumb\"},\"inLanguage\":\"hu\",\"potentialAction\":[{\"@type\":\"ReadAction\",\"target\":[\"https:\/\/www.robobraille.org\/hu\/adatvedelem-es-iranyelvek\/\"]}]},{\"@type\":\"BreadcrumbList\",\"@id\":\"https:\/\/www.robobraille.org\/hu\/adatvedelem-es-iranyelvek\/#breadcrumb\",\"itemListElement\":[{\"@type\":\"ListItem\",\"position\":1,\"name\":\"Home\",\"item\":\"https:\/\/www.robobraille.org\/hu\/\"},{\"@type\":\"ListItem\",\"position\":2,\"name\":\"Adatv\u00e9delem \u00e9s ir\u00e1nyelvek\"}]},{\"@type\":\"WebSite\",\"@id\":\"https:\/\/www.robobraille.org\/hu\/#website\",\"url\":\"https:\/\/www.robobraille.org\/hu\/\",\"name\":\"RoboBraille\",\"description\":\"\",\"publisher\":{\"@id\":\"https:\/\/www.robobraille.org\/hu\/#organization\"},\"potentialAction\":[{\"@type\":\"SearchAction\",\"target\":{\"@type\":\"EntryPoint\",\"urlTemplate\":\"https:\/\/www.robobraille.org\/hu\/?s={search_term_string}\"},\"query-input\":{\"@type\":\"PropertyValueSpecification\",\"valueRequired\":true,\"valueName\":\"search_term_string\"}}],\"inLanguage\":\"hu\"},{\"@type\":\"Organization\",\"@id\":\"https:\/\/www.robobraille.org\/hu\/#organization\",\"name\":\"RoboBraille\",\"url\":\"https:\/\/www.robobraille.org\/hu\/\",\"logo\":{\"@type\":\"ImageObject\",\"inLanguage\":\"hu\",\"@id\":\"https:\/\/www.robobraille.org\/hu\/#\/schema\/logo\/image\/\",\"url\":\"https:\/\/www.robobraille.org\/wp-content\/uploads\/2020\/11\/RoboBraille.jpg\",\"contentUrl\":\"https:\/\/www.robobraille.org\/wp-content\/uploads\/2020\/11\/RoboBraille.jpg\",\"width\":340,\"height\":98,\"caption\":\"RoboBraille\"},\"image\":{\"@id\":\"https:\/\/www.robobraille.org\/hu\/#\/schema\/logo\/image\/\"}}]}<\/script>\r\n<!-- \/ Yoast SEO plugin. -->","yoast_head_json":{"title":"Adatv\u00e9delem \u00e9s ir\u00e1nyelvek - RoboBraille","robots":{"index":"index","follow":"follow","max-snippet":"max-snippet:-1","max-image-preview":"max-image-preview:large","max-video-preview":"max-video-preview:-1"},"canonical":"https:\/\/www.robobraille.org\/hu\/adatvedelem-es-iranyelvek\/","og_locale":"hu_HU","og_type":"article","og_title":"Adatv\u00e9delem \u00e9s ir\u00e1nyelvek - RoboBraille","og_description":"Adatv\u00e9delem A RoboBraille szolg\u00e1ltat\u00e1s \u00e1ltal v\u00e9gzett dokumentum-konverzi\u00f3 teljesen automatikusan, emberi beavatkoz\u00e1s n\u00e9lk\u00fcl t\u00f6rt\u00e9nik. A forr\u00e1sdokumentumok elk\u00fcld\u00e9sre ker\u00fclnek az e-mail szerver\u00fcnkre, egy vagy t\u00f6bb RoboBraille folyamat feldolgozza a dokumentumot, majd ezt k\u00f6vet\u0151en a dokumentum a felhaszn\u00e1l\u00f3 \u00e1ltal megadott e-mail c\u00edmre ker\u00fcl elk\u00fcld\u00e9sre. A forr\u00e1s dokumentum ezut\u00e1n a szerver\u00fcnkr\u0151l t\u00f6rl\u00e9sre ker\u00fcl. A tranzakci\u00f3s adatokat r\u00f6gz\u00edt\u0151 rekordokat statisztikai [&hellip;]","og_url":"https:\/\/www.robobraille.org\/hu\/adatvedelem-es-iranyelvek\/","og_site_name":"RoboBraille","twitter_card":"summary_large_image","twitter_misc":{"Becs\u00fclt olvas\u00e1si id\u0151":"2 perc"},"schema":{"@context":"https:\/\/schema.org","@graph":[{"@type":"WebPage","@id":"https:\/\/www.robobraille.org\/hu\/adatvedelem-es-iranyelvek\/","url":"https:\/\/www.robobraille.org\/hu\/adatvedelem-es-iranyelvek\/","name":"Adatv\u00e9delem \u00e9s ir\u00e1nyelvek - RoboBraille","isPartOf":{"@id":"https:\/\/www.robobraille.org\/hu\/#website"},"datePublished":"2021-01-20T11:28:10+00:00","breadcrumb":{"@id":"https:\/\/www.robobraille.org\/hu\/adatvedelem-es-iranyelvek\/#breadcrumb"},"inLanguage":"hu","potentialAction":[{"@type":"ReadAction","target":["https:\/\/www.robobraille.org\/hu\/adatvedelem-es-iranyelvek\/"]}]},{"@type":"BreadcrumbList","@id":"https:\/\/www.robobraille.org\/hu\/adatvedelem-es-iranyelvek\/#breadcrumb","itemListElement":[{"@type":"ListItem","position":1,"name":"Home","item":"https:\/\/www.robobraille.org\/hu\/"},{"@type":"ListItem","position":2,"name":"Adatv\u00e9delem \u00e9s ir\u00e1nyelvek"}]},{"@type":"WebSite","@id":"https:\/\/www.robobraille.org\/hu\/#website","url":"https:\/\/www.robobraille.org\/hu\/","name":"RoboBraille","description":"","publisher":{"@id":"https:\/\/www.robobraille.org\/hu\/#organization"},"potentialAction":[{"@type":"SearchAction","target":{"@type":"EntryPoint","urlTemplate":"https:\/\/www.robobraille.org\/hu\/?s={search_term_string}"},"query-input":{"@type":"PropertyValueSpecification","valueRequired":true,"valueName":"search_term_string"}}],"inLanguage":"hu"},{"@type":"Organization","@id":"https:\/\/www.robobraille.org\/hu\/#organization","name":"RoboBraille","url":"https:\/\/www.robobraille.org\/hu\/","logo":{"@type":"ImageObject","inLanguage":"hu","@id":"https:\/\/www.robobraille.org\/hu\/#\/schema\/logo\/image\/","url":"https:\/\/www.robobraille.org\/wp-content\/uploads\/2020\/11\/RoboBraille.jpg","contentUrl":"https:\/\/www.robobraille.org\/wp-content\/uploads\/2020\/11\/RoboBraille.jpg","width":340,"height":98,"caption":"RoboBraille"},"image":{"@id":"https:\/\/www.robobraille.org\/hu\/#\/schema\/logo\/image\/"}}]}},"_links":{"self":[{"href":"https:\/\/www.robobraille.org\/hu\/wp-json\/wp\/v2\/pages\/1029","targetHints":{"allow":["GET"]}}],"collection":[{"href":"https:\/\/www.robobraille.org\/hu\/wp-json\/wp\/v2\/pages"}],"about":[{"href":"https:\/\/www.robobraille.org\/hu\/wp-json\/wp\/v2\/types\/page"}],"author":[{"embeddable":true,"href":"https:\/\/www.robobraille.org\/hu\/wp-json\/wp\/v2\/users\/4"}],"replies":[{"embeddable":true,"href":"https:\/\/www.robobraille.org\/hu\/wp-json\/wp\/v2\/comments?post=1029"}],"version-history":[{"count":1,"href":"https:\/\/www.robobraille.org\/hu\/wp-json\/wp\/v2\/pages\/1029\/revisions"}],"predecessor-version":[{"id":1030,"href":"https:\/\/www.robobraille.org\/hu\/wp-json\/wp\/v2\/pages\/1029\/revisions\/1030"}],"wp:attachment":[{"href":"https:\/\/www.robobraille.org\/hu\/wp-json\/wp\/v2\/media?parent=1029"}],"curies":[{"name":"wp","href":"https:\/\/api.w.org\/{rel}","templated":true}]}}