{"id":979,"date":"2021-01-20T10:26:00","date_gmt":"2021-01-20T09:26:00","guid":{"rendered":"https:\/\/www.robobraille.org\/introduccion-a-robobraille\/"},"modified":"2021-01-20T10:26:01","modified_gmt":"2021-01-20T09:26:01","slug":"introduccion-a-robobraille","status":"publish","type":"page","link":"https:\/\/www.robobraille.org\/es\/introduccion-a-robobraille\/","title":{"rendered":"Introducci\u00f3n a RoboBraille"},"content":{"rendered":"\n<p>RoboBraille es un servicio que funciona a trav\u00e9s de correo electr\u00f3nico capaz de transformar documentos autom\u00e1ticamente a una variedad de formatos alternativos para personas con limitaciones de visi\u00f3n y lectura.<\/p>\n\n<p>RoboBraille est\u00e1 disponible las 24 horas al d\u00eda, los 7 d\u00edas de la semana, como una soluci\u00f3n de autoservicio, gratis para todos los usuarios individuales y no comerciales, quienes no necesitan registrarse para usar el servicio. El objetivo es apoyar y promover la autosuficiencia de las personas con necesidades especiales, tanto en el sistema educacional como en el campo laboral. Como un beneficio adicional, RoboBraille ayuda a proteger la privacidad de aquellos que necesitan materiales en formatos alternativos.<\/p>\n\n<p>Para uso institucional, la interfaz RoboBraille est\u00e1 disponible en versiones personalizadas para instituciones acad\u00e9micas y otras organizaciones que deseen incluirlo en sus sitios web. Las capacidades de conversi\u00f3n de documentos de RoboBraille tambi\u00e9n se pueden integrar en sistemas de bibliotecas y LMS (plataformas de cursos), con el fin de apoyar a los usuarios que tengan necesidades especiales. El uso institucional tiene un cargo de subscripci\u00f3n.<\/p>\n\n<p>RoboBraille es desarrollado en conjunto por <a href=\"https:\/\/web.archive.org\/web\/20200922082643\/https:\/\/synref.dk\/\">Synscenter Refsn\u00e6s<\/a> (Centro Nacional de Ni\u00f1os y J\u00f3venes con Discapacidad Visual en Dinamarca) y <a href=\"https:\/\/web.archive.org\/web\/20200817021153\/https:\/\/sensus.dk\/da\">Sensus ApS<\/a>. Desde su lanzamiento en 2004, RoboBraille ha ganado varios premios internacionales, incluyendo el premio <a href=\"https:\/\/web.archive.org\/web\/20190413214712\/http:\/\/www.wise-qatar.org\/robobraille-denmark\">WISE 2012 por inclusi\u00f3n en educaci\u00f3n<\/a>, el premio <a href=\"https:\/\/web.archive.org\/web\/20190422014456\/https:\/\/www.theguardian.com\/resource\/winners-and-finalists\">BETT 2010 por mejor soluci\u00f3n de educaci\u00f3n para necesidades especiales<\/a> y el premio premio 2008 e-Inclusi\u00f3n de la Comisi\u00f3n Europea para accesibilidad inform\u00e1tica.<\/p>\n\n<p>RoboBraille es parte de la iniciativa de <a href=\"https:\/\/web.archive.org\/web\/20200923114103\/https:\/\/www.raisingthefloor.org\/\">Raising the Floor<\/a> para mejorar la accesibilidad y aumentar la inclusi\u00f3n. RoboBraille Tambi\u00e9n es un miembro asociado del <a href=\"https:\/\/web.archive.org\/web\/20200923013022\/https:\/\/daisy.org\/\">Daisy Consortium<\/a>.<\/p>\n\n<p>RoboBraille ofrece cuatro categor\u00edas diferentes de servicio:<\/p>\n\n<ul class=\"wp-block-list\"><li>Servicios de braille<\/li><li>Servicios de audio<\/li><li>Servicios de libros electr\u00f3nicos<\/li><li>Servicios de accesibilidad<\/li><\/ul>\n\n<h2 class=\"wp-block-heading\">Servicios de braille<\/h2>\n\n<p>Transcripci\u00f3n de documentos a y desde braille contra\u00eddo y no contra\u00eddo seg\u00fan los c\u00f3digos de braille del dan\u00e9s, ingl\u00e9s brit\u00e1nico, ingl\u00e9s americano, italiano, franc\u00e9s, griego, alem\u00e1n, island\u00e9s, noruego, portugu\u00e9s, esloveno y espa\u00f1ol. Luego, los documentos pueden ser formateados y paginados, y entregados en archivos listos para grabar en una variedad de  formatos braille digitales.<\/p>\n\n<h2 class=\"wp-block-heading\">Servicios de audio<\/h2>\n\n<p>Conversi\u00f3n a archivos mp3 simples as\u00ed como a libros parlantes Daisy, incluyendo libros Daisy con matem\u00e1tica oral. Entre las caracter\u00edsticas actuales de conversi\u00f3n de audio se incluyen voces de alta calidad en \u00e1rabe, ingl\u00e9s\/\u00e1rabe biling\u00fce, b\u00falgaro, ingl\u00e9s brit\u00e1nico y americano, dan\u00e9s, holand\u00e9s, alem\u00e1n, franc\u00e9s, h\u00fangaro, italiano, lituano, polaco, portugu\u00e9s, rumano, esloveno y espa\u00f1ol de Castilla y latinoamericano.<\/p>\n\n<h2 class=\"wp-block-heading\">Servicios de libros electr\u00f3nicos<\/h2>\n\n<p>Se puede convertir los documentos a los formatos de libro electr\u00f3nico EPUB y Mobi Pocket (Amazon Kindle). Adem\u00e1s, el EPUB puede convertirse a Mobi Pocket y viceversa. Para adaptarse a los usuarios con baja visi\u00f3n, la l\u00ednea de base del cuerpo del texto en un libro electr\u00f3nico puede elevarse para permitir una escala del texto m\u00e1s apropiada en los lectores de libros electr\u00f3nicos m\u00e1s populares.<\/p>\n\n<h2 class=\"wp-block-heading\">Servicios de accesibilidad<\/h2>\n\n<p>Documentos que de otra forma ser\u00edan inaccesibles, tales como archivos de imagen en gif, tiff, jpg, bmp, pcx, dcx, j2k, jp2, jpx, djv, y pdf s\u00f3lo con im\u00e1genes, as\u00ed como todos los tipos de archivos pdf, se pueden convertir a formatos m\u00e1s accesibles, entre los que se incluyen pdf con etiquetas, doc, docx, Word xml, xls, xlsx, csv, text, rtf y html. Este servicio adem\u00e1s soporta la conversi\u00f3n de documentos de Microsoft Office a pdf con etiquetas y presentaciones de Microsoft PowerPoint a archivos rtf y proyectos web.<\/p>\n","protected":false},"excerpt":{"rendered":"<p>RoboBraille es un servicio que funciona a trav\u00e9s de correo electr\u00f3nico capaz de transformar documentos autom\u00e1ticamente a una variedad de formatos alternativos para personas con limitaciones de visi\u00f3n y lectura. RoboBraille est\u00e1 disponible las 24 horas al d\u00eda, los 7 d\u00edas de la semana, como una soluci\u00f3n de autoservicio, gratis para todos los usuarios individuales [&hellip;]<\/p>\n","protected":false},"author":4,"featured_media":0,"parent":0,"menu_order":0,"comment_status":"closed","ping_status":"closed","template":"","meta":{"site-sidebar-layout":"default","site-content-layout":"default","ast-site-content-layout":"default","site-content-style":"default","site-sidebar-style":"default","ast-global-header-display":"","ast-banner-title-visibility":"","ast-main-header-display":"","ast-hfb-above-header-display":"","ast-hfb-below-header-display":"","ast-hfb-mobile-header-display":"","site-post-title":"","ast-breadcrumbs-content":"","ast-featured-img":"","footer-sml-layout":"","ast-disable-related-posts":"","theme-transparent-header-meta":"default","adv-header-id-meta":"","stick-header-meta":"","header-above-stick-meta":"","header-main-stick-meta":"","header-below-stick-meta":"","astra-migrate-meta-layouts":"default","ast-page-background-enabled":"default","ast-page-background-meta":{"desktop":{"background-color":"","background-image":"","background-repeat":"repeat","background-position":"center center","background-size":"auto","background-attachment":"scroll","background-type":"","background-media":"","overlay-type":"","overlay-color":"","overlay-opacity":"","overlay-gradient":""},"tablet":{"background-color":"","background-image":"","background-repeat":"repeat","background-position":"center center","background-size":"auto","background-attachment":"scroll","background-type":"","background-media":"","overlay-type":"","overlay-color":"","overlay-opacity":"","overlay-gradient":""},"mobile":{"background-color":"","background-image":"","background-repeat":"repeat","background-position":"center center","background-size":"auto","background-attachment":"scroll","background-type":"","background-media":"","overlay-type":"","overlay-color":"","overlay-opacity":"","overlay-gradient":""}},"ast-content-background-meta":{"desktop":{"background-color":"var(--ast-global-color-5)","background-image":"","background-repeat":"repeat","background-position":"center center","background-size":"auto","background-attachment":"scroll","background-type":"","background-media":"","overlay-type":"","overlay-color":"","overlay-opacity":"","overlay-gradient":""},"tablet":{"background-color":"var(--ast-global-color-5)","background-image":"","background-repeat":"repeat","background-position":"center center","background-size":"auto","background-attachment":"scroll","background-type":"","background-media":"","overlay-type":"","overlay-color":"","overlay-opacity":"","overlay-gradient":""},"mobile":{"background-color":"var(--ast-global-color-5)","background-image":"","background-repeat":"repeat","background-position":"center center","background-size":"auto","background-attachment":"scroll","background-type":"","background-media":"","overlay-type":"","overlay-color":"","overlay-opacity":"","overlay-gradient":""}},"footnotes":""},"class_list":["post-979","page","type-page","status-publish","hentry"],"yoast_head":"<!-- This site is optimized with the Yoast SEO plugin v27.0 - https:\/\/yoast.com\/product\/yoast-seo-wordpress\/ -->\r\n<title>Introducci\u00f3n a RoboBraille - RoboBraille<\/title>\r\n<meta name=\"robots\" content=\"index, follow, max-snippet:-1, max-image-preview:large, max-video-preview:-1\" \/>\r\n<link rel=\"canonical\" href=\"https:\/\/www.robobraille.org\/es\/introduccion-a-robobraille\/\" \/>\r\n<meta property=\"og:locale\" content=\"es_ES\" \/>\r\n<meta property=\"og:type\" content=\"article\" \/>\r\n<meta property=\"og:title\" content=\"Introducci\u00f3n a RoboBraille - RoboBraille\" \/>\r\n<meta property=\"og:description\" content=\"RoboBraille es un servicio que funciona a trav\u00e9s de correo electr\u00f3nico capaz de transformar documentos autom\u00e1ticamente a una variedad de formatos alternativos para personas con limitaciones de visi\u00f3n y lectura. RoboBraille est\u00e1 disponible las 24 horas al d\u00eda, los 7 d\u00edas de la semana, como una soluci\u00f3n de autoservicio, gratis para todos los usuarios individuales [&hellip;]\" \/>\r\n<meta property=\"og:url\" content=\"https:\/\/www.robobraille.org\/es\/introduccion-a-robobraille\/\" \/>\r\n<meta property=\"og:site_name\" content=\"RoboBraille\" \/>\r\n<meta property=\"article:modified_time\" content=\"2021-01-20T09:26:01+00:00\" \/>\r\n<meta name=\"twitter:card\" content=\"summary_large_image\" \/>\r\n<meta name=\"twitter:label1\" content=\"Tiempo de lectura\" \/>\n\t<meta name=\"twitter:data1\" content=\"3 minutos\" \/>\r\n<script type=\"application\/ld+json\" class=\"yoast-schema-graph\">{\"@context\":\"https:\/\/schema.org\",\"@graph\":[{\"@type\":\"WebPage\",\"@id\":\"https:\/\/www.robobraille.org\/es\/introduccion-a-robobraille\/\",\"url\":\"https:\/\/www.robobraille.org\/es\/introduccion-a-robobraille\/\",\"name\":\"Introducci\u00f3n a RoboBraille - RoboBraille\",\"isPartOf\":{\"@id\":\"https:\/\/www.robobraille.org\/es\/#website\"},\"datePublished\":\"2021-01-20T09:26:00+00:00\",\"dateModified\":\"2021-01-20T09:26:01+00:00\",\"breadcrumb\":{\"@id\":\"https:\/\/www.robobraille.org\/es\/introduccion-a-robobraille\/#breadcrumb\"},\"inLanguage\":\"es\",\"potentialAction\":[{\"@type\":\"ReadAction\",\"target\":[\"https:\/\/www.robobraille.org\/es\/introduccion-a-robobraille\/\"]}]},{\"@type\":\"BreadcrumbList\",\"@id\":\"https:\/\/www.robobraille.org\/es\/introduccion-a-robobraille\/#breadcrumb\",\"itemListElement\":[{\"@type\":\"ListItem\",\"position\":1,\"name\":\"Home\",\"item\":\"https:\/\/www.robobraille.org\/es\/\"},{\"@type\":\"ListItem\",\"position\":2,\"name\":\"Introducci\u00f3n a RoboBraille\"}]},{\"@type\":\"WebSite\",\"@id\":\"https:\/\/www.robobraille.org\/es\/#website\",\"url\":\"https:\/\/www.robobraille.org\/es\/\",\"name\":\"RoboBraille\",\"description\":\"\",\"publisher\":{\"@id\":\"https:\/\/www.robobraille.org\/es\/#organization\"},\"potentialAction\":[{\"@type\":\"SearchAction\",\"target\":{\"@type\":\"EntryPoint\",\"urlTemplate\":\"https:\/\/www.robobraille.org\/es\/?s={search_term_string}\"},\"query-input\":{\"@type\":\"PropertyValueSpecification\",\"valueRequired\":true,\"valueName\":\"search_term_string\"}}],\"inLanguage\":\"es\"},{\"@type\":\"Organization\",\"@id\":\"https:\/\/www.robobraille.org\/es\/#organization\",\"name\":\"RoboBraille\",\"url\":\"https:\/\/www.robobraille.org\/es\/\",\"logo\":{\"@type\":\"ImageObject\",\"inLanguage\":\"es\",\"@id\":\"https:\/\/www.robobraille.org\/es\/#\/schema\/logo\/image\/\",\"url\":\"https:\/\/www.robobraille.org\/wp-content\/uploads\/2020\/11\/RoboBraille.jpg\",\"contentUrl\":\"https:\/\/www.robobraille.org\/wp-content\/uploads\/2020\/11\/RoboBraille.jpg\",\"width\":340,\"height\":98,\"caption\":\"RoboBraille\"},\"image\":{\"@id\":\"https:\/\/www.robobraille.org\/es\/#\/schema\/logo\/image\/\"}}]}<\/script>\r\n<!-- \/ Yoast SEO plugin. -->","yoast_head_json":{"title":"Introducci\u00f3n a RoboBraille - RoboBraille","robots":{"index":"index","follow":"follow","max-snippet":"max-snippet:-1","max-image-preview":"max-image-preview:large","max-video-preview":"max-video-preview:-1"},"canonical":"https:\/\/www.robobraille.org\/es\/introduccion-a-robobraille\/","og_locale":"es_ES","og_type":"article","og_title":"Introducci\u00f3n a RoboBraille - RoboBraille","og_description":"RoboBraille es un servicio que funciona a trav\u00e9s de correo electr\u00f3nico capaz de transformar documentos autom\u00e1ticamente a una variedad de formatos alternativos para personas con limitaciones de visi\u00f3n y lectura. RoboBraille est\u00e1 disponible las 24 horas al d\u00eda, los 7 d\u00edas de la semana, como una soluci\u00f3n de autoservicio, gratis para todos los usuarios individuales [&hellip;]","og_url":"https:\/\/www.robobraille.org\/es\/introduccion-a-robobraille\/","og_site_name":"RoboBraille","article_modified_time":"2021-01-20T09:26:01+00:00","twitter_card":"summary_large_image","twitter_misc":{"Tiempo de lectura":"3 minutos"},"schema":{"@context":"https:\/\/schema.org","@graph":[{"@type":"WebPage","@id":"https:\/\/www.robobraille.org\/es\/introduccion-a-robobraille\/","url":"https:\/\/www.robobraille.org\/es\/introduccion-a-robobraille\/","name":"Introducci\u00f3n a RoboBraille - RoboBraille","isPartOf":{"@id":"https:\/\/www.robobraille.org\/es\/#website"},"datePublished":"2021-01-20T09:26:00+00:00","dateModified":"2021-01-20T09:26:01+00:00","breadcrumb":{"@id":"https:\/\/www.robobraille.org\/es\/introduccion-a-robobraille\/#breadcrumb"},"inLanguage":"es","potentialAction":[{"@type":"ReadAction","target":["https:\/\/www.robobraille.org\/es\/introduccion-a-robobraille\/"]}]},{"@type":"BreadcrumbList","@id":"https:\/\/www.robobraille.org\/es\/introduccion-a-robobraille\/#breadcrumb","itemListElement":[{"@type":"ListItem","position":1,"name":"Home","item":"https:\/\/www.robobraille.org\/es\/"},{"@type":"ListItem","position":2,"name":"Introducci\u00f3n a RoboBraille"}]},{"@type":"WebSite","@id":"https:\/\/www.robobraille.org\/es\/#website","url":"https:\/\/www.robobraille.org\/es\/","name":"RoboBraille","description":"","publisher":{"@id":"https:\/\/www.robobraille.org\/es\/#organization"},"potentialAction":[{"@type":"SearchAction","target":{"@type":"EntryPoint","urlTemplate":"https:\/\/www.robobraille.org\/es\/?s={search_term_string}"},"query-input":{"@type":"PropertyValueSpecification","valueRequired":true,"valueName":"search_term_string"}}],"inLanguage":"es"},{"@type":"Organization","@id":"https:\/\/www.robobraille.org\/es\/#organization","name":"RoboBraille","url":"https:\/\/www.robobraille.org\/es\/","logo":{"@type":"ImageObject","inLanguage":"es","@id":"https:\/\/www.robobraille.org\/es\/#\/schema\/logo\/image\/","url":"https:\/\/www.robobraille.org\/wp-content\/uploads\/2020\/11\/RoboBraille.jpg","contentUrl":"https:\/\/www.robobraille.org\/wp-content\/uploads\/2020\/11\/RoboBraille.jpg","width":340,"height":98,"caption":"RoboBraille"},"image":{"@id":"https:\/\/www.robobraille.org\/es\/#\/schema\/logo\/image\/"}}]}},"_links":{"self":[{"href":"https:\/\/www.robobraille.org\/es\/wp-json\/wp\/v2\/pages\/979","targetHints":{"allow":["GET"]}}],"collection":[{"href":"https:\/\/www.robobraille.org\/es\/wp-json\/wp\/v2\/pages"}],"about":[{"href":"https:\/\/www.robobraille.org\/es\/wp-json\/wp\/v2\/types\/page"}],"author":[{"embeddable":true,"href":"https:\/\/www.robobraille.org\/es\/wp-json\/wp\/v2\/users\/4"}],"replies":[{"embeddable":true,"href":"https:\/\/www.robobraille.org\/es\/wp-json\/wp\/v2\/comments?post=979"}],"version-history":[{"count":1,"href":"https:\/\/www.robobraille.org\/es\/wp-json\/wp\/v2\/pages\/979\/revisions"}],"predecessor-version":[{"id":980,"href":"https:\/\/www.robobraille.org\/es\/wp-json\/wp\/v2\/pages\/979\/revisions\/980"}],"wp:attachment":[{"href":"https:\/\/www.robobraille.org\/es\/wp-json\/wp\/v2\/media?parent=979"}],"curies":[{"name":"wp","href":"https:\/\/api.w.org\/{rel}","templated":true}]}}