{"id":1720,"date":"2021-01-22T09:25:33","date_gmt":"2021-01-22T08:25:33","guid":{"rendered":"https:\/\/www.robobraille.org\/contacto\/"},"modified":"2021-01-22T09:25:34","modified_gmt":"2021-01-22T08:25:34","slug":"contacto","status":"publish","type":"page","link":"https:\/\/www.robobraille.org\/es\/contacto\/","title":{"rendered":"Contacto"},"content":{"rendered":"\n<h2 class=\"wp-block-heading\">Punto de contacto principal<\/h2>\n\n<p>RoboBraille&#13;\nSensus ApS&#13;\nK\u00f8benhavnsvej 27, 2&#13;\nDK-3400 Hiller\u00f8d&#13;\nDenmark&#13;\nTel\u00e9fono (+45) 48 22 10 03&#13;\n<a href=\"https:\/\/web.archive.org\/web\/20200814183521\/https:\/\/www.robobraille.org\/www.robobraille.org\">www.robobraille.org<\/a>&#13;\n<a href=\"https:\/\/web.archive.org\/web\/20200814183521\/mailto:contact@robobraille.org\">contact@robobraille.org<\/a><\/p>\n\n<h2 class=\"wp-block-heading\">Apoyo y preguntas sobre RoboBraille<\/h2>\n\n<p>Please write to\u00a0<a href=\"https:\/\/web.archive.org\/web\/20200814183521\/mailto:contact@robobraille.org\">contact@robobraille.org<\/a><\/p>\n\n<h2 class=\"wp-block-heading\">Administraci\u00f3n y coordinaci\u00f3n de RoboBraille<\/h2>\n\n<p>Lars Ballieu Christensen, RoboBraille Administrator. Email:\u00a0<a href=\"https:\/\/web.archive.org\/web\/20200814183521\/mailto:lars@robobraille.org\">lars@robobraille.org<\/a>. Tel\u00e9fono: +45 40 32 68 23<\/p>\n\n<p>Tanja Stevns, Project Manager. Email:\u00a0<a href=\"https:\/\/web.archive.org\/web\/20200814183521\/mailto:tanja@robobraille.org\">tanja@robobraille.org<\/a>. Tel\u00e9fono: +45 23 24 06 72<\/p>\n\n<h2 class=\"wp-block-heading\">Contact points<\/h2>\n\n<h3 class=\"wp-block-heading\" id=\"page-title\">Austria<\/h3>\n\n<p>Hilfsgemeinschaft der Blinden und Sehschwachen \u00d6sterreichs<br\/>Daniele Marano. Email: marano@hilfsgemeinschaft.at<br\/>Klaus H\u00f6ckner. Email: hoeckner@hilfsgemeinschaft.at<br\/><a href=\"https:\/\/web.archive.org\/web\/20200808034644\/http:\/\/www.hilfsgemeinschaft.at\/\">www.hilfsgemeinschaft.at<\/a><\/p>\n\n<h3 class=\"wp-block-heading\" id=\"page-title\">Bulgaria<\/h3>\n\n<p>Dyslexia Association &#8211; BulgariaDaniela Boneva. Email:dabg_rousse@yahoo.com<br\/><a href=\"https:\/\/web.archive.org\/web\/20200808041825\/http:\/\/www.dyslexia-bg.org\/\">www.dyslexia-bg.org<\/a>\u00a0<\/p>\n\n<p>National Rehabilitation Center for the Blind, Plovdiv &#8211; Bulgaria<br\/>Alexandrina Kostova. Email: a.kostova@rehblind.org<br\/><a href=\"https:\/\/web.archive.org\/web\/20200808041825\/http:\/\/www.rehcenter.org\/\">www.rehcenter.org<\/a><\/p>\n\n<h3 class=\"wp-block-heading\" id=\"page-title\">Chile<\/h3>\n\n<p>Pontificia Universidad Cat\u00f3lica de Chile<br\/>Ricardo Rosas D\u00edaz. Email:rrosas@uc.cl<br\/><a href=\"https:\/\/web.archive.org\/web\/20200808040343\/http:\/\/www.uc.cl\/\">www.uc.cl<\/a><\/p>\n\n<h3 class=\"wp-block-heading\" id=\"page-title\">Chipre<\/h3>\n\n<p>Pancyprian Organization of the Blind (POT)<br\/>Maria kyriacou. Email: m.kyriacou@cytanet.com.cy<br\/><a href=\"https:\/\/web.archive.org\/web\/20200808035842\/http:\/\/www.pot-cyprus.com\/\">www.pot-cyprus.com<\/a><\/p>\n\n<h3 class=\"wp-block-heading\" id=\"page-title\">Czech Republic<\/h3>\n\n<p>Teiresias Center<br\/>Radek Pavlicek. Email: pavlicek@teiresias.muni.cz<br\/><a href=\"https:\/\/web.archive.org\/web\/20200808035807\/http:\/\/www.teiresias.muni.cz\/\">http:\/\/www.teiresias.muni.cz<\/a><\/p>\n\n<h3 class=\"wp-block-heading\" id=\"page-title\">Dinamarca<\/h3>\n\n<p>Sensus ApS<br\/>Lars Ballieu Christensen.Email:lbc@sensus.dk<br\/><a href=\"https:\/\/web.archive.org\/web\/20200808042121\/http:\/\/www.sensus.dk\/\">www.sensus.dk<\/a><\/p>\n\n<h3 class=\"wp-block-heading\" id=\"page-title\">Francia<\/h3>\n\n<p>Association Valentin Ha\u00fcy &#8211; France<br\/>Christian Cloudert. Email:c.coudert@avh.asso.fr<br\/><a href=\"https:\/\/web.archive.org\/web\/20200808041900\/http:\/\/www.avh.asso.fr\/\">www.avh.asso.fr<\/a><\/p>\n\n<h3 class=\"wp-block-heading\" id=\"page-title\">Groenlandia<\/h3>\n\n<p>Ministry of Education, Church, Culture and Gender Equality &#8211; Greenland<br\/>Kaali Olsen. Email: KAOL@nanoq.gl<br\/><a href=\"https:\/\/web.archive.org\/web\/20200808023817\/http:\/\/www.hilfsgemeinschaft.at\/\">www.naalakkersuisut.gl<\/a><\/p>\n\n<h3 class=\"wp-block-heading\" id=\"page-title\">Hungr\u00eda<\/h3>\n\n<p>Infoalap<br\/>Sebest\u00e9ny Katalinhelpdesk@infoalap.hu<br\/><a href=\"https:\/\/web.archive.org\/web\/20200808042503\/https:\/\/robobraille.org\/contact\/www.infoalap.hu\">www.infoalap.hu<\/a>\u00a0<\/p>\n\n<p>Institute of Cognitive Neuroscience and Psychology of the Research Centre for Natural Sciences of the Hungarian Academy of Sciences<br\/>Eva Gyamarthy. Email: gyarmathy.eva@gmail.com<br\/><a href=\"https:\/\/web.archive.org\/web\/20200808042503\/http:\/\/www.mtapi.hu\/\">www.mtapi.hu<\/a>\u00a0<\/p>\n\n<p>ELTE University &#8211; Hungary<br\/>Krisztina Kov\u00e1cs. Email:kkovacs.sza@gmail.com<br\/><a href=\"https:\/\/web.archive.org\/web\/20200808042503\/http:\/\/www.elte.hu\/\">www.elte.hu<\/a><\/p>\n\n<h3 class=\"wp-block-heading\" id=\"page-title\">Irlanda<\/h3>\n\n<p>National College of Ireland<br\/>Mike Goldrick. Email: michael.goldrick@ncirl.ie<br\/><a href=\"https:\/\/web.archive.org\/web\/20200808033803\/http:\/\/www.ncirl.ie\/\">www.ncirl.ie<\/a><\/p>\n\n<h3 class=\"wp-block-heading\" id=\"page-title\">Italia<\/h3>\n\n<p>ASSOCIAZINE NAZIONALE SUBVEDENTI\u00a0 &#8211;\u00a0\u00a0Italy<br\/>Carla De Benedetti Mondolfo.\u00a0Email: cmondolfo@subvedenti.it<br\/><a href=\"https:\/\/web.archive.org\/web\/20200808041528\/http:\/\/www.subvedenti.it\/\">www.subvedenti.it<\/a><\/p>\n\n<h3 class=\"wp-block-heading\" id=\"page-title\">Pa\u00edses Bajos<\/h3>\n\n<p>National Dutch RoboBraille portal:\u00a0<a href=\"https:\/\/web.archive.org\/web\/20200808041353\/http:\/\/www.robotekst.nl\/\">www.robotekst.nl<\/a><\/p>\n\n<p>Bartimeus<br\/>Dick Lunenborg. Email: dlunenborg@bartimeus.nl<br\/><a href=\"https:\/\/web.archive.org\/web\/20200808041353\/http:\/\/www.bartemeus.nl\/\">www.bartemeus.nl<\/a>\u00a0<\/p>\n\n<p>Dedicon<br\/>Dorine in &#8216;t Veld. Email: DorineintVeld@dedicon.nl<br\/><a href=\"https:\/\/web.archive.org\/web\/20200808041353\/http:\/\/www.dedicon.nl\/\">www.dedicon.nl<\/a><\/p>\n\n<h3 class=\"wp-block-heading\" id=\"page-title\">Polonia<\/h3>\n\n<p>\u00a0Towarzystwo Pomocy G\u0142uchoniewidomym &#8211; Association for the Welfare of the Deaf and Blind (TPG<strong>)<\/strong><br\/>Grzegorz KOZLOWSKI. Email:gkozlowski@tpg.org.pl<br\/><a href=\"https:\/\/web.archive.org\/web\/20200808042834\/http:\/\/www.tpg.org.pl\/\">www.tpg.org.pl<\/a>\u00a0<\/p>\n\n<p>Towarzystwo Opieki nad Ociemnia\u0142ymi &#8211; Laski School for the Blind &#8211; Poland<br\/>Agata Kunicka-Goldfinger. Email:agatakunicka@wp.pl<br\/><a href=\"https:\/\/web.archive.org\/web\/20200808042834\/http:\/\/www.laski.edu.pl\/\">www.laski.edu.pl<\/a><\/p>\n\n<h3 class=\"wp-block-heading\" id=\"page-title\">Portugal<\/h3>\n\n<p>Rede CONVIDA<br\/>Vera Rapagao. Email: verarapagao@fundacao-sain.org.pt<br\/><a href=\"https:\/\/web.archive.org\/web\/20200808034249\/http:\/\/redeconvida.blogspot.pt\/\">redeconvida.blogspot.pt<\/a><\/p>\n\n<h3 class=\"wp-block-heading\" id=\"page-title\">Romania<\/h3>\n\n<p>Scoala Speciala Gimnaziala pentru Deficienti de Vedere &#8211; School for the Partially Sighted &#8211; \u00a0Romania<br\/>Cristina Tiganea. Email: cristinatiganea@yahoo.com<br\/><a href=\"https:\/\/web.archive.org\/web\/20200808042858\/http:\/\/www.spdv.ro\/\">www.spdv.ro<\/a>\u00a0<\/p>\n\n<p>CATA &#8211; Center for Assistive Technologies for Students with Visual Impairment Special Education Department &#8211; Babes-Bolyai University<br\/>Marian Padure. Email: marian.padure@ubbcluj.ro<br\/><a href=\"https:\/\/web.archive.org\/web\/20200808042858\/http:\/\/psihoped.psiedu.ubbcluj.ro\/\">psihoped.psiedu.ubbcluj.ro<\/a><\/p>\n\n<h3 class=\"wp-block-heading\" id=\"page-title\">Slovakia<\/h3>\n\n<p>UNSS &#8211; Slovak Blind and Partially Sighted Union<br\/>Branislav Mamojka: mamojka@unss.sk<br\/><a href=\"https:\/\/web.archive.org\/web\/20200808034127\/http:\/\/www.unss.sk\/\">http:\/\/www.unss.sk<\/a><\/p>\n\n<h3 class=\"wp-block-heading\" id=\"page-title\">Eslovenia<\/h3>\n\n<p>Amebis &#8211; Slovenia<br\/>Simon Rozman.Email:simon.rozman@amebis.si<br\/><a href=\"https:\/\/web.archive.org\/web\/20200808041912\/http:\/\/www.amebis.si\/\">www.amebis.si<\/a><\/p>\n\n<h3 class=\"wp-block-heading\" id=\"page-title\">Reino Unido<\/h3>\n\n<p>University of Kent<br\/>Ben Watson. Email: b.watson@kent.ac.uk<br\/><a href=\"https:\/\/web.archive.org\/web\/20200808040416\/http:\/\/www.kent.ac.uk\/\">http:\/\/www.kent.ac.uk<\/a><\/p>\n\n<p><\/p>\n","protected":false},"excerpt":{"rendered":"<p>Punto de contacto principal RoboBraille&#13; Sensus ApS&#13; K\u00f8benhavnsvej 27, 2&#13; DK-3400 Hiller\u00f8d&#13; Denmark&#13; Tel\u00e9fono (+45) 48 22 10 03&#13; www.robobraille.org&#13; contact@robobraille.org Apoyo y preguntas sobre RoboBraille Please write to\u00a0contact@robobraille.org Administraci\u00f3n y coordinaci\u00f3n de RoboBraille Lars Ballieu Christensen, RoboBraille Administrator. Email:\u00a0lars@robobraille.org. Tel\u00e9fono: +45 40 32 68 23 Tanja Stevns, Project Manager. Email:\u00a0tanja@robobraille.org. Tel\u00e9fono: +45 23 24 [&hellip;]<\/p>\n","protected":false},"author":4,"featured_media":0,"parent":0,"menu_order":0,"comment_status":"closed","ping_status":"closed","template":"","meta":{"site-sidebar-layout":"default","site-content-layout":"default","ast-site-content-layout":"default","site-content-style":"default","site-sidebar-style":"default","ast-global-header-display":"","ast-banner-title-visibility":"","ast-main-header-display":"","ast-hfb-above-header-display":"","ast-hfb-below-header-display":"","ast-hfb-mobile-header-display":"","site-post-title":"","ast-breadcrumbs-content":"","ast-featured-img":"","footer-sml-layout":"","ast-disable-related-posts":"","theme-transparent-header-meta":"default","adv-header-id-meta":"","stick-header-meta":"","header-above-stick-meta":"","header-main-stick-meta":"","header-below-stick-meta":"","astra-migrate-meta-layouts":"default","ast-page-background-enabled":"default","ast-page-background-meta":{"desktop":{"background-color":"","background-image":"","background-repeat":"repeat","background-position":"center center","background-size":"auto","background-attachment":"scroll","background-type":"","background-media":"","overlay-type":"","overlay-color":"","overlay-opacity":"","overlay-gradient":""},"tablet":{"background-color":"","background-image":"","background-repeat":"repeat","background-position":"center center","background-size":"auto","background-attachment":"scroll","background-type":"","background-media":"","overlay-type":"","overlay-color":"","overlay-opacity":"","overlay-gradient":""},"mobile":{"background-color":"","background-image":"","background-repeat":"repeat","background-position":"center center","background-size":"auto","background-attachment":"scroll","background-type":"","background-media":"","overlay-type":"","overlay-color":"","overlay-opacity":"","overlay-gradient":""}},"ast-content-background-meta":{"desktop":{"background-color":"var(--ast-global-color-5)","background-image":"","background-repeat":"repeat","background-position":"center center","background-size":"auto","background-attachment":"scroll","background-type":"","background-media":"","overlay-type":"","overlay-color":"","overlay-opacity":"","overlay-gradient":""},"tablet":{"background-color":"var(--ast-global-color-5)","background-image":"","background-repeat":"repeat","background-position":"center center","background-size":"auto","background-attachment":"scroll","background-type":"","background-media":"","overlay-type":"","overlay-color":"","overlay-opacity":"","overlay-gradient":""},"mobile":{"background-color":"var(--ast-global-color-5)","background-image":"","background-repeat":"repeat","background-position":"center center","background-size":"auto","background-attachment":"scroll","background-type":"","background-media":"","overlay-type":"","overlay-color":"","overlay-opacity":"","overlay-gradient":""}},"footnotes":""},"class_list":["post-1720","page","type-page","status-publish","hentry"],"yoast_head":"<!-- This site is optimized with the Yoast SEO plugin v27.0 - https:\/\/yoast.com\/product\/yoast-seo-wordpress\/ -->\r\n<title>Contacto - RoboBraille<\/title>\r\n<meta name=\"robots\" content=\"index, follow, max-snippet:-1, max-image-preview:large, max-video-preview:-1\" \/>\r\n<link rel=\"canonical\" href=\"https:\/\/www.robobraille.org\/es\/contacto\/\" \/>\r\n<meta property=\"og:locale\" content=\"es_ES\" \/>\r\n<meta property=\"og:type\" content=\"article\" \/>\r\n<meta property=\"og:title\" content=\"Contacto - RoboBraille\" \/>\r\n<meta property=\"og:description\" content=\"Punto de contacto principal RoboBraille&#013; Sensus ApS&#013; K\u00f8benhavnsvej 27, 2&#013; DK-3400 Hiller\u00f8d&#013; Denmark&#013; Tel\u00e9fono (+45) 48 22 10 03&#013; www.robobraille.org&#013; contact@robobraille.org Apoyo y preguntas sobre RoboBraille Please write to\u00a0contact@robobraille.org Administraci\u00f3n y coordinaci\u00f3n de RoboBraille Lars Ballieu Christensen, RoboBraille Administrator. Email:\u00a0lars@robobraille.org. Tel\u00e9fono: +45 40 32 68 23 Tanja Stevns, Project Manager. Email:\u00a0tanja@robobraille.org. Tel\u00e9fono: +45 23 24 [&hellip;]\" \/>\r\n<meta property=\"og:url\" content=\"https:\/\/www.robobraille.org\/es\/contacto\/\" \/>\r\n<meta property=\"og:site_name\" content=\"RoboBraille\" \/>\r\n<meta property=\"article:modified_time\" content=\"2021-01-22T08:25:34+00:00\" \/>\r\n<meta name=\"twitter:card\" content=\"summary_large_image\" \/>\r\n<meta name=\"twitter:label1\" content=\"Tiempo de lectura\" \/>\n\t<meta name=\"twitter:data1\" content=\"2 minutos\" \/>\r\n<script type=\"application\/ld+json\" class=\"yoast-schema-graph\">{\"@context\":\"https:\/\/schema.org\",\"@graph\":[{\"@type\":\"WebPage\",\"@id\":\"https:\/\/www.robobraille.org\/es\/contacto\/\",\"url\":\"https:\/\/www.robobraille.org\/es\/contacto\/\",\"name\":\"Contacto - RoboBraille\",\"isPartOf\":{\"@id\":\"https:\/\/www.robobraille.org\/es\/#website\"},\"datePublished\":\"2021-01-22T08:25:33+00:00\",\"dateModified\":\"2021-01-22T08:25:34+00:00\",\"breadcrumb\":{\"@id\":\"https:\/\/www.robobraille.org\/es\/contacto\/#breadcrumb\"},\"inLanguage\":\"es\",\"potentialAction\":[{\"@type\":\"ReadAction\",\"target\":[\"https:\/\/www.robobraille.org\/es\/contacto\/\"]}]},{\"@type\":\"BreadcrumbList\",\"@id\":\"https:\/\/www.robobraille.org\/es\/contacto\/#breadcrumb\",\"itemListElement\":[{\"@type\":\"ListItem\",\"position\":1,\"name\":\"Home\",\"item\":\"https:\/\/www.robobraille.org\/es\/\"},{\"@type\":\"ListItem\",\"position\":2,\"name\":\"Contacto\"}]},{\"@type\":\"WebSite\",\"@id\":\"https:\/\/www.robobraille.org\/es\/#website\",\"url\":\"https:\/\/www.robobraille.org\/es\/\",\"name\":\"RoboBraille\",\"description\":\"\",\"publisher\":{\"@id\":\"https:\/\/www.robobraille.org\/es\/#organization\"},\"potentialAction\":[{\"@type\":\"SearchAction\",\"target\":{\"@type\":\"EntryPoint\",\"urlTemplate\":\"https:\/\/www.robobraille.org\/es\/?s={search_term_string}\"},\"query-input\":{\"@type\":\"PropertyValueSpecification\",\"valueRequired\":true,\"valueName\":\"search_term_string\"}}],\"inLanguage\":\"es\"},{\"@type\":\"Organization\",\"@id\":\"https:\/\/www.robobraille.org\/es\/#organization\",\"name\":\"RoboBraille\",\"url\":\"https:\/\/www.robobraille.org\/es\/\",\"logo\":{\"@type\":\"ImageObject\",\"inLanguage\":\"es\",\"@id\":\"https:\/\/www.robobraille.org\/es\/#\/schema\/logo\/image\/\",\"url\":\"https:\/\/www.robobraille.org\/wp-content\/uploads\/2020\/11\/RoboBraille.jpg\",\"contentUrl\":\"https:\/\/www.robobraille.org\/wp-content\/uploads\/2020\/11\/RoboBraille.jpg\",\"width\":340,\"height\":98,\"caption\":\"RoboBraille\"},\"image\":{\"@id\":\"https:\/\/www.robobraille.org\/es\/#\/schema\/logo\/image\/\"}}]}<\/script>\r\n<!-- \/ Yoast SEO plugin. -->","yoast_head_json":{"title":"Contacto - RoboBraille","robots":{"index":"index","follow":"follow","max-snippet":"max-snippet:-1","max-image-preview":"max-image-preview:large","max-video-preview":"max-video-preview:-1"},"canonical":"https:\/\/www.robobraille.org\/es\/contacto\/","og_locale":"es_ES","og_type":"article","og_title":"Contacto - RoboBraille","og_description":"Punto de contacto principal RoboBraille&#13; Sensus ApS&#13; K\u00f8benhavnsvej 27, 2&#13; DK-3400 Hiller\u00f8d&#13; Denmark&#13; Tel\u00e9fono (+45) 48 22 10 03&#13; www.robobraille.org&#13; contact@robobraille.org Apoyo y preguntas sobre RoboBraille Please write to\u00a0contact@robobraille.org Administraci\u00f3n y coordinaci\u00f3n de RoboBraille Lars Ballieu Christensen, RoboBraille Administrator. Email:\u00a0lars@robobraille.org. Tel\u00e9fono: +45 40 32 68 23 Tanja Stevns, Project Manager. Email:\u00a0tanja@robobraille.org. Tel\u00e9fono: +45 23 24 [&hellip;]","og_url":"https:\/\/www.robobraille.org\/es\/contacto\/","og_site_name":"RoboBraille","article_modified_time":"2021-01-22T08:25:34+00:00","twitter_card":"summary_large_image","twitter_misc":{"Tiempo de lectura":"2 minutos"},"schema":{"@context":"https:\/\/schema.org","@graph":[{"@type":"WebPage","@id":"https:\/\/www.robobraille.org\/es\/contacto\/","url":"https:\/\/www.robobraille.org\/es\/contacto\/","name":"Contacto - RoboBraille","isPartOf":{"@id":"https:\/\/www.robobraille.org\/es\/#website"},"datePublished":"2021-01-22T08:25:33+00:00","dateModified":"2021-01-22T08:25:34+00:00","breadcrumb":{"@id":"https:\/\/www.robobraille.org\/es\/contacto\/#breadcrumb"},"inLanguage":"es","potentialAction":[{"@type":"ReadAction","target":["https:\/\/www.robobraille.org\/es\/contacto\/"]}]},{"@type":"BreadcrumbList","@id":"https:\/\/www.robobraille.org\/es\/contacto\/#breadcrumb","itemListElement":[{"@type":"ListItem","position":1,"name":"Home","item":"https:\/\/www.robobraille.org\/es\/"},{"@type":"ListItem","position":2,"name":"Contacto"}]},{"@type":"WebSite","@id":"https:\/\/www.robobraille.org\/es\/#website","url":"https:\/\/www.robobraille.org\/es\/","name":"RoboBraille","description":"","publisher":{"@id":"https:\/\/www.robobraille.org\/es\/#organization"},"potentialAction":[{"@type":"SearchAction","target":{"@type":"EntryPoint","urlTemplate":"https:\/\/www.robobraille.org\/es\/?s={search_term_string}"},"query-input":{"@type":"PropertyValueSpecification","valueRequired":true,"valueName":"search_term_string"}}],"inLanguage":"es"},{"@type":"Organization","@id":"https:\/\/www.robobraille.org\/es\/#organization","name":"RoboBraille","url":"https:\/\/www.robobraille.org\/es\/","logo":{"@type":"ImageObject","inLanguage":"es","@id":"https:\/\/www.robobraille.org\/es\/#\/schema\/logo\/image\/","url":"https:\/\/www.robobraille.org\/wp-content\/uploads\/2020\/11\/RoboBraille.jpg","contentUrl":"https:\/\/www.robobraille.org\/wp-content\/uploads\/2020\/11\/RoboBraille.jpg","width":340,"height":98,"caption":"RoboBraille"},"image":{"@id":"https:\/\/www.robobraille.org\/es\/#\/schema\/logo\/image\/"}}]}},"_links":{"self":[{"href":"https:\/\/www.robobraille.org\/es\/wp-json\/wp\/v2\/pages\/1720","targetHints":{"allow":["GET"]}}],"collection":[{"href":"https:\/\/www.robobraille.org\/es\/wp-json\/wp\/v2\/pages"}],"about":[{"href":"https:\/\/www.robobraille.org\/es\/wp-json\/wp\/v2\/types\/page"}],"author":[{"embeddable":true,"href":"https:\/\/www.robobraille.org\/es\/wp-json\/wp\/v2\/users\/4"}],"replies":[{"embeddable":true,"href":"https:\/\/www.robobraille.org\/es\/wp-json\/wp\/v2\/comments?post=1720"}],"version-history":[{"count":1,"href":"https:\/\/www.robobraille.org\/es\/wp-json\/wp\/v2\/pages\/1720\/revisions"}],"predecessor-version":[{"id":1721,"href":"https:\/\/www.robobraille.org\/es\/wp-json\/wp\/v2\/pages\/1720\/revisions\/1721"}],"wp:attachment":[{"href":"https:\/\/www.robobraille.org\/es\/wp-json\/wp\/v2\/media?parent=1720"}],"curies":[{"name":"wp","href":"https:\/\/api.w.org\/{rel}","templated":true}]}}