{"id":1073,"date":"2021-01-20T13:22:36","date_gmt":"2021-01-20T12:22:36","guid":{"rendered":"https:\/\/www.robobraille.org\/recursos\/"},"modified":"2021-01-22T12:42:36","modified_gmt":"2021-01-22T11:42:36","slug":"recursos","status":"publish","type":"page","link":"https:\/\/www.robobraille.org\/es\/recursos\/","title":{"rendered":"Recursos"},"content":{"rendered":"\n<p>Existe una amplia cantidad de informaci\u00f3n relativa a RoboBraille, la que incluye gu\u00edas de usuario, folletos, art\u00edculos acad\u00e9micos, notas t\u00e9cnicas, logotipos, fotos y m\u00e1s.<\/p>\n\n<p>Mientras se incluyan las referencias y los cr\u00e9ditos apropiados, estos recursos pueden usarse de forma libre para difusi\u00f3n y prop\u00f3sitos educativos.&#13;\n&#13;\nPlease refer to the English site to access the resources<\/p>\n","protected":false},"excerpt":{"rendered":"<p>Existe una amplia cantidad de informaci\u00f3n relativa a RoboBraille, la que incluye gu\u00edas de usuario, folletos, art\u00edculos acad\u00e9micos, notas t\u00e9cnicas, logotipos, fotos y m\u00e1s. Mientras se incluyan las referencias y los cr\u00e9ditos apropiados, estos recursos pueden usarse de forma libre para difusi\u00f3n y prop\u00f3sitos educativos.&#13; &#13; Please refer to the English site to access the [&hellip;]<\/p>\n","protected":false},"author":4,"featured_media":0,"parent":0,"menu_order":0,"comment_status":"closed","ping_status":"closed","template":"","meta":{"site-sidebar-layout":"default","site-content-layout":"default","ast-site-content-layout":"default","site-content-style":"default","site-sidebar-style":"default","ast-global-header-display":"","ast-banner-title-visibility":"","ast-main-header-display":"","ast-hfb-above-header-display":"","ast-hfb-below-header-display":"","ast-hfb-mobile-header-display":"","site-post-title":"","ast-breadcrumbs-content":"","ast-featured-img":"","footer-sml-layout":"","ast-disable-related-posts":"","theme-transparent-header-meta":"default","adv-header-id-meta":"","stick-header-meta":"","header-above-stick-meta":"","header-main-stick-meta":"","header-below-stick-meta":"","astra-migrate-meta-layouts":"default","ast-page-background-enabled":"default","ast-page-background-meta":{"desktop":{"background-color":"","background-image":"","background-repeat":"repeat","background-position":"center center","background-size":"auto","background-attachment":"scroll","background-type":"","background-media":"","overlay-type":"","overlay-color":"","overlay-opacity":"","overlay-gradient":""},"tablet":{"background-color":"","background-image":"","background-repeat":"repeat","background-position":"center center","background-size":"auto","background-attachment":"scroll","background-type":"","background-media":"","overlay-type":"","overlay-color":"","overlay-opacity":"","overlay-gradient":""},"mobile":{"background-color":"","background-image":"","background-repeat":"repeat","background-position":"center center","background-size":"auto","background-attachment":"scroll","background-type":"","background-media":"","overlay-type":"","overlay-color":"","overlay-opacity":"","overlay-gradient":""}},"ast-content-background-meta":{"desktop":{"background-color":"var(--ast-global-color-5)","background-image":"","background-repeat":"repeat","background-position":"center center","background-size":"auto","background-attachment":"scroll","background-type":"","background-media":"","overlay-type":"","overlay-color":"","overlay-opacity":"","overlay-gradient":""},"tablet":{"background-color":"var(--ast-global-color-5)","background-image":"","background-repeat":"repeat","background-position":"center center","background-size":"auto","background-attachment":"scroll","background-type":"","background-media":"","overlay-type":"","overlay-color":"","overlay-opacity":"","overlay-gradient":""},"mobile":{"background-color":"var(--ast-global-color-5)","background-image":"","background-repeat":"repeat","background-position":"center center","background-size":"auto","background-attachment":"scroll","background-type":"","background-media":"","overlay-type":"","overlay-color":"","overlay-opacity":"","overlay-gradient":""}},"footnotes":""},"class_list":["post-1073","page","type-page","status-publish","hentry"],"yoast_head":"<!-- This site is optimized with the Yoast SEO plugin v27.0 - https:\/\/yoast.com\/product\/yoast-seo-wordpress\/ -->\r\n<title>Recursos - RoboBraille<\/title>\r\n<meta name=\"robots\" content=\"index, follow, max-snippet:-1, max-image-preview:large, max-video-preview:-1\" \/>\r\n<link rel=\"canonical\" href=\"https:\/\/www.robobraille.org\/es\/recursos\/\" \/>\r\n<meta property=\"og:locale\" content=\"es_ES\" \/>\r\n<meta property=\"og:type\" content=\"article\" \/>\r\n<meta property=\"og:title\" content=\"Recursos - RoboBraille\" \/>\r\n<meta property=\"og:description\" content=\"Existe una amplia cantidad de informaci\u00f3n relativa a RoboBraille, la que incluye gu\u00edas de usuario, folletos, art\u00edculos acad\u00e9micos, notas t\u00e9cnicas, logotipos, fotos y m\u00e1s. Mientras se incluyan las referencias y los cr\u00e9ditos apropiados, estos recursos pueden usarse de forma libre para difusi\u00f3n y prop\u00f3sitos educativos.&#013; &#013; Please refer to the English site to access the [&hellip;]\" \/>\r\n<meta property=\"og:url\" content=\"https:\/\/www.robobraille.org\/es\/recursos\/\" \/>\r\n<meta property=\"og:site_name\" content=\"RoboBraille\" \/>\r\n<meta property=\"article:modified_time\" content=\"2021-01-22T11:42:36+00:00\" \/>\r\n<meta name=\"twitter:card\" content=\"summary_large_image\" \/>\r\n<script type=\"application\/ld+json\" class=\"yoast-schema-graph\">{\"@context\":\"https:\/\/schema.org\",\"@graph\":[{\"@type\":\"WebPage\",\"@id\":\"https:\/\/www.robobraille.org\/es\/recursos\/\",\"url\":\"https:\/\/www.robobraille.org\/es\/recursos\/\",\"name\":\"Recursos - RoboBraille\",\"isPartOf\":{\"@id\":\"https:\/\/www.robobraille.org\/es\/#website\"},\"datePublished\":\"2021-01-20T12:22:36+00:00\",\"dateModified\":\"2021-01-22T11:42:36+00:00\",\"breadcrumb\":{\"@id\":\"https:\/\/www.robobraille.org\/es\/recursos\/#breadcrumb\"},\"inLanguage\":\"es\",\"potentialAction\":[{\"@type\":\"ReadAction\",\"target\":[\"https:\/\/www.robobraille.org\/es\/recursos\/\"]}]},{\"@type\":\"BreadcrumbList\",\"@id\":\"https:\/\/www.robobraille.org\/es\/recursos\/#breadcrumb\",\"itemListElement\":[{\"@type\":\"ListItem\",\"position\":1,\"name\":\"Home\",\"item\":\"https:\/\/www.robobraille.org\/es\/\"},{\"@type\":\"ListItem\",\"position\":2,\"name\":\"Recursos\"}]},{\"@type\":\"WebSite\",\"@id\":\"https:\/\/www.robobraille.org\/es\/#website\",\"url\":\"https:\/\/www.robobraille.org\/es\/\",\"name\":\"RoboBraille\",\"description\":\"\",\"publisher\":{\"@id\":\"https:\/\/www.robobraille.org\/es\/#organization\"},\"potentialAction\":[{\"@type\":\"SearchAction\",\"target\":{\"@type\":\"EntryPoint\",\"urlTemplate\":\"https:\/\/www.robobraille.org\/es\/?s={search_term_string}\"},\"query-input\":{\"@type\":\"PropertyValueSpecification\",\"valueRequired\":true,\"valueName\":\"search_term_string\"}}],\"inLanguage\":\"es\"},{\"@type\":\"Organization\",\"@id\":\"https:\/\/www.robobraille.org\/es\/#organization\",\"name\":\"RoboBraille\",\"url\":\"https:\/\/www.robobraille.org\/es\/\",\"logo\":{\"@type\":\"ImageObject\",\"inLanguage\":\"es\",\"@id\":\"https:\/\/www.robobraille.org\/es\/#\/schema\/logo\/image\/\",\"url\":\"https:\/\/www.robobraille.org\/wp-content\/uploads\/2020\/11\/RoboBraille.jpg\",\"contentUrl\":\"https:\/\/www.robobraille.org\/wp-content\/uploads\/2020\/11\/RoboBraille.jpg\",\"width\":340,\"height\":98,\"caption\":\"RoboBraille\"},\"image\":{\"@id\":\"https:\/\/www.robobraille.org\/es\/#\/schema\/logo\/image\/\"}}]}<\/script>\r\n<!-- \/ Yoast SEO plugin. -->","yoast_head_json":{"title":"Recursos - RoboBraille","robots":{"index":"index","follow":"follow","max-snippet":"max-snippet:-1","max-image-preview":"max-image-preview:large","max-video-preview":"max-video-preview:-1"},"canonical":"https:\/\/www.robobraille.org\/es\/recursos\/","og_locale":"es_ES","og_type":"article","og_title":"Recursos - RoboBraille","og_description":"Existe una amplia cantidad de informaci\u00f3n relativa a RoboBraille, la que incluye gu\u00edas de usuario, folletos, art\u00edculos acad\u00e9micos, notas t\u00e9cnicas, logotipos, fotos y m\u00e1s. Mientras se incluyan las referencias y los cr\u00e9ditos apropiados, estos recursos pueden usarse de forma libre para difusi\u00f3n y prop\u00f3sitos educativos.&#13; &#13; Please refer to the English site to access the [&hellip;]","og_url":"https:\/\/www.robobraille.org\/es\/recursos\/","og_site_name":"RoboBraille","article_modified_time":"2021-01-22T11:42:36+00:00","twitter_card":"summary_large_image","schema":{"@context":"https:\/\/schema.org","@graph":[{"@type":"WebPage","@id":"https:\/\/www.robobraille.org\/es\/recursos\/","url":"https:\/\/www.robobraille.org\/es\/recursos\/","name":"Recursos - RoboBraille","isPartOf":{"@id":"https:\/\/www.robobraille.org\/es\/#website"},"datePublished":"2021-01-20T12:22:36+00:00","dateModified":"2021-01-22T11:42:36+00:00","breadcrumb":{"@id":"https:\/\/www.robobraille.org\/es\/recursos\/#breadcrumb"},"inLanguage":"es","potentialAction":[{"@type":"ReadAction","target":["https:\/\/www.robobraille.org\/es\/recursos\/"]}]},{"@type":"BreadcrumbList","@id":"https:\/\/www.robobraille.org\/es\/recursos\/#breadcrumb","itemListElement":[{"@type":"ListItem","position":1,"name":"Home","item":"https:\/\/www.robobraille.org\/es\/"},{"@type":"ListItem","position":2,"name":"Recursos"}]},{"@type":"WebSite","@id":"https:\/\/www.robobraille.org\/es\/#website","url":"https:\/\/www.robobraille.org\/es\/","name":"RoboBraille","description":"","publisher":{"@id":"https:\/\/www.robobraille.org\/es\/#organization"},"potentialAction":[{"@type":"SearchAction","target":{"@type":"EntryPoint","urlTemplate":"https:\/\/www.robobraille.org\/es\/?s={search_term_string}"},"query-input":{"@type":"PropertyValueSpecification","valueRequired":true,"valueName":"search_term_string"}}],"inLanguage":"es"},{"@type":"Organization","@id":"https:\/\/www.robobraille.org\/es\/#organization","name":"RoboBraille","url":"https:\/\/www.robobraille.org\/es\/","logo":{"@type":"ImageObject","inLanguage":"es","@id":"https:\/\/www.robobraille.org\/es\/#\/schema\/logo\/image\/","url":"https:\/\/www.robobraille.org\/wp-content\/uploads\/2020\/11\/RoboBraille.jpg","contentUrl":"https:\/\/www.robobraille.org\/wp-content\/uploads\/2020\/11\/RoboBraille.jpg","width":340,"height":98,"caption":"RoboBraille"},"image":{"@id":"https:\/\/www.robobraille.org\/es\/#\/schema\/logo\/image\/"}}]}},"_links":{"self":[{"href":"https:\/\/www.robobraille.org\/es\/wp-json\/wp\/v2\/pages\/1073","targetHints":{"allow":["GET"]}}],"collection":[{"href":"https:\/\/www.robobraille.org\/es\/wp-json\/wp\/v2\/pages"}],"about":[{"href":"https:\/\/www.robobraille.org\/es\/wp-json\/wp\/v2\/types\/page"}],"author":[{"embeddable":true,"href":"https:\/\/www.robobraille.org\/es\/wp-json\/wp\/v2\/users\/4"}],"replies":[{"embeddable":true,"href":"https:\/\/www.robobraille.org\/es\/wp-json\/wp\/v2\/comments?post=1073"}],"version-history":[{"count":3,"href":"https:\/\/www.robobraille.org\/es\/wp-json\/wp\/v2\/pages\/1073\/revisions"}],"predecessor-version":[{"id":1763,"href":"https:\/\/www.robobraille.org\/es\/wp-json\/wp\/v2\/pages\/1073\/revisions\/1763"}],"wp:attachment":[{"href":"https:\/\/www.robobraille.org\/es\/wp-json\/wp\/v2\/media?parent=1073"}],"curies":[{"name":"wp","href":"https:\/\/api.w.org\/{rel}","templated":true}]}}