{"id":1043,"date":"2021-01-20T12:46:16","date_gmt":"2021-01-20T11:46:16","guid":{"rendered":"https:\/\/www.robobraille.org\/privacidad-condiciones\/"},"modified":"2021-01-20T12:46:16","modified_gmt":"2021-01-20T11:46:16","slug":"privacidad-condiciones","status":"publish","type":"page","link":"https:\/\/www.robobraille.org\/es\/privacidad-condiciones\/","title":{"rendered":"Privacidad &#038; Condiciones"},"content":{"rendered":"\n<h2 class=\"wp-block-heading\">Privacidad<\/h2>\n\n<p>El proceso de conversi\u00f3n de documentos RoboBraille est\u00e1 totalmente automatizado y no involucra interacci\u00f3n humana. Los documentos fuente se reciben en el correo electr\u00f3nico del servidor de RoboBraille, son procesados por uno o m\u00e1s agentes de RoboBraille, y el resultado se le env\u00eda al usuario en un correo electr\u00f3nico. El documento fuente luego es eliminado de los servidores.<\/p>\n\n<p>Los registros de transacciones se mantienen para prop\u00f3sitos estad\u00edsticos, de administraci\u00f3n y prevenci\u00f3n del spam.<\/p>\n\n<p> <\/p>\n\n<p> <\/p>\n\n<p> <\/p>\n\n<p> <\/p>\n\n<h2 class=\"wp-block-heading\">T\u00e9rminos<\/h2>\n\n<p>RoboBraille se entrega en una base \u00abtal cual\u00bb. Ni Synscenter Refsn\u00e6s o Sensus (los proveedores del servicio) asumir\u00e1n ninguna responsabilidad por p\u00e9rdidas directas o indirectas relacionadas al uso del servicio. Los proveedores del servicio presumen que los usuarios tienen los derechos adecuados sobre cualquier documento que env\u00eden al servicio. Los proveedores del servicio adem\u00e1s presumen que los usuarios usan el servicio de acuerdo con los t\u00e9rminos estipulados en el sitio web.<\/p>\n\n<p>RoboBraille est\u00e1 disponible de forma gratuita para usuarios individuales y estrictamente no comerciales. Los usuarios institucionales tales como universidades y otros que deseen entregar el servicio gratuitamente por medio de una interfaz personalizada a sus estudiantes, empleados, clientes y otros deber\u00e1n contactar a Sensus mediante el correo electr\u00f3nico <a href=\"https:\/\/web.archive.org\/web\/20200814182816\/mailto:contact@robobraille.org\">contact@robobraille.org<\/a>\u00a0para gestionar un acuerdo de servicio.<\/p>\n\n<p>El uso comercial de este servicio, concepto que incluye la reventa del material producido por el servicio y el uso institucional del mismo sin un acuerdo de servicio adecuado, est\u00e1 estrictamente prohibido. Se tomar\u00e1n acciones legales en caso de mal uso y\/o violaci\u00f3n de los t\u00e9rminos estipulados en este sitio web.<\/p>\n","protected":false},"excerpt":{"rendered":"<p>Privacidad El proceso de conversi\u00f3n de documentos RoboBraille est\u00e1 totalmente automatizado y no involucra interacci\u00f3n humana. Los documentos fuente se reciben en el correo electr\u00f3nico del servidor de RoboBraille, son procesados por uno o m\u00e1s agentes de RoboBraille, y el resultado se le env\u00eda al usuario en un correo electr\u00f3nico. El documento fuente luego es [&hellip;]<\/p>\n","protected":false},"author":4,"featured_media":0,"parent":0,"menu_order":0,"comment_status":"closed","ping_status":"closed","template":"","meta":{"site-sidebar-layout":"default","site-content-layout":"default","ast-site-content-layout":"default","site-content-style":"default","site-sidebar-style":"default","ast-global-header-display":"","ast-banner-title-visibility":"","ast-main-header-display":"","ast-hfb-above-header-display":"","ast-hfb-below-header-display":"","ast-hfb-mobile-header-display":"","site-post-title":"","ast-breadcrumbs-content":"","ast-featured-img":"","footer-sml-layout":"","ast-disable-related-posts":"","theme-transparent-header-meta":"default","adv-header-id-meta":"","stick-header-meta":"","header-above-stick-meta":"","header-main-stick-meta":"","header-below-stick-meta":"","astra-migrate-meta-layouts":"default","ast-page-background-enabled":"default","ast-page-background-meta":{"desktop":{"background-color":"","background-image":"","background-repeat":"repeat","background-position":"center center","background-size":"auto","background-attachment":"scroll","background-type":"","background-media":"","overlay-type":"","overlay-color":"","overlay-opacity":"","overlay-gradient":""},"tablet":{"background-color":"","background-image":"","background-repeat":"repeat","background-position":"center center","background-size":"auto","background-attachment":"scroll","background-type":"","background-media":"","overlay-type":"","overlay-color":"","overlay-opacity":"","overlay-gradient":""},"mobile":{"background-color":"","background-image":"","background-repeat":"repeat","background-position":"center center","background-size":"auto","background-attachment":"scroll","background-type":"","background-media":"","overlay-type":"","overlay-color":"","overlay-opacity":"","overlay-gradient":""}},"ast-content-background-meta":{"desktop":{"background-color":"var(--ast-global-color-5)","background-image":"","background-repeat":"repeat","background-position":"center center","background-size":"auto","background-attachment":"scroll","background-type":"","background-media":"","overlay-type":"","overlay-color":"","overlay-opacity":"","overlay-gradient":""},"tablet":{"background-color":"var(--ast-global-color-5)","background-image":"","background-repeat":"repeat","background-position":"center center","background-size":"auto","background-attachment":"scroll","background-type":"","background-media":"","overlay-type":"","overlay-color":"","overlay-opacity":"","overlay-gradient":""},"mobile":{"background-color":"var(--ast-global-color-5)","background-image":"","background-repeat":"repeat","background-position":"center center","background-size":"auto","background-attachment":"scroll","background-type":"","background-media":"","overlay-type":"","overlay-color":"","overlay-opacity":"","overlay-gradient":""}},"footnotes":""},"class_list":["post-1043","page","type-page","status-publish","hentry"],"yoast_head":"<!-- This site is optimized with the Yoast SEO plugin v27.0 - https:\/\/yoast.com\/product\/yoast-seo-wordpress\/ -->\r\n<title>Privacidad &amp; Condiciones - RoboBraille<\/title>\r\n<meta name=\"robots\" content=\"index, follow, max-snippet:-1, max-image-preview:large, max-video-preview:-1\" \/>\r\n<link rel=\"canonical\" href=\"https:\/\/www.robobraille.org\/es\/privacidad-condiciones\/\" \/>\r\n<meta property=\"og:locale\" content=\"es_ES\" \/>\r\n<meta property=\"og:type\" content=\"article\" \/>\r\n<meta property=\"og:title\" content=\"Privacidad &amp; Condiciones - RoboBraille\" \/>\r\n<meta property=\"og:description\" content=\"Privacidad El proceso de conversi\u00f3n de documentos RoboBraille est\u00e1 totalmente automatizado y no involucra interacci\u00f3n humana. Los documentos fuente se reciben en el correo electr\u00f3nico del servidor de RoboBraille, son procesados por uno o m\u00e1s agentes de RoboBraille, y el resultado se le env\u00eda al usuario en un correo electr\u00f3nico. El documento fuente luego es [&hellip;]\" \/>\r\n<meta property=\"og:url\" content=\"https:\/\/www.robobraille.org\/es\/privacidad-condiciones\/\" \/>\r\n<meta property=\"og:site_name\" content=\"RoboBraille\" \/>\r\n<meta name=\"twitter:card\" content=\"summary_large_image\" \/>\r\n<meta name=\"twitter:label1\" content=\"Tiempo de lectura\" \/>\n\t<meta name=\"twitter:data1\" content=\"1 minuto\" \/>\r\n<script type=\"application\/ld+json\" class=\"yoast-schema-graph\">{\"@context\":\"https:\/\/schema.org\",\"@graph\":[{\"@type\":\"WebPage\",\"@id\":\"https:\/\/www.robobraille.org\/es\/privacidad-condiciones\/\",\"url\":\"https:\/\/www.robobraille.org\/es\/privacidad-condiciones\/\",\"name\":\"Privacidad & Condiciones - RoboBraille\",\"isPartOf\":{\"@id\":\"https:\/\/www.robobraille.org\/es\/#website\"},\"datePublished\":\"2021-01-20T11:46:16+00:00\",\"breadcrumb\":{\"@id\":\"https:\/\/www.robobraille.org\/es\/privacidad-condiciones\/#breadcrumb\"},\"inLanguage\":\"es\",\"potentialAction\":[{\"@type\":\"ReadAction\",\"target\":[\"https:\/\/www.robobraille.org\/es\/privacidad-condiciones\/\"]}]},{\"@type\":\"BreadcrumbList\",\"@id\":\"https:\/\/www.robobraille.org\/es\/privacidad-condiciones\/#breadcrumb\",\"itemListElement\":[{\"@type\":\"ListItem\",\"position\":1,\"name\":\"Home\",\"item\":\"https:\/\/www.robobraille.org\/es\/\"},{\"@type\":\"ListItem\",\"position\":2,\"name\":\"Privacidad &#038; Condiciones\"}]},{\"@type\":\"WebSite\",\"@id\":\"https:\/\/www.robobraille.org\/es\/#website\",\"url\":\"https:\/\/www.robobraille.org\/es\/\",\"name\":\"RoboBraille\",\"description\":\"\",\"publisher\":{\"@id\":\"https:\/\/www.robobraille.org\/es\/#organization\"},\"potentialAction\":[{\"@type\":\"SearchAction\",\"target\":{\"@type\":\"EntryPoint\",\"urlTemplate\":\"https:\/\/www.robobraille.org\/es\/?s={search_term_string}\"},\"query-input\":{\"@type\":\"PropertyValueSpecification\",\"valueRequired\":true,\"valueName\":\"search_term_string\"}}],\"inLanguage\":\"es\"},{\"@type\":\"Organization\",\"@id\":\"https:\/\/www.robobraille.org\/es\/#organization\",\"name\":\"RoboBraille\",\"url\":\"https:\/\/www.robobraille.org\/es\/\",\"logo\":{\"@type\":\"ImageObject\",\"inLanguage\":\"es\",\"@id\":\"https:\/\/www.robobraille.org\/es\/#\/schema\/logo\/image\/\",\"url\":\"https:\/\/www.robobraille.org\/wp-content\/uploads\/2020\/11\/RoboBraille.jpg\",\"contentUrl\":\"https:\/\/www.robobraille.org\/wp-content\/uploads\/2020\/11\/RoboBraille.jpg\",\"width\":340,\"height\":98,\"caption\":\"RoboBraille\"},\"image\":{\"@id\":\"https:\/\/www.robobraille.org\/es\/#\/schema\/logo\/image\/\"}}]}<\/script>\r\n<!-- \/ Yoast SEO plugin. -->","yoast_head_json":{"title":"Privacidad & Condiciones - RoboBraille","robots":{"index":"index","follow":"follow","max-snippet":"max-snippet:-1","max-image-preview":"max-image-preview:large","max-video-preview":"max-video-preview:-1"},"canonical":"https:\/\/www.robobraille.org\/es\/privacidad-condiciones\/","og_locale":"es_ES","og_type":"article","og_title":"Privacidad & Condiciones - RoboBraille","og_description":"Privacidad El proceso de conversi\u00f3n de documentos RoboBraille est\u00e1 totalmente automatizado y no involucra interacci\u00f3n humana. Los documentos fuente se reciben en el correo electr\u00f3nico del servidor de RoboBraille, son procesados por uno o m\u00e1s agentes de RoboBraille, y el resultado se le env\u00eda al usuario en un correo electr\u00f3nico. El documento fuente luego es [&hellip;]","og_url":"https:\/\/www.robobraille.org\/es\/privacidad-condiciones\/","og_site_name":"RoboBraille","twitter_card":"summary_large_image","twitter_misc":{"Tiempo de lectura":"1 minuto"},"schema":{"@context":"https:\/\/schema.org","@graph":[{"@type":"WebPage","@id":"https:\/\/www.robobraille.org\/es\/privacidad-condiciones\/","url":"https:\/\/www.robobraille.org\/es\/privacidad-condiciones\/","name":"Privacidad & Condiciones - RoboBraille","isPartOf":{"@id":"https:\/\/www.robobraille.org\/es\/#website"},"datePublished":"2021-01-20T11:46:16+00:00","breadcrumb":{"@id":"https:\/\/www.robobraille.org\/es\/privacidad-condiciones\/#breadcrumb"},"inLanguage":"es","potentialAction":[{"@type":"ReadAction","target":["https:\/\/www.robobraille.org\/es\/privacidad-condiciones\/"]}]},{"@type":"BreadcrumbList","@id":"https:\/\/www.robobraille.org\/es\/privacidad-condiciones\/#breadcrumb","itemListElement":[{"@type":"ListItem","position":1,"name":"Home","item":"https:\/\/www.robobraille.org\/es\/"},{"@type":"ListItem","position":2,"name":"Privacidad &#038; Condiciones"}]},{"@type":"WebSite","@id":"https:\/\/www.robobraille.org\/es\/#website","url":"https:\/\/www.robobraille.org\/es\/","name":"RoboBraille","description":"","publisher":{"@id":"https:\/\/www.robobraille.org\/es\/#organization"},"potentialAction":[{"@type":"SearchAction","target":{"@type":"EntryPoint","urlTemplate":"https:\/\/www.robobraille.org\/es\/?s={search_term_string}"},"query-input":{"@type":"PropertyValueSpecification","valueRequired":true,"valueName":"search_term_string"}}],"inLanguage":"es"},{"@type":"Organization","@id":"https:\/\/www.robobraille.org\/es\/#organization","name":"RoboBraille","url":"https:\/\/www.robobraille.org\/es\/","logo":{"@type":"ImageObject","inLanguage":"es","@id":"https:\/\/www.robobraille.org\/es\/#\/schema\/logo\/image\/","url":"https:\/\/www.robobraille.org\/wp-content\/uploads\/2020\/11\/RoboBraille.jpg","contentUrl":"https:\/\/www.robobraille.org\/wp-content\/uploads\/2020\/11\/RoboBraille.jpg","width":340,"height":98,"caption":"RoboBraille"},"image":{"@id":"https:\/\/www.robobraille.org\/es\/#\/schema\/logo\/image\/"}}]}},"_links":{"self":[{"href":"https:\/\/www.robobraille.org\/es\/wp-json\/wp\/v2\/pages\/1043","targetHints":{"allow":["GET"]}}],"collection":[{"href":"https:\/\/www.robobraille.org\/es\/wp-json\/wp\/v2\/pages"}],"about":[{"href":"https:\/\/www.robobraille.org\/es\/wp-json\/wp\/v2\/types\/page"}],"author":[{"embeddable":true,"href":"https:\/\/www.robobraille.org\/es\/wp-json\/wp\/v2\/users\/4"}],"replies":[{"embeddable":true,"href":"https:\/\/www.robobraille.org\/es\/wp-json\/wp\/v2\/comments?post=1043"}],"version-history":[{"count":1,"href":"https:\/\/www.robobraille.org\/es\/wp-json\/wp\/v2\/pages\/1043\/revisions"}],"predecessor-version":[{"id":1044,"href":"https:\/\/www.robobraille.org\/es\/wp-json\/wp\/v2\/pages\/1043\/revisions\/1044"}],"wp:attachment":[{"href":"https:\/\/www.robobraille.org\/es\/wp-json\/wp\/v2\/media?parent=1043"}],"curies":[{"name":"wp","href":"https:\/\/api.w.org\/{rel}","templated":true}]}}