{"id":1011,"date":"2021-01-20T11:56:40","date_gmt":"2021-01-20T10:56:40","guid":{"rendered":"https:\/\/www.robobraille.org\/asociados\/"},"modified":"2021-01-20T11:56:40","modified_gmt":"2021-01-20T10:56:40","slug":"asociados","status":"publish","type":"page","link":"https:\/\/www.robobraille.org\/es\/asociados\/","title":{"rendered":"Asociados"},"content":{"rendered":"\n<p>A lo largo de los a\u00f1os, muchas organizaciones de distintos pa\u00edses han establecido lazos con RoboBraille. Como un asociado de RoboBraille, usted puede representar a RoboBraille en su pa\u00eds, ofrecer apoyo al usuario final y difundir informaci\u00f3n sobre el servicio. Tambi\u00e9n podr\u00eda ense\u00f1ar a los usuarios a aprovechar RoboBraille o a usarlo como parte de los servicios ofrecidos por su organizaci\u00f3n. O tal vez quiera realizar una investigaci\u00f3n sobre c\u00f3mo se usa RoboBraille para promover la autosuficiencia, integraci\u00f3n e inclusi\u00f3n.<\/p>\n\n<p>Como socio de RoboBraille, usted se une a una red internacional de organizaciones e individuos que se especializan en educaci\u00f3n convencional y especial, as\u00ed como en servicios de rehabilitaci\u00f3n y discapacidad. Se invita regularmente a los asociados a elaborar papers en conjunto y a unirse a los proyectos nuevos. El documento a continuaci\u00f3n resume los roles y las responsabilidades de los asociados en un proyecto RoboBraille.&#13;\n<\/p>\n\n<p>No dude en contactar al equipo RoboBraille por medio del correo electr\u00f3nico <a href=\"https:\/\/web.archive.org\/web\/20200819180532\/mailto:contact@robobraille.org\">contact@robobraille.org<\/a> si est\u00e1 interesado en convertirse en un asociado de RoboBraille.<\/p>\n\n<p>Roles and Responsibilities of Partners in a RoboBraille-project<\/p>\n","protected":false},"excerpt":{"rendered":"<p>A lo largo de los a\u00f1os, muchas organizaciones de distintos pa\u00edses han establecido lazos con RoboBraille. Como un asociado de RoboBraille, usted puede representar a RoboBraille en su pa\u00eds, ofrecer apoyo al usuario final y difundir informaci\u00f3n sobre el servicio. Tambi\u00e9n podr\u00eda ense\u00f1ar a los usuarios a aprovechar RoboBraille o a usarlo como parte de [&hellip;]<\/p>\n","protected":false},"author":4,"featured_media":0,"parent":0,"menu_order":0,"comment_status":"closed","ping_status":"closed","template":"","meta":{"site-sidebar-layout":"default","site-content-layout":"default","ast-site-content-layout":"default","site-content-style":"default","site-sidebar-style":"default","ast-global-header-display":"","ast-banner-title-visibility":"","ast-main-header-display":"","ast-hfb-above-header-display":"","ast-hfb-below-header-display":"","ast-hfb-mobile-header-display":"","site-post-title":"","ast-breadcrumbs-content":"","ast-featured-img":"","footer-sml-layout":"","ast-disable-related-posts":"","theme-transparent-header-meta":"default","adv-header-id-meta":"","stick-header-meta":"","header-above-stick-meta":"","header-main-stick-meta":"","header-below-stick-meta":"","astra-migrate-meta-layouts":"default","ast-page-background-enabled":"default","ast-page-background-meta":{"desktop":{"background-color":"","background-image":"","background-repeat":"repeat","background-position":"center center","background-size":"auto","background-attachment":"scroll","background-type":"","background-media":"","overlay-type":"","overlay-color":"","overlay-opacity":"","overlay-gradient":""},"tablet":{"background-color":"","background-image":"","background-repeat":"repeat","background-position":"center center","background-size":"auto","background-attachment":"scroll","background-type":"","background-media":"","overlay-type":"","overlay-color":"","overlay-opacity":"","overlay-gradient":""},"mobile":{"background-color":"","background-image":"","background-repeat":"repeat","background-position":"center center","background-size":"auto","background-attachment":"scroll","background-type":"","background-media":"","overlay-type":"","overlay-color":"","overlay-opacity":"","overlay-gradient":""}},"ast-content-background-meta":{"desktop":{"background-color":"var(--ast-global-color-5)","background-image":"","background-repeat":"repeat","background-position":"center center","background-size":"auto","background-attachment":"scroll","background-type":"","background-media":"","overlay-type":"","overlay-color":"","overlay-opacity":"","overlay-gradient":""},"tablet":{"background-color":"var(--ast-global-color-5)","background-image":"","background-repeat":"repeat","background-position":"center center","background-size":"auto","background-attachment":"scroll","background-type":"","background-media":"","overlay-type":"","overlay-color":"","overlay-opacity":"","overlay-gradient":""},"mobile":{"background-color":"var(--ast-global-color-5)","background-image":"","background-repeat":"repeat","background-position":"center center","background-size":"auto","background-attachment":"scroll","background-type":"","background-media":"","overlay-type":"","overlay-color":"","overlay-opacity":"","overlay-gradient":""}},"footnotes":""},"class_list":["post-1011","page","type-page","status-publish","hentry"],"yoast_head":"<!-- This site is optimized with the Yoast SEO plugin v27.0 - https:\/\/yoast.com\/product\/yoast-seo-wordpress\/ -->\r\n<title>Asociados - RoboBraille<\/title>\r\n<meta name=\"robots\" content=\"index, follow, max-snippet:-1, max-image-preview:large, max-video-preview:-1\" \/>\r\n<link rel=\"canonical\" href=\"https:\/\/www.robobraille.org\/es\/asociados\/\" \/>\r\n<meta property=\"og:locale\" content=\"es_ES\" \/>\r\n<meta property=\"og:type\" content=\"article\" \/>\r\n<meta property=\"og:title\" content=\"Asociados - RoboBraille\" \/>\r\n<meta property=\"og:description\" content=\"A lo largo de los a\u00f1os, muchas organizaciones de distintos pa\u00edses han establecido lazos con RoboBraille. Como un asociado de RoboBraille, usted puede representar a RoboBraille en su pa\u00eds, ofrecer apoyo al usuario final y difundir informaci\u00f3n sobre el servicio. Tambi\u00e9n podr\u00eda ense\u00f1ar a los usuarios a aprovechar RoboBraille o a usarlo como parte de [&hellip;]\" \/>\r\n<meta property=\"og:url\" content=\"https:\/\/www.robobraille.org\/es\/asociados\/\" \/>\r\n<meta property=\"og:site_name\" content=\"RoboBraille\" \/>\r\n<meta name=\"twitter:card\" content=\"summary_large_image\" \/>\r\n<meta name=\"twitter:label1\" content=\"Tiempo de lectura\" \/>\n\t<meta name=\"twitter:data1\" content=\"1 minuto\" \/>\r\n<script type=\"application\/ld+json\" class=\"yoast-schema-graph\">{\"@context\":\"https:\/\/schema.org\",\"@graph\":[{\"@type\":\"WebPage\",\"@id\":\"https:\/\/www.robobraille.org\/es\/asociados\/\",\"url\":\"https:\/\/www.robobraille.org\/es\/asociados\/\",\"name\":\"Asociados - RoboBraille\",\"isPartOf\":{\"@id\":\"https:\/\/www.robobraille.org\/es\/#website\"},\"datePublished\":\"2021-01-20T10:56:40+00:00\",\"breadcrumb\":{\"@id\":\"https:\/\/www.robobraille.org\/es\/asociados\/#breadcrumb\"},\"inLanguage\":\"es\",\"potentialAction\":[{\"@type\":\"ReadAction\",\"target\":[\"https:\/\/www.robobraille.org\/es\/asociados\/\"]}]},{\"@type\":\"BreadcrumbList\",\"@id\":\"https:\/\/www.robobraille.org\/es\/asociados\/#breadcrumb\",\"itemListElement\":[{\"@type\":\"ListItem\",\"position\":1,\"name\":\"Home\",\"item\":\"https:\/\/www.robobraille.org\/es\/\"},{\"@type\":\"ListItem\",\"position\":2,\"name\":\"Asociados\"}]},{\"@type\":\"WebSite\",\"@id\":\"https:\/\/www.robobraille.org\/es\/#website\",\"url\":\"https:\/\/www.robobraille.org\/es\/\",\"name\":\"RoboBraille\",\"description\":\"\",\"publisher\":{\"@id\":\"https:\/\/www.robobraille.org\/es\/#organization\"},\"potentialAction\":[{\"@type\":\"SearchAction\",\"target\":{\"@type\":\"EntryPoint\",\"urlTemplate\":\"https:\/\/www.robobraille.org\/es\/?s={search_term_string}\"},\"query-input\":{\"@type\":\"PropertyValueSpecification\",\"valueRequired\":true,\"valueName\":\"search_term_string\"}}],\"inLanguage\":\"es\"},{\"@type\":\"Organization\",\"@id\":\"https:\/\/www.robobraille.org\/es\/#organization\",\"name\":\"RoboBraille\",\"url\":\"https:\/\/www.robobraille.org\/es\/\",\"logo\":{\"@type\":\"ImageObject\",\"inLanguage\":\"es\",\"@id\":\"https:\/\/www.robobraille.org\/es\/#\/schema\/logo\/image\/\",\"url\":\"https:\/\/www.robobraille.org\/wp-content\/uploads\/2020\/11\/RoboBraille.jpg\",\"contentUrl\":\"https:\/\/www.robobraille.org\/wp-content\/uploads\/2020\/11\/RoboBraille.jpg\",\"width\":340,\"height\":98,\"caption\":\"RoboBraille\"},\"image\":{\"@id\":\"https:\/\/www.robobraille.org\/es\/#\/schema\/logo\/image\/\"}}]}<\/script>\r\n<!-- \/ Yoast SEO plugin. -->","yoast_head_json":{"title":"Asociados - RoboBraille","robots":{"index":"index","follow":"follow","max-snippet":"max-snippet:-1","max-image-preview":"max-image-preview:large","max-video-preview":"max-video-preview:-1"},"canonical":"https:\/\/www.robobraille.org\/es\/asociados\/","og_locale":"es_ES","og_type":"article","og_title":"Asociados - RoboBraille","og_description":"A lo largo de los a\u00f1os, muchas organizaciones de distintos pa\u00edses han establecido lazos con RoboBraille. Como un asociado de RoboBraille, usted puede representar a RoboBraille en su pa\u00eds, ofrecer apoyo al usuario final y difundir informaci\u00f3n sobre el servicio. Tambi\u00e9n podr\u00eda ense\u00f1ar a los usuarios a aprovechar RoboBraille o a usarlo como parte de [&hellip;]","og_url":"https:\/\/www.robobraille.org\/es\/asociados\/","og_site_name":"RoboBraille","twitter_card":"summary_large_image","twitter_misc":{"Tiempo de lectura":"1 minuto"},"schema":{"@context":"https:\/\/schema.org","@graph":[{"@type":"WebPage","@id":"https:\/\/www.robobraille.org\/es\/asociados\/","url":"https:\/\/www.robobraille.org\/es\/asociados\/","name":"Asociados - RoboBraille","isPartOf":{"@id":"https:\/\/www.robobraille.org\/es\/#website"},"datePublished":"2021-01-20T10:56:40+00:00","breadcrumb":{"@id":"https:\/\/www.robobraille.org\/es\/asociados\/#breadcrumb"},"inLanguage":"es","potentialAction":[{"@type":"ReadAction","target":["https:\/\/www.robobraille.org\/es\/asociados\/"]}]},{"@type":"BreadcrumbList","@id":"https:\/\/www.robobraille.org\/es\/asociados\/#breadcrumb","itemListElement":[{"@type":"ListItem","position":1,"name":"Home","item":"https:\/\/www.robobraille.org\/es\/"},{"@type":"ListItem","position":2,"name":"Asociados"}]},{"@type":"WebSite","@id":"https:\/\/www.robobraille.org\/es\/#website","url":"https:\/\/www.robobraille.org\/es\/","name":"RoboBraille","description":"","publisher":{"@id":"https:\/\/www.robobraille.org\/es\/#organization"},"potentialAction":[{"@type":"SearchAction","target":{"@type":"EntryPoint","urlTemplate":"https:\/\/www.robobraille.org\/es\/?s={search_term_string}"},"query-input":{"@type":"PropertyValueSpecification","valueRequired":true,"valueName":"search_term_string"}}],"inLanguage":"es"},{"@type":"Organization","@id":"https:\/\/www.robobraille.org\/es\/#organization","name":"RoboBraille","url":"https:\/\/www.robobraille.org\/es\/","logo":{"@type":"ImageObject","inLanguage":"es","@id":"https:\/\/www.robobraille.org\/es\/#\/schema\/logo\/image\/","url":"https:\/\/www.robobraille.org\/wp-content\/uploads\/2020\/11\/RoboBraille.jpg","contentUrl":"https:\/\/www.robobraille.org\/wp-content\/uploads\/2020\/11\/RoboBraille.jpg","width":340,"height":98,"caption":"RoboBraille"},"image":{"@id":"https:\/\/www.robobraille.org\/es\/#\/schema\/logo\/image\/"}}]}},"_links":{"self":[{"href":"https:\/\/www.robobraille.org\/es\/wp-json\/wp\/v2\/pages\/1011","targetHints":{"allow":["GET"]}}],"collection":[{"href":"https:\/\/www.robobraille.org\/es\/wp-json\/wp\/v2\/pages"}],"about":[{"href":"https:\/\/www.robobraille.org\/es\/wp-json\/wp\/v2\/types\/page"}],"author":[{"embeddable":true,"href":"https:\/\/www.robobraille.org\/es\/wp-json\/wp\/v2\/users\/4"}],"replies":[{"embeddable":true,"href":"https:\/\/www.robobraille.org\/es\/wp-json\/wp\/v2\/comments?post=1011"}],"version-history":[{"count":1,"href":"https:\/\/www.robobraille.org\/es\/wp-json\/wp\/v2\/pages\/1011\/revisions"}],"predecessor-version":[{"id":1012,"href":"https:\/\/www.robobraille.org\/es\/wp-json\/wp\/v2\/pages\/1011\/revisions\/1012"}],"wp:attachment":[{"href":"https:\/\/www.robobraille.org\/es\/wp-json\/wp\/v2\/media?parent=1011"}],"curies":[{"name":"wp","href":"https:\/\/api.w.org\/{rel}","templated":true}]}}