{"id":991,"date":"2021-01-20T11:35:04","date_gmt":"2021-01-20T10:35:04","guid":{"rendered":"https:\/\/www.robobraille.org\/partner\/"},"modified":"2022-01-04T17:13:48","modified_gmt":"2022-01-04T16:13:48","slug":"partner","status":"publish","type":"page","link":"https:\/\/www.robobraille.org\/de\/partner\/","title":{"rendered":"Partner"},"content":{"rendered":"\n<p>Im Laufe der Jahre haben sich mehrere Organisationen aus vielen L\u00e4ndern an RoboBraille beteiligt. Als RoboBraille-Partner k\u00f6nnen Sie RoboBraille in Ihrem Land vertreten und f\u00fcr den Endbenutzersupport und die Ver\u00f6ffentlichung von Informationen \u00fcber den Service verantwortlich werden. Sie  k\u00f6nnen auch Benutzer \u00fcber die Einsatzm\u00f6glichkeiten des RoboBraille-Service schulen und RoboBraille als Teil des Angebots ihrer Organisation anwenden. Als Partner k\u00f6nnen Sie Forschungst\u00e4tigkeiten \u00fcber RoboBraille als F\u00f6rderungsmittel f\u00fcr Unabh\u00e4ngigkeit und Inklusion durchf\u00fchren.<\/p>\n\n\n\n<p>Als RoboBraille Partner schlie\u00dfen Sie sich einem internationalen Netzwerk von Organisationen, Behinderteneinrichtungen und Fachleuten, spezialisiert in Regel- und Sonderausbildung und Rehabilitation, an. Partner werden auf regul\u00e4rer Basis eingeladen, Publikationen mit zu verfassen und sich an neuen Projekten zu beteiligen.<\/p>\n\n\n\n<p>Wenn Sie Interesse haben, RoboBraille-Partner zu werden, kontaktieren Sie uns unter: <a href=\"mailto:contact@robobraille.org\">contact@robobraille.org<\/a><\/p>\n\n\n\n<ul class=\"wp-block-list\"><li><a href=\"https:\/\/www.robobraille.org\/wp-content\/uploads\/2021\/01\/Roles-and-Responsibilities-of-Partners-in-a-RoboBraille-project.pdf\">Roles and Responsibilities of Partners in a RoboBraille-project<\/a><\/li><\/ul>\n","protected":false},"excerpt":{"rendered":"<p>Im Laufe der Jahre haben sich mehrere Organisationen aus vielen L\u00e4ndern an RoboBraille beteiligt. Als RoboBraille-Partner k\u00f6nnen Sie RoboBraille in Ihrem Land vertreten und f\u00fcr den Endbenutzersupport und die Ver\u00f6ffentlichung von Informationen \u00fcber den Service verantwortlich werden. Sie k\u00f6nnen auch Benutzer \u00fcber die Einsatzm\u00f6glichkeiten des RoboBraille-Service schulen und RoboBraille als Teil des Angebots ihrer Organisation [&hellip;]<\/p>\n","protected":false},"author":4,"featured_media":0,"parent":0,"menu_order":0,"comment_status":"closed","ping_status":"closed","template":"","meta":{"site-sidebar-layout":"default","site-content-layout":"default","ast-site-content-layout":"default","site-content-style":"default","site-sidebar-style":"default","ast-global-header-display":"","ast-banner-title-visibility":"","ast-main-header-display":"","ast-hfb-above-header-display":"","ast-hfb-below-header-display":"","ast-hfb-mobile-header-display":"","site-post-title":"","ast-breadcrumbs-content":"","ast-featured-img":"","footer-sml-layout":"","ast-disable-related-posts":"","theme-transparent-header-meta":"default","adv-header-id-meta":"","stick-header-meta":"","header-above-stick-meta":"","header-main-stick-meta":"","header-below-stick-meta":"","astra-migrate-meta-layouts":"default","ast-page-background-enabled":"default","ast-page-background-meta":{"desktop":{"background-color":"","background-image":"","background-repeat":"repeat","background-position":"center center","background-size":"auto","background-attachment":"scroll","background-type":"","background-media":"","overlay-type":"","overlay-color":"","overlay-opacity":"","overlay-gradient":""},"tablet":{"background-color":"","background-image":"","background-repeat":"repeat","background-position":"center center","background-size":"auto","background-attachment":"scroll","background-type":"","background-media":"","overlay-type":"","overlay-color":"","overlay-opacity":"","overlay-gradient":""},"mobile":{"background-color":"","background-image":"","background-repeat":"repeat","background-position":"center center","background-size":"auto","background-attachment":"scroll","background-type":"","background-media":"","overlay-type":"","overlay-color":"","overlay-opacity":"","overlay-gradient":""}},"ast-content-background-meta":{"desktop":{"background-color":"var(--ast-global-color-5)","background-image":"","background-repeat":"repeat","background-position":"center center","background-size":"auto","background-attachment":"scroll","background-type":"","background-media":"","overlay-type":"","overlay-color":"","overlay-opacity":"","overlay-gradient":""},"tablet":{"background-color":"var(--ast-global-color-5)","background-image":"","background-repeat":"repeat","background-position":"center center","background-size":"auto","background-attachment":"scroll","background-type":"","background-media":"","overlay-type":"","overlay-color":"","overlay-opacity":"","overlay-gradient":""},"mobile":{"background-color":"var(--ast-global-color-5)","background-image":"","background-repeat":"repeat","background-position":"center center","background-size":"auto","background-attachment":"scroll","background-type":"","background-media":"","overlay-type":"","overlay-color":"","overlay-opacity":"","overlay-gradient":""}},"footnotes":""},"class_list":["post-991","page","type-page","status-publish","hentry"],"yoast_head":"<!-- This site is optimized with the Yoast SEO plugin v27.0 - https:\/\/yoast.com\/product\/yoast-seo-wordpress\/ -->\r\n<title>Partner - RoboBraille<\/title>\r\n<meta name=\"robots\" content=\"index, follow, max-snippet:-1, max-image-preview:large, max-video-preview:-1\" \/>\r\n<link rel=\"canonical\" href=\"https:\/\/www.robobraille.org\/de\/partner\/\" \/>\r\n<meta property=\"og:locale\" content=\"de_DE\" \/>\r\n<meta property=\"og:type\" content=\"article\" \/>\r\n<meta property=\"og:title\" content=\"Partner - RoboBraille\" \/>\r\n<meta property=\"og:description\" content=\"Im Laufe der Jahre haben sich mehrere Organisationen aus vielen L\u00e4ndern an RoboBraille beteiligt. Als RoboBraille-Partner k\u00f6nnen Sie RoboBraille in Ihrem Land vertreten und f\u00fcr den Endbenutzersupport und die Ver\u00f6ffentlichung von Informationen \u00fcber den Service verantwortlich werden. Sie k\u00f6nnen auch Benutzer \u00fcber die Einsatzm\u00f6glichkeiten des RoboBraille-Service schulen und RoboBraille als Teil des Angebots ihrer Organisation [&hellip;]\" \/>\r\n<meta property=\"og:url\" content=\"https:\/\/www.robobraille.org\/de\/partner\/\" \/>\r\n<meta property=\"og:site_name\" content=\"RoboBraille\" \/>\r\n<meta property=\"article:modified_time\" content=\"2022-01-04T16:13:48+00:00\" \/>\r\n<meta name=\"twitter:card\" content=\"summary_large_image\" \/>\r\n<meta name=\"twitter:label1\" content=\"Gesch\u00e4tzte Lesezeit\" \/>\n\t<meta name=\"twitter:data1\" content=\"1\u00a0Minute\" \/>\r\n<script type=\"application\/ld+json\" class=\"yoast-schema-graph\">{\"@context\":\"https:\/\/schema.org\",\"@graph\":[{\"@type\":\"WebPage\",\"@id\":\"https:\/\/www.robobraille.org\/de\/partner\/\",\"url\":\"https:\/\/www.robobraille.org\/de\/partner\/\",\"name\":\"Partner - RoboBraille\",\"isPartOf\":{\"@id\":\"https:\/\/www.robobraille.org\/de\/#website\"},\"datePublished\":\"2021-01-20T10:35:04+00:00\",\"dateModified\":\"2022-01-04T16:13:48+00:00\",\"breadcrumb\":{\"@id\":\"https:\/\/www.robobraille.org\/de\/partner\/#breadcrumb\"},\"inLanguage\":\"de\",\"potentialAction\":[{\"@type\":\"ReadAction\",\"target\":[\"https:\/\/www.robobraille.org\/de\/partner\/\"]}]},{\"@type\":\"BreadcrumbList\",\"@id\":\"https:\/\/www.robobraille.org\/de\/partner\/#breadcrumb\",\"itemListElement\":[{\"@type\":\"ListItem\",\"position\":1,\"name\":\"Home\",\"item\":\"https:\/\/www.robobraille.org\/de\/\"},{\"@type\":\"ListItem\",\"position\":2,\"name\":\"Partner\"}]},{\"@type\":\"WebSite\",\"@id\":\"https:\/\/www.robobraille.org\/de\/#website\",\"url\":\"https:\/\/www.robobraille.org\/de\/\",\"name\":\"RoboBraille\",\"description\":\"\",\"publisher\":{\"@id\":\"https:\/\/www.robobraille.org\/de\/#organization\"},\"potentialAction\":[{\"@type\":\"SearchAction\",\"target\":{\"@type\":\"EntryPoint\",\"urlTemplate\":\"https:\/\/www.robobraille.org\/de\/?s={search_term_string}\"},\"query-input\":{\"@type\":\"PropertyValueSpecification\",\"valueRequired\":true,\"valueName\":\"search_term_string\"}}],\"inLanguage\":\"de\"},{\"@type\":\"Organization\",\"@id\":\"https:\/\/www.robobraille.org\/de\/#organization\",\"name\":\"RoboBraille\",\"url\":\"https:\/\/www.robobraille.org\/de\/\",\"logo\":{\"@type\":\"ImageObject\",\"inLanguage\":\"de\",\"@id\":\"https:\/\/www.robobraille.org\/de\/#\/schema\/logo\/image\/\",\"url\":\"https:\/\/www.robobraille.org\/wp-content\/uploads\/2020\/11\/RoboBraille.jpg\",\"contentUrl\":\"https:\/\/www.robobraille.org\/wp-content\/uploads\/2020\/11\/RoboBraille.jpg\",\"width\":340,\"height\":98,\"caption\":\"RoboBraille\"},\"image\":{\"@id\":\"https:\/\/www.robobraille.org\/de\/#\/schema\/logo\/image\/\"}}]}<\/script>\r\n<!-- \/ Yoast SEO plugin. -->","yoast_head_json":{"title":"Partner - RoboBraille","robots":{"index":"index","follow":"follow","max-snippet":"max-snippet:-1","max-image-preview":"max-image-preview:large","max-video-preview":"max-video-preview:-1"},"canonical":"https:\/\/www.robobraille.org\/de\/partner\/","og_locale":"de_DE","og_type":"article","og_title":"Partner - RoboBraille","og_description":"Im Laufe der Jahre haben sich mehrere Organisationen aus vielen L\u00e4ndern an RoboBraille beteiligt. Als RoboBraille-Partner k\u00f6nnen Sie RoboBraille in Ihrem Land vertreten und f\u00fcr den Endbenutzersupport und die Ver\u00f6ffentlichung von Informationen \u00fcber den Service verantwortlich werden. Sie k\u00f6nnen auch Benutzer \u00fcber die Einsatzm\u00f6glichkeiten des RoboBraille-Service schulen und RoboBraille als Teil des Angebots ihrer Organisation [&hellip;]","og_url":"https:\/\/www.robobraille.org\/de\/partner\/","og_site_name":"RoboBraille","article_modified_time":"2022-01-04T16:13:48+00:00","twitter_card":"summary_large_image","twitter_misc":{"Gesch\u00e4tzte Lesezeit":"1\u00a0Minute"},"schema":{"@context":"https:\/\/schema.org","@graph":[{"@type":"WebPage","@id":"https:\/\/www.robobraille.org\/de\/partner\/","url":"https:\/\/www.robobraille.org\/de\/partner\/","name":"Partner - RoboBraille","isPartOf":{"@id":"https:\/\/www.robobraille.org\/de\/#website"},"datePublished":"2021-01-20T10:35:04+00:00","dateModified":"2022-01-04T16:13:48+00:00","breadcrumb":{"@id":"https:\/\/www.robobraille.org\/de\/partner\/#breadcrumb"},"inLanguage":"de","potentialAction":[{"@type":"ReadAction","target":["https:\/\/www.robobraille.org\/de\/partner\/"]}]},{"@type":"BreadcrumbList","@id":"https:\/\/www.robobraille.org\/de\/partner\/#breadcrumb","itemListElement":[{"@type":"ListItem","position":1,"name":"Home","item":"https:\/\/www.robobraille.org\/de\/"},{"@type":"ListItem","position":2,"name":"Partner"}]},{"@type":"WebSite","@id":"https:\/\/www.robobraille.org\/de\/#website","url":"https:\/\/www.robobraille.org\/de\/","name":"RoboBraille","description":"","publisher":{"@id":"https:\/\/www.robobraille.org\/de\/#organization"},"potentialAction":[{"@type":"SearchAction","target":{"@type":"EntryPoint","urlTemplate":"https:\/\/www.robobraille.org\/de\/?s={search_term_string}"},"query-input":{"@type":"PropertyValueSpecification","valueRequired":true,"valueName":"search_term_string"}}],"inLanguage":"de"},{"@type":"Organization","@id":"https:\/\/www.robobraille.org\/de\/#organization","name":"RoboBraille","url":"https:\/\/www.robobraille.org\/de\/","logo":{"@type":"ImageObject","inLanguage":"de","@id":"https:\/\/www.robobraille.org\/de\/#\/schema\/logo\/image\/","url":"https:\/\/www.robobraille.org\/wp-content\/uploads\/2020\/11\/RoboBraille.jpg","contentUrl":"https:\/\/www.robobraille.org\/wp-content\/uploads\/2020\/11\/RoboBraille.jpg","width":340,"height":98,"caption":"RoboBraille"},"image":{"@id":"https:\/\/www.robobraille.org\/de\/#\/schema\/logo\/image\/"}}]}},"_links":{"self":[{"href":"https:\/\/www.robobraille.org\/de\/wp-json\/wp\/v2\/pages\/991","targetHints":{"allow":["GET"]}}],"collection":[{"href":"https:\/\/www.robobraille.org\/de\/wp-json\/wp\/v2\/pages"}],"about":[{"href":"https:\/\/www.robobraille.org\/de\/wp-json\/wp\/v2\/types\/page"}],"author":[{"embeddable":true,"href":"https:\/\/www.robobraille.org\/de\/wp-json\/wp\/v2\/users\/4"}],"replies":[{"embeddable":true,"href":"https:\/\/www.robobraille.org\/de\/wp-json\/wp\/v2\/comments?post=991"}],"version-history":[{"count":2,"href":"https:\/\/www.robobraille.org\/de\/wp-json\/wp\/v2\/pages\/991\/revisions"}],"predecessor-version":[{"id":1949,"href":"https:\/\/www.robobraille.org\/de\/wp-json\/wp\/v2\/pages\/991\/revisions\/1949"}],"wp:attachment":[{"href":"https:\/\/www.robobraille.org\/de\/wp-json\/wp\/v2\/media?parent=991"}],"curies":[{"name":"wp","href":"https:\/\/api.w.org\/{rel}","templated":true}]}}