{"id":961,"date":"2021-01-20T08:48:13","date_gmt":"2021-01-20T07:48:13","guid":{"rendered":"https:\/\/www.robobraille.org\/ueber-robobraille\/"},"modified":"2022-01-04T17:11:26","modified_gmt":"2022-01-04T16:11:26","slug":"ueber-robobraille","status":"publish","type":"page","link":"https:\/\/www.robobraille.org\/de\/ueber-robobraille\/","title":{"rendered":"\u00dcber RoboBraille"},"content":{"rendered":"\n<p>RoboBraille ist ein E-Mail- und webbasierter Service, der elektronische Dokumente in einer Vielzahl von alternativen Formaten f\u00fcr Menschen mit Sehbehinderung oder Lese-Rechtschreibschw\u00e4che automatisch konvertiert und zug\u00e4nglich macht.\r\n<\/p>\n\n\n\n<p>RoboBraille ist jederzeit verf\u00fcgbar und f\u00fcr alle nicht-kommerziellen Anwendungen kostenlos. Benutzer m\u00fcssen sich nicht registrieren lassen, um den Service zu nutzen. Ein weiterer Vorteil von RoboBraille ist der Schutz der Privatsph\u00e4re derjenigen, die Dokumente in Alternativformate anonymisiert konvertieren. Durch Anwendung von RoboBraille kann die Selbstst\u00e4ndigkeit behinderter Menschen in Bildung und am Arbeitsmarkt gef\u00f6rdert werden.\r\n<\/p>\n\n\n\n<p>F\u00fcr Bildungseinrichtungen und andere Organisationen, die RoboBraille auf ihrer eigenen Webseite integrieren m\u00f6chten, ist eine kundenspezifische Web-Schnittstelle verf\u00fcgbar.\r\n\r\nDie Konvertierungsm\u00f6glichkeiten von Dokumenten mit RoboBraille k\u00f6nnen auch in Bibliotheks- und Lernmanagement-Systeme integriert werden. Institutionen und Organisationen, die RoboBraille verwenden m\u00f6chten, m\u00fcssen einen kostenpflichtigen Dienstleistungsvertrag abschlie\u00dfen.<\/p>\n\n\n\n<p>RoboBraille wurde in Zusammenarbeit mit <a href=\"https:\/\/sensus.dk\/da\">Sensus ApS<\/a> und <a href=\"https:\/\/synref.dk\/\">Synscenter Refsn\u00e6s<\/a> (D\u00e4nisches Zentrum f\u00fcr sehbehinderte und blinde Kinder und Jugendliche) entwickelt.\n\nSeit Beginn des Service im Jahr 2004 wurde RoboBraille mit zahlreichen d\u00e4nischen und internationalen Preisen ausgezeichnet, darunter: WISE 2012 Award for Inclusion in Education, <a href=\"http:\/\/www.guardian.co.uk\/resource\/winners-and-finalists\">BETT 2010 Award for Best Special Education Needs solution<\/a>, The 2008 European Commission e-Inclusion Award for e-Accessibility.<\/p>\n\n\n\n<p>Das RoboBraille-Konsortium ist Mitglied der Initiative <a href=\"https:\/\/www.raisingthefloor.org\/\">Raising the Floor<\/a> zur F\u00f6rderung von Barrierefreiheit und Inklusion. RoboBraile ist auch assoziiertes Mitglied des <a href=\"https:\/\/daisy.org\/\">Daisy<\/a><a href=\"https:\/\/web.archive.org\/web\/20200923013022\/https:\/\/daisy.org\/\"> Konsortiums<\/a>.<\/p>\n\n\n\n<p>Die RoboBraille-Funktionen:<\/p>\n\n\n\n<ul class=\"wp-block-list\"><li><a href=\"#braille\">Braille<\/a><\/li><li><a href=\"#audio\">Audio<\/a><\/li><li><a href=\"#ebook\">E-book<\/a><\/li><li><a href=\"#accessibility\">Barrierefreiheit<\/a><\/li><\/ul>\n\n\n\n<h2 class=\"wp-block-heading\" id=\"braille\">Braille<\/h2>\n\n\n\n<p>Konvertierung von Dokumenten in Braille und von Braille (Kurzschrift und Vollschrift) gem\u00e4\u00df den Braille-Standards f\u00fcr D\u00e4nisch, Deutsch, Englisch (Amerikanisch), Englisch (Britisch), Franz\u00f6sisch, Griechisch, Isl\u00e4ndisch, Italienisch, Norwegisch, Portugiesisch, Slowenisch und Spanisch. \r\nDie Dokumente k\u00f6nnen zus\u00e4tzlich formatiert und in einer Vielzahl von digitalen Braille-Formaten f\u00fcr den Druck bereitgestellt werden. \r\n<\/p>\n\n\n\n<h2 class=\"wp-block-heading\" id=\"audio\">Audio<\/h2>\n\n\n\n<p>Konvertierung sowohl in MP3-Dateien als auch in DAISY -Format einschlie\u00dflich DAISY-Formate mit mathematischen Inhalten. Zurzeit wird die Audiokonvertierung mit hochwertigen Sprachsynthesen f\u00fcr folgende Sprachen angeboten: Arabisch, Arabisch\/Englisch zweisprachig, Bulgarisch, D\u00e4nisch, Deutsch, Englisch (Amerikanisch), Englisch (Britisch), Franz\u00f6sisch,  Italienisch, Litauisch, Niederl\u00e4ndisch, Polnisch, Portugiesisch, Rum\u00e4nisch, Slowenisch, Spanisch (Kastilisch), Spanisch (Lateinamerikanisch) und Ungarisch.\r\n<\/p>\n\n\n\n<h2 class=\"wp-block-heading\" id=\"ebook\">E-book<\/h2>\n\n\n\n<p>Dokumente k\u00f6nnen sowohl in EPUB als auch in mobi-Format (Amazon Kindle) konvertiert werden. Au\u00dferdem kann EPUB in mobi-Format und umgekehrt konvertiert werden.\r\nSehbehinderte BenutzerInnen k\u00f6nnen die Textgr\u00f6\u00dfe eines E-Books vergr\u00f6\u00dfern und mit den meisten E-Book-Readern optimale Textskalierungen erzielen. \r\n<\/p>\n\n\n\n<h2 class=\"wp-block-heading\" id=\"accessibility\">Barrierefreiheit<\/h2>\n\n\n\n<p>Unzug\u00e4ngliche Dokumente wie Bilddateien in folgenden Formaten: gif, tiff, jpg, bmp, pcx, dcx, j2k, jp2, jpx, djv, Bild-PDFs sowie alle Arten von PDF-Dateien k\u00f6nnen in zug\u00e4ngliche Formate konvertiert werden; dazu z\u00e4hlen\r\nformatierte PDFs, Word-Dateien (doc, docx) sowie die Formate xml, xls, xlsx, csv, text, rtf und html. Dar\u00fcber hinaus unterst\u00fctzt RoboBraille die Konvertierung von Microsoft Office-Dokumenten in formatierte PDFs und die Konvertierung von Microsoft Power Point-Pr\u00e4sentationen in rtf-Dateien und Webprojekte.\r\n<\/p>\n","protected":false},"excerpt":{"rendered":"<p>RoboBraille ist ein E-Mail- und webbasierter Service, der elektronische Dokumente in einer Vielzahl von alternativen Formaten f\u00fcr Menschen mit Sehbehinderung oder Lese-Rechtschreibschw\u00e4che automatisch konvertiert und zug\u00e4nglich macht. RoboBraille ist jederzeit verf\u00fcgbar und f\u00fcr alle nicht-kommerziellen Anwendungen kostenlos. Benutzer m\u00fcssen sich nicht registrieren lassen, um den Service zu nutzen. Ein weiterer Vorteil von RoboBraille ist der [&hellip;]<\/p>\n","protected":false},"author":4,"featured_media":0,"parent":0,"menu_order":0,"comment_status":"closed","ping_status":"closed","template":"","meta":{"site-sidebar-layout":"default","site-content-layout":"default","ast-site-content-layout":"default","site-content-style":"default","site-sidebar-style":"default","ast-global-header-display":"","ast-banner-title-visibility":"","ast-main-header-display":"","ast-hfb-above-header-display":"","ast-hfb-below-header-display":"","ast-hfb-mobile-header-display":"","site-post-title":"","ast-breadcrumbs-content":"","ast-featured-img":"","footer-sml-layout":"","ast-disable-related-posts":"","theme-transparent-header-meta":"default","adv-header-id-meta":"","stick-header-meta":"","header-above-stick-meta":"","header-main-stick-meta":"","header-below-stick-meta":"","astra-migrate-meta-layouts":"default","ast-page-background-enabled":"default","ast-page-background-meta":{"desktop":{"background-color":"","background-image":"","background-repeat":"repeat","background-position":"center center","background-size":"auto","background-attachment":"scroll","background-type":"","background-media":"","overlay-type":"","overlay-color":"","overlay-opacity":"","overlay-gradient":""},"tablet":{"background-color":"","background-image":"","background-repeat":"repeat","background-position":"center center","background-size":"auto","background-attachment":"scroll","background-type":"","background-media":"","overlay-type":"","overlay-color":"","overlay-opacity":"","overlay-gradient":""},"mobile":{"background-color":"","background-image":"","background-repeat":"repeat","background-position":"center center","background-size":"auto","background-attachment":"scroll","background-type":"","background-media":"","overlay-type":"","overlay-color":"","overlay-opacity":"","overlay-gradient":""}},"ast-content-background-meta":{"desktop":{"background-color":"var(--ast-global-color-5)","background-image":"","background-repeat":"repeat","background-position":"center center","background-size":"auto","background-attachment":"scroll","background-type":"","background-media":"","overlay-type":"","overlay-color":"","overlay-opacity":"","overlay-gradient":""},"tablet":{"background-color":"var(--ast-global-color-5)","background-image":"","background-repeat":"repeat","background-position":"center center","background-size":"auto","background-attachment":"scroll","background-type":"","background-media":"","overlay-type":"","overlay-color":"","overlay-opacity":"","overlay-gradient":""},"mobile":{"background-color":"var(--ast-global-color-5)","background-image":"","background-repeat":"repeat","background-position":"center center","background-size":"auto","background-attachment":"scroll","background-type":"","background-media":"","overlay-type":"","overlay-color":"","overlay-opacity":"","overlay-gradient":""}},"footnotes":""},"class_list":["post-961","page","type-page","status-publish","hentry"],"yoast_head":"<!-- This site is optimized with the Yoast SEO plugin v27.0 - https:\/\/yoast.com\/product\/yoast-seo-wordpress\/ -->\r\n<title>\u00dcber RoboBraille - RoboBraille<\/title>\r\n<meta name=\"robots\" content=\"index, follow, max-snippet:-1, max-image-preview:large, max-video-preview:-1\" \/>\r\n<link rel=\"canonical\" href=\"https:\/\/www.robobraille.org\/de\/ueber-robobraille\/\" \/>\r\n<meta property=\"og:locale\" content=\"de_DE\" \/>\r\n<meta property=\"og:type\" content=\"article\" \/>\r\n<meta property=\"og:title\" content=\"\u00dcber RoboBraille - RoboBraille\" \/>\r\n<meta property=\"og:description\" content=\"RoboBraille ist ein E-Mail- und webbasierter Service, der elektronische Dokumente in einer Vielzahl von alternativen Formaten f\u00fcr Menschen mit Sehbehinderung oder Lese-Rechtschreibschw\u00e4che automatisch konvertiert und zug\u00e4nglich macht. RoboBraille ist jederzeit verf\u00fcgbar und f\u00fcr alle nicht-kommerziellen Anwendungen kostenlos. Benutzer m\u00fcssen sich nicht registrieren lassen, um den Service zu nutzen. Ein weiterer Vorteil von RoboBraille ist der [&hellip;]\" \/>\r\n<meta property=\"og:url\" content=\"https:\/\/www.robobraille.org\/de\/ueber-robobraille\/\" \/>\r\n<meta property=\"og:site_name\" content=\"RoboBraille\" \/>\r\n<meta property=\"article:modified_time\" content=\"2022-01-04T16:11:26+00:00\" \/>\r\n<meta name=\"twitter:card\" content=\"summary_large_image\" \/>\r\n<meta name=\"twitter:label1\" content=\"Gesch\u00e4tzte Lesezeit\" \/>\n\t<meta name=\"twitter:data1\" content=\"2\u00a0Minuten\" \/>\r\n<script type=\"application\/ld+json\" class=\"yoast-schema-graph\">{\"@context\":\"https:\/\/schema.org\",\"@graph\":[{\"@type\":\"WebPage\",\"@id\":\"https:\/\/www.robobraille.org\/de\/ueber-robobraille\/\",\"url\":\"https:\/\/www.robobraille.org\/de\/ueber-robobraille\/\",\"name\":\"\u00dcber RoboBraille - RoboBraille\",\"isPartOf\":{\"@id\":\"https:\/\/www.robobraille.org\/de\/#website\"},\"datePublished\":\"2021-01-20T07:48:13+00:00\",\"dateModified\":\"2022-01-04T16:11:26+00:00\",\"breadcrumb\":{\"@id\":\"https:\/\/www.robobraille.org\/de\/ueber-robobraille\/#breadcrumb\"},\"inLanguage\":\"de\",\"potentialAction\":[{\"@type\":\"ReadAction\",\"target\":[\"https:\/\/www.robobraille.org\/de\/ueber-robobraille\/\"]}]},{\"@type\":\"BreadcrumbList\",\"@id\":\"https:\/\/www.robobraille.org\/de\/ueber-robobraille\/#breadcrumb\",\"itemListElement\":[{\"@type\":\"ListItem\",\"position\":1,\"name\":\"Home\",\"item\":\"https:\/\/www.robobraille.org\/de\/\"},{\"@type\":\"ListItem\",\"position\":2,\"name\":\"\u00dcber RoboBraille\"}]},{\"@type\":\"WebSite\",\"@id\":\"https:\/\/www.robobraille.org\/de\/#website\",\"url\":\"https:\/\/www.robobraille.org\/de\/\",\"name\":\"RoboBraille\",\"description\":\"\",\"publisher\":{\"@id\":\"https:\/\/www.robobraille.org\/de\/#organization\"},\"potentialAction\":[{\"@type\":\"SearchAction\",\"target\":{\"@type\":\"EntryPoint\",\"urlTemplate\":\"https:\/\/www.robobraille.org\/de\/?s={search_term_string}\"},\"query-input\":{\"@type\":\"PropertyValueSpecification\",\"valueRequired\":true,\"valueName\":\"search_term_string\"}}],\"inLanguage\":\"de\"},{\"@type\":\"Organization\",\"@id\":\"https:\/\/www.robobraille.org\/de\/#organization\",\"name\":\"RoboBraille\",\"url\":\"https:\/\/www.robobraille.org\/de\/\",\"logo\":{\"@type\":\"ImageObject\",\"inLanguage\":\"de\",\"@id\":\"https:\/\/www.robobraille.org\/de\/#\/schema\/logo\/image\/\",\"url\":\"https:\/\/www.robobraille.org\/wp-content\/uploads\/2020\/11\/RoboBraille.jpg\",\"contentUrl\":\"https:\/\/www.robobraille.org\/wp-content\/uploads\/2020\/11\/RoboBraille.jpg\",\"width\":340,\"height\":98,\"caption\":\"RoboBraille\"},\"image\":{\"@id\":\"https:\/\/www.robobraille.org\/de\/#\/schema\/logo\/image\/\"}}]}<\/script>\r\n<!-- \/ Yoast SEO plugin. -->","yoast_head_json":{"title":"\u00dcber RoboBraille - RoboBraille","robots":{"index":"index","follow":"follow","max-snippet":"max-snippet:-1","max-image-preview":"max-image-preview:large","max-video-preview":"max-video-preview:-1"},"canonical":"https:\/\/www.robobraille.org\/de\/ueber-robobraille\/","og_locale":"de_DE","og_type":"article","og_title":"\u00dcber RoboBraille - RoboBraille","og_description":"RoboBraille ist ein E-Mail- und webbasierter Service, der elektronische Dokumente in einer Vielzahl von alternativen Formaten f\u00fcr Menschen mit Sehbehinderung oder Lese-Rechtschreibschw\u00e4che automatisch konvertiert und zug\u00e4nglich macht. RoboBraille ist jederzeit verf\u00fcgbar und f\u00fcr alle nicht-kommerziellen Anwendungen kostenlos. Benutzer m\u00fcssen sich nicht registrieren lassen, um den Service zu nutzen. Ein weiterer Vorteil von RoboBraille ist der [&hellip;]","og_url":"https:\/\/www.robobraille.org\/de\/ueber-robobraille\/","og_site_name":"RoboBraille","article_modified_time":"2022-01-04T16:11:26+00:00","twitter_card":"summary_large_image","twitter_misc":{"Gesch\u00e4tzte Lesezeit":"2\u00a0Minuten"},"schema":{"@context":"https:\/\/schema.org","@graph":[{"@type":"WebPage","@id":"https:\/\/www.robobraille.org\/de\/ueber-robobraille\/","url":"https:\/\/www.robobraille.org\/de\/ueber-robobraille\/","name":"\u00dcber RoboBraille - RoboBraille","isPartOf":{"@id":"https:\/\/www.robobraille.org\/de\/#website"},"datePublished":"2021-01-20T07:48:13+00:00","dateModified":"2022-01-04T16:11:26+00:00","breadcrumb":{"@id":"https:\/\/www.robobraille.org\/de\/ueber-robobraille\/#breadcrumb"},"inLanguage":"de","potentialAction":[{"@type":"ReadAction","target":["https:\/\/www.robobraille.org\/de\/ueber-robobraille\/"]}]},{"@type":"BreadcrumbList","@id":"https:\/\/www.robobraille.org\/de\/ueber-robobraille\/#breadcrumb","itemListElement":[{"@type":"ListItem","position":1,"name":"Home","item":"https:\/\/www.robobraille.org\/de\/"},{"@type":"ListItem","position":2,"name":"\u00dcber RoboBraille"}]},{"@type":"WebSite","@id":"https:\/\/www.robobraille.org\/de\/#website","url":"https:\/\/www.robobraille.org\/de\/","name":"RoboBraille","description":"","publisher":{"@id":"https:\/\/www.robobraille.org\/de\/#organization"},"potentialAction":[{"@type":"SearchAction","target":{"@type":"EntryPoint","urlTemplate":"https:\/\/www.robobraille.org\/de\/?s={search_term_string}"},"query-input":{"@type":"PropertyValueSpecification","valueRequired":true,"valueName":"search_term_string"}}],"inLanguage":"de"},{"@type":"Organization","@id":"https:\/\/www.robobraille.org\/de\/#organization","name":"RoboBraille","url":"https:\/\/www.robobraille.org\/de\/","logo":{"@type":"ImageObject","inLanguage":"de","@id":"https:\/\/www.robobraille.org\/de\/#\/schema\/logo\/image\/","url":"https:\/\/www.robobraille.org\/wp-content\/uploads\/2020\/11\/RoboBraille.jpg","contentUrl":"https:\/\/www.robobraille.org\/wp-content\/uploads\/2020\/11\/RoboBraille.jpg","width":340,"height":98,"caption":"RoboBraille"},"image":{"@id":"https:\/\/www.robobraille.org\/de\/#\/schema\/logo\/image\/"}}]}},"_links":{"self":[{"href":"https:\/\/www.robobraille.org\/de\/wp-json\/wp\/v2\/pages\/961","targetHints":{"allow":["GET"]}}],"collection":[{"href":"https:\/\/www.robobraille.org\/de\/wp-json\/wp\/v2\/pages"}],"about":[{"href":"https:\/\/www.robobraille.org\/de\/wp-json\/wp\/v2\/types\/page"}],"author":[{"embeddable":true,"href":"https:\/\/www.robobraille.org\/de\/wp-json\/wp\/v2\/users\/4"}],"replies":[{"embeddable":true,"href":"https:\/\/www.robobraille.org\/de\/wp-json\/wp\/v2\/comments?post=961"}],"version-history":[{"count":2,"href":"https:\/\/www.robobraille.org\/de\/wp-json\/wp\/v2\/pages\/961\/revisions"}],"predecessor-version":[{"id":1947,"href":"https:\/\/www.robobraille.org\/de\/wp-json\/wp\/v2\/pages\/961\/revisions\/1947"}],"wp:attachment":[{"href":"https:\/\/www.robobraille.org\/de\/wp-json\/wp\/v2\/media?parent=961"}],"curies":[{"name":"wp","href":"https:\/\/api.w.org\/{rel}","templated":true}]}}