{"id":1055,"date":"2021-01-20T12:56:04","date_gmt":"2021-01-20T11:56:04","guid":{"rendered":"https:\/\/www.robobraille.org\/informationen\/"},"modified":"2021-01-22T12:39:28","modified_gmt":"2021-01-22T11:39:28","slug":"informationen","status":"publish","type":"page","link":"https:\/\/www.robobraille.org\/de\/informationen\/","title":{"rendered":"Informationen"},"content":{"rendered":"\n<p>Eine Vielzahl von Informationen \u00fcber RoboBraille in Bedienungsanleitungen, technischen Anleitungen, Brosch\u00fcren, Publikationen sowie Abbildungen und vieles mehr sind erh\u00e4ltlich. <\/p>\n\n<p>F\u00fcr Schulungen und Ver\u00f6ffentlichungen d\u00fcrfen diese mit Angabe der Quelle kostenlos verwendet werden.&#13;\n&#13;\nPlease refer to the English site to access the resources<\/p>\n","protected":false},"excerpt":{"rendered":"<p>Eine Vielzahl von Informationen \u00fcber RoboBraille in Bedienungsanleitungen, technischen Anleitungen, Brosch\u00fcren, Publikationen sowie Abbildungen und vieles mehr sind erh\u00e4ltlich. F\u00fcr Schulungen und Ver\u00f6ffentlichungen d\u00fcrfen diese mit Angabe der Quelle kostenlos verwendet werden.&#13; &#13; Please refer to the English site to access the resources<\/p>\n","protected":false},"author":4,"featured_media":0,"parent":0,"menu_order":0,"comment_status":"closed","ping_status":"closed","template":"","meta":{"site-sidebar-layout":"default","site-content-layout":"default","ast-site-content-layout":"default","site-content-style":"default","site-sidebar-style":"default","ast-global-header-display":"","ast-banner-title-visibility":"","ast-main-header-display":"","ast-hfb-above-header-display":"","ast-hfb-below-header-display":"","ast-hfb-mobile-header-display":"","site-post-title":"","ast-breadcrumbs-content":"","ast-featured-img":"","footer-sml-layout":"","ast-disable-related-posts":"","theme-transparent-header-meta":"default","adv-header-id-meta":"","stick-header-meta":"","header-above-stick-meta":"","header-main-stick-meta":"","header-below-stick-meta":"","astra-migrate-meta-layouts":"default","ast-page-background-enabled":"default","ast-page-background-meta":{"desktop":{"background-color":"","background-image":"","background-repeat":"repeat","background-position":"center center","background-size":"auto","background-attachment":"scroll","background-type":"","background-media":"","overlay-type":"","overlay-color":"","overlay-opacity":"","overlay-gradient":""},"tablet":{"background-color":"","background-image":"","background-repeat":"repeat","background-position":"center center","background-size":"auto","background-attachment":"scroll","background-type":"","background-media":"","overlay-type":"","overlay-color":"","overlay-opacity":"","overlay-gradient":""},"mobile":{"background-color":"","background-image":"","background-repeat":"repeat","background-position":"center center","background-size":"auto","background-attachment":"scroll","background-type":"","background-media":"","overlay-type":"","overlay-color":"","overlay-opacity":"","overlay-gradient":""}},"ast-content-background-meta":{"desktop":{"background-color":"var(--ast-global-color-5)","background-image":"","background-repeat":"repeat","background-position":"center center","background-size":"auto","background-attachment":"scroll","background-type":"","background-media":"","overlay-type":"","overlay-color":"","overlay-opacity":"","overlay-gradient":""},"tablet":{"background-color":"var(--ast-global-color-5)","background-image":"","background-repeat":"repeat","background-position":"center center","background-size":"auto","background-attachment":"scroll","background-type":"","background-media":"","overlay-type":"","overlay-color":"","overlay-opacity":"","overlay-gradient":""},"mobile":{"background-color":"var(--ast-global-color-5)","background-image":"","background-repeat":"repeat","background-position":"center center","background-size":"auto","background-attachment":"scroll","background-type":"","background-media":"","overlay-type":"","overlay-color":"","overlay-opacity":"","overlay-gradient":""}},"footnotes":""},"class_list":["post-1055","page","type-page","status-publish","hentry"],"yoast_head":"<!-- This site is optimized with the Yoast SEO plugin v27.0 - https:\/\/yoast.com\/product\/yoast-seo-wordpress\/ -->\r\n<title>Informationen - RoboBraille<\/title>\r\n<meta name=\"robots\" content=\"index, follow, max-snippet:-1, max-image-preview:large, max-video-preview:-1\" \/>\r\n<link rel=\"canonical\" href=\"https:\/\/www.robobraille.org\/de\/informationen\/\" \/>\r\n<meta property=\"og:locale\" content=\"de_DE\" \/>\r\n<meta property=\"og:type\" content=\"article\" \/>\r\n<meta property=\"og:title\" content=\"Informationen - RoboBraille\" \/>\r\n<meta property=\"og:description\" content=\"Eine Vielzahl von Informationen \u00fcber RoboBraille in Bedienungsanleitungen, technischen Anleitungen, Brosch\u00fcren, Publikationen sowie Abbildungen und vieles mehr sind erh\u00e4ltlich. F\u00fcr Schulungen und Ver\u00f6ffentlichungen d\u00fcrfen diese mit Angabe der Quelle kostenlos verwendet werden.&#013; &#013; Please refer to the English site to access the resources\" \/>\r\n<meta property=\"og:url\" content=\"https:\/\/www.robobraille.org\/de\/informationen\/\" \/>\r\n<meta property=\"og:site_name\" content=\"RoboBraille\" \/>\r\n<meta property=\"article:modified_time\" content=\"2021-01-22T11:39:28+00:00\" \/>\r\n<meta name=\"twitter:card\" content=\"summary_large_image\" \/>\r\n<script type=\"application\/ld+json\" class=\"yoast-schema-graph\">{\"@context\":\"https:\/\/schema.org\",\"@graph\":[{\"@type\":\"WebPage\",\"@id\":\"https:\/\/www.robobraille.org\/de\/informationen\/\",\"url\":\"https:\/\/www.robobraille.org\/de\/informationen\/\",\"name\":\"Informationen - RoboBraille\",\"isPartOf\":{\"@id\":\"https:\/\/www.robobraille.org\/de\/#website\"},\"datePublished\":\"2021-01-20T11:56:04+00:00\",\"dateModified\":\"2021-01-22T11:39:28+00:00\",\"breadcrumb\":{\"@id\":\"https:\/\/www.robobraille.org\/de\/informationen\/#breadcrumb\"},\"inLanguage\":\"de\",\"potentialAction\":[{\"@type\":\"ReadAction\",\"target\":[\"https:\/\/www.robobraille.org\/de\/informationen\/\"]}]},{\"@type\":\"BreadcrumbList\",\"@id\":\"https:\/\/www.robobraille.org\/de\/informationen\/#breadcrumb\",\"itemListElement\":[{\"@type\":\"ListItem\",\"position\":1,\"name\":\"Home\",\"item\":\"https:\/\/www.robobraille.org\/de\/\"},{\"@type\":\"ListItem\",\"position\":2,\"name\":\"Informationen\"}]},{\"@type\":\"WebSite\",\"@id\":\"https:\/\/www.robobraille.org\/de\/#website\",\"url\":\"https:\/\/www.robobraille.org\/de\/\",\"name\":\"RoboBraille\",\"description\":\"\",\"publisher\":{\"@id\":\"https:\/\/www.robobraille.org\/de\/#organization\"},\"potentialAction\":[{\"@type\":\"SearchAction\",\"target\":{\"@type\":\"EntryPoint\",\"urlTemplate\":\"https:\/\/www.robobraille.org\/de\/?s={search_term_string}\"},\"query-input\":{\"@type\":\"PropertyValueSpecification\",\"valueRequired\":true,\"valueName\":\"search_term_string\"}}],\"inLanguage\":\"de\"},{\"@type\":\"Organization\",\"@id\":\"https:\/\/www.robobraille.org\/de\/#organization\",\"name\":\"RoboBraille\",\"url\":\"https:\/\/www.robobraille.org\/de\/\",\"logo\":{\"@type\":\"ImageObject\",\"inLanguage\":\"de\",\"@id\":\"https:\/\/www.robobraille.org\/de\/#\/schema\/logo\/image\/\",\"url\":\"https:\/\/www.robobraille.org\/wp-content\/uploads\/2020\/11\/RoboBraille.jpg\",\"contentUrl\":\"https:\/\/www.robobraille.org\/wp-content\/uploads\/2020\/11\/RoboBraille.jpg\",\"width\":340,\"height\":98,\"caption\":\"RoboBraille\"},\"image\":{\"@id\":\"https:\/\/www.robobraille.org\/de\/#\/schema\/logo\/image\/\"}}]}<\/script>\r\n<!-- \/ Yoast SEO plugin. -->","yoast_head_json":{"title":"Informationen - RoboBraille","robots":{"index":"index","follow":"follow","max-snippet":"max-snippet:-1","max-image-preview":"max-image-preview:large","max-video-preview":"max-video-preview:-1"},"canonical":"https:\/\/www.robobraille.org\/de\/informationen\/","og_locale":"de_DE","og_type":"article","og_title":"Informationen - RoboBraille","og_description":"Eine Vielzahl von Informationen \u00fcber RoboBraille in Bedienungsanleitungen, technischen Anleitungen, Brosch\u00fcren, Publikationen sowie Abbildungen und vieles mehr sind erh\u00e4ltlich. F\u00fcr Schulungen und Ver\u00f6ffentlichungen d\u00fcrfen diese mit Angabe der Quelle kostenlos verwendet werden.&#13; &#13; Please refer to the English site to access the resources","og_url":"https:\/\/www.robobraille.org\/de\/informationen\/","og_site_name":"RoboBraille","article_modified_time":"2021-01-22T11:39:28+00:00","twitter_card":"summary_large_image","schema":{"@context":"https:\/\/schema.org","@graph":[{"@type":"WebPage","@id":"https:\/\/www.robobraille.org\/de\/informationen\/","url":"https:\/\/www.robobraille.org\/de\/informationen\/","name":"Informationen - RoboBraille","isPartOf":{"@id":"https:\/\/www.robobraille.org\/de\/#website"},"datePublished":"2021-01-20T11:56:04+00:00","dateModified":"2021-01-22T11:39:28+00:00","breadcrumb":{"@id":"https:\/\/www.robobraille.org\/de\/informationen\/#breadcrumb"},"inLanguage":"de","potentialAction":[{"@type":"ReadAction","target":["https:\/\/www.robobraille.org\/de\/informationen\/"]}]},{"@type":"BreadcrumbList","@id":"https:\/\/www.robobraille.org\/de\/informationen\/#breadcrumb","itemListElement":[{"@type":"ListItem","position":1,"name":"Home","item":"https:\/\/www.robobraille.org\/de\/"},{"@type":"ListItem","position":2,"name":"Informationen"}]},{"@type":"WebSite","@id":"https:\/\/www.robobraille.org\/de\/#website","url":"https:\/\/www.robobraille.org\/de\/","name":"RoboBraille","description":"","publisher":{"@id":"https:\/\/www.robobraille.org\/de\/#organization"},"potentialAction":[{"@type":"SearchAction","target":{"@type":"EntryPoint","urlTemplate":"https:\/\/www.robobraille.org\/de\/?s={search_term_string}"},"query-input":{"@type":"PropertyValueSpecification","valueRequired":true,"valueName":"search_term_string"}}],"inLanguage":"de"},{"@type":"Organization","@id":"https:\/\/www.robobraille.org\/de\/#organization","name":"RoboBraille","url":"https:\/\/www.robobraille.org\/de\/","logo":{"@type":"ImageObject","inLanguage":"de","@id":"https:\/\/www.robobraille.org\/de\/#\/schema\/logo\/image\/","url":"https:\/\/www.robobraille.org\/wp-content\/uploads\/2020\/11\/RoboBraille.jpg","contentUrl":"https:\/\/www.robobraille.org\/wp-content\/uploads\/2020\/11\/RoboBraille.jpg","width":340,"height":98,"caption":"RoboBraille"},"image":{"@id":"https:\/\/www.robobraille.org\/de\/#\/schema\/logo\/image\/"}}]}},"_links":{"self":[{"href":"https:\/\/www.robobraille.org\/de\/wp-json\/wp\/v2\/pages\/1055","targetHints":{"allow":["GET"]}}],"collection":[{"href":"https:\/\/www.robobraille.org\/de\/wp-json\/wp\/v2\/pages"}],"about":[{"href":"https:\/\/www.robobraille.org\/de\/wp-json\/wp\/v2\/types\/page"}],"author":[{"embeddable":true,"href":"https:\/\/www.robobraille.org\/de\/wp-json\/wp\/v2\/users\/4"}],"replies":[{"embeddable":true,"href":"https:\/\/www.robobraille.org\/de\/wp-json\/wp\/v2\/comments?post=1055"}],"version-history":[{"count":3,"href":"https:\/\/www.robobraille.org\/de\/wp-json\/wp\/v2\/pages\/1055\/revisions"}],"predecessor-version":[{"id":1745,"href":"https:\/\/www.robobraille.org\/de\/wp-json\/wp\/v2\/pages\/1055\/revisions\/1745"}],"wp:attachment":[{"href":"https:\/\/www.robobraille.org\/de\/wp-json\/wp\/v2\/media?parent=1055"}],"curies":[{"name":"wp","href":"https:\/\/api.w.org\/{rel}","templated":true}]}}