{"id":1025,"date":"2021-01-20T12:20:18","date_gmt":"2021-01-20T11:20:18","guid":{"rendered":"https:\/\/www.robobraille.org\/datenschutzerklaerung-und-nutzungsbedingungen\/"},"modified":"2022-01-04T17:12:28","modified_gmt":"2022-01-04T16:12:28","slug":"datenschutzerklaerung-und-nutzungsbedingungen","status":"publish","type":"page","link":"https:\/\/www.robobraille.org\/de\/datenschutzerklaerung-und-nutzungsbedingungen\/","title":{"rendered":"Datenschutzerkl\u00e4rung und Nutzungsbedingungen"},"content":{"rendered":"\n<h2 class=\"wp-block-heading\">Datenschutz<\/h2>\n\n\n\n<p>Die Konvertierung von Dokumenten mit dem RoboBraille-Service erfolgt v\u00f6llig automatisiert und ohne menschliche Einwirkung. Quelldokumente werden vom RoboBraille E-Mail-Server empfangen, bearbeitet und das Ergebnis der Konvertierung als E-Mail dem Benutzer retourniert. Das Quelldokument wird anschlie\u00dfend aus dem Server gel\u00f6scht.<\/p>\n\n\n\n<p>Nur die Transaktion wird f\u00fcr statistische Zwecke und zur Spam-Abwehr protokolliert.\r\n<\/p>\n\n\n\n<p> <\/p>\n\n\n\n<p> <\/p>\n\n\n\n<p> <\/p>\n\n\n\n<p> <\/p>\n\n\n\n<h2 class=\"wp-block-heading\">Nutzungsbedienungen<\/h2>\n\n\n\n<p>RoboBraille (Synscenter Refsn\u00e6s und Sensus &#8211; die Dienstanbieter) \u00fcbernimmt keine Haftung f\u00fcr direkte oder indirekte Datenverluste infolge der Nutzung des RoboBraille-Service. Die Dienstleister setzen voraus, dass die Nutzer die entsprechenden Rechte \u00fcber jedes Dokument, die Sie an RoboBraille-Service senden, haben. Die Dienstleister setzen weiter voraus, dass die Nutzer den RoboBraille-Service gem\u00e4\u00df den Nutzungsbedienungen wie auf dieser Webseite beschrieben, verwenden. <\/p>\n\n\n\n<p>Der RoboBraille-Service steht f\u00fcr Anwender auf einer ausdr\u00fccklich nicht-kommerziellen Basis kostenlos zur Verf\u00fcgung, Organisationen wie Schulungseinrichtungen, Universit\u00e4ten und andere Institutionen, die den RoboBraille-Service ihren StudentInnen, Angestellten und KundInnen kostenlos \u00fcber eine kundenspezifische Webschnittstelle zur Verf\u00fcgung stellen m\u00f6chten, sind ersucht, Sensus unter <a href=\"mailto:contact@robobraille.org\">contact@robobraille.org<\/a> f\u00fcr die Abschlie\u00dfung eines kostenpflichtigen Dienstleistungsvertrages, zu kontaktieren.<\/p>\n\n\n\n<p>Die kommerzielle Nutzung des RoboBraille-Service und der Weiterverkauf von Dokumenten ohne eines Dienstleistungsvertrages ist verboten.  \r\n\r\nRechtliche Schritte werden bei Missbrauch und\/oder Verletzung der Bedingungen unternommen.<\/p>\n","protected":false},"excerpt":{"rendered":"<p>Datenschutz Die Konvertierung von Dokumenten mit dem RoboBraille-Service erfolgt v\u00f6llig automatisiert und ohne menschliche Einwirkung. Quelldokumente werden vom RoboBraille E-Mail-Server empfangen, bearbeitet und das Ergebnis der Konvertierung als E-Mail dem Benutzer retourniert. Das Quelldokument wird anschlie\u00dfend aus dem Server gel\u00f6scht. Nur die Transaktion wird f\u00fcr statistische Zwecke und zur Spam-Abwehr protokolliert. Nutzungsbedienungen RoboBraille (Synscenter Refsn\u00e6s [&hellip;]<\/p>\n","protected":false},"author":4,"featured_media":0,"parent":0,"menu_order":0,"comment_status":"closed","ping_status":"closed","template":"","meta":{"site-sidebar-layout":"default","site-content-layout":"default","ast-site-content-layout":"default","site-content-style":"default","site-sidebar-style":"default","ast-global-header-display":"","ast-banner-title-visibility":"","ast-main-header-display":"","ast-hfb-above-header-display":"","ast-hfb-below-header-display":"","ast-hfb-mobile-header-display":"","site-post-title":"","ast-breadcrumbs-content":"","ast-featured-img":"","footer-sml-layout":"","ast-disable-related-posts":"","theme-transparent-header-meta":"default","adv-header-id-meta":"","stick-header-meta":"","header-above-stick-meta":"","header-main-stick-meta":"","header-below-stick-meta":"","astra-migrate-meta-layouts":"default","ast-page-background-enabled":"default","ast-page-background-meta":{"desktop":{"background-color":"","background-image":"","background-repeat":"repeat","background-position":"center center","background-size":"auto","background-attachment":"scroll","background-type":"","background-media":"","overlay-type":"","overlay-color":"","overlay-opacity":"","overlay-gradient":""},"tablet":{"background-color":"","background-image":"","background-repeat":"repeat","background-position":"center center","background-size":"auto","background-attachment":"scroll","background-type":"","background-media":"","overlay-type":"","overlay-color":"","overlay-opacity":"","overlay-gradient":""},"mobile":{"background-color":"","background-image":"","background-repeat":"repeat","background-position":"center center","background-size":"auto","background-attachment":"scroll","background-type":"","background-media":"","overlay-type":"","overlay-color":"","overlay-opacity":"","overlay-gradient":""}},"ast-content-background-meta":{"desktop":{"background-color":"var(--ast-global-color-5)","background-image":"","background-repeat":"repeat","background-position":"center center","background-size":"auto","background-attachment":"scroll","background-type":"","background-media":"","overlay-type":"","overlay-color":"","overlay-opacity":"","overlay-gradient":""},"tablet":{"background-color":"var(--ast-global-color-5)","background-image":"","background-repeat":"repeat","background-position":"center center","background-size":"auto","background-attachment":"scroll","background-type":"","background-media":"","overlay-type":"","overlay-color":"","overlay-opacity":"","overlay-gradient":""},"mobile":{"background-color":"var(--ast-global-color-5)","background-image":"","background-repeat":"repeat","background-position":"center center","background-size":"auto","background-attachment":"scroll","background-type":"","background-media":"","overlay-type":"","overlay-color":"","overlay-opacity":"","overlay-gradient":""}},"footnotes":""},"class_list":["post-1025","page","type-page","status-publish","hentry"],"yoast_head":"<!-- This site is optimized with the Yoast SEO plugin v27.0 - https:\/\/yoast.com\/product\/yoast-seo-wordpress\/ -->\r\n<title>Datenschutzerkl\u00e4rung und Nutzungsbedingungen - RoboBraille<\/title>\r\n<meta name=\"robots\" content=\"index, follow, max-snippet:-1, max-image-preview:large, max-video-preview:-1\" \/>\r\n<link rel=\"canonical\" href=\"https:\/\/www.robobraille.org\/de\/datenschutzerklaerung-und-nutzungsbedingungen\/\" \/>\r\n<meta property=\"og:locale\" content=\"de_DE\" \/>\r\n<meta property=\"og:type\" content=\"article\" \/>\r\n<meta property=\"og:title\" content=\"Datenschutzerkl\u00e4rung und Nutzungsbedingungen - RoboBraille\" \/>\r\n<meta property=\"og:description\" content=\"Datenschutz Die Konvertierung von Dokumenten mit dem RoboBraille-Service erfolgt v\u00f6llig automatisiert und ohne menschliche Einwirkung. Quelldokumente werden vom RoboBraille E-Mail-Server empfangen, bearbeitet und das Ergebnis der Konvertierung als E-Mail dem Benutzer retourniert. Das Quelldokument wird anschlie\u00dfend aus dem Server gel\u00f6scht. Nur die Transaktion wird f\u00fcr statistische Zwecke und zur Spam-Abwehr protokolliert. Nutzungsbedienungen RoboBraille (Synscenter Refsn\u00e6s [&hellip;]\" \/>\r\n<meta property=\"og:url\" content=\"https:\/\/www.robobraille.org\/de\/datenschutzerklaerung-und-nutzungsbedingungen\/\" \/>\r\n<meta property=\"og:site_name\" content=\"RoboBraille\" \/>\r\n<meta property=\"article:modified_time\" content=\"2022-01-04T16:12:28+00:00\" \/>\r\n<meta name=\"twitter:card\" content=\"summary_large_image\" \/>\r\n<meta name=\"twitter:label1\" content=\"Gesch\u00e4tzte Lesezeit\" \/>\n\t<meta name=\"twitter:data1\" content=\"1\u00a0Minute\" \/>\r\n<script type=\"application\/ld+json\" class=\"yoast-schema-graph\">{\"@context\":\"https:\/\/schema.org\",\"@graph\":[{\"@type\":\"WebPage\",\"@id\":\"https:\/\/www.robobraille.org\/de\/datenschutzerklaerung-und-nutzungsbedingungen\/\",\"url\":\"https:\/\/www.robobraille.org\/de\/datenschutzerklaerung-und-nutzungsbedingungen\/\",\"name\":\"Datenschutzerkl\u00e4rung und Nutzungsbedingungen - RoboBraille\",\"isPartOf\":{\"@id\":\"https:\/\/www.robobraille.org\/de\/#website\"},\"datePublished\":\"2021-01-20T11:20:18+00:00\",\"dateModified\":\"2022-01-04T16:12:28+00:00\",\"breadcrumb\":{\"@id\":\"https:\/\/www.robobraille.org\/de\/datenschutzerklaerung-und-nutzungsbedingungen\/#breadcrumb\"},\"inLanguage\":\"de\",\"potentialAction\":[{\"@type\":\"ReadAction\",\"target\":[\"https:\/\/www.robobraille.org\/de\/datenschutzerklaerung-und-nutzungsbedingungen\/\"]}]},{\"@type\":\"BreadcrumbList\",\"@id\":\"https:\/\/www.robobraille.org\/de\/datenschutzerklaerung-und-nutzungsbedingungen\/#breadcrumb\",\"itemListElement\":[{\"@type\":\"ListItem\",\"position\":1,\"name\":\"Home\",\"item\":\"https:\/\/www.robobraille.org\/de\/\"},{\"@type\":\"ListItem\",\"position\":2,\"name\":\"Datenschutzerkl\u00e4rung und Nutzungsbedingungen\"}]},{\"@type\":\"WebSite\",\"@id\":\"https:\/\/www.robobraille.org\/de\/#website\",\"url\":\"https:\/\/www.robobraille.org\/de\/\",\"name\":\"RoboBraille\",\"description\":\"\",\"publisher\":{\"@id\":\"https:\/\/www.robobraille.org\/de\/#organization\"},\"potentialAction\":[{\"@type\":\"SearchAction\",\"target\":{\"@type\":\"EntryPoint\",\"urlTemplate\":\"https:\/\/www.robobraille.org\/de\/?s={search_term_string}\"},\"query-input\":{\"@type\":\"PropertyValueSpecification\",\"valueRequired\":true,\"valueName\":\"search_term_string\"}}],\"inLanguage\":\"de\"},{\"@type\":\"Organization\",\"@id\":\"https:\/\/www.robobraille.org\/de\/#organization\",\"name\":\"RoboBraille\",\"url\":\"https:\/\/www.robobraille.org\/de\/\",\"logo\":{\"@type\":\"ImageObject\",\"inLanguage\":\"de\",\"@id\":\"https:\/\/www.robobraille.org\/de\/#\/schema\/logo\/image\/\",\"url\":\"https:\/\/www.robobraille.org\/wp-content\/uploads\/2020\/11\/RoboBraille.jpg\",\"contentUrl\":\"https:\/\/www.robobraille.org\/wp-content\/uploads\/2020\/11\/RoboBraille.jpg\",\"width\":340,\"height\":98,\"caption\":\"RoboBraille\"},\"image\":{\"@id\":\"https:\/\/www.robobraille.org\/de\/#\/schema\/logo\/image\/\"}}]}<\/script>\r\n<!-- \/ Yoast SEO plugin. -->","yoast_head_json":{"title":"Datenschutzerkl\u00e4rung und Nutzungsbedingungen - RoboBraille","robots":{"index":"index","follow":"follow","max-snippet":"max-snippet:-1","max-image-preview":"max-image-preview:large","max-video-preview":"max-video-preview:-1"},"canonical":"https:\/\/www.robobraille.org\/de\/datenschutzerklaerung-und-nutzungsbedingungen\/","og_locale":"de_DE","og_type":"article","og_title":"Datenschutzerkl\u00e4rung und Nutzungsbedingungen - RoboBraille","og_description":"Datenschutz Die Konvertierung von Dokumenten mit dem RoboBraille-Service erfolgt v\u00f6llig automatisiert und ohne menschliche Einwirkung. Quelldokumente werden vom RoboBraille E-Mail-Server empfangen, bearbeitet und das Ergebnis der Konvertierung als E-Mail dem Benutzer retourniert. Das Quelldokument wird anschlie\u00dfend aus dem Server gel\u00f6scht. Nur die Transaktion wird f\u00fcr statistische Zwecke und zur Spam-Abwehr protokolliert. Nutzungsbedienungen RoboBraille (Synscenter Refsn\u00e6s [&hellip;]","og_url":"https:\/\/www.robobraille.org\/de\/datenschutzerklaerung-und-nutzungsbedingungen\/","og_site_name":"RoboBraille","article_modified_time":"2022-01-04T16:12:28+00:00","twitter_card":"summary_large_image","twitter_misc":{"Gesch\u00e4tzte Lesezeit":"1\u00a0Minute"},"schema":{"@context":"https:\/\/schema.org","@graph":[{"@type":"WebPage","@id":"https:\/\/www.robobraille.org\/de\/datenschutzerklaerung-und-nutzungsbedingungen\/","url":"https:\/\/www.robobraille.org\/de\/datenschutzerklaerung-und-nutzungsbedingungen\/","name":"Datenschutzerkl\u00e4rung und Nutzungsbedingungen - RoboBraille","isPartOf":{"@id":"https:\/\/www.robobraille.org\/de\/#website"},"datePublished":"2021-01-20T11:20:18+00:00","dateModified":"2022-01-04T16:12:28+00:00","breadcrumb":{"@id":"https:\/\/www.robobraille.org\/de\/datenschutzerklaerung-und-nutzungsbedingungen\/#breadcrumb"},"inLanguage":"de","potentialAction":[{"@type":"ReadAction","target":["https:\/\/www.robobraille.org\/de\/datenschutzerklaerung-und-nutzungsbedingungen\/"]}]},{"@type":"BreadcrumbList","@id":"https:\/\/www.robobraille.org\/de\/datenschutzerklaerung-und-nutzungsbedingungen\/#breadcrumb","itemListElement":[{"@type":"ListItem","position":1,"name":"Home","item":"https:\/\/www.robobraille.org\/de\/"},{"@type":"ListItem","position":2,"name":"Datenschutzerkl\u00e4rung und Nutzungsbedingungen"}]},{"@type":"WebSite","@id":"https:\/\/www.robobraille.org\/de\/#website","url":"https:\/\/www.robobraille.org\/de\/","name":"RoboBraille","description":"","publisher":{"@id":"https:\/\/www.robobraille.org\/de\/#organization"},"potentialAction":[{"@type":"SearchAction","target":{"@type":"EntryPoint","urlTemplate":"https:\/\/www.robobraille.org\/de\/?s={search_term_string}"},"query-input":{"@type":"PropertyValueSpecification","valueRequired":true,"valueName":"search_term_string"}}],"inLanguage":"de"},{"@type":"Organization","@id":"https:\/\/www.robobraille.org\/de\/#organization","name":"RoboBraille","url":"https:\/\/www.robobraille.org\/de\/","logo":{"@type":"ImageObject","inLanguage":"de","@id":"https:\/\/www.robobraille.org\/de\/#\/schema\/logo\/image\/","url":"https:\/\/www.robobraille.org\/wp-content\/uploads\/2020\/11\/RoboBraille.jpg","contentUrl":"https:\/\/www.robobraille.org\/wp-content\/uploads\/2020\/11\/RoboBraille.jpg","width":340,"height":98,"caption":"RoboBraille"},"image":{"@id":"https:\/\/www.robobraille.org\/de\/#\/schema\/logo\/image\/"}}]}},"_links":{"self":[{"href":"https:\/\/www.robobraille.org\/de\/wp-json\/wp\/v2\/pages\/1025","targetHints":{"allow":["GET"]}}],"collection":[{"href":"https:\/\/www.robobraille.org\/de\/wp-json\/wp\/v2\/pages"}],"about":[{"href":"https:\/\/www.robobraille.org\/de\/wp-json\/wp\/v2\/types\/page"}],"author":[{"embeddable":true,"href":"https:\/\/www.robobraille.org\/de\/wp-json\/wp\/v2\/users\/4"}],"replies":[{"embeddable":true,"href":"https:\/\/www.robobraille.org\/de\/wp-json\/wp\/v2\/comments?post=1025"}],"version-history":[{"count":2,"href":"https:\/\/www.robobraille.org\/de\/wp-json\/wp\/v2\/pages\/1025\/revisions"}],"predecessor-version":[{"id":1948,"href":"https:\/\/www.robobraille.org\/de\/wp-json\/wp\/v2\/pages\/1025\/revisions\/1948"}],"wp:attachment":[{"href":"https:\/\/www.robobraille.org\/de\/wp-json\/wp\/v2\/media?parent=1025"}],"curies":[{"name":"wp","href":"https:\/\/api.w.org\/{rel}","templated":true}]}}