{"id":989,"date":"2021-01-20T11:31:27","date_gmt":"2021-01-20T10:31:27","guid":{"rendered":"https:\/\/www.robobraille.org\/bliv-partner\/"},"modified":"2022-01-04T15:58:27","modified_gmt":"2022-01-04T14:58:27","slug":"bliv-partner","status":"publish","type":"page","link":"https:\/\/www.robobraille.org\/da\/bliv-partner\/","title":{"rendered":"Bliv partner"},"content":{"rendered":"\n<p>RoboBraille har partnere i mange lande, der har v\u00e6ret eller gerne vil v\u00e6re involverede i arbejdet med tjenesten. Som RoboBraille partner kan du: repr\u00e6sentere RoboBraille i dit land, tilbyde slutbruger-support og sprede information om tjenesten. Du kan ogs\u00e5 l\u00e6re andre hvordan tjenesten anvendes, eller tilbyde RoboBraille, som en del af den service din organisation yder. Eller m\u00e5ske har du lyst til at forske i hvordan RoboBraille tjenesten kan underst\u00f8tte inklusion og selvhjulpenhed, og skrive artikler om det.<\/p>\n\n\n\n<p>Som partner i RoboBraille, bliver du en del af et internationalt netv\u00e6rk af organisationer og kolleger, der er involverede i uddannelse, specialp\u00e6dagogik, rehabilitering og underst\u00f8ttelse af mennesker med s\u00e6rlige behov. Partnere opfordres til at v\u00e6re med-forfattere til artikler, pr\u00e6sentere ved relevante konferencer og deltage i nye projekter. F\u00f8lgende artikel beskriver muligheder, roller og ansvarsomr\u00e5der i RoboBraille projekter.<\/p>\n\n\n\n<p>Har du lyst til at blive RoboBraille partner, kan du kontakte RoboBraille Teamet p\u00e5 <a href=\"mailto:contact@robobraille.org\">contact@robobraille.org<\/a><\/p>\n\n\n\n<ul class=\"wp-block-list\"><li><a href=\"https:\/\/www.robobraille.org\/wp-content\/uploads\/2021\/01\/Roles-and-Responsibilities-of-Partners-in-a-RoboBraille-project.pdf\">Roles and Responsibilities of Partners in a RoboBraille-project<\/a><\/li><\/ul>\n","protected":false},"excerpt":{"rendered":"<p>RoboBraille har partnere i mange lande, der har v\u00e6ret eller gerne vil v\u00e6re involverede i arbejdet med tjenesten. Som RoboBraille partner kan du: repr\u00e6sentere RoboBraille i dit land, tilbyde slutbruger-support og sprede information om tjenesten. Du kan ogs\u00e5 l\u00e6re andre hvordan tjenesten anvendes, eller tilbyde RoboBraille, som en del af den service din organisation yder. [&hellip;]<\/p>\n","protected":false},"author":4,"featured_media":0,"parent":0,"menu_order":0,"comment_status":"closed","ping_status":"closed","template":"","meta":{"site-sidebar-layout":"default","site-content-layout":"default","ast-site-content-layout":"default","site-content-style":"default","site-sidebar-style":"default","ast-global-header-display":"","ast-banner-title-visibility":"","ast-main-header-display":"","ast-hfb-above-header-display":"","ast-hfb-below-header-display":"","ast-hfb-mobile-header-display":"","site-post-title":"","ast-breadcrumbs-content":"","ast-featured-img":"","footer-sml-layout":"","ast-disable-related-posts":"","theme-transparent-header-meta":"default","adv-header-id-meta":"","stick-header-meta":"","header-above-stick-meta":"","header-main-stick-meta":"","header-below-stick-meta":"","astra-migrate-meta-layouts":"default","ast-page-background-enabled":"default","ast-page-background-meta":{"desktop":{"background-color":"","background-image":"","background-repeat":"repeat","background-position":"center center","background-size":"auto","background-attachment":"scroll","background-type":"","background-media":"","overlay-type":"","overlay-color":"","overlay-opacity":"","overlay-gradient":""},"tablet":{"background-color":"","background-image":"","background-repeat":"repeat","background-position":"center center","background-size":"auto","background-attachment":"scroll","background-type":"","background-media":"","overlay-type":"","overlay-color":"","overlay-opacity":"","overlay-gradient":""},"mobile":{"background-color":"","background-image":"","background-repeat":"repeat","background-position":"center center","background-size":"auto","background-attachment":"scroll","background-type":"","background-media":"","overlay-type":"","overlay-color":"","overlay-opacity":"","overlay-gradient":""}},"ast-content-background-meta":{"desktop":{"background-color":"var(--ast-global-color-5)","background-image":"","background-repeat":"repeat","background-position":"center center","background-size":"auto","background-attachment":"scroll","background-type":"","background-media":"","overlay-type":"","overlay-color":"","overlay-opacity":"","overlay-gradient":""},"tablet":{"background-color":"var(--ast-global-color-5)","background-image":"","background-repeat":"repeat","background-position":"center center","background-size":"auto","background-attachment":"scroll","background-type":"","background-media":"","overlay-type":"","overlay-color":"","overlay-opacity":"","overlay-gradient":""},"mobile":{"background-color":"var(--ast-global-color-5)","background-image":"","background-repeat":"repeat","background-position":"center center","background-size":"auto","background-attachment":"scroll","background-type":"","background-media":"","overlay-type":"","overlay-color":"","overlay-opacity":"","overlay-gradient":""}},"footnotes":""},"class_list":["post-989","page","type-page","status-publish","hentry"],"yoast_head":"<!-- This site is optimized with the Yoast SEO plugin v27.0 - https:\/\/yoast.com\/product\/yoast-seo-wordpress\/ -->\r\n<title>Bliv partner - RoboBraille<\/title>\r\n<meta name=\"robots\" content=\"index, follow, max-snippet:-1, max-image-preview:large, max-video-preview:-1\" \/>\r\n<link rel=\"canonical\" href=\"https:\/\/www.robobraille.org\/da\/bliv-partner\/\" \/>\r\n<meta property=\"og:locale\" content=\"da_DK\" \/>\r\n<meta property=\"og:type\" content=\"article\" \/>\r\n<meta property=\"og:title\" content=\"Bliv partner - RoboBraille\" \/>\r\n<meta property=\"og:description\" content=\"RoboBraille har partnere i mange lande, der har v\u00e6ret eller gerne vil v\u00e6re involverede i arbejdet med tjenesten. Som RoboBraille partner kan du: repr\u00e6sentere RoboBraille i dit land, tilbyde slutbruger-support og sprede information om tjenesten. Du kan ogs\u00e5 l\u00e6re andre hvordan tjenesten anvendes, eller tilbyde RoboBraille, som en del af den service din organisation yder. [&hellip;]\" \/>\r\n<meta property=\"og:url\" content=\"https:\/\/www.robobraille.org\/da\/bliv-partner\/\" \/>\r\n<meta property=\"og:site_name\" content=\"RoboBraille\" \/>\r\n<meta property=\"article:modified_time\" content=\"2022-01-04T14:58:27+00:00\" \/>\r\n<meta name=\"twitter:card\" content=\"summary_large_image\" \/>\r\n<meta name=\"twitter:label1\" content=\"Estimeret l\u00e6setid\" \/>\n\t<meta name=\"twitter:data1\" content=\"1 minut\" \/>\r\n<script type=\"application\/ld+json\" class=\"yoast-schema-graph\">{\"@context\":\"https:\/\/schema.org\",\"@graph\":[{\"@type\":\"WebPage\",\"@id\":\"https:\/\/www.robobraille.org\/da\/bliv-partner\/\",\"url\":\"https:\/\/www.robobraille.org\/da\/bliv-partner\/\",\"name\":\"Bliv partner - RoboBraille\",\"isPartOf\":{\"@id\":\"https:\/\/www.robobraille.org\/da\/#website\"},\"datePublished\":\"2021-01-20T10:31:27+00:00\",\"dateModified\":\"2022-01-04T14:58:27+00:00\",\"breadcrumb\":{\"@id\":\"https:\/\/www.robobraille.org\/da\/bliv-partner\/#breadcrumb\"},\"inLanguage\":\"da-DK\",\"potentialAction\":[{\"@type\":\"ReadAction\",\"target\":[\"https:\/\/www.robobraille.org\/da\/bliv-partner\/\"]}]},{\"@type\":\"BreadcrumbList\",\"@id\":\"https:\/\/www.robobraille.org\/da\/bliv-partner\/#breadcrumb\",\"itemListElement\":[{\"@type\":\"ListItem\",\"position\":1,\"name\":\"Home\",\"item\":\"https:\/\/www.robobraille.org\/da\/\"},{\"@type\":\"ListItem\",\"position\":2,\"name\":\"Bliv partner\"}]},{\"@type\":\"WebSite\",\"@id\":\"https:\/\/www.robobraille.org\/da\/#website\",\"url\":\"https:\/\/www.robobraille.org\/da\/\",\"name\":\"RoboBraille\",\"description\":\"\",\"publisher\":{\"@id\":\"https:\/\/www.robobraille.org\/da\/#organization\"},\"potentialAction\":[{\"@type\":\"SearchAction\",\"target\":{\"@type\":\"EntryPoint\",\"urlTemplate\":\"https:\/\/www.robobraille.org\/da\/?s={search_term_string}\"},\"query-input\":{\"@type\":\"PropertyValueSpecification\",\"valueRequired\":true,\"valueName\":\"search_term_string\"}}],\"inLanguage\":\"da-DK\"},{\"@type\":\"Organization\",\"@id\":\"https:\/\/www.robobraille.org\/da\/#organization\",\"name\":\"RoboBraille\",\"url\":\"https:\/\/www.robobraille.org\/da\/\",\"logo\":{\"@type\":\"ImageObject\",\"inLanguage\":\"da-DK\",\"@id\":\"https:\/\/www.robobraille.org\/da\/#\/schema\/logo\/image\/\",\"url\":\"https:\/\/www.robobraille.org\/wp-content\/uploads\/2020\/11\/RoboBraille.jpg\",\"contentUrl\":\"https:\/\/www.robobraille.org\/wp-content\/uploads\/2020\/11\/RoboBraille.jpg\",\"width\":340,\"height\":98,\"caption\":\"RoboBraille\"},\"image\":{\"@id\":\"https:\/\/www.robobraille.org\/da\/#\/schema\/logo\/image\/\"}}]}<\/script>\r\n<!-- \/ Yoast SEO plugin. -->","yoast_head_json":{"title":"Bliv partner - RoboBraille","robots":{"index":"index","follow":"follow","max-snippet":"max-snippet:-1","max-image-preview":"max-image-preview:large","max-video-preview":"max-video-preview:-1"},"canonical":"https:\/\/www.robobraille.org\/da\/bliv-partner\/","og_locale":"da_DK","og_type":"article","og_title":"Bliv partner - RoboBraille","og_description":"RoboBraille har partnere i mange lande, der har v\u00e6ret eller gerne vil v\u00e6re involverede i arbejdet med tjenesten. Som RoboBraille partner kan du: repr\u00e6sentere RoboBraille i dit land, tilbyde slutbruger-support og sprede information om tjenesten. Du kan ogs\u00e5 l\u00e6re andre hvordan tjenesten anvendes, eller tilbyde RoboBraille, som en del af den service din organisation yder. [&hellip;]","og_url":"https:\/\/www.robobraille.org\/da\/bliv-partner\/","og_site_name":"RoboBraille","article_modified_time":"2022-01-04T14:58:27+00:00","twitter_card":"summary_large_image","twitter_misc":{"Estimeret l\u00e6setid":"1 minut"},"schema":{"@context":"https:\/\/schema.org","@graph":[{"@type":"WebPage","@id":"https:\/\/www.robobraille.org\/da\/bliv-partner\/","url":"https:\/\/www.robobraille.org\/da\/bliv-partner\/","name":"Bliv partner - RoboBraille","isPartOf":{"@id":"https:\/\/www.robobraille.org\/da\/#website"},"datePublished":"2021-01-20T10:31:27+00:00","dateModified":"2022-01-04T14:58:27+00:00","breadcrumb":{"@id":"https:\/\/www.robobraille.org\/da\/bliv-partner\/#breadcrumb"},"inLanguage":"da-DK","potentialAction":[{"@type":"ReadAction","target":["https:\/\/www.robobraille.org\/da\/bliv-partner\/"]}]},{"@type":"BreadcrumbList","@id":"https:\/\/www.robobraille.org\/da\/bliv-partner\/#breadcrumb","itemListElement":[{"@type":"ListItem","position":1,"name":"Home","item":"https:\/\/www.robobraille.org\/da\/"},{"@type":"ListItem","position":2,"name":"Bliv partner"}]},{"@type":"WebSite","@id":"https:\/\/www.robobraille.org\/da\/#website","url":"https:\/\/www.robobraille.org\/da\/","name":"RoboBraille","description":"","publisher":{"@id":"https:\/\/www.robobraille.org\/da\/#organization"},"potentialAction":[{"@type":"SearchAction","target":{"@type":"EntryPoint","urlTemplate":"https:\/\/www.robobraille.org\/da\/?s={search_term_string}"},"query-input":{"@type":"PropertyValueSpecification","valueRequired":true,"valueName":"search_term_string"}}],"inLanguage":"da-DK"},{"@type":"Organization","@id":"https:\/\/www.robobraille.org\/da\/#organization","name":"RoboBraille","url":"https:\/\/www.robobraille.org\/da\/","logo":{"@type":"ImageObject","inLanguage":"da-DK","@id":"https:\/\/www.robobraille.org\/da\/#\/schema\/logo\/image\/","url":"https:\/\/www.robobraille.org\/wp-content\/uploads\/2020\/11\/RoboBraille.jpg","contentUrl":"https:\/\/www.robobraille.org\/wp-content\/uploads\/2020\/11\/RoboBraille.jpg","width":340,"height":98,"caption":"RoboBraille"},"image":{"@id":"https:\/\/www.robobraille.org\/da\/#\/schema\/logo\/image\/"}}]}},"_links":{"self":[{"href":"https:\/\/www.robobraille.org\/da\/wp-json\/wp\/v2\/pages\/989","targetHints":{"allow":["GET"]}}],"collection":[{"href":"https:\/\/www.robobraille.org\/da\/wp-json\/wp\/v2\/pages"}],"about":[{"href":"https:\/\/www.robobraille.org\/da\/wp-json\/wp\/v2\/types\/page"}],"author":[{"embeddable":true,"href":"https:\/\/www.robobraille.org\/da\/wp-json\/wp\/v2\/users\/4"}],"replies":[{"embeddable":true,"href":"https:\/\/www.robobraille.org\/da\/wp-json\/wp\/v2\/comments?post=989"}],"version-history":[{"count":3,"href":"https:\/\/www.robobraille.org\/da\/wp-json\/wp\/v2\/pages\/989\/revisions"}],"predecessor-version":[{"id":1916,"href":"https:\/\/www.robobraille.org\/da\/wp-json\/wp\/v2\/pages\/989\/revisions\/1916"}],"wp:attachment":[{"href":"https:\/\/www.robobraille.org\/da\/wp-json\/wp\/v2\/media?parent=989"}],"curies":[{"name":"wp","href":"https:\/\/api.w.org\/{rel}","templated":true}]}}