{"id":959,"date":"2021-01-19T15:14:14","date_gmt":"2021-01-19T14:14:14","guid":{"rendered":"https:\/\/www.robobraille.org\/introduktion-til-robobraille\/"},"modified":"2022-01-06T16:20:55","modified_gmt":"2022-01-06T15:20:55","slug":"introduktion-til-robobraille","status":"publish","type":"page","link":"https:\/\/www.robobraille.org\/da\/introduktion-til-robobraille\/","title":{"rendered":"Introduktion til RoboBraille"},"content":{"rendered":"\n<p>RoboBraille er en internet-baseret tjeneste, der automatisk konverterer tekst til alternative formater som punktskrift, syntetisk tale, DAISY-b\u00f8ger og e-b\u00f8ger. Alternative formater anvendes is\u00e6r af mennesker med syns- og l\u00e6sehandicap, men kan ogs\u00e5 bruges af andre.\n<\/p>\n\n\n\n<p>RoboBraille-tjenesten er tilg\u00e6ngelig d\u00f8gnet rundt og man beh\u00f8ver ikke at registrere sig for at bruge den. RoboBraille-tjenesten er gratis at anvende for individuelle, ikke-kommercielle brugere, som ikke er tilknyttet institutioner, skoler, organisationer, foreninger eller andre, der selv er forpligtede til at underst\u00f8tte mennesker med s\u00e6rlige behov. Form\u00e5let med tjenesten er at fremme selvhjulpenhed og selvst\u00e6ndighed, og dermed underst\u00f8tte inklusion af mennesker med s\u00e6rlige behov i uddannelsessystemet, p\u00e5 arbejdsmarkedet og i samfundet generelt. RoboBraille-tjenesten er anonym at anvende og beskytter dermed brugernes privatliv.\n<\/p>\n\n\n\n<p>RoboBraille-tjenesten findes ogs\u00e5 i tilrettede versioner, der kan anvendes af virksomheder, uddannelsesinstitutioner, sociale institutioner, foreninger mv., integreret p\u00e5 egen webside eller intranet. RoboBraille-tjenesten kan ogs\u00e5 integreres med digitale biblioteker, portaler, Learning Management-systemer og databaser og dermed levere tilg\u00e6ngelige dokumenter direkte til brugeren. For at anvende RoboBraille-tjenesten til institutionelt brug skal indg\u00e5s en serviceaftale.<\/p>\n\n\n\n<p>RoboBraille blev oprindelig udviklet af <a href=\"https:\/\/synref.dk\/\">Synscenter Refsn\u00e6s<\/a>, det nationale center for blinde og svagsynede b\u00f8rn og unge i Danmark, og <a href=\"https:\/\/sensus.dk\/da\">Sensus ApS<\/a>. I dag drives og udvikles tjenesten af Sensus og den frivillige forening <a href=\"http:\/\/friendsof.dk\/\">RoboBraille <\/a><a href=\"http:\/\/www.friendsof.dk\/\">Outreach<\/a>. RoboBraille-tjenesten har siden starten i 2004 modtaget adskillige internationale priser, herunder bl.a. <a href=\"http:\/\/www.wise-qatar.org\/robobraille-denmark\">WISE 2012 Award for inklusion i uddannelsessystemet<\/a>, <a href=\"https:\/\/www.theguardian.com\/resource\/winners-and-finalists\">BETT Award 2010 for bedste specialundervisnings v\u00e6rkt\u00f8j<\/a> samt EU Kommissionens e-Inclusion Award 2008 for tilg\u00e6ngelighed p\u00e5 internettet.<\/p>\n\n\n\n<p>RoboBraille er en del af det globale <a href=\"http:\/\/www.raisingthefloor.org\/\">Raising the Floor Initiative<\/a>, der arbejder for at \u00f8ge tilg\u00e6ngelighed og inklusion p\u00e5 internettet.<\/p>\n\n\n\n<p>RoboBraille-tjenesten tilbyder fire forskellige konverteringer:<\/p>\n\n\n\n<ul class=\"wp-block-list\"><li><a href=\"#braille\">Konvertering til punktskrift<\/a><\/li><li><a href=\"#audio\">Konvertering til lyd<\/a><\/li><li><a href=\"#ebook\">Konvertering til e-b\u00f8ger<\/a><\/li><li><a href=\"#accessibility\">Konvertering til mere tilg\u00e6ngelige formater<\/a><\/li><\/ul>\n\n\n\n<h2 class=\"wp-block-heading\" id=\"braille\">Konvertering til punktskrift<\/h2>\n\n\n\n<p>RoboBraille kan konvertere tekst til b\u00e5de fuldskrift og forkortet punktskrift. RoboBraille anvender de nationale punktskriftsregler for f\u00f8lgende sprog: Bulgarsk, dansk, Unified English (UEB), britisk engelsk, amerikansk engelsk, fransk, gr\u00e6sk, islandsk, italiensk, norsk, polsk, portugisisk, rum\u00e6nsk, slovakisk, slovensk, spansk, tysk og ungarsk. Punktskriftdokumentet kan leveres formateret og med sidetal som en print-klar fil i mange forskellige punktskriftformater.\n<\/p>\n\n\n\n<h2 class=\"wp-block-heading\" id=\"audio\">Konvertering til lyd<\/h2>\n\n\n\n<p>RoboBraille kan konvertere til to forskellige lydformater, herunder MP3, DAISY og EPUB3. RoboBraille kan ogs\u00e5 producere DAISY-b\u00f8ger indeholdende matematiske formler. RoboBraille anvender syntetiske stemmer af h\u00f8jest mulige kvalitet p\u00e5 f\u00f8lgende sprog: arabisk, arabisk med engelske l\u00e5neord, amerikansk engelsk, britisk engelsk, bulgarsk, dansk, gr\u00f8nlandsk, finsk, fransk, gr\u00e6sk, hollandsk, italiensk, japansk, kinesisk (kantonesisk, mandarin, taiwanesisk), koreansk, litauisk, norsk, polsk, portugisisk, rum\u00e6nsk, slovakisk, slovensk, spansk (castiliansk og latinamerikansk), svensk, tjekkisk, tysk, ungarsk og valisisk.\n<\/p>\n\n\n\n<h2 class=\"wp-block-heading\" id=\"ebook\">Konvertering til e-b\u00f8ger<\/h2>\n\n\n\n<p>RoboBraille kan konvertere til to forskellige e-bogsformater: Mobi Pocket (til Amazon Kindle ebogsl\u00e6sere) og EPUB (til alle andre). EPUB filer kan ogs\u00e5 konverteres til Mobi Pocket og omvendt. RoboBraille kan ligeledes producere e-b\u00f8ger med s\u00e6rlig stor tekst, der er specielt velegnet for svagsynede, samt EPUB3 e-b\u00f8ger med lydoverl\u00e6g.\n<\/p>\n\n\n\n<h2 class=\"wp-block-heading\" id=\"accessibility\">Konvertering til mere tilg\u00e6ngelige formater<\/h2>\n\n\n\n<p>RoboBraille kan konvertere utilg\u00e6ngelige dokumenter, som eksempelvis scannede filer i GIF, TIFF, JPG, PNG, BMP, PCX, DCX, J2K, JP2, JPX, DJV, image-only PDF, samt alle andre PDF til mere tilg\u00e6ngelige formater som tagged PDF, DOC, DOCX, Word XML, XLS, XLSX, CSV, TXT, RTF og HTML. RoboBraille underst\u00f8tter ogs\u00e5 konvertering af Microsoft Word dokumenter til tagged PDF,  og Microsoft PowerPoint pr\u00e6sentationer  til RTF filer eller web-projekter, der er lettere at navigere og orientere sig i med kompenserende hj\u00e6lpemidler.\n<\/p>\n","protected":false},"excerpt":{"rendered":"<p>RoboBraille er en internet-baseret tjeneste, der automatisk konverterer tekst til alternative formater som punktskrift, syntetisk tale, DAISY-b\u00f8ger og e-b\u00f8ger. Alternative formater anvendes is\u00e6r af mennesker med syns- og l\u00e6sehandicap, men kan ogs\u00e5 bruges af andre. RoboBraille-tjenesten er tilg\u00e6ngelig d\u00f8gnet rundt og man beh\u00f8ver ikke at registrere sig for at bruge den. RoboBraille-tjenesten er gratis at [&hellip;]<\/p>\n","protected":false},"author":4,"featured_media":0,"parent":0,"menu_order":0,"comment_status":"closed","ping_status":"closed","template":"","meta":{"site-sidebar-layout":"default","site-content-layout":"default","ast-site-content-layout":"default","site-content-style":"default","site-sidebar-style":"default","ast-global-header-display":"","ast-banner-title-visibility":"","ast-main-header-display":"","ast-hfb-above-header-display":"","ast-hfb-below-header-display":"","ast-hfb-mobile-header-display":"","site-post-title":"","ast-breadcrumbs-content":"","ast-featured-img":"","footer-sml-layout":"","ast-disable-related-posts":"","theme-transparent-header-meta":"default","adv-header-id-meta":"","stick-header-meta":"","header-above-stick-meta":"","header-main-stick-meta":"","header-below-stick-meta":"","astra-migrate-meta-layouts":"default","ast-page-background-enabled":"default","ast-page-background-meta":{"desktop":{"background-color":"","background-image":"","background-repeat":"repeat","background-position":"center center","background-size":"auto","background-attachment":"scroll","background-type":"","background-media":"","overlay-type":"","overlay-color":"","overlay-opacity":"","overlay-gradient":""},"tablet":{"background-color":"","background-image":"","background-repeat":"repeat","background-position":"center center","background-size":"auto","background-attachment":"scroll","background-type":"","background-media":"","overlay-type":"","overlay-color":"","overlay-opacity":"","overlay-gradient":""},"mobile":{"background-color":"","background-image":"","background-repeat":"repeat","background-position":"center center","background-size":"auto","background-attachment":"scroll","background-type":"","background-media":"","overlay-type":"","overlay-color":"","overlay-opacity":"","overlay-gradient":""}},"ast-content-background-meta":{"desktop":{"background-color":"var(--ast-global-color-5)","background-image":"","background-repeat":"repeat","background-position":"center center","background-size":"auto","background-attachment":"scroll","background-type":"","background-media":"","overlay-type":"","overlay-color":"","overlay-opacity":"","overlay-gradient":""},"tablet":{"background-color":"var(--ast-global-color-5)","background-image":"","background-repeat":"repeat","background-position":"center center","background-size":"auto","background-attachment":"scroll","background-type":"","background-media":"","overlay-type":"","overlay-color":"","overlay-opacity":"","overlay-gradient":""},"mobile":{"background-color":"var(--ast-global-color-5)","background-image":"","background-repeat":"repeat","background-position":"center center","background-size":"auto","background-attachment":"scroll","background-type":"","background-media":"","overlay-type":"","overlay-color":"","overlay-opacity":"","overlay-gradient":""}},"footnotes":""},"class_list":["post-959","page","type-page","status-publish","hentry"],"yoast_head":"<!-- This site is optimized with the Yoast SEO plugin v27.0 - https:\/\/yoast.com\/product\/yoast-seo-wordpress\/ -->\r\n<title>Introduktion til RoboBraille - RoboBraille<\/title>\r\n<meta name=\"robots\" content=\"index, follow, max-snippet:-1, max-image-preview:large, max-video-preview:-1\" \/>\r\n<link rel=\"canonical\" href=\"https:\/\/www.robobraille.org\/da\/introduktion-til-robobraille\/\" \/>\r\n<meta property=\"og:locale\" content=\"da_DK\" \/>\r\n<meta property=\"og:type\" content=\"article\" \/>\r\n<meta property=\"og:title\" content=\"Introduktion til RoboBraille - RoboBraille\" \/>\r\n<meta property=\"og:description\" content=\"RoboBraille er en internet-baseret tjeneste, der automatisk konverterer tekst til alternative formater som punktskrift, syntetisk tale, DAISY-b\u00f8ger og e-b\u00f8ger. Alternative formater anvendes is\u00e6r af mennesker med syns- og l\u00e6sehandicap, men kan ogs\u00e5 bruges af andre. RoboBraille-tjenesten er tilg\u00e6ngelig d\u00f8gnet rundt og man beh\u00f8ver ikke at registrere sig for at bruge den. RoboBraille-tjenesten er gratis at [&hellip;]\" \/>\r\n<meta property=\"og:url\" content=\"https:\/\/www.robobraille.org\/da\/introduktion-til-robobraille\/\" \/>\r\n<meta property=\"og:site_name\" content=\"RoboBraille\" \/>\r\n<meta property=\"article:modified_time\" content=\"2022-01-06T15:20:55+00:00\" \/>\r\n<meta name=\"twitter:card\" content=\"summary_large_image\" \/>\r\n<meta name=\"twitter:label1\" content=\"Estimeret l\u00e6setid\" \/>\n\t<meta name=\"twitter:data1\" content=\"3 minutter\" \/>\r\n<script type=\"application\/ld+json\" class=\"yoast-schema-graph\">{\"@context\":\"https:\/\/schema.org\",\"@graph\":[{\"@type\":\"WebPage\",\"@id\":\"https:\/\/www.robobraille.org\/da\/introduktion-til-robobraille\/\",\"url\":\"https:\/\/www.robobraille.org\/da\/introduktion-til-robobraille\/\",\"name\":\"Introduktion til RoboBraille - RoboBraille\",\"isPartOf\":{\"@id\":\"https:\/\/www.robobraille.org\/da\/#website\"},\"datePublished\":\"2021-01-19T14:14:14+00:00\",\"dateModified\":\"2022-01-06T15:20:55+00:00\",\"breadcrumb\":{\"@id\":\"https:\/\/www.robobraille.org\/da\/introduktion-til-robobraille\/#breadcrumb\"},\"inLanguage\":\"da-DK\",\"potentialAction\":[{\"@type\":\"ReadAction\",\"target\":[\"https:\/\/www.robobraille.org\/da\/introduktion-til-robobraille\/\"]}]},{\"@type\":\"BreadcrumbList\",\"@id\":\"https:\/\/www.robobraille.org\/da\/introduktion-til-robobraille\/#breadcrumb\",\"itemListElement\":[{\"@type\":\"ListItem\",\"position\":1,\"name\":\"Home\",\"item\":\"https:\/\/www.robobraille.org\/da\/\"},{\"@type\":\"ListItem\",\"position\":2,\"name\":\"Introduktion til RoboBraille\"}]},{\"@type\":\"WebSite\",\"@id\":\"https:\/\/www.robobraille.org\/da\/#website\",\"url\":\"https:\/\/www.robobraille.org\/da\/\",\"name\":\"RoboBraille\",\"description\":\"\",\"publisher\":{\"@id\":\"https:\/\/www.robobraille.org\/da\/#organization\"},\"potentialAction\":[{\"@type\":\"SearchAction\",\"target\":{\"@type\":\"EntryPoint\",\"urlTemplate\":\"https:\/\/www.robobraille.org\/da\/?s={search_term_string}\"},\"query-input\":{\"@type\":\"PropertyValueSpecification\",\"valueRequired\":true,\"valueName\":\"search_term_string\"}}],\"inLanguage\":\"da-DK\"},{\"@type\":\"Organization\",\"@id\":\"https:\/\/www.robobraille.org\/da\/#organization\",\"name\":\"RoboBraille\",\"url\":\"https:\/\/www.robobraille.org\/da\/\",\"logo\":{\"@type\":\"ImageObject\",\"inLanguage\":\"da-DK\",\"@id\":\"https:\/\/www.robobraille.org\/da\/#\/schema\/logo\/image\/\",\"url\":\"https:\/\/www.robobraille.org\/wp-content\/uploads\/2020\/11\/RoboBraille.jpg\",\"contentUrl\":\"https:\/\/www.robobraille.org\/wp-content\/uploads\/2020\/11\/RoboBraille.jpg\",\"width\":340,\"height\":98,\"caption\":\"RoboBraille\"},\"image\":{\"@id\":\"https:\/\/www.robobraille.org\/da\/#\/schema\/logo\/image\/\"}}]}<\/script>\r\n<!-- \/ Yoast SEO plugin. -->","yoast_head_json":{"title":"Introduktion til RoboBraille - RoboBraille","robots":{"index":"index","follow":"follow","max-snippet":"max-snippet:-1","max-image-preview":"max-image-preview:large","max-video-preview":"max-video-preview:-1"},"canonical":"https:\/\/www.robobraille.org\/da\/introduktion-til-robobraille\/","og_locale":"da_DK","og_type":"article","og_title":"Introduktion til RoboBraille - RoboBraille","og_description":"RoboBraille er en internet-baseret tjeneste, der automatisk konverterer tekst til alternative formater som punktskrift, syntetisk tale, DAISY-b\u00f8ger og e-b\u00f8ger. Alternative formater anvendes is\u00e6r af mennesker med syns- og l\u00e6sehandicap, men kan ogs\u00e5 bruges af andre. RoboBraille-tjenesten er tilg\u00e6ngelig d\u00f8gnet rundt og man beh\u00f8ver ikke at registrere sig for at bruge den. RoboBraille-tjenesten er gratis at [&hellip;]","og_url":"https:\/\/www.robobraille.org\/da\/introduktion-til-robobraille\/","og_site_name":"RoboBraille","article_modified_time":"2022-01-06T15:20:55+00:00","twitter_card":"summary_large_image","twitter_misc":{"Estimeret l\u00e6setid":"3 minutter"},"schema":{"@context":"https:\/\/schema.org","@graph":[{"@type":"WebPage","@id":"https:\/\/www.robobraille.org\/da\/introduktion-til-robobraille\/","url":"https:\/\/www.robobraille.org\/da\/introduktion-til-robobraille\/","name":"Introduktion til RoboBraille - RoboBraille","isPartOf":{"@id":"https:\/\/www.robobraille.org\/da\/#website"},"datePublished":"2021-01-19T14:14:14+00:00","dateModified":"2022-01-06T15:20:55+00:00","breadcrumb":{"@id":"https:\/\/www.robobraille.org\/da\/introduktion-til-robobraille\/#breadcrumb"},"inLanguage":"da-DK","potentialAction":[{"@type":"ReadAction","target":["https:\/\/www.robobraille.org\/da\/introduktion-til-robobraille\/"]}]},{"@type":"BreadcrumbList","@id":"https:\/\/www.robobraille.org\/da\/introduktion-til-robobraille\/#breadcrumb","itemListElement":[{"@type":"ListItem","position":1,"name":"Home","item":"https:\/\/www.robobraille.org\/da\/"},{"@type":"ListItem","position":2,"name":"Introduktion til RoboBraille"}]},{"@type":"WebSite","@id":"https:\/\/www.robobraille.org\/da\/#website","url":"https:\/\/www.robobraille.org\/da\/","name":"RoboBraille","description":"","publisher":{"@id":"https:\/\/www.robobraille.org\/da\/#organization"},"potentialAction":[{"@type":"SearchAction","target":{"@type":"EntryPoint","urlTemplate":"https:\/\/www.robobraille.org\/da\/?s={search_term_string}"},"query-input":{"@type":"PropertyValueSpecification","valueRequired":true,"valueName":"search_term_string"}}],"inLanguage":"da-DK"},{"@type":"Organization","@id":"https:\/\/www.robobraille.org\/da\/#organization","name":"RoboBraille","url":"https:\/\/www.robobraille.org\/da\/","logo":{"@type":"ImageObject","inLanguage":"da-DK","@id":"https:\/\/www.robobraille.org\/da\/#\/schema\/logo\/image\/","url":"https:\/\/www.robobraille.org\/wp-content\/uploads\/2020\/11\/RoboBraille.jpg","contentUrl":"https:\/\/www.robobraille.org\/wp-content\/uploads\/2020\/11\/RoboBraille.jpg","width":340,"height":98,"caption":"RoboBraille"},"image":{"@id":"https:\/\/www.robobraille.org\/da\/#\/schema\/logo\/image\/"}}]}},"_links":{"self":[{"href":"https:\/\/www.robobraille.org\/da\/wp-json\/wp\/v2\/pages\/959","targetHints":{"allow":["GET"]}}],"collection":[{"href":"https:\/\/www.robobraille.org\/da\/wp-json\/wp\/v2\/pages"}],"about":[{"href":"https:\/\/www.robobraille.org\/da\/wp-json\/wp\/v2\/types\/page"}],"author":[{"embeddable":true,"href":"https:\/\/www.robobraille.org\/da\/wp-json\/wp\/v2\/users\/4"}],"replies":[{"embeddable":true,"href":"https:\/\/www.robobraille.org\/da\/wp-json\/wp\/v2\/comments?post=959"}],"version-history":[{"count":3,"href":"https:\/\/www.robobraille.org\/da\/wp-json\/wp\/v2\/pages\/959\/revisions"}],"predecessor-version":[{"id":1957,"href":"https:\/\/www.robobraille.org\/da\/wp-json\/wp\/v2\/pages\/959\/revisions\/1957"}],"wp:attachment":[{"href":"https:\/\/www.robobraille.org\/da\/wp-json\/wp\/v2\/media?parent=959"}],"curies":[{"name":"wp","href":"https:\/\/api.w.org\/{rel}","templated":true}]}}