{"id":931,"date":"2021-01-19T14:18:14","date_gmt":"2021-01-19T13:18:14","guid":{"rendered":"https:\/\/www.robobraille.org\/donere\/"},"modified":"2021-01-19T14:18:19","modified_gmt":"2021-01-19T13:18:19","slug":"donere","status":"publish","type":"page","link":"https:\/\/www.robobraille.org\/da\/donere\/","title":{"rendered":"Donere"},"content":{"rendered":"\n<p>Du kan bidrage til at sikre RoboBraille som en gratis tjeneste til individuelle, ikke-kommercielle brugere. Benyt Donate-knappen til at donere penge via Paypal eller kreditkort. Vi v\u00e6rds\u00e6tter din st\u00f8tte.&#13;\n<\/p>\n\n<div class=\"wp-block-buttons is-layout-flex wp-block-buttons-is-layout-flex\">\n<div class=\"wp-block-button\"><a class=\"wp-block-button__link\" href=\"https:\/\/www.paypal.com\/cgi-bin\/webscr?cmd=_s-xclick&amp;hosted_button_id=76S2KWXGGFCSS\" target=\"_blank\" rel=\"noreferrer noopener\">Donere<\/a><\/div>\n<\/div>\n","protected":false},"excerpt":{"rendered":"<p>Du kan bidrage til at sikre RoboBraille som en gratis tjeneste til individuelle, ikke-kommercielle brugere. Benyt Donate-knappen til at donere penge via Paypal eller kreditkort. Vi v\u00e6rds\u00e6tter din st\u00f8tte.&#13;<\/p>\n","protected":false},"author":4,"featured_media":0,"parent":0,"menu_order":0,"comment_status":"closed","ping_status":"closed","template":"","meta":{"site-sidebar-layout":"default","site-content-layout":"default","ast-site-content-layout":"default","site-content-style":"default","site-sidebar-style":"default","ast-global-header-display":"","ast-banner-title-visibility":"","ast-main-header-display":"","ast-hfb-above-header-display":"","ast-hfb-below-header-display":"","ast-hfb-mobile-header-display":"","site-post-title":"","ast-breadcrumbs-content":"","ast-featured-img":"","footer-sml-layout":"","ast-disable-related-posts":"","theme-transparent-header-meta":"default","adv-header-id-meta":"","stick-header-meta":"","header-above-stick-meta":"","header-main-stick-meta":"","header-below-stick-meta":"","astra-migrate-meta-layouts":"default","ast-page-background-enabled":"default","ast-page-background-meta":{"desktop":{"background-color":"","background-image":"","background-repeat":"repeat","background-position":"center center","background-size":"auto","background-attachment":"scroll","background-type":"","background-media":"","overlay-type":"","overlay-color":"","overlay-opacity":"","overlay-gradient":""},"tablet":{"background-color":"","background-image":"","background-repeat":"repeat","background-position":"center center","background-size":"auto","background-attachment":"scroll","background-type":"","background-media":"","overlay-type":"","overlay-color":"","overlay-opacity":"","overlay-gradient":""},"mobile":{"background-color":"","background-image":"","background-repeat":"repeat","background-position":"center center","background-size":"auto","background-attachment":"scroll","background-type":"","background-media":"","overlay-type":"","overlay-color":"","overlay-opacity":"","overlay-gradient":""}},"ast-content-background-meta":{"desktop":{"background-color":"var(--ast-global-color-5)","background-image":"","background-repeat":"repeat","background-position":"center center","background-size":"auto","background-attachment":"scroll","background-type":"","background-media":"","overlay-type":"","overlay-color":"","overlay-opacity":"","overlay-gradient":""},"tablet":{"background-color":"var(--ast-global-color-5)","background-image":"","background-repeat":"repeat","background-position":"center center","background-size":"auto","background-attachment":"scroll","background-type":"","background-media":"","overlay-type":"","overlay-color":"","overlay-opacity":"","overlay-gradient":""},"mobile":{"background-color":"var(--ast-global-color-5)","background-image":"","background-repeat":"repeat","background-position":"center center","background-size":"auto","background-attachment":"scroll","background-type":"","background-media":"","overlay-type":"","overlay-color":"","overlay-opacity":"","overlay-gradient":""}},"footnotes":""},"class_list":["post-931","page","type-page","status-publish","hentry"],"yoast_head":"<!-- This site is optimized with the Yoast SEO plugin v27.0 - https:\/\/yoast.com\/product\/yoast-seo-wordpress\/ -->\r\n<title>Donere - RoboBraille<\/title>\r\n<meta name=\"robots\" content=\"index, follow, max-snippet:-1, max-image-preview:large, max-video-preview:-1\" \/>\r\n<link rel=\"canonical\" href=\"https:\/\/www.robobraille.org\/da\/donere\/\" \/>\r\n<meta property=\"og:locale\" content=\"da_DK\" \/>\r\n<meta property=\"og:type\" content=\"article\" \/>\r\n<meta property=\"og:title\" content=\"Donere - RoboBraille\" \/>\r\n<meta property=\"og:description\" content=\"Du kan bidrage til at sikre RoboBraille som en gratis tjeneste til individuelle, ikke-kommercielle brugere. Benyt Donate-knappen til at donere penge via Paypal eller kreditkort. Vi v\u00e6rds\u00e6tter din st\u00f8tte.&#013;\" \/>\r\n<meta property=\"og:url\" content=\"https:\/\/www.robobraille.org\/da\/donere\/\" \/>\r\n<meta property=\"og:site_name\" content=\"RoboBraille\" \/>\r\n<meta property=\"article:modified_time\" content=\"2021-01-19T13:18:19+00:00\" \/>\r\n<meta name=\"twitter:card\" content=\"summary_large_image\" \/>\r\n<script type=\"application\/ld+json\" class=\"yoast-schema-graph\">{\"@context\":\"https:\/\/schema.org\",\"@graph\":[{\"@type\":\"WebPage\",\"@id\":\"https:\/\/www.robobraille.org\/da\/donere\/\",\"url\":\"https:\/\/www.robobraille.org\/da\/donere\/\",\"name\":\"Donere - RoboBraille\",\"isPartOf\":{\"@id\":\"https:\/\/www.robobraille.org\/da\/#website\"},\"datePublished\":\"2021-01-19T13:18:14+00:00\",\"dateModified\":\"2021-01-19T13:18:19+00:00\",\"breadcrumb\":{\"@id\":\"https:\/\/www.robobraille.org\/da\/donere\/#breadcrumb\"},\"inLanguage\":\"da-DK\",\"potentialAction\":[{\"@type\":\"ReadAction\",\"target\":[\"https:\/\/www.robobraille.org\/da\/donere\/\"]}]},{\"@type\":\"BreadcrumbList\",\"@id\":\"https:\/\/www.robobraille.org\/da\/donere\/#breadcrumb\",\"itemListElement\":[{\"@type\":\"ListItem\",\"position\":1,\"name\":\"Home\",\"item\":\"https:\/\/www.robobraille.org\/da\/\"},{\"@type\":\"ListItem\",\"position\":2,\"name\":\"Donere\"}]},{\"@type\":\"WebSite\",\"@id\":\"https:\/\/www.robobraille.org\/da\/#website\",\"url\":\"https:\/\/www.robobraille.org\/da\/\",\"name\":\"RoboBraille\",\"description\":\"\",\"publisher\":{\"@id\":\"https:\/\/www.robobraille.org\/da\/#organization\"},\"potentialAction\":[{\"@type\":\"SearchAction\",\"target\":{\"@type\":\"EntryPoint\",\"urlTemplate\":\"https:\/\/www.robobraille.org\/da\/?s={search_term_string}\"},\"query-input\":{\"@type\":\"PropertyValueSpecification\",\"valueRequired\":true,\"valueName\":\"search_term_string\"}}],\"inLanguage\":\"da-DK\"},{\"@type\":\"Organization\",\"@id\":\"https:\/\/www.robobraille.org\/da\/#organization\",\"name\":\"RoboBraille\",\"url\":\"https:\/\/www.robobraille.org\/da\/\",\"logo\":{\"@type\":\"ImageObject\",\"inLanguage\":\"da-DK\",\"@id\":\"https:\/\/www.robobraille.org\/da\/#\/schema\/logo\/image\/\",\"url\":\"https:\/\/www.robobraille.org\/wp-content\/uploads\/2020\/11\/RoboBraille.jpg\",\"contentUrl\":\"https:\/\/www.robobraille.org\/wp-content\/uploads\/2020\/11\/RoboBraille.jpg\",\"width\":340,\"height\":98,\"caption\":\"RoboBraille\"},\"image\":{\"@id\":\"https:\/\/www.robobraille.org\/da\/#\/schema\/logo\/image\/\"}}]}<\/script>\r\n<!-- \/ Yoast SEO plugin. -->","yoast_head_json":{"title":"Donere - RoboBraille","robots":{"index":"index","follow":"follow","max-snippet":"max-snippet:-1","max-image-preview":"max-image-preview:large","max-video-preview":"max-video-preview:-1"},"canonical":"https:\/\/www.robobraille.org\/da\/donere\/","og_locale":"da_DK","og_type":"article","og_title":"Donere - RoboBraille","og_description":"Du kan bidrage til at sikre RoboBraille som en gratis tjeneste til individuelle, ikke-kommercielle brugere. Benyt Donate-knappen til at donere penge via Paypal eller kreditkort. Vi v\u00e6rds\u00e6tter din st\u00f8tte.&#13;","og_url":"https:\/\/www.robobraille.org\/da\/donere\/","og_site_name":"RoboBraille","article_modified_time":"2021-01-19T13:18:19+00:00","twitter_card":"summary_large_image","schema":{"@context":"https:\/\/schema.org","@graph":[{"@type":"WebPage","@id":"https:\/\/www.robobraille.org\/da\/donere\/","url":"https:\/\/www.robobraille.org\/da\/donere\/","name":"Donere - RoboBraille","isPartOf":{"@id":"https:\/\/www.robobraille.org\/da\/#website"},"datePublished":"2021-01-19T13:18:14+00:00","dateModified":"2021-01-19T13:18:19+00:00","breadcrumb":{"@id":"https:\/\/www.robobraille.org\/da\/donere\/#breadcrumb"},"inLanguage":"da-DK","potentialAction":[{"@type":"ReadAction","target":["https:\/\/www.robobraille.org\/da\/donere\/"]}]},{"@type":"BreadcrumbList","@id":"https:\/\/www.robobraille.org\/da\/donere\/#breadcrumb","itemListElement":[{"@type":"ListItem","position":1,"name":"Home","item":"https:\/\/www.robobraille.org\/da\/"},{"@type":"ListItem","position":2,"name":"Donere"}]},{"@type":"WebSite","@id":"https:\/\/www.robobraille.org\/da\/#website","url":"https:\/\/www.robobraille.org\/da\/","name":"RoboBraille","description":"","publisher":{"@id":"https:\/\/www.robobraille.org\/da\/#organization"},"potentialAction":[{"@type":"SearchAction","target":{"@type":"EntryPoint","urlTemplate":"https:\/\/www.robobraille.org\/da\/?s={search_term_string}"},"query-input":{"@type":"PropertyValueSpecification","valueRequired":true,"valueName":"search_term_string"}}],"inLanguage":"da-DK"},{"@type":"Organization","@id":"https:\/\/www.robobraille.org\/da\/#organization","name":"RoboBraille","url":"https:\/\/www.robobraille.org\/da\/","logo":{"@type":"ImageObject","inLanguage":"da-DK","@id":"https:\/\/www.robobraille.org\/da\/#\/schema\/logo\/image\/","url":"https:\/\/www.robobraille.org\/wp-content\/uploads\/2020\/11\/RoboBraille.jpg","contentUrl":"https:\/\/www.robobraille.org\/wp-content\/uploads\/2020\/11\/RoboBraille.jpg","width":340,"height":98,"caption":"RoboBraille"},"image":{"@id":"https:\/\/www.robobraille.org\/da\/#\/schema\/logo\/image\/"}}]}},"_links":{"self":[{"href":"https:\/\/www.robobraille.org\/da\/wp-json\/wp\/v2\/pages\/931","targetHints":{"allow":["GET"]}}],"collection":[{"href":"https:\/\/www.robobraille.org\/da\/wp-json\/wp\/v2\/pages"}],"about":[{"href":"https:\/\/www.robobraille.org\/da\/wp-json\/wp\/v2\/types\/page"}],"author":[{"embeddable":true,"href":"https:\/\/www.robobraille.org\/da\/wp-json\/wp\/v2\/users\/4"}],"replies":[{"embeddable":true,"href":"https:\/\/www.robobraille.org\/da\/wp-json\/wp\/v2\/comments?post=931"}],"version-history":[{"count":3,"href":"https:\/\/www.robobraille.org\/da\/wp-json\/wp\/v2\/pages\/931\/revisions"}],"predecessor-version":[{"id":934,"href":"https:\/\/www.robobraille.org\/da\/wp-json\/wp\/v2\/pages\/931\/revisions\/934"}],"wp:attachment":[{"href":"https:\/\/www.robobraille.org\/da\/wp-json\/wp\/v2\/media?parent=931"}],"curies":[{"name":"wp","href":"https:\/\/api.w.org\/{rel}","templated":true}]}}