{"id":878,"date":"2021-01-19T13:29:14","date_gmt":"2021-01-19T12:29:14","guid":{"rendered":"https:\/\/www.robobraille.org\/kontakt\/"},"modified":"2022-01-04T16:58:28","modified_gmt":"2022-01-04T15:58:28","slug":"kontakt","status":"publish","type":"page","link":"https:\/\/www.robobraille.org\/da\/kontakt\/","title":{"rendered":"Kontakt"},"content":{"rendered":"\n<h2 class=\"wp-block-heading\">Hovedkontakt Information<\/h2>\n\n\n\n<p>RoboBraille<br>\nc\/o Sensus ApS<br>\nK\u00f8benhavnsvej 27, 2. sal<br>\nDK-3400 Hiller\u00f8d<br>\nDanmark<br>\nTelefon (+45) 48 22 10 03<br>\n<a href=\"https:\/\/www.robobraille.org\/www.robobraille.org\">www.robobraille.org<\/a><br>\n<a href=\"mailto:contact@robobraille.org\">contact@robobraille.org<\/a><\/p>\n\n\n\n<h2 class=\"wp-block-heading\">RoboBraille Support, Foresp\u00f8rgsler og Information<\/h2>\n\n\n\n<p>Skriv til f\u00f8lgende mail <a href=\"mailto:contact@robobraille.org\">contact@robobraille.org<\/a><\/p>\n\n\n\n<h2 class=\"wp-block-heading\">RoboBraille Administration og Projektkoordinering<\/h2>\n\n\n\n<p>Lars Ballieu Christensen, RoboBraille Projektleder.<br>\nEmail: <a href=\"mailto:lars@robobraille.org\">lars@robobraille.org<\/a><br> \nTelefon: +45 40 32 68 23<\/p>\n\n\n\n<p>Tanja Stevns, Projektkoordinator.<br>\nEmail: <a href=\"mailto:tanja@robobraille.org\">tanja@robobraille.org<\/a><br>\nTelefon: +45 23 24 06 72<\/p>\n\n\n\n<h2 class=\"wp-block-heading\">Contact points<\/h2>\n\n\n\n<h3 class=\"wp-block-heading\" id=\"page-title\">\u00d8strig<\/h3>\n\n\n\n<p>Hilfsgemeinschaft der Blinden und Sehschwachen \u00d6sterreichs<br>\nDaniele Marano. Email: marano@hilfsgemeinschaft.at<br>\nKlaus H\u00f6ckner. Email: hoeckner@hilfsgemeinschaft.at<br>\n<a href=\"http:\/\/www.hilfsgemeinschaft.at\/\">www.hilfsgemeinschaft.at<\/a><\/p>\n\n\n\n<h3 class=\"wp-block-heading\" id=\"page-title\">Bulgarien<\/h3>\n\n\n\n<p>Dyslexia Association &#8211; Bulgaria<br>\nDaniela Boneva. Email:dabg_rousse@yahoo.com<br>\n<a href=\"http:\/\/www.dyslexia-bg.org\/\">www.dyslexia-bg.org<\/a><\/p>\n\n\n\n<p>National Rehabilitation Center for the Blind, Plovdiv &#8211; Bulgaria<br>\nAlexandrina Kostova. Email: a.kostova@rehblind.org<br>\n<a href=\"http:\/\/www.rehcenter.org\/\">www.rehcenter.org<\/a><\/p>\n\n\n\n<h3 class=\"wp-block-heading\" id=\"page-title\">Chile<\/h3>\n\n\n\n<p>Pontificia Universidad Cat\u00f3lica de Chile<br>\nRicardo Rosas D\u00edaz. Email:rrosas@uc.cl<br>\n<a href=\"http:\/\/www.uc.cl\/\">www.uc.cl<\/a><\/p>\n\n\n\n<h3 class=\"wp-block-heading\" id=\"page-title\">Cypern<\/h3>\n\n\n\n<p>Pancyprian Organization of the Blind (POT)<br>\nChristina Eliadou. eliadouch@christinaeliadou.com<br>\n<a href=\"http:\/\/www.pot-cyprus.com\/\">www.pot-cyprus.com<\/a><\/p>\n\n\n\n<h3 class=\"wp-block-heading\" id=\"page-title\">Tjekkiet<\/h3>\n\n\n\n<p>Teiresias Center<br>\nRadek Pavlicek. Email: pavlicek@teiresias.muni.cz<br>\n<a href=\"http:\/\/www.teiresias.muni.cz\/\">http:\/\/www.teiresias.muni.cz<\/a><\/p>\n\n\n\n<h3 class=\"wp-block-heading\" id=\"page-title\">Danmark<\/h3>\n\n\n\n<p>Sensus ApS<br>\nLars Ballieu Christensen.Email:lbc@sensus.dk<br>\n<a href=\"https:\/\/www.sensus.dk\/\">www.sensus.dk<\/a><\/p>\n\n\n\n<h3 class=\"wp-block-heading\" id=\"page-title\">Frankrig<\/h3>\n\n\n\n<p>Association Valentin Ha\u00fcy &#8211; France<br>\nChristian Cloudert. Email:c.coudert@avh.asso.fr<br>\n<a href=\"http:\/\/www.avh.asso.fr\/\">www.avh.asso.fr<\/a><\/p>\n\n\n\n<h3 class=\"wp-block-heading\" id=\"page-title\">Gr\u00f8nland<\/h3>\n\n\n\n<p>Ministry of Education, Church, Culture and Gender Equality &#8211; Greenland<br>\nKaali Olsen. Email: KAOL@nanoq.gl<br>\n<a href=\"http:\/\/www.hilfsgemeinschaft.at\/\">www.naalakkersuisut.gl<\/a><\/p>\n\n\n\n<h3 class=\"wp-block-heading\" id=\"page-title\">Ungarn<\/h3>\n\n\n\n<p>Infoalap<br>\nSebest\u00e9ny Katalinhelpdesk@infoalap.hu<br>\n<a href=\"https:\/\/robobraille.org\/contact\/www.infoalap.hu\">www.infoalap.hu<\/a><\/p>\n\n\n\n<p>Institute of Cognitive Neuroscience and Psychology of the Research Centre for Natural Sciences of the Hungarian Academy of Sciences<br>\nEva Gyamarthy. Email: gyarmathy.eva@gmail.com<br>\n<a href=\"http:\/\/www.mtapi.hu\/\">www.mtapi.hu<\/a><\/p>\n\n\n\n<p>ELTE University &#8211; Hungary<br>\nKrisztina Kov\u00e1cs. Email:kkovacs.sza@gmail.com<br>\n<a href=\"http:\/\/www.elte.hu\/\">www.elte.hu<\/a><\/p>\n\n\n\n<h3 class=\"wp-block-heading\" id=\"page-title\">Irland<\/h3>\n\n\n\n<p>National College of Ireland<br>\nMike Goldrick. Email: michael.goldrick@ncirl.ie<br>\n<a href=\"http:\/\/www.ncirl.ie\/\">www.ncirl.ie<\/a><\/p>\n\n\n\n<h3 class=\"wp-block-heading\" id=\"page-title\">Italien<\/h3>\n\n\n\n<p>ASSOCIAZINE NAZIONALE SUBVEDENTI&nbsp; &#8211;&nbsp;&nbsp;Italy<br>\nCarla De Benedetti Mondolfo. Email: cmondolfo@subvedenti.it<br>\n<a href=\"http:\/\/www.subvedenti.it\/\">www.subvedenti.it<\/a><\/p>\n\n\n\n<h3 class=\"wp-block-heading\" id=\"page-title\">Holland<\/h3>\n\n\n\n<p>National Dutch RoboBraille portal:&nbsp;<a href=\"http:\/\/www.robotekst.nl\/\">www.robotekst.nl<\/a><\/p>\n\n\n\n<p>Bartimeus<br>\nDick Lunenborg. Email: dlunenborg@bartimeus.nl<br>\n<a href=\"http:\/\/www.bartemeus.nl\/\">www.bartemeus.nl<\/a><\/p>\n\n\n\n<p>Dedicon<br>\nDorine in &#8216;t Veld. Email: DorineintVeld@dedicon.nl<br>\n<a href=\"http:\/\/www.dedicon.nl\/\">www.dedicon.nl<\/a><\/p>\n\n\n\n<h3 class=\"wp-block-heading\" id=\"page-title\">Polen<\/h3>\n\n\n\n<p>Towarzystwo Pomocy G\u0142uchoniewidomym &#8211; Association for the Welfare of the Deaf and Blind (TPG)<br>\nGrzegorz KOZLOWSKI. Email:gkozlowski@tpg.org.pl<br>\n<a href=\"http:\/\/www.tpg.org.pl\/\">www.tpg.org.pl<\/a><\/p>\n\n\n\n<p>Towarzystwo Opieki nad Ociemnia\u0142ymi &#8211; Laski School for the Blind &#8211; Poland<br>\nAgata Kunicka-Goldfinger. Email:agatakunicka@wp.pl<br>\n<a href=\"http:\/\/www.laski.edu.pl\/\">www.laski.edu.pl<\/a><\/p>\n\n\n\n<h3 class=\"wp-block-heading\" id=\"page-title\">Portugal<\/h3>\n\n\n\n<p>Rede CONVIDA<br>\nVera Rapagao. Email: verarapagao@fundacao-sain.org.pt<br>\n<a href=\"http:\/\/redeconvida.blogspot.pt\/\">redeconvida.blogspot.pt<\/a><\/p>\n\n\n\n<h3 class=\"wp-block-heading\" id=\"page-title\">Rum\u00e6nien <\/h3>\n\n\n\n<p>Scoala Speciala Gimnaziala pentru Deficienti de Vedere &#8211; School for the Partially Sighted &#8211; &nbsp;Romania<br>\nCristina Tiganea. Email: cristinatiganea@yahoo.com<br>\n<a href=\"http:\/\/www.spdv.ro\/\">www.spdv.ro<\/a><\/p>\n\n\n\n<p>CATA &#8211; Center for Assistive Technologies for Students with Visual Impairment Special Education Department &#8211; Babes-Bolyai University<br>\nMarian Padure. Email: marian.padure@ubbcluj.ro<br>\n<a href=\"http:\/\/psihoped.psiedu.ubbcluj.ro\/\">psihoped.psiedu.ubbcluj.ro<\/a><\/p>\n\n\n\n<h3 class=\"wp-block-heading\" id=\"page-title\">Slovakiet<\/h3>\n\n\n\n<p>UNSS &#8211; Slovak Blind and Partially Sighted Union<br>\nBranislav Mamojka: mamojka@unss.sk<br>\n<a href=\"http:\/\/www.unss.sk\/\">http:\/\/www.unss.sk<\/a><\/p>\n\n\n\n<h3 class=\"wp-block-heading\" id=\"page-title\">Slovenien<\/h3>\n\n\n\n<p>Amebis &#8211; Slovenia<br>\nSimon Rozman.Email:simon.rozman@amebis.si<br>\n<a href=\"http:\/\/www.amebis.si\/\">www.amebis.si<\/a><\/p>\n\n\n\n<h3 class=\"wp-block-heading\" id=\"page-title\">Storbritannien <\/h3>\n\n\n\n<p>University of Kent<br>\nBen Watson. Email: b.watson@kent.ac.uk<br>\n<a href=\"http:\/\/www.kent.ac.uk\/\">http:\/\/www.kent.ac.uk<\/a><\/p>\n\n\n\n<p><\/p>\n","protected":false},"excerpt":{"rendered":"<p>Hovedkontakt Information RoboBraille c\/o Sensus ApS K\u00f8benhavnsvej 27, 2. sal DK-3400 Hiller\u00f8d Danmark Telefon (+45) 48 22 10 03 www.robobraille.org contact@robobraille.org RoboBraille Support, Foresp\u00f8rgsler og Information Skriv til f\u00f8lgende mail contact@robobraille.org RoboBraille Administration og Projektkoordinering Lars Ballieu Christensen, RoboBraille Projektleder. Email: lars@robobraille.org Telefon: +45 40 32 68 23 Tanja Stevns, Projektkoordinator. Email: tanja@robobraille.org Telefon: +45 [&hellip;]<\/p>\n","protected":false},"author":4,"featured_media":0,"parent":0,"menu_order":0,"comment_status":"closed","ping_status":"closed","template":"","meta":{"site-sidebar-layout":"default","site-content-layout":"default","ast-site-content-layout":"default","site-content-style":"default","site-sidebar-style":"default","ast-global-header-display":"","ast-banner-title-visibility":"","ast-main-header-display":"","ast-hfb-above-header-display":"","ast-hfb-below-header-display":"","ast-hfb-mobile-header-display":"","site-post-title":"","ast-breadcrumbs-content":"","ast-featured-img":"","footer-sml-layout":"","ast-disable-related-posts":"","theme-transparent-header-meta":"default","adv-header-id-meta":"","stick-header-meta":"","header-above-stick-meta":"","header-main-stick-meta":"","header-below-stick-meta":"","astra-migrate-meta-layouts":"default","ast-page-background-enabled":"default","ast-page-background-meta":{"desktop":{"background-color":"","background-image":"","background-repeat":"repeat","background-position":"center center","background-size":"auto","background-attachment":"scroll","background-type":"","background-media":"","overlay-type":"","overlay-color":"","overlay-opacity":"","overlay-gradient":""},"tablet":{"background-color":"","background-image":"","background-repeat":"repeat","background-position":"center center","background-size":"auto","background-attachment":"scroll","background-type":"","background-media":"","overlay-type":"","overlay-color":"","overlay-opacity":"","overlay-gradient":""},"mobile":{"background-color":"","background-image":"","background-repeat":"repeat","background-position":"center center","background-size":"auto","background-attachment":"scroll","background-type":"","background-media":"","overlay-type":"","overlay-color":"","overlay-opacity":"","overlay-gradient":""}},"ast-content-background-meta":{"desktop":{"background-color":"var(--ast-global-color-5)","background-image":"","background-repeat":"repeat","background-position":"center center","background-size":"auto","background-attachment":"scroll","background-type":"","background-media":"","overlay-type":"","overlay-color":"","overlay-opacity":"","overlay-gradient":""},"tablet":{"background-color":"var(--ast-global-color-5)","background-image":"","background-repeat":"repeat","background-position":"center center","background-size":"auto","background-attachment":"scroll","background-type":"","background-media":"","overlay-type":"","overlay-color":"","overlay-opacity":"","overlay-gradient":""},"mobile":{"background-color":"var(--ast-global-color-5)","background-image":"","background-repeat":"repeat","background-position":"center center","background-size":"auto","background-attachment":"scroll","background-type":"","background-media":"","overlay-type":"","overlay-color":"","overlay-opacity":"","overlay-gradient":""}},"footnotes":""},"class_list":["post-878","page","type-page","status-publish","hentry"],"yoast_head":"<!-- This site is optimized with the Yoast SEO plugin v27.0 - https:\/\/yoast.com\/product\/yoast-seo-wordpress\/ -->\r\n<title>Kontakt - RoboBraille<\/title>\r\n<meta name=\"robots\" content=\"index, follow, max-snippet:-1, max-image-preview:large, max-video-preview:-1\" \/>\r\n<link rel=\"canonical\" href=\"https:\/\/www.robobraille.org\/da\/kontakt\/\" \/>\r\n<meta property=\"og:locale\" content=\"da_DK\" \/>\r\n<meta property=\"og:type\" content=\"article\" \/>\r\n<meta property=\"og:title\" content=\"Kontakt - RoboBraille\" \/>\r\n<meta property=\"og:description\" content=\"Hovedkontakt Information RoboBraille c\/o Sensus ApS K\u00f8benhavnsvej 27, 2. sal DK-3400 Hiller\u00f8d Danmark Telefon (+45) 48 22 10 03 www.robobraille.org contact@robobraille.org RoboBraille Support, Foresp\u00f8rgsler og Information Skriv til f\u00f8lgende mail contact@robobraille.org RoboBraille Administration og Projektkoordinering Lars Ballieu Christensen, RoboBraille Projektleder. Email: lars@robobraille.org Telefon: +45 40 32 68 23 Tanja Stevns, Projektkoordinator. Email: tanja@robobraille.org Telefon: +45 [&hellip;]\" \/>\r\n<meta property=\"og:url\" content=\"https:\/\/www.robobraille.org\/da\/kontakt\/\" \/>\r\n<meta property=\"og:site_name\" content=\"RoboBraille\" \/>\r\n<meta property=\"article:modified_time\" content=\"2022-01-04T15:58:28+00:00\" \/>\r\n<meta name=\"twitter:card\" content=\"summary_large_image\" \/>\r\n<meta name=\"twitter:label1\" content=\"Estimeret l\u00e6setid\" \/>\n\t<meta name=\"twitter:data1\" content=\"2 minutter\" \/>\r\n<script type=\"application\/ld+json\" class=\"yoast-schema-graph\">{\"@context\":\"https:\/\/schema.org\",\"@graph\":[{\"@type\":\"WebPage\",\"@id\":\"https:\/\/www.robobraille.org\/da\/kontakt\/\",\"url\":\"https:\/\/www.robobraille.org\/da\/kontakt\/\",\"name\":\"Kontakt - RoboBraille\",\"isPartOf\":{\"@id\":\"https:\/\/www.robobraille.org\/da\/#website\"},\"datePublished\":\"2021-01-19T12:29:14+00:00\",\"dateModified\":\"2022-01-04T15:58:28+00:00\",\"breadcrumb\":{\"@id\":\"https:\/\/www.robobraille.org\/da\/kontakt\/#breadcrumb\"},\"inLanguage\":\"da-DK\",\"potentialAction\":[{\"@type\":\"ReadAction\",\"target\":[\"https:\/\/www.robobraille.org\/da\/kontakt\/\"]}]},{\"@type\":\"BreadcrumbList\",\"@id\":\"https:\/\/www.robobraille.org\/da\/kontakt\/#breadcrumb\",\"itemListElement\":[{\"@type\":\"ListItem\",\"position\":1,\"name\":\"Home\",\"item\":\"https:\/\/www.robobraille.org\/da\/\"},{\"@type\":\"ListItem\",\"position\":2,\"name\":\"Kontakt\"}]},{\"@type\":\"WebSite\",\"@id\":\"https:\/\/www.robobraille.org\/da\/#website\",\"url\":\"https:\/\/www.robobraille.org\/da\/\",\"name\":\"RoboBraille\",\"description\":\"\",\"publisher\":{\"@id\":\"https:\/\/www.robobraille.org\/da\/#organization\"},\"potentialAction\":[{\"@type\":\"SearchAction\",\"target\":{\"@type\":\"EntryPoint\",\"urlTemplate\":\"https:\/\/www.robobraille.org\/da\/?s={search_term_string}\"},\"query-input\":{\"@type\":\"PropertyValueSpecification\",\"valueRequired\":true,\"valueName\":\"search_term_string\"}}],\"inLanguage\":\"da-DK\"},{\"@type\":\"Organization\",\"@id\":\"https:\/\/www.robobraille.org\/da\/#organization\",\"name\":\"RoboBraille\",\"url\":\"https:\/\/www.robobraille.org\/da\/\",\"logo\":{\"@type\":\"ImageObject\",\"inLanguage\":\"da-DK\",\"@id\":\"https:\/\/www.robobraille.org\/da\/#\/schema\/logo\/image\/\",\"url\":\"https:\/\/www.robobraille.org\/wp-content\/uploads\/2020\/11\/RoboBraille.jpg\",\"contentUrl\":\"https:\/\/www.robobraille.org\/wp-content\/uploads\/2020\/11\/RoboBraille.jpg\",\"width\":340,\"height\":98,\"caption\":\"RoboBraille\"},\"image\":{\"@id\":\"https:\/\/www.robobraille.org\/da\/#\/schema\/logo\/image\/\"}}]}<\/script>\r\n<!-- \/ Yoast SEO plugin. -->","yoast_head_json":{"title":"Kontakt - RoboBraille","robots":{"index":"index","follow":"follow","max-snippet":"max-snippet:-1","max-image-preview":"max-image-preview:large","max-video-preview":"max-video-preview:-1"},"canonical":"https:\/\/www.robobraille.org\/da\/kontakt\/","og_locale":"da_DK","og_type":"article","og_title":"Kontakt - RoboBraille","og_description":"Hovedkontakt Information RoboBraille c\/o Sensus ApS K\u00f8benhavnsvej 27, 2. sal DK-3400 Hiller\u00f8d Danmark Telefon (+45) 48 22 10 03 www.robobraille.org contact@robobraille.org RoboBraille Support, Foresp\u00f8rgsler og Information Skriv til f\u00f8lgende mail contact@robobraille.org RoboBraille Administration og Projektkoordinering Lars Ballieu Christensen, RoboBraille Projektleder. Email: lars@robobraille.org Telefon: +45 40 32 68 23 Tanja Stevns, Projektkoordinator. Email: tanja@robobraille.org Telefon: +45 [&hellip;]","og_url":"https:\/\/www.robobraille.org\/da\/kontakt\/","og_site_name":"RoboBraille","article_modified_time":"2022-01-04T15:58:28+00:00","twitter_card":"summary_large_image","twitter_misc":{"Estimeret l\u00e6setid":"2 minutter"},"schema":{"@context":"https:\/\/schema.org","@graph":[{"@type":"WebPage","@id":"https:\/\/www.robobraille.org\/da\/kontakt\/","url":"https:\/\/www.robobraille.org\/da\/kontakt\/","name":"Kontakt - RoboBraille","isPartOf":{"@id":"https:\/\/www.robobraille.org\/da\/#website"},"datePublished":"2021-01-19T12:29:14+00:00","dateModified":"2022-01-04T15:58:28+00:00","breadcrumb":{"@id":"https:\/\/www.robobraille.org\/da\/kontakt\/#breadcrumb"},"inLanguage":"da-DK","potentialAction":[{"@type":"ReadAction","target":["https:\/\/www.robobraille.org\/da\/kontakt\/"]}]},{"@type":"BreadcrumbList","@id":"https:\/\/www.robobraille.org\/da\/kontakt\/#breadcrumb","itemListElement":[{"@type":"ListItem","position":1,"name":"Home","item":"https:\/\/www.robobraille.org\/da\/"},{"@type":"ListItem","position":2,"name":"Kontakt"}]},{"@type":"WebSite","@id":"https:\/\/www.robobraille.org\/da\/#website","url":"https:\/\/www.robobraille.org\/da\/","name":"RoboBraille","description":"","publisher":{"@id":"https:\/\/www.robobraille.org\/da\/#organization"},"potentialAction":[{"@type":"SearchAction","target":{"@type":"EntryPoint","urlTemplate":"https:\/\/www.robobraille.org\/da\/?s={search_term_string}"},"query-input":{"@type":"PropertyValueSpecification","valueRequired":true,"valueName":"search_term_string"}}],"inLanguage":"da-DK"},{"@type":"Organization","@id":"https:\/\/www.robobraille.org\/da\/#organization","name":"RoboBraille","url":"https:\/\/www.robobraille.org\/da\/","logo":{"@type":"ImageObject","inLanguage":"da-DK","@id":"https:\/\/www.robobraille.org\/da\/#\/schema\/logo\/image\/","url":"https:\/\/www.robobraille.org\/wp-content\/uploads\/2020\/11\/RoboBraille.jpg","contentUrl":"https:\/\/www.robobraille.org\/wp-content\/uploads\/2020\/11\/RoboBraille.jpg","width":340,"height":98,"caption":"RoboBraille"},"image":{"@id":"https:\/\/www.robobraille.org\/da\/#\/schema\/logo\/image\/"}}]}},"_links":{"self":[{"href":"https:\/\/www.robobraille.org\/da\/wp-json\/wp\/v2\/pages\/878","targetHints":{"allow":["GET"]}}],"collection":[{"href":"https:\/\/www.robobraille.org\/da\/wp-json\/wp\/v2\/pages"}],"about":[{"href":"https:\/\/www.robobraille.org\/da\/wp-json\/wp\/v2\/types\/page"}],"author":[{"embeddable":true,"href":"https:\/\/www.robobraille.org\/da\/wp-json\/wp\/v2\/users\/4"}],"replies":[{"embeddable":true,"href":"https:\/\/www.robobraille.org\/da\/wp-json\/wp\/v2\/comments?post=878"}],"version-history":[{"count":3,"href":"https:\/\/www.robobraille.org\/da\/wp-json\/wp\/v2\/pages\/878\/revisions"}],"predecessor-version":[{"id":1943,"href":"https:\/\/www.robobraille.org\/da\/wp-json\/wp\/v2\/pages\/878\/revisions\/1943"}],"wp:attachment":[{"href":"https:\/\/www.robobraille.org\/da\/wp-json\/wp\/v2\/media?parent=878"}],"curies":[{"name":"wp","href":"https:\/\/api.w.org\/{rel}","templated":true}]}}