{"id":1141,"date":"2021-01-21T08:31:33","date_gmt":"2021-01-21T07:31:33","guid":{"rendered":"https:\/\/www.robobraille.org\/ressourcer\/robobraille-e-laeringskursus\/"},"modified":"2021-01-21T08:31:34","modified_gmt":"2021-01-21T07:31:34","slug":"robobraille-e-laeringskursus","status":"publish","type":"page","link":"https:\/\/www.robobraille.org\/da\/ressourcer\/robobraille-e-laeringskursus\/","title":{"rendered":"RoboBraille e-l\u00e6ringskursus"},"content":{"rendered":"\n<p>Velkommen til RoboBraille e-l\u00e6ringskursus. Kurset er designet til at tage dig igennem RoboBraille servicen. Det viser dig ogs\u00e5, hvordan du benytter RoboBraille til at konvertere til en bred vifte af dokumenttyper til alternative formater s\u00e5som lydb\u00f8ger, e-b\u00f8ger og punktskrift.<\/p>\n\n<h2 class=\"wp-block-heading\">Engelsk version<\/h2>\n\n<p><a href=\"https:\/\/access.sensus.dk\/elearn\/rb\/en-gb\/module1\/story.html\">Module 1: Introduction to the e-learning course<\/a><\/p>\n\n<p><a href=\"https:\/\/access.sensus.dk\/elearn\/rb\/en-gb\/module2\/story.html\">Module 2: Introduction to RoboBraille<\/a><\/p>\n\n<p><a href=\"https:\/\/access.sensus.dk\/elearn\/rb\/en-gb\/module3\/story.html\">Module 3: Producing simple MP3 files<\/a><\/p>\n\n<p><a href=\"https:\/\/access.sensus.dk\/elearn\/rb\/en-gb\/module4\/story.html\">Module 4: Converting inaccessible or tricky documents<\/a><\/p>\n\n<p><a href=\"https:\/\/access.sensus.dk\/elearn\/rb\/en-gb\/module5\/story.html\">Module 5: Producing simple e-books<\/a><\/p>\n\n<p><a href=\"https:\/\/access.sensus.dk\/elearn\/rb\/en-gb\/module6\/story.html\">Module 6: Design and creating accessible documents<\/a><\/p>\n\n<p><a href=\"https:\/\/access.sensus.dk\/elearn\/rb\/en-gb\/module7\/story.html\">Module 7: Producing advanced e-books<\/a><\/p>\n\n<p><a href=\"https:\/\/access.sensus.dk\/elearn\/rb\/en-gb\/module8\/story.html\">Module 8: Producing DAISY books<\/a><\/p>\n\n<p><a href=\"https:\/\/access.sensus.dk\/elearn\/rb\/en-gb\/module9\/story.html\">Module 9: Producing Braille<\/a><\/p>\n\n<h2 class=\"wp-block-heading\">Tjekkisk version<\/h2>\n\n<p><a href=\"https:\/\/access.sensus.dk\/elearn\/rb\/cs\/module2\/story.html\">Introduction to RoboBraille<\/a><\/p>\n\n<h2 class=\"wp-block-heading\">Ungarsk version<\/h2>\n\n<p><a href=\"https:\/\/access.sensus.dk\/elearn\/rb\/hu\/module2\/story.html\">Introduction to RoboBraille<\/a><\/p>\n\n<h2 class=\"wp-block-heading\">Slovakisk version<\/h2>\n\n<p><a href=\"https:\/\/access.sensus.dk\/elearn\/rb\/sk\/module2\/story.html\">Introduction to RoboBraille<\/a><\/p>\n","protected":false},"excerpt":{"rendered":"<p>Velkommen til RoboBraille e-l\u00e6ringskursus. Kurset er designet til at tage dig igennem RoboBraille servicen. Det viser dig ogs\u00e5, hvordan du benytter RoboBraille til at konvertere til en bred vifte af dokumenttyper til alternative formater s\u00e5som lydb\u00f8ger, e-b\u00f8ger og punktskrift. Engelsk version Module 1: Introduction to the e-learning course Module 2: Introduction to RoboBraille Module 3: [&hellip;]<\/p>\n","protected":false},"author":4,"featured_media":0,"parent":1053,"menu_order":0,"comment_status":"closed","ping_status":"closed","template":"","meta":{"site-sidebar-layout":"default","site-content-layout":"default","ast-site-content-layout":"default","site-content-style":"default","site-sidebar-style":"default","ast-global-header-display":"","ast-banner-title-visibility":"","ast-main-header-display":"","ast-hfb-above-header-display":"","ast-hfb-below-header-display":"","ast-hfb-mobile-header-display":"","site-post-title":"","ast-breadcrumbs-content":"","ast-featured-img":"","footer-sml-layout":"","ast-disable-related-posts":"","theme-transparent-header-meta":"default","adv-header-id-meta":"","stick-header-meta":"","header-above-stick-meta":"","header-main-stick-meta":"","header-below-stick-meta":"","astra-migrate-meta-layouts":"default","ast-page-background-enabled":"default","ast-page-background-meta":{"desktop":{"background-color":"","background-image":"","background-repeat":"repeat","background-position":"center center","background-size":"auto","background-attachment":"scroll","background-type":"","background-media":"","overlay-type":"","overlay-color":"","overlay-opacity":"","overlay-gradient":""},"tablet":{"background-color":"","background-image":"","background-repeat":"repeat","background-position":"center center","background-size":"auto","background-attachment":"scroll","background-type":"","background-media":"","overlay-type":"","overlay-color":"","overlay-opacity":"","overlay-gradient":""},"mobile":{"background-color":"","background-image":"","background-repeat":"repeat","background-position":"center center","background-size":"auto","background-attachment":"scroll","background-type":"","background-media":"","overlay-type":"","overlay-color":"","overlay-opacity":"","overlay-gradient":""}},"ast-content-background-meta":{"desktop":{"background-color":"var(--ast-global-color-5)","background-image":"","background-repeat":"repeat","background-position":"center center","background-size":"auto","background-attachment":"scroll","background-type":"","background-media":"","overlay-type":"","overlay-color":"","overlay-opacity":"","overlay-gradient":""},"tablet":{"background-color":"var(--ast-global-color-5)","background-image":"","background-repeat":"repeat","background-position":"center center","background-size":"auto","background-attachment":"scroll","background-type":"","background-media":"","overlay-type":"","overlay-color":"","overlay-opacity":"","overlay-gradient":""},"mobile":{"background-color":"var(--ast-global-color-5)","background-image":"","background-repeat":"repeat","background-position":"center center","background-size":"auto","background-attachment":"scroll","background-type":"","background-media":"","overlay-type":"","overlay-color":"","overlay-opacity":"","overlay-gradient":""}},"footnotes":""},"class_list":["post-1141","page","type-page","status-publish","hentry"],"yoast_head":"<!-- This site is optimized with the Yoast SEO plugin v27.0 - https:\/\/yoast.com\/product\/yoast-seo-wordpress\/ -->\r\n<title>RoboBraille e-l\u00e6ringskursus - RoboBraille<\/title>\r\n<meta name=\"robots\" content=\"index, follow, max-snippet:-1, max-image-preview:large, max-video-preview:-1\" \/>\r\n<link rel=\"canonical\" href=\"https:\/\/www.robobraille.org\/da\/ressourcer\/robobraille-e-laeringskursus\/\" \/>\r\n<meta property=\"og:locale\" content=\"da_DK\" \/>\r\n<meta property=\"og:type\" content=\"article\" \/>\r\n<meta property=\"og:title\" content=\"RoboBraille e-l\u00e6ringskursus - RoboBraille\" \/>\r\n<meta property=\"og:description\" content=\"Velkommen til RoboBraille e-l\u00e6ringskursus. Kurset er designet til at tage dig igennem RoboBraille servicen. Det viser dig ogs\u00e5, hvordan du benytter RoboBraille til at konvertere til en bred vifte af dokumenttyper til alternative formater s\u00e5som lydb\u00f8ger, e-b\u00f8ger og punktskrift. Engelsk version Module 1: Introduction to the e-learning course Module 2: Introduction to RoboBraille Module 3: [&hellip;]\" \/>\r\n<meta property=\"og:url\" content=\"https:\/\/www.robobraille.org\/da\/ressourcer\/robobraille-e-laeringskursus\/\" \/>\r\n<meta property=\"og:site_name\" content=\"RoboBraille\" \/>\r\n<meta property=\"article:modified_time\" content=\"2021-01-21T07:31:34+00:00\" \/>\r\n<meta name=\"twitter:card\" content=\"summary_large_image\" \/>\r\n<meta name=\"twitter:label1\" content=\"Estimeret l\u00e6setid\" \/>\n\t<meta name=\"twitter:data1\" content=\"1 minut\" \/>\r\n<script type=\"application\/ld+json\" class=\"yoast-schema-graph\">{\"@context\":\"https:\/\/schema.org\",\"@graph\":[{\"@type\":\"WebPage\",\"@id\":\"https:\/\/www.robobraille.org\/da\/ressourcer\/robobraille-e-laeringskursus\/\",\"url\":\"https:\/\/www.robobraille.org\/da\/ressourcer\/robobraille-e-laeringskursus\/\",\"name\":\"RoboBraille e-l\u00e6ringskursus - RoboBraille\",\"isPartOf\":{\"@id\":\"https:\/\/www.robobraille.org\/da\/#website\"},\"datePublished\":\"2021-01-21T07:31:33+00:00\",\"dateModified\":\"2021-01-21T07:31:34+00:00\",\"breadcrumb\":{\"@id\":\"https:\/\/www.robobraille.org\/da\/ressourcer\/robobraille-e-laeringskursus\/#breadcrumb\"},\"inLanguage\":\"da-DK\",\"potentialAction\":[{\"@type\":\"ReadAction\",\"target\":[\"https:\/\/www.robobraille.org\/da\/ressourcer\/robobraille-e-laeringskursus\/\"]}]},{\"@type\":\"BreadcrumbList\",\"@id\":\"https:\/\/www.robobraille.org\/da\/ressourcer\/robobraille-e-laeringskursus\/#breadcrumb\",\"itemListElement\":[{\"@type\":\"ListItem\",\"position\":1,\"name\":\"Home\",\"item\":\"https:\/\/www.robobraille.org\/da\/\"},{\"@type\":\"ListItem\",\"position\":2,\"name\":\"Ressourcer\",\"item\":\"https:\/\/www.robobraille.org\/da\/ressourcer\/\"},{\"@type\":\"ListItem\",\"position\":3,\"name\":\"RoboBraille e-l\u00e6ringskursus\"}]},{\"@type\":\"WebSite\",\"@id\":\"https:\/\/www.robobraille.org\/da\/#website\",\"url\":\"https:\/\/www.robobraille.org\/da\/\",\"name\":\"RoboBraille\",\"description\":\"\",\"publisher\":{\"@id\":\"https:\/\/www.robobraille.org\/da\/#organization\"},\"potentialAction\":[{\"@type\":\"SearchAction\",\"target\":{\"@type\":\"EntryPoint\",\"urlTemplate\":\"https:\/\/www.robobraille.org\/da\/?s={search_term_string}\"},\"query-input\":{\"@type\":\"PropertyValueSpecification\",\"valueRequired\":true,\"valueName\":\"search_term_string\"}}],\"inLanguage\":\"da-DK\"},{\"@type\":\"Organization\",\"@id\":\"https:\/\/www.robobraille.org\/da\/#organization\",\"name\":\"RoboBraille\",\"url\":\"https:\/\/www.robobraille.org\/da\/\",\"logo\":{\"@type\":\"ImageObject\",\"inLanguage\":\"da-DK\",\"@id\":\"https:\/\/www.robobraille.org\/da\/#\/schema\/logo\/image\/\",\"url\":\"https:\/\/www.robobraille.org\/wp-content\/uploads\/2020\/11\/RoboBraille.jpg\",\"contentUrl\":\"https:\/\/www.robobraille.org\/wp-content\/uploads\/2020\/11\/RoboBraille.jpg\",\"width\":340,\"height\":98,\"caption\":\"RoboBraille\"},\"image\":{\"@id\":\"https:\/\/www.robobraille.org\/da\/#\/schema\/logo\/image\/\"}}]}<\/script>\r\n<!-- \/ Yoast SEO plugin. -->","yoast_head_json":{"title":"RoboBraille e-l\u00e6ringskursus - RoboBraille","robots":{"index":"index","follow":"follow","max-snippet":"max-snippet:-1","max-image-preview":"max-image-preview:large","max-video-preview":"max-video-preview:-1"},"canonical":"https:\/\/www.robobraille.org\/da\/ressourcer\/robobraille-e-laeringskursus\/","og_locale":"da_DK","og_type":"article","og_title":"RoboBraille e-l\u00e6ringskursus - RoboBraille","og_description":"Velkommen til RoboBraille e-l\u00e6ringskursus. Kurset er designet til at tage dig igennem RoboBraille servicen. Det viser dig ogs\u00e5, hvordan du benytter RoboBraille til at konvertere til en bred vifte af dokumenttyper til alternative formater s\u00e5som lydb\u00f8ger, e-b\u00f8ger og punktskrift. Engelsk version Module 1: Introduction to the e-learning course Module 2: Introduction to RoboBraille Module 3: [&hellip;]","og_url":"https:\/\/www.robobraille.org\/da\/ressourcer\/robobraille-e-laeringskursus\/","og_site_name":"RoboBraille","article_modified_time":"2021-01-21T07:31:34+00:00","twitter_card":"summary_large_image","twitter_misc":{"Estimeret l\u00e6setid":"1 minut"},"schema":{"@context":"https:\/\/schema.org","@graph":[{"@type":"WebPage","@id":"https:\/\/www.robobraille.org\/da\/ressourcer\/robobraille-e-laeringskursus\/","url":"https:\/\/www.robobraille.org\/da\/ressourcer\/robobraille-e-laeringskursus\/","name":"RoboBraille e-l\u00e6ringskursus - RoboBraille","isPartOf":{"@id":"https:\/\/www.robobraille.org\/da\/#website"},"datePublished":"2021-01-21T07:31:33+00:00","dateModified":"2021-01-21T07:31:34+00:00","breadcrumb":{"@id":"https:\/\/www.robobraille.org\/da\/ressourcer\/robobraille-e-laeringskursus\/#breadcrumb"},"inLanguage":"da-DK","potentialAction":[{"@type":"ReadAction","target":["https:\/\/www.robobraille.org\/da\/ressourcer\/robobraille-e-laeringskursus\/"]}]},{"@type":"BreadcrumbList","@id":"https:\/\/www.robobraille.org\/da\/ressourcer\/robobraille-e-laeringskursus\/#breadcrumb","itemListElement":[{"@type":"ListItem","position":1,"name":"Home","item":"https:\/\/www.robobraille.org\/da\/"},{"@type":"ListItem","position":2,"name":"Ressourcer","item":"https:\/\/www.robobraille.org\/da\/ressourcer\/"},{"@type":"ListItem","position":3,"name":"RoboBraille e-l\u00e6ringskursus"}]},{"@type":"WebSite","@id":"https:\/\/www.robobraille.org\/da\/#website","url":"https:\/\/www.robobraille.org\/da\/","name":"RoboBraille","description":"","publisher":{"@id":"https:\/\/www.robobraille.org\/da\/#organization"},"potentialAction":[{"@type":"SearchAction","target":{"@type":"EntryPoint","urlTemplate":"https:\/\/www.robobraille.org\/da\/?s={search_term_string}"},"query-input":{"@type":"PropertyValueSpecification","valueRequired":true,"valueName":"search_term_string"}}],"inLanguage":"da-DK"},{"@type":"Organization","@id":"https:\/\/www.robobraille.org\/da\/#organization","name":"RoboBraille","url":"https:\/\/www.robobraille.org\/da\/","logo":{"@type":"ImageObject","inLanguage":"da-DK","@id":"https:\/\/www.robobraille.org\/da\/#\/schema\/logo\/image\/","url":"https:\/\/www.robobraille.org\/wp-content\/uploads\/2020\/11\/RoboBraille.jpg","contentUrl":"https:\/\/www.robobraille.org\/wp-content\/uploads\/2020\/11\/RoboBraille.jpg","width":340,"height":98,"caption":"RoboBraille"},"image":{"@id":"https:\/\/www.robobraille.org\/da\/#\/schema\/logo\/image\/"}}]}},"_links":{"self":[{"href":"https:\/\/www.robobraille.org\/da\/wp-json\/wp\/v2\/pages\/1141","targetHints":{"allow":["GET"]}}],"collection":[{"href":"https:\/\/www.robobraille.org\/da\/wp-json\/wp\/v2\/pages"}],"about":[{"href":"https:\/\/www.robobraille.org\/da\/wp-json\/wp\/v2\/types\/page"}],"author":[{"embeddable":true,"href":"https:\/\/www.robobraille.org\/da\/wp-json\/wp\/v2\/users\/4"}],"replies":[{"embeddable":true,"href":"https:\/\/www.robobraille.org\/da\/wp-json\/wp\/v2\/comments?post=1141"}],"version-history":[{"count":1,"href":"https:\/\/www.robobraille.org\/da\/wp-json\/wp\/v2\/pages\/1141\/revisions"}],"predecessor-version":[{"id":1142,"href":"https:\/\/www.robobraille.org\/da\/wp-json\/wp\/v2\/pages\/1141\/revisions\/1142"}],"up":[{"embeddable":true,"href":"https:\/\/www.robobraille.org\/da\/wp-json\/wp\/v2\/pages\/1053"}],"wp:attachment":[{"href":"https:\/\/www.robobraille.org\/da\/wp-json\/wp\/v2\/media?parent=1141"}],"curies":[{"name":"wp","href":"https:\/\/api.w.org\/{rel}","templated":true}]}}