{"id":1053,"date":"2021-01-20T12:54:54","date_gmt":"2021-01-20T11:54:54","guid":{"rendered":"https:\/\/www.robobraille.org\/ressourcer\/"},"modified":"2021-01-22T12:39:09","modified_gmt":"2021-01-22T11:39:09","slug":"ressourcer","status":"publish","type":"page","link":"https:\/\/www.robobraille.org\/da\/ressourcer\/","title":{"rendered":"Ressourcer"},"content":{"rendered":"\n<p>RoboBraille-tjenesten er velbeskrevet. Der findes en stor m\u00e6ngde informationsmateriale om RoboBraille, herunder vejledninger, brochurer, artikler, tekniske beskrivelser, logoer og andet illustrationsmateriale, film og billeder.<\/p>\n\n<p>Materialet kan benyttes frit til at informere om tjenesten og i forbindelse med workshops og publicering af artikler, s\u00e5fremt forfattere og referencer krediteres beh\u00f8rigt og efter g\u00e6ldende akademiske regler.&#13;\n&#13;\nPlease refer to the English site to access the resources<\/p>\n","protected":false},"excerpt":{"rendered":"<p>RoboBraille-tjenesten er velbeskrevet. Der findes en stor m\u00e6ngde informationsmateriale om RoboBraille, herunder vejledninger, brochurer, artikler, tekniske beskrivelser, logoer og andet illustrationsmateriale, film og billeder. Materialet kan benyttes frit til at informere om tjenesten og i forbindelse med workshops og publicering af artikler, s\u00e5fremt forfattere og referencer krediteres beh\u00f8rigt og efter g\u00e6ldende akademiske regler.&#13; &#13; Please [&hellip;]<\/p>\n","protected":false},"author":4,"featured_media":0,"parent":0,"menu_order":0,"comment_status":"closed","ping_status":"closed","template":"","meta":{"site-sidebar-layout":"default","site-content-layout":"default","ast-site-content-layout":"default","site-content-style":"default","site-sidebar-style":"default","ast-global-header-display":"","ast-banner-title-visibility":"","ast-main-header-display":"","ast-hfb-above-header-display":"","ast-hfb-below-header-display":"","ast-hfb-mobile-header-display":"","site-post-title":"","ast-breadcrumbs-content":"","ast-featured-img":"","footer-sml-layout":"","ast-disable-related-posts":"","theme-transparent-header-meta":"default","adv-header-id-meta":"","stick-header-meta":"","header-above-stick-meta":"","header-main-stick-meta":"","header-below-stick-meta":"","astra-migrate-meta-layouts":"default","ast-page-background-enabled":"default","ast-page-background-meta":{"desktop":{"background-color":"","background-image":"","background-repeat":"repeat","background-position":"center center","background-size":"auto","background-attachment":"scroll","background-type":"","background-media":"","overlay-type":"","overlay-color":"","overlay-opacity":"","overlay-gradient":""},"tablet":{"background-color":"","background-image":"","background-repeat":"repeat","background-position":"center center","background-size":"auto","background-attachment":"scroll","background-type":"","background-media":"","overlay-type":"","overlay-color":"","overlay-opacity":"","overlay-gradient":""},"mobile":{"background-color":"","background-image":"","background-repeat":"repeat","background-position":"center center","background-size":"auto","background-attachment":"scroll","background-type":"","background-media":"","overlay-type":"","overlay-color":"","overlay-opacity":"","overlay-gradient":""}},"ast-content-background-meta":{"desktop":{"background-color":"var(--ast-global-color-5)","background-image":"","background-repeat":"repeat","background-position":"center center","background-size":"auto","background-attachment":"scroll","background-type":"","background-media":"","overlay-type":"","overlay-color":"","overlay-opacity":"","overlay-gradient":""},"tablet":{"background-color":"var(--ast-global-color-5)","background-image":"","background-repeat":"repeat","background-position":"center center","background-size":"auto","background-attachment":"scroll","background-type":"","background-media":"","overlay-type":"","overlay-color":"","overlay-opacity":"","overlay-gradient":""},"mobile":{"background-color":"var(--ast-global-color-5)","background-image":"","background-repeat":"repeat","background-position":"center center","background-size":"auto","background-attachment":"scroll","background-type":"","background-media":"","overlay-type":"","overlay-color":"","overlay-opacity":"","overlay-gradient":""}},"footnotes":""},"class_list":["post-1053","page","type-page","status-publish","hentry"],"yoast_head":"<!-- This site is optimized with the Yoast SEO plugin v27.0 - https:\/\/yoast.com\/product\/yoast-seo-wordpress\/ -->\r\n<title>Ressourcer - RoboBraille<\/title>\r\n<meta name=\"robots\" content=\"index, follow, max-snippet:-1, max-image-preview:large, max-video-preview:-1\" \/>\r\n<link rel=\"canonical\" href=\"https:\/\/www.robobraille.org\/da\/ressourcer\/\" \/>\r\n<meta property=\"og:locale\" content=\"da_DK\" \/>\r\n<meta property=\"og:type\" content=\"article\" \/>\r\n<meta property=\"og:title\" content=\"Ressourcer - RoboBraille\" \/>\r\n<meta property=\"og:description\" content=\"RoboBraille-tjenesten er velbeskrevet. Der findes en stor m\u00e6ngde informationsmateriale om RoboBraille, herunder vejledninger, brochurer, artikler, tekniske beskrivelser, logoer og andet illustrationsmateriale, film og billeder. Materialet kan benyttes frit til at informere om tjenesten og i forbindelse med workshops og publicering af artikler, s\u00e5fremt forfattere og referencer krediteres beh\u00f8rigt og efter g\u00e6ldende akademiske regler.&#013; &#013; Please [&hellip;]\" \/>\r\n<meta property=\"og:url\" content=\"https:\/\/www.robobraille.org\/da\/ressourcer\/\" \/>\r\n<meta property=\"og:site_name\" content=\"RoboBraille\" \/>\r\n<meta property=\"article:modified_time\" content=\"2021-01-22T11:39:09+00:00\" \/>\r\n<meta name=\"twitter:card\" content=\"summary_large_image\" \/>\r\n<script type=\"application\/ld+json\" class=\"yoast-schema-graph\">{\"@context\":\"https:\/\/schema.org\",\"@graph\":[{\"@type\":\"WebPage\",\"@id\":\"https:\/\/www.robobraille.org\/da\/ressourcer\/\",\"url\":\"https:\/\/www.robobraille.org\/da\/ressourcer\/\",\"name\":\"Ressourcer - RoboBraille\",\"isPartOf\":{\"@id\":\"https:\/\/www.robobraille.org\/da\/#website\"},\"datePublished\":\"2021-01-20T11:54:54+00:00\",\"dateModified\":\"2021-01-22T11:39:09+00:00\",\"breadcrumb\":{\"@id\":\"https:\/\/www.robobraille.org\/da\/ressourcer\/#breadcrumb\"},\"inLanguage\":\"da-DK\",\"potentialAction\":[{\"@type\":\"ReadAction\",\"target\":[\"https:\/\/www.robobraille.org\/da\/ressourcer\/\"]}]},{\"@type\":\"BreadcrumbList\",\"@id\":\"https:\/\/www.robobraille.org\/da\/ressourcer\/#breadcrumb\",\"itemListElement\":[{\"@type\":\"ListItem\",\"position\":1,\"name\":\"Home\",\"item\":\"https:\/\/www.robobraille.org\/da\/\"},{\"@type\":\"ListItem\",\"position\":2,\"name\":\"Ressourcer\"}]},{\"@type\":\"WebSite\",\"@id\":\"https:\/\/www.robobraille.org\/da\/#website\",\"url\":\"https:\/\/www.robobraille.org\/da\/\",\"name\":\"RoboBraille\",\"description\":\"\",\"publisher\":{\"@id\":\"https:\/\/www.robobraille.org\/da\/#organization\"},\"potentialAction\":[{\"@type\":\"SearchAction\",\"target\":{\"@type\":\"EntryPoint\",\"urlTemplate\":\"https:\/\/www.robobraille.org\/da\/?s={search_term_string}\"},\"query-input\":{\"@type\":\"PropertyValueSpecification\",\"valueRequired\":true,\"valueName\":\"search_term_string\"}}],\"inLanguage\":\"da-DK\"},{\"@type\":\"Organization\",\"@id\":\"https:\/\/www.robobraille.org\/da\/#organization\",\"name\":\"RoboBraille\",\"url\":\"https:\/\/www.robobraille.org\/da\/\",\"logo\":{\"@type\":\"ImageObject\",\"inLanguage\":\"da-DK\",\"@id\":\"https:\/\/www.robobraille.org\/da\/#\/schema\/logo\/image\/\",\"url\":\"https:\/\/www.robobraille.org\/wp-content\/uploads\/2020\/11\/RoboBraille.jpg\",\"contentUrl\":\"https:\/\/www.robobraille.org\/wp-content\/uploads\/2020\/11\/RoboBraille.jpg\",\"width\":340,\"height\":98,\"caption\":\"RoboBraille\"},\"image\":{\"@id\":\"https:\/\/www.robobraille.org\/da\/#\/schema\/logo\/image\/\"}}]}<\/script>\r\n<!-- \/ Yoast SEO plugin. -->","yoast_head_json":{"title":"Ressourcer - RoboBraille","robots":{"index":"index","follow":"follow","max-snippet":"max-snippet:-1","max-image-preview":"max-image-preview:large","max-video-preview":"max-video-preview:-1"},"canonical":"https:\/\/www.robobraille.org\/da\/ressourcer\/","og_locale":"da_DK","og_type":"article","og_title":"Ressourcer - RoboBraille","og_description":"RoboBraille-tjenesten er velbeskrevet. Der findes en stor m\u00e6ngde informationsmateriale om RoboBraille, herunder vejledninger, brochurer, artikler, tekniske beskrivelser, logoer og andet illustrationsmateriale, film og billeder. Materialet kan benyttes frit til at informere om tjenesten og i forbindelse med workshops og publicering af artikler, s\u00e5fremt forfattere og referencer krediteres beh\u00f8rigt og efter g\u00e6ldende akademiske regler.&#13; &#13; Please [&hellip;]","og_url":"https:\/\/www.robobraille.org\/da\/ressourcer\/","og_site_name":"RoboBraille","article_modified_time":"2021-01-22T11:39:09+00:00","twitter_card":"summary_large_image","schema":{"@context":"https:\/\/schema.org","@graph":[{"@type":"WebPage","@id":"https:\/\/www.robobraille.org\/da\/ressourcer\/","url":"https:\/\/www.robobraille.org\/da\/ressourcer\/","name":"Ressourcer - RoboBraille","isPartOf":{"@id":"https:\/\/www.robobraille.org\/da\/#website"},"datePublished":"2021-01-20T11:54:54+00:00","dateModified":"2021-01-22T11:39:09+00:00","breadcrumb":{"@id":"https:\/\/www.robobraille.org\/da\/ressourcer\/#breadcrumb"},"inLanguage":"da-DK","potentialAction":[{"@type":"ReadAction","target":["https:\/\/www.robobraille.org\/da\/ressourcer\/"]}]},{"@type":"BreadcrumbList","@id":"https:\/\/www.robobraille.org\/da\/ressourcer\/#breadcrumb","itemListElement":[{"@type":"ListItem","position":1,"name":"Home","item":"https:\/\/www.robobraille.org\/da\/"},{"@type":"ListItem","position":2,"name":"Ressourcer"}]},{"@type":"WebSite","@id":"https:\/\/www.robobraille.org\/da\/#website","url":"https:\/\/www.robobraille.org\/da\/","name":"RoboBraille","description":"","publisher":{"@id":"https:\/\/www.robobraille.org\/da\/#organization"},"potentialAction":[{"@type":"SearchAction","target":{"@type":"EntryPoint","urlTemplate":"https:\/\/www.robobraille.org\/da\/?s={search_term_string}"},"query-input":{"@type":"PropertyValueSpecification","valueRequired":true,"valueName":"search_term_string"}}],"inLanguage":"da-DK"},{"@type":"Organization","@id":"https:\/\/www.robobraille.org\/da\/#organization","name":"RoboBraille","url":"https:\/\/www.robobraille.org\/da\/","logo":{"@type":"ImageObject","inLanguage":"da-DK","@id":"https:\/\/www.robobraille.org\/da\/#\/schema\/logo\/image\/","url":"https:\/\/www.robobraille.org\/wp-content\/uploads\/2020\/11\/RoboBraille.jpg","contentUrl":"https:\/\/www.robobraille.org\/wp-content\/uploads\/2020\/11\/RoboBraille.jpg","width":340,"height":98,"caption":"RoboBraille"},"image":{"@id":"https:\/\/www.robobraille.org\/da\/#\/schema\/logo\/image\/"}}]}},"_links":{"self":[{"href":"https:\/\/www.robobraille.org\/da\/wp-json\/wp\/v2\/pages\/1053","targetHints":{"allow":["GET"]}}],"collection":[{"href":"https:\/\/www.robobraille.org\/da\/wp-json\/wp\/v2\/pages"}],"about":[{"href":"https:\/\/www.robobraille.org\/da\/wp-json\/wp\/v2\/types\/page"}],"author":[{"embeddable":true,"href":"https:\/\/www.robobraille.org\/da\/wp-json\/wp\/v2\/users\/4"}],"replies":[{"embeddable":true,"href":"https:\/\/www.robobraille.org\/da\/wp-json\/wp\/v2\/comments?post=1053"}],"version-history":[{"count":3,"href":"https:\/\/www.robobraille.org\/da\/wp-json\/wp\/v2\/pages\/1053\/revisions"}],"predecessor-version":[{"id":1743,"href":"https:\/\/www.robobraille.org\/da\/wp-json\/wp\/v2\/pages\/1053\/revisions\/1743"}],"wp:attachment":[{"href":"https:\/\/www.robobraille.org\/da\/wp-json\/wp\/v2\/media?parent=1053"}],"curies":[{"name":"wp","href":"https:\/\/api.w.org\/{rel}","templated":true}]}}