{"id":1023,"date":"2021-01-20T12:16:58","date_gmt":"2021-01-20T11:16:58","guid":{"rendered":"https:\/\/www.robobraille.org\/databeskyttelse-betingelser\/"},"modified":"2022-01-04T16:11:49","modified_gmt":"2022-01-04T15:11:49","slug":"databeskyttelse-betingelser","status":"publish","type":"page","link":"https:\/\/www.robobraille.org\/da\/databeskyttelse-betingelser\/","title":{"rendered":"Databeskyttelse &#038; Betingelser"},"content":{"rendered":"\n<h2 class=\"wp-block-heading\">Databeskyttelse<\/h2>\n\n\n\n<p>Konvertering via RoboBraille er 100% automatiseret og foreg\u00e5r udelukkende teknologisk, uden nogen manuel h\u00e5ndtering. Tekster og dokumenter, der sendes til RoboBraille, bliver modtaget af mailserveren og indholdet behandles af en eller flere RoboBraille agenter (computere). Resultatet af konverteringen sendes straks tilbage til brugeren i en e-mail. Derefter slettes alt fra serverne.<\/p>\n\n\n\n<p>Datatrafik registreres udelukkende til statistiske form\u00e5l samt for at forhindre spam og misbrug.<\/p>\n\n\n\n<p> <\/p>\n\n\n\n<p> <\/p>\n\n\n\n<p> <\/p>\n\n\n\n<p> <\/p>\n\n\n\n<h2 class=\"wp-block-heading\">Betingelser<\/h2>\n\n\n\n<p>RoboBraille-tjenesten anvendes som den er og udelukkende p\u00e5 brugerens eget ansvar. Synscenter Refsn\u00e6s og Sensus ApS (ejere af tjenesten) p\u00e5tager sig intet ansvar for direkte eller indirekte tab eller ubehageligheder relateret til brug af tjenesten. Synscenter Refsn\u00e6s og Sensus ApS antager at brugerne har de forn\u00f8dne rettigheder til de dokumenter, de sender via RoboBraille-tjenesten samt at brugerne anvender tjenesten efter de betingelser, der er beskrevet p\u00e5 denne webside.<\/p>\n\n\n\n<p>RoboBraille tjenesten er gratis at anvende for individuelle brugere til private, ikke-kommercielle form\u00e5l. Institutionelt brug af tjenesten foruds\u00e6tter en serviceaftale med Sensus. Organiseret instruktion af studerende, klienter, medarbejdere, medlemmer, alumni eller andre sidestilles med institutionelt brug. Institutionelle brugere, herunder uddannelsesinstitutionerne, som \u00f8nsker at stille tjenesten omkostningsfrit til r\u00e5dighed for studerende, klienter, medarbejdere, medlemmer, alumni og andre via egne systemer opfordres til at kontakte Sensus p\u00e5 <a href=\"mailto:contact@robobraille.org\">contact@robobraille.org<\/a> med henblik p\u00e5 at indg\u00e5 en serviceaftale.<\/p>\n\n\n\n<p>Al kommerciel anvendelse af RoboBraille-tjenesten, herunder produktion af materialer med salg\/videresalg\/overdragelse\/distrubution for \u00f8je, samt al institutionel brug af tjenesten uden serviceaftale med Sensus, er strengt forbudt.  Ved misbrug af tjenesten eller overtr\u00e6delse af betingelserne for anvendelse af tjenesten s\u00e5ledes som disse er beskrevet p\u00e5 denne side, vil medf\u00f8re omg\u00e5ende politianmeldelse og retsforf\u00f8lgelse.<\/p>\n","protected":false},"excerpt":{"rendered":"<p>Databeskyttelse Konvertering via RoboBraille er 100% automatiseret og foreg\u00e5r udelukkende teknologisk, uden nogen manuel h\u00e5ndtering. Tekster og dokumenter, der sendes til RoboBraille, bliver modtaget af mailserveren og indholdet behandles af en eller flere RoboBraille agenter (computere). Resultatet af konverteringen sendes straks tilbage til brugeren i en e-mail. Derefter slettes alt fra serverne. Datatrafik registreres udelukkende [&hellip;]<\/p>\n","protected":false},"author":4,"featured_media":0,"parent":0,"menu_order":0,"comment_status":"closed","ping_status":"closed","template":"","meta":{"site-sidebar-layout":"default","site-content-layout":"default","ast-site-content-layout":"default","site-content-style":"default","site-sidebar-style":"default","ast-global-header-display":"","ast-banner-title-visibility":"","ast-main-header-display":"","ast-hfb-above-header-display":"","ast-hfb-below-header-display":"","ast-hfb-mobile-header-display":"","site-post-title":"","ast-breadcrumbs-content":"","ast-featured-img":"","footer-sml-layout":"","ast-disable-related-posts":"","theme-transparent-header-meta":"default","adv-header-id-meta":"","stick-header-meta":"","header-above-stick-meta":"","header-main-stick-meta":"","header-below-stick-meta":"","astra-migrate-meta-layouts":"default","ast-page-background-enabled":"default","ast-page-background-meta":{"desktop":{"background-color":"","background-image":"","background-repeat":"repeat","background-position":"center center","background-size":"auto","background-attachment":"scroll","background-type":"","background-media":"","overlay-type":"","overlay-color":"","overlay-opacity":"","overlay-gradient":""},"tablet":{"background-color":"","background-image":"","background-repeat":"repeat","background-position":"center center","background-size":"auto","background-attachment":"scroll","background-type":"","background-media":"","overlay-type":"","overlay-color":"","overlay-opacity":"","overlay-gradient":""},"mobile":{"background-color":"","background-image":"","background-repeat":"repeat","background-position":"center center","background-size":"auto","background-attachment":"scroll","background-type":"","background-media":"","overlay-type":"","overlay-color":"","overlay-opacity":"","overlay-gradient":""}},"ast-content-background-meta":{"desktop":{"background-color":"var(--ast-global-color-5)","background-image":"","background-repeat":"repeat","background-position":"center center","background-size":"auto","background-attachment":"scroll","background-type":"","background-media":"","overlay-type":"","overlay-color":"","overlay-opacity":"","overlay-gradient":""},"tablet":{"background-color":"var(--ast-global-color-5)","background-image":"","background-repeat":"repeat","background-position":"center center","background-size":"auto","background-attachment":"scroll","background-type":"","background-media":"","overlay-type":"","overlay-color":"","overlay-opacity":"","overlay-gradient":""},"mobile":{"background-color":"var(--ast-global-color-5)","background-image":"","background-repeat":"repeat","background-position":"center center","background-size":"auto","background-attachment":"scroll","background-type":"","background-media":"","overlay-type":"","overlay-color":"","overlay-opacity":"","overlay-gradient":""}},"footnotes":""},"class_list":["post-1023","page","type-page","status-publish","hentry"],"yoast_head":"<!-- This site is optimized with the Yoast SEO plugin v27.0 - https:\/\/yoast.com\/product\/yoast-seo-wordpress\/ -->\r\n<title>Databeskyttelse &amp; Betingelser - RoboBraille<\/title>\r\n<meta name=\"robots\" content=\"index, follow, max-snippet:-1, max-image-preview:large, max-video-preview:-1\" \/>\r\n<link rel=\"canonical\" href=\"https:\/\/www.robobraille.org\/da\/databeskyttelse-betingelser\/\" \/>\r\n<meta property=\"og:locale\" content=\"da_DK\" \/>\r\n<meta property=\"og:type\" content=\"article\" \/>\r\n<meta property=\"og:title\" content=\"Databeskyttelse &amp; Betingelser - RoboBraille\" \/>\r\n<meta property=\"og:description\" content=\"Databeskyttelse Konvertering via RoboBraille er 100% automatiseret og foreg\u00e5r udelukkende teknologisk, uden nogen manuel h\u00e5ndtering. Tekster og dokumenter, der sendes til RoboBraille, bliver modtaget af mailserveren og indholdet behandles af en eller flere RoboBraille agenter (computere). Resultatet af konverteringen sendes straks tilbage til brugeren i en e-mail. Derefter slettes alt fra serverne. Datatrafik registreres udelukkende [&hellip;]\" \/>\r\n<meta property=\"og:url\" content=\"https:\/\/www.robobraille.org\/da\/databeskyttelse-betingelser\/\" \/>\r\n<meta property=\"og:site_name\" content=\"RoboBraille\" \/>\r\n<meta property=\"article:modified_time\" content=\"2022-01-04T15:11:49+00:00\" \/>\r\n<meta name=\"twitter:card\" content=\"summary_large_image\" \/>\r\n<meta name=\"twitter:label1\" content=\"Estimeret l\u00e6setid\" \/>\n\t<meta name=\"twitter:data1\" content=\"2 minutter\" \/>\r\n<script type=\"application\/ld+json\" class=\"yoast-schema-graph\">{\"@context\":\"https:\/\/schema.org\",\"@graph\":[{\"@type\":\"WebPage\",\"@id\":\"https:\/\/www.robobraille.org\/da\/databeskyttelse-betingelser\/\",\"url\":\"https:\/\/www.robobraille.org\/da\/databeskyttelse-betingelser\/\",\"name\":\"Databeskyttelse & Betingelser - RoboBraille\",\"isPartOf\":{\"@id\":\"https:\/\/www.robobraille.org\/da\/#website\"},\"datePublished\":\"2021-01-20T11:16:58+00:00\",\"dateModified\":\"2022-01-04T15:11:49+00:00\",\"breadcrumb\":{\"@id\":\"https:\/\/www.robobraille.org\/da\/databeskyttelse-betingelser\/#breadcrumb\"},\"inLanguage\":\"da-DK\",\"potentialAction\":[{\"@type\":\"ReadAction\",\"target\":[\"https:\/\/www.robobraille.org\/da\/databeskyttelse-betingelser\/\"]}]},{\"@type\":\"BreadcrumbList\",\"@id\":\"https:\/\/www.robobraille.org\/da\/databeskyttelse-betingelser\/#breadcrumb\",\"itemListElement\":[{\"@type\":\"ListItem\",\"position\":1,\"name\":\"Home\",\"item\":\"https:\/\/www.robobraille.org\/da\/\"},{\"@type\":\"ListItem\",\"position\":2,\"name\":\"Databeskyttelse &#038; Betingelser\"}]},{\"@type\":\"WebSite\",\"@id\":\"https:\/\/www.robobraille.org\/da\/#website\",\"url\":\"https:\/\/www.robobraille.org\/da\/\",\"name\":\"RoboBraille\",\"description\":\"\",\"publisher\":{\"@id\":\"https:\/\/www.robobraille.org\/da\/#organization\"},\"potentialAction\":[{\"@type\":\"SearchAction\",\"target\":{\"@type\":\"EntryPoint\",\"urlTemplate\":\"https:\/\/www.robobraille.org\/da\/?s={search_term_string}\"},\"query-input\":{\"@type\":\"PropertyValueSpecification\",\"valueRequired\":true,\"valueName\":\"search_term_string\"}}],\"inLanguage\":\"da-DK\"},{\"@type\":\"Organization\",\"@id\":\"https:\/\/www.robobraille.org\/da\/#organization\",\"name\":\"RoboBraille\",\"url\":\"https:\/\/www.robobraille.org\/da\/\",\"logo\":{\"@type\":\"ImageObject\",\"inLanguage\":\"da-DK\",\"@id\":\"https:\/\/www.robobraille.org\/da\/#\/schema\/logo\/image\/\",\"url\":\"https:\/\/www.robobraille.org\/wp-content\/uploads\/2020\/11\/RoboBraille.jpg\",\"contentUrl\":\"https:\/\/www.robobraille.org\/wp-content\/uploads\/2020\/11\/RoboBraille.jpg\",\"width\":340,\"height\":98,\"caption\":\"RoboBraille\"},\"image\":{\"@id\":\"https:\/\/www.robobraille.org\/da\/#\/schema\/logo\/image\/\"}}]}<\/script>\r\n<!-- \/ Yoast SEO plugin. -->","yoast_head_json":{"title":"Databeskyttelse & Betingelser - RoboBraille","robots":{"index":"index","follow":"follow","max-snippet":"max-snippet:-1","max-image-preview":"max-image-preview:large","max-video-preview":"max-video-preview:-1"},"canonical":"https:\/\/www.robobraille.org\/da\/databeskyttelse-betingelser\/","og_locale":"da_DK","og_type":"article","og_title":"Databeskyttelse & Betingelser - RoboBraille","og_description":"Databeskyttelse Konvertering via RoboBraille er 100% automatiseret og foreg\u00e5r udelukkende teknologisk, uden nogen manuel h\u00e5ndtering. Tekster og dokumenter, der sendes til RoboBraille, bliver modtaget af mailserveren og indholdet behandles af en eller flere RoboBraille agenter (computere). Resultatet af konverteringen sendes straks tilbage til brugeren i en e-mail. Derefter slettes alt fra serverne. Datatrafik registreres udelukkende [&hellip;]","og_url":"https:\/\/www.robobraille.org\/da\/databeskyttelse-betingelser\/","og_site_name":"RoboBraille","article_modified_time":"2022-01-04T15:11:49+00:00","twitter_card":"summary_large_image","twitter_misc":{"Estimeret l\u00e6setid":"2 minutter"},"schema":{"@context":"https:\/\/schema.org","@graph":[{"@type":"WebPage","@id":"https:\/\/www.robobraille.org\/da\/databeskyttelse-betingelser\/","url":"https:\/\/www.robobraille.org\/da\/databeskyttelse-betingelser\/","name":"Databeskyttelse & Betingelser - RoboBraille","isPartOf":{"@id":"https:\/\/www.robobraille.org\/da\/#website"},"datePublished":"2021-01-20T11:16:58+00:00","dateModified":"2022-01-04T15:11:49+00:00","breadcrumb":{"@id":"https:\/\/www.robobraille.org\/da\/databeskyttelse-betingelser\/#breadcrumb"},"inLanguage":"da-DK","potentialAction":[{"@type":"ReadAction","target":["https:\/\/www.robobraille.org\/da\/databeskyttelse-betingelser\/"]}]},{"@type":"BreadcrumbList","@id":"https:\/\/www.robobraille.org\/da\/databeskyttelse-betingelser\/#breadcrumb","itemListElement":[{"@type":"ListItem","position":1,"name":"Home","item":"https:\/\/www.robobraille.org\/da\/"},{"@type":"ListItem","position":2,"name":"Databeskyttelse &#038; Betingelser"}]},{"@type":"WebSite","@id":"https:\/\/www.robobraille.org\/da\/#website","url":"https:\/\/www.robobraille.org\/da\/","name":"RoboBraille","description":"","publisher":{"@id":"https:\/\/www.robobraille.org\/da\/#organization"},"potentialAction":[{"@type":"SearchAction","target":{"@type":"EntryPoint","urlTemplate":"https:\/\/www.robobraille.org\/da\/?s={search_term_string}"},"query-input":{"@type":"PropertyValueSpecification","valueRequired":true,"valueName":"search_term_string"}}],"inLanguage":"da-DK"},{"@type":"Organization","@id":"https:\/\/www.robobraille.org\/da\/#organization","name":"RoboBraille","url":"https:\/\/www.robobraille.org\/da\/","logo":{"@type":"ImageObject","inLanguage":"da-DK","@id":"https:\/\/www.robobraille.org\/da\/#\/schema\/logo\/image\/","url":"https:\/\/www.robobraille.org\/wp-content\/uploads\/2020\/11\/RoboBraille.jpg","contentUrl":"https:\/\/www.robobraille.org\/wp-content\/uploads\/2020\/11\/RoboBraille.jpg","width":340,"height":98,"caption":"RoboBraille"},"image":{"@id":"https:\/\/www.robobraille.org\/da\/#\/schema\/logo\/image\/"}}]}},"_links":{"self":[{"href":"https:\/\/www.robobraille.org\/da\/wp-json\/wp\/v2\/pages\/1023","targetHints":{"allow":["GET"]}}],"collection":[{"href":"https:\/\/www.robobraille.org\/da\/wp-json\/wp\/v2\/pages"}],"about":[{"href":"https:\/\/www.robobraille.org\/da\/wp-json\/wp\/v2\/types\/page"}],"author":[{"embeddable":true,"href":"https:\/\/www.robobraille.org\/da\/wp-json\/wp\/v2\/users\/4"}],"replies":[{"embeddable":true,"href":"https:\/\/www.robobraille.org\/da\/wp-json\/wp\/v2\/comments?post=1023"}],"version-history":[{"count":2,"href":"https:\/\/www.robobraille.org\/da\/wp-json\/wp\/v2\/pages\/1023\/revisions"}],"predecessor-version":[{"id":1919,"href":"https:\/\/www.robobraille.org\/da\/wp-json\/wp\/v2\/pages\/1023\/revisions\/1919"}],"wp:attachment":[{"href":"https:\/\/www.robobraille.org\/da\/wp-json\/wp\/v2\/media?parent=1023"}],"curies":[{"name":"wp","href":"https:\/\/api.w.org\/{rel}","templated":true}]}}