{"id":987,"date":"2021-01-20T11:29:31","date_gmt":"2021-01-20T10:29:31","guid":{"rendered":"https:\/\/www.robobraille.org\/partneri\/"},"modified":"2021-01-20T11:29:32","modified_gmt":"2021-01-20T10:29:32","slug":"partneri","status":"publish","type":"page","link":"https:\/\/www.robobraille.org\/cs\/partneri\/","title":{"rendered":"Partne\u0159i"},"content":{"rendered":"\n<p>V pr\u016fb\u011bhu let se do slu\u017eby RoboBraille zapojil mnoho organizac\u00ed z mnoha zem\u00ed. Jako partner RoboBraille m\u016f\u017eete RoboBraille zastupovat ve sv\u00e9 zemi, nab\u00edzet podporu koncov\u00fdm u\u017eivatel\u016fm a \u0161\u00ed\u0159it informace o t\u00e9to slu\u017eb\u011b. M\u016f\u017eete tak\u00e9 cht\u00edt u\u010dit u\u017eivatele vyu\u017e\u00edvat v\u00fdhod RoboBraille anebo vyu\u017e\u00edvat RoboBraille jako sou\u010d\u00e1st slu\u017eeb, kter\u00e9 Va\u0161e organizace ji\u017e nab\u00edz\u00ed. P\u0159\u00edpadn\u011b m\u016f\u017eete prov\u00e9st v\u00fdzkum o vyu\u017eit\u00ed RoboBraille k podpo\u0159e sob\u011bsta\u010dnosti, integrace a za\u010dlen\u011bn\u00ed.<\/p>\n\n<p>Jako partner RoboBraille se st\u00e1v\u00e1te \u010dlenem mezin\u00e1rodn\u00ed s\u00edt\u011b organizac\u00ed a jednotlivc\u016f specializuj\u00edc\u00edch se na b\u011b\u017en\u00e9 a speci\u00e1ln\u00ed vzd\u011bl\u00e1v\u00e1n\u00ed, rehabilitaci a slu\u017eeb pro posti\u017een\u00e9. Partne\u0159i jsou vyzv\u00e1ni ke spoluvytv\u00e1\u0159en\u00ed dokument\u016f a pravideln\u00e9 \u00fa\u010dasti na nov\u00fdch projektech. Dokument n\u00ed\u017ee popisuje role a odpov\u011bdnosti partner\u016f v projektu RoboBraille.<\/p>\n\n<p>Pokud m\u00e1te z\u00e1jem st\u00e1t se partnerem RoboBraille, nev\u00e1hejte kontaktovat RoboBraille t\u00fdm na adrese\u00a0<a href=\"https:\/\/web.archive.org\/web\/20200819180532\/mailto:contact@robobraille.org\">contact@robobraille.org<\/a>.<\/p>\n\n<p>Roles and Responsibilities of Partners in a RoboBraille-project<\/p>\n","protected":false},"excerpt":{"rendered":"<p>V pr\u016fb\u011bhu let se do slu\u017eby RoboBraille zapojil mnoho organizac\u00ed z mnoha zem\u00ed. Jako partner RoboBraille m\u016f\u017eete RoboBraille zastupovat ve sv\u00e9 zemi, nab\u00edzet podporu koncov\u00fdm u\u017eivatel\u016fm a \u0161\u00ed\u0159it informace o t\u00e9to slu\u017eb\u011b. M\u016f\u017eete tak\u00e9 cht\u00edt u\u010dit u\u017eivatele vyu\u017e\u00edvat v\u00fdhod RoboBraille anebo vyu\u017e\u00edvat RoboBraille jako sou\u010d\u00e1st slu\u017eeb, kter\u00e9 Va\u0161e organizace ji\u017e nab\u00edz\u00ed. P\u0159\u00edpadn\u011b m\u016f\u017eete prov\u00e9st v\u00fdzkum [&hellip;]<\/p>\n","protected":false},"author":4,"featured_media":0,"parent":0,"menu_order":0,"comment_status":"closed","ping_status":"closed","template":"","meta":{"site-sidebar-layout":"default","site-content-layout":"default","ast-site-content-layout":"default","site-content-style":"default","site-sidebar-style":"default","ast-global-header-display":"","ast-banner-title-visibility":"","ast-main-header-display":"","ast-hfb-above-header-display":"","ast-hfb-below-header-display":"","ast-hfb-mobile-header-display":"","site-post-title":"","ast-breadcrumbs-content":"","ast-featured-img":"","footer-sml-layout":"","ast-disable-related-posts":"","theme-transparent-header-meta":"default","adv-header-id-meta":"","stick-header-meta":"","header-above-stick-meta":"","header-main-stick-meta":"","header-below-stick-meta":"","astra-migrate-meta-layouts":"default","ast-page-background-enabled":"default","ast-page-background-meta":{"desktop":{"background-color":"","background-image":"","background-repeat":"repeat","background-position":"center center","background-size":"auto","background-attachment":"scroll","background-type":"","background-media":"","overlay-type":"","overlay-color":"","overlay-opacity":"","overlay-gradient":""},"tablet":{"background-color":"","background-image":"","background-repeat":"repeat","background-position":"center center","background-size":"auto","background-attachment":"scroll","background-type":"","background-media":"","overlay-type":"","overlay-color":"","overlay-opacity":"","overlay-gradient":""},"mobile":{"background-color":"","background-image":"","background-repeat":"repeat","background-position":"center center","background-size":"auto","background-attachment":"scroll","background-type":"","background-media":"","overlay-type":"","overlay-color":"","overlay-opacity":"","overlay-gradient":""}},"ast-content-background-meta":{"desktop":{"background-color":"var(--ast-global-color-5)","background-image":"","background-repeat":"repeat","background-position":"center center","background-size":"auto","background-attachment":"scroll","background-type":"","background-media":"","overlay-type":"","overlay-color":"","overlay-opacity":"","overlay-gradient":""},"tablet":{"background-color":"var(--ast-global-color-5)","background-image":"","background-repeat":"repeat","background-position":"center center","background-size":"auto","background-attachment":"scroll","background-type":"","background-media":"","overlay-type":"","overlay-color":"","overlay-opacity":"","overlay-gradient":""},"mobile":{"background-color":"var(--ast-global-color-5)","background-image":"","background-repeat":"repeat","background-position":"center center","background-size":"auto","background-attachment":"scroll","background-type":"","background-media":"","overlay-type":"","overlay-color":"","overlay-opacity":"","overlay-gradient":""}},"footnotes":""},"class_list":["post-987","page","type-page","status-publish","hentry"],"yoast_head":"<!-- This site is optimized with the Yoast SEO plugin v27.0 - https:\/\/yoast.com\/product\/yoast-seo-wordpress\/ -->\r\n<title>Partne\u0159i - RoboBraille<\/title>\r\n<meta name=\"robots\" content=\"index, follow, max-snippet:-1, max-image-preview:large, max-video-preview:-1\" \/>\r\n<link rel=\"canonical\" href=\"https:\/\/www.robobraille.org\/cs\/partneri\/\" \/>\r\n<meta property=\"og:locale\" content=\"cs_CZ\" \/>\r\n<meta property=\"og:type\" content=\"article\" \/>\r\n<meta property=\"og:title\" content=\"Partne\u0159i - RoboBraille\" \/>\r\n<meta property=\"og:description\" content=\"V pr\u016fb\u011bhu let se do slu\u017eby RoboBraille zapojil mnoho organizac\u00ed z mnoha zem\u00ed. Jako partner RoboBraille m\u016f\u017eete RoboBraille zastupovat ve sv\u00e9 zemi, nab\u00edzet podporu koncov\u00fdm u\u017eivatel\u016fm a \u0161\u00ed\u0159it informace o t\u00e9to slu\u017eb\u011b. M\u016f\u017eete tak\u00e9 cht\u00edt u\u010dit u\u017eivatele vyu\u017e\u00edvat v\u00fdhod RoboBraille anebo vyu\u017e\u00edvat RoboBraille jako sou\u010d\u00e1st slu\u017eeb, kter\u00e9 Va\u0161e organizace ji\u017e nab\u00edz\u00ed. P\u0159\u00edpadn\u011b m\u016f\u017eete prov\u00e9st v\u00fdzkum [&hellip;]\" \/>\r\n<meta property=\"og:url\" content=\"https:\/\/www.robobraille.org\/cs\/partneri\/\" \/>\r\n<meta property=\"og:site_name\" content=\"RoboBraille\" \/>\r\n<meta property=\"article:modified_time\" content=\"2021-01-20T10:29:32+00:00\" \/>\r\n<meta name=\"twitter:card\" content=\"summary_large_image\" \/>\r\n<meta name=\"twitter:label1\" content=\"Odhadovan\u00e1 doba \u010dten\u00ed\" \/>\n\t<meta name=\"twitter:data1\" content=\"1 minuta\" \/>\r\n<script type=\"application\/ld+json\" class=\"yoast-schema-graph\">{\"@context\":\"https:\/\/schema.org\",\"@graph\":[{\"@type\":\"WebPage\",\"@id\":\"https:\/\/www.robobraille.org\/cs\/partneri\/\",\"url\":\"https:\/\/www.robobraille.org\/cs\/partneri\/\",\"name\":\"Partne\u0159i - RoboBraille\",\"isPartOf\":{\"@id\":\"https:\/\/www.robobraille.org\/cs\/#website\"},\"datePublished\":\"2021-01-20T10:29:31+00:00\",\"dateModified\":\"2021-01-20T10:29:32+00:00\",\"breadcrumb\":{\"@id\":\"https:\/\/www.robobraille.org\/cs\/partneri\/#breadcrumb\"},\"inLanguage\":\"cs\",\"potentialAction\":[{\"@type\":\"ReadAction\",\"target\":[\"https:\/\/www.robobraille.org\/cs\/partneri\/\"]}]},{\"@type\":\"BreadcrumbList\",\"@id\":\"https:\/\/www.robobraille.org\/cs\/partneri\/#breadcrumb\",\"itemListElement\":[{\"@type\":\"ListItem\",\"position\":1,\"name\":\"Home\",\"item\":\"https:\/\/www.robobraille.org\/cs\/\"},{\"@type\":\"ListItem\",\"position\":2,\"name\":\"Partne\u0159i\"}]},{\"@type\":\"WebSite\",\"@id\":\"https:\/\/www.robobraille.org\/cs\/#website\",\"url\":\"https:\/\/www.robobraille.org\/cs\/\",\"name\":\"RoboBraille\",\"description\":\"\",\"publisher\":{\"@id\":\"https:\/\/www.robobraille.org\/cs\/#organization\"},\"potentialAction\":[{\"@type\":\"SearchAction\",\"target\":{\"@type\":\"EntryPoint\",\"urlTemplate\":\"https:\/\/www.robobraille.org\/cs\/?s={search_term_string}\"},\"query-input\":{\"@type\":\"PropertyValueSpecification\",\"valueRequired\":true,\"valueName\":\"search_term_string\"}}],\"inLanguage\":\"cs\"},{\"@type\":\"Organization\",\"@id\":\"https:\/\/www.robobraille.org\/cs\/#organization\",\"name\":\"RoboBraille\",\"url\":\"https:\/\/www.robobraille.org\/cs\/\",\"logo\":{\"@type\":\"ImageObject\",\"inLanguage\":\"cs\",\"@id\":\"https:\/\/www.robobraille.org\/cs\/#\/schema\/logo\/image\/\",\"url\":\"https:\/\/www.robobraille.org\/wp-content\/uploads\/2020\/11\/RoboBraille.jpg\",\"contentUrl\":\"https:\/\/www.robobraille.org\/wp-content\/uploads\/2020\/11\/RoboBraille.jpg\",\"width\":340,\"height\":98,\"caption\":\"RoboBraille\"},\"image\":{\"@id\":\"https:\/\/www.robobraille.org\/cs\/#\/schema\/logo\/image\/\"}}]}<\/script>\r\n<!-- \/ Yoast SEO plugin. -->","yoast_head_json":{"title":"Partne\u0159i - RoboBraille","robots":{"index":"index","follow":"follow","max-snippet":"max-snippet:-1","max-image-preview":"max-image-preview:large","max-video-preview":"max-video-preview:-1"},"canonical":"https:\/\/www.robobraille.org\/cs\/partneri\/","og_locale":"cs_CZ","og_type":"article","og_title":"Partne\u0159i - RoboBraille","og_description":"V pr\u016fb\u011bhu let se do slu\u017eby RoboBraille zapojil mnoho organizac\u00ed z mnoha zem\u00ed. Jako partner RoboBraille m\u016f\u017eete RoboBraille zastupovat ve sv\u00e9 zemi, nab\u00edzet podporu koncov\u00fdm u\u017eivatel\u016fm a \u0161\u00ed\u0159it informace o t\u00e9to slu\u017eb\u011b. M\u016f\u017eete tak\u00e9 cht\u00edt u\u010dit u\u017eivatele vyu\u017e\u00edvat v\u00fdhod RoboBraille anebo vyu\u017e\u00edvat RoboBraille jako sou\u010d\u00e1st slu\u017eeb, kter\u00e9 Va\u0161e organizace ji\u017e nab\u00edz\u00ed. P\u0159\u00edpadn\u011b m\u016f\u017eete prov\u00e9st v\u00fdzkum [&hellip;]","og_url":"https:\/\/www.robobraille.org\/cs\/partneri\/","og_site_name":"RoboBraille","article_modified_time":"2021-01-20T10:29:32+00:00","twitter_card":"summary_large_image","twitter_misc":{"Odhadovan\u00e1 doba \u010dten\u00ed":"1 minuta"},"schema":{"@context":"https:\/\/schema.org","@graph":[{"@type":"WebPage","@id":"https:\/\/www.robobraille.org\/cs\/partneri\/","url":"https:\/\/www.robobraille.org\/cs\/partneri\/","name":"Partne\u0159i - RoboBraille","isPartOf":{"@id":"https:\/\/www.robobraille.org\/cs\/#website"},"datePublished":"2021-01-20T10:29:31+00:00","dateModified":"2021-01-20T10:29:32+00:00","breadcrumb":{"@id":"https:\/\/www.robobraille.org\/cs\/partneri\/#breadcrumb"},"inLanguage":"cs","potentialAction":[{"@type":"ReadAction","target":["https:\/\/www.robobraille.org\/cs\/partneri\/"]}]},{"@type":"BreadcrumbList","@id":"https:\/\/www.robobraille.org\/cs\/partneri\/#breadcrumb","itemListElement":[{"@type":"ListItem","position":1,"name":"Home","item":"https:\/\/www.robobraille.org\/cs\/"},{"@type":"ListItem","position":2,"name":"Partne\u0159i"}]},{"@type":"WebSite","@id":"https:\/\/www.robobraille.org\/cs\/#website","url":"https:\/\/www.robobraille.org\/cs\/","name":"RoboBraille","description":"","publisher":{"@id":"https:\/\/www.robobraille.org\/cs\/#organization"},"potentialAction":[{"@type":"SearchAction","target":{"@type":"EntryPoint","urlTemplate":"https:\/\/www.robobraille.org\/cs\/?s={search_term_string}"},"query-input":{"@type":"PropertyValueSpecification","valueRequired":true,"valueName":"search_term_string"}}],"inLanguage":"cs"},{"@type":"Organization","@id":"https:\/\/www.robobraille.org\/cs\/#organization","name":"RoboBraille","url":"https:\/\/www.robobraille.org\/cs\/","logo":{"@type":"ImageObject","inLanguage":"cs","@id":"https:\/\/www.robobraille.org\/cs\/#\/schema\/logo\/image\/","url":"https:\/\/www.robobraille.org\/wp-content\/uploads\/2020\/11\/RoboBraille.jpg","contentUrl":"https:\/\/www.robobraille.org\/wp-content\/uploads\/2020\/11\/RoboBraille.jpg","width":340,"height":98,"caption":"RoboBraille"},"image":{"@id":"https:\/\/www.robobraille.org\/cs\/#\/schema\/logo\/image\/"}}]}},"_links":{"self":[{"href":"https:\/\/www.robobraille.org\/cs\/wp-json\/wp\/v2\/pages\/987","targetHints":{"allow":["GET"]}}],"collection":[{"href":"https:\/\/www.robobraille.org\/cs\/wp-json\/wp\/v2\/pages"}],"about":[{"href":"https:\/\/www.robobraille.org\/cs\/wp-json\/wp\/v2\/types\/page"}],"author":[{"embeddable":true,"href":"https:\/\/www.robobraille.org\/cs\/wp-json\/wp\/v2\/users\/4"}],"replies":[{"embeddable":true,"href":"https:\/\/www.robobraille.org\/cs\/wp-json\/wp\/v2\/comments?post=987"}],"version-history":[{"count":1,"href":"https:\/\/www.robobraille.org\/cs\/wp-json\/wp\/v2\/pages\/987\/revisions"}],"predecessor-version":[{"id":988,"href":"https:\/\/www.robobraille.org\/cs\/wp-json\/wp\/v2\/pages\/987\/revisions\/988"}],"wp:attachment":[{"href":"https:\/\/www.robobraille.org\/cs\/wp-json\/wp\/v2\/media?parent=987"}],"curies":[{"name":"wp","href":"https:\/\/api.w.org\/{rel}","templated":true}]}}