{"id":929,"date":"2021-01-19T14:16:59","date_gmt":"2021-01-19T13:16:59","guid":{"rendered":"https:\/\/www.robobraille.org\/prispet\/"},"modified":"2021-01-19T14:16:59","modified_gmt":"2021-01-19T13:16:59","slug":"prispet","status":"publish","type":"page","link":"https:\/\/www.robobraille.org\/cs\/prispet\/","title":{"rendered":"P\u0159isp\u011bt"},"content":{"rendered":"\n<p>M\u016f\u017eete n\u00e1m pomoci uchovat slu\u017ebu RoboBraille dostupnou bezplatn\u011b pro v\u0161echny individu\u00e1ln\u00ed nekomer\u010dn\u00ed u\u017eivatele sv\u00fdm p\u0159\u00edsp\u011bvkem. Pro p\u0159\u00edsp\u011bvek prost\u0159ednictv\u00edm slu\u017eby PayPal nebo kreditn\u00ed karty pou\u017eijte tla\u010d\u00edtko P\u0159isp\u011bt. Oce\u0148ujeme Va\u0161i podporu.&#13;\n<\/p>\n\n<div class=\"wp-block-buttons is-layout-flex wp-block-buttons-is-layout-flex\">\n<div class=\"wp-block-button\"><a class=\"wp-block-button__link\" href=\"https:\/\/www.paypal.com\/cgi-bin\/webscr?cmd=_s-xclick&amp;hosted_button_id=76S2KWXGGFCSS\" target=\"_blank\" rel=\"noreferrer noopener\">P\u0159isp\u011bt<\/a><\/div>\n<\/div>\n","protected":false},"excerpt":{"rendered":"<p>M\u016f\u017eete n\u00e1m pomoci uchovat slu\u017ebu RoboBraille dostupnou bezplatn\u011b pro v\u0161echny individu\u00e1ln\u00ed nekomer\u010dn\u00ed u\u017eivatele sv\u00fdm p\u0159\u00edsp\u011bvkem. Pro p\u0159\u00edsp\u011bvek prost\u0159ednictv\u00edm slu\u017eby PayPal nebo kreditn\u00ed karty pou\u017eijte tla\u010d\u00edtko P\u0159isp\u011bt. Oce\u0148ujeme Va\u0161i podporu.&#13;<\/p>\n","protected":false},"author":4,"featured_media":0,"parent":0,"menu_order":0,"comment_status":"closed","ping_status":"closed","template":"","meta":{"site-sidebar-layout":"default","site-content-layout":"default","ast-site-content-layout":"default","site-content-style":"default","site-sidebar-style":"default","ast-global-header-display":"","ast-banner-title-visibility":"","ast-main-header-display":"","ast-hfb-above-header-display":"","ast-hfb-below-header-display":"","ast-hfb-mobile-header-display":"","site-post-title":"","ast-breadcrumbs-content":"","ast-featured-img":"","footer-sml-layout":"","ast-disable-related-posts":"","theme-transparent-header-meta":"default","adv-header-id-meta":"","stick-header-meta":"","header-above-stick-meta":"","header-main-stick-meta":"","header-below-stick-meta":"","astra-migrate-meta-layouts":"default","ast-page-background-enabled":"default","ast-page-background-meta":{"desktop":{"background-color":"","background-image":"","background-repeat":"repeat","background-position":"center center","background-size":"auto","background-attachment":"scroll","background-type":"","background-media":"","overlay-type":"","overlay-color":"","overlay-opacity":"","overlay-gradient":""},"tablet":{"background-color":"","background-image":"","background-repeat":"repeat","background-position":"center center","background-size":"auto","background-attachment":"scroll","background-type":"","background-media":"","overlay-type":"","overlay-color":"","overlay-opacity":"","overlay-gradient":""},"mobile":{"background-color":"","background-image":"","background-repeat":"repeat","background-position":"center center","background-size":"auto","background-attachment":"scroll","background-type":"","background-media":"","overlay-type":"","overlay-color":"","overlay-opacity":"","overlay-gradient":""}},"ast-content-background-meta":{"desktop":{"background-color":"var(--ast-global-color-5)","background-image":"","background-repeat":"repeat","background-position":"center center","background-size":"auto","background-attachment":"scroll","background-type":"","background-media":"","overlay-type":"","overlay-color":"","overlay-opacity":"","overlay-gradient":""},"tablet":{"background-color":"var(--ast-global-color-5)","background-image":"","background-repeat":"repeat","background-position":"center center","background-size":"auto","background-attachment":"scroll","background-type":"","background-media":"","overlay-type":"","overlay-color":"","overlay-opacity":"","overlay-gradient":""},"mobile":{"background-color":"var(--ast-global-color-5)","background-image":"","background-repeat":"repeat","background-position":"center center","background-size":"auto","background-attachment":"scroll","background-type":"","background-media":"","overlay-type":"","overlay-color":"","overlay-opacity":"","overlay-gradient":""}},"footnotes":""},"class_list":["post-929","page","type-page","status-publish","hentry"],"yoast_head":"<!-- This site is optimized with the Yoast SEO plugin v27.0 - https:\/\/yoast.com\/product\/yoast-seo-wordpress\/ -->\r\n<title>P\u0159isp\u011bt - RoboBraille<\/title>\r\n<meta name=\"robots\" content=\"index, follow, max-snippet:-1, max-image-preview:large, max-video-preview:-1\" \/>\r\n<link rel=\"canonical\" href=\"https:\/\/www.robobraille.org\/cs\/prispet\/\" \/>\r\n<meta property=\"og:locale\" content=\"cs_CZ\" \/>\r\n<meta property=\"og:type\" content=\"article\" \/>\r\n<meta property=\"og:title\" content=\"P\u0159isp\u011bt - RoboBraille\" \/>\r\n<meta property=\"og:description\" content=\"M\u016f\u017eete n\u00e1m pomoci uchovat slu\u017ebu RoboBraille dostupnou bezplatn\u011b pro v\u0161echny individu\u00e1ln\u00ed nekomer\u010dn\u00ed u\u017eivatele sv\u00fdm p\u0159\u00edsp\u011bvkem. Pro p\u0159\u00edsp\u011bvek prost\u0159ednictv\u00edm slu\u017eby PayPal nebo kreditn\u00ed karty pou\u017eijte tla\u010d\u00edtko P\u0159isp\u011bt. Oce\u0148ujeme Va\u0161i podporu.&#013;\" \/>\r\n<meta property=\"og:url\" content=\"https:\/\/www.robobraille.org\/cs\/prispet\/\" \/>\r\n<meta property=\"og:site_name\" content=\"RoboBraille\" \/>\r\n<meta name=\"twitter:card\" content=\"summary_large_image\" \/>\r\n<script type=\"application\/ld+json\" class=\"yoast-schema-graph\">{\"@context\":\"https:\/\/schema.org\",\"@graph\":[{\"@type\":\"WebPage\",\"@id\":\"https:\/\/www.robobraille.org\/cs\/prispet\/\",\"url\":\"https:\/\/www.robobraille.org\/cs\/prispet\/\",\"name\":\"P\u0159isp\u011bt - RoboBraille\",\"isPartOf\":{\"@id\":\"https:\/\/www.robobraille.org\/cs\/#website\"},\"datePublished\":\"2021-01-19T13:16:59+00:00\",\"breadcrumb\":{\"@id\":\"https:\/\/www.robobraille.org\/cs\/prispet\/#breadcrumb\"},\"inLanguage\":\"cs\",\"potentialAction\":[{\"@type\":\"ReadAction\",\"target\":[\"https:\/\/www.robobraille.org\/cs\/prispet\/\"]}]},{\"@type\":\"BreadcrumbList\",\"@id\":\"https:\/\/www.robobraille.org\/cs\/prispet\/#breadcrumb\",\"itemListElement\":[{\"@type\":\"ListItem\",\"position\":1,\"name\":\"Home\",\"item\":\"https:\/\/www.robobraille.org\/cs\/\"},{\"@type\":\"ListItem\",\"position\":2,\"name\":\"P\u0159isp\u011bt\"}]},{\"@type\":\"WebSite\",\"@id\":\"https:\/\/www.robobraille.org\/cs\/#website\",\"url\":\"https:\/\/www.robobraille.org\/cs\/\",\"name\":\"RoboBraille\",\"description\":\"\",\"publisher\":{\"@id\":\"https:\/\/www.robobraille.org\/cs\/#organization\"},\"potentialAction\":[{\"@type\":\"SearchAction\",\"target\":{\"@type\":\"EntryPoint\",\"urlTemplate\":\"https:\/\/www.robobraille.org\/cs\/?s={search_term_string}\"},\"query-input\":{\"@type\":\"PropertyValueSpecification\",\"valueRequired\":true,\"valueName\":\"search_term_string\"}}],\"inLanguage\":\"cs\"},{\"@type\":\"Organization\",\"@id\":\"https:\/\/www.robobraille.org\/cs\/#organization\",\"name\":\"RoboBraille\",\"url\":\"https:\/\/www.robobraille.org\/cs\/\",\"logo\":{\"@type\":\"ImageObject\",\"inLanguage\":\"cs\",\"@id\":\"https:\/\/www.robobraille.org\/cs\/#\/schema\/logo\/image\/\",\"url\":\"https:\/\/www.robobraille.org\/wp-content\/uploads\/2020\/11\/RoboBraille.jpg\",\"contentUrl\":\"https:\/\/www.robobraille.org\/wp-content\/uploads\/2020\/11\/RoboBraille.jpg\",\"width\":340,\"height\":98,\"caption\":\"RoboBraille\"},\"image\":{\"@id\":\"https:\/\/www.robobraille.org\/cs\/#\/schema\/logo\/image\/\"}}]}<\/script>\r\n<!-- \/ Yoast SEO plugin. -->","yoast_head_json":{"title":"P\u0159isp\u011bt - RoboBraille","robots":{"index":"index","follow":"follow","max-snippet":"max-snippet:-1","max-image-preview":"max-image-preview:large","max-video-preview":"max-video-preview:-1"},"canonical":"https:\/\/www.robobraille.org\/cs\/prispet\/","og_locale":"cs_CZ","og_type":"article","og_title":"P\u0159isp\u011bt - RoboBraille","og_description":"M\u016f\u017eete n\u00e1m pomoci uchovat slu\u017ebu RoboBraille dostupnou bezplatn\u011b pro v\u0161echny individu\u00e1ln\u00ed nekomer\u010dn\u00ed u\u017eivatele sv\u00fdm p\u0159\u00edsp\u011bvkem. Pro p\u0159\u00edsp\u011bvek prost\u0159ednictv\u00edm slu\u017eby PayPal nebo kreditn\u00ed karty pou\u017eijte tla\u010d\u00edtko P\u0159isp\u011bt. Oce\u0148ujeme Va\u0161i podporu.&#13;","og_url":"https:\/\/www.robobraille.org\/cs\/prispet\/","og_site_name":"RoboBraille","twitter_card":"summary_large_image","schema":{"@context":"https:\/\/schema.org","@graph":[{"@type":"WebPage","@id":"https:\/\/www.robobraille.org\/cs\/prispet\/","url":"https:\/\/www.robobraille.org\/cs\/prispet\/","name":"P\u0159isp\u011bt - RoboBraille","isPartOf":{"@id":"https:\/\/www.robobraille.org\/cs\/#website"},"datePublished":"2021-01-19T13:16:59+00:00","breadcrumb":{"@id":"https:\/\/www.robobraille.org\/cs\/prispet\/#breadcrumb"},"inLanguage":"cs","potentialAction":[{"@type":"ReadAction","target":["https:\/\/www.robobraille.org\/cs\/prispet\/"]}]},{"@type":"BreadcrumbList","@id":"https:\/\/www.robobraille.org\/cs\/prispet\/#breadcrumb","itemListElement":[{"@type":"ListItem","position":1,"name":"Home","item":"https:\/\/www.robobraille.org\/cs\/"},{"@type":"ListItem","position":2,"name":"P\u0159isp\u011bt"}]},{"@type":"WebSite","@id":"https:\/\/www.robobraille.org\/cs\/#website","url":"https:\/\/www.robobraille.org\/cs\/","name":"RoboBraille","description":"","publisher":{"@id":"https:\/\/www.robobraille.org\/cs\/#organization"},"potentialAction":[{"@type":"SearchAction","target":{"@type":"EntryPoint","urlTemplate":"https:\/\/www.robobraille.org\/cs\/?s={search_term_string}"},"query-input":{"@type":"PropertyValueSpecification","valueRequired":true,"valueName":"search_term_string"}}],"inLanguage":"cs"},{"@type":"Organization","@id":"https:\/\/www.robobraille.org\/cs\/#organization","name":"RoboBraille","url":"https:\/\/www.robobraille.org\/cs\/","logo":{"@type":"ImageObject","inLanguage":"cs","@id":"https:\/\/www.robobraille.org\/cs\/#\/schema\/logo\/image\/","url":"https:\/\/www.robobraille.org\/wp-content\/uploads\/2020\/11\/RoboBraille.jpg","contentUrl":"https:\/\/www.robobraille.org\/wp-content\/uploads\/2020\/11\/RoboBraille.jpg","width":340,"height":98,"caption":"RoboBraille"},"image":{"@id":"https:\/\/www.robobraille.org\/cs\/#\/schema\/logo\/image\/"}}]}},"_links":{"self":[{"href":"https:\/\/www.robobraille.org\/cs\/wp-json\/wp\/v2\/pages\/929","targetHints":{"allow":["GET"]}}],"collection":[{"href":"https:\/\/www.robobraille.org\/cs\/wp-json\/wp\/v2\/pages"}],"about":[{"href":"https:\/\/www.robobraille.org\/cs\/wp-json\/wp\/v2\/types\/page"}],"author":[{"embeddable":true,"href":"https:\/\/www.robobraille.org\/cs\/wp-json\/wp\/v2\/users\/4"}],"replies":[{"embeddable":true,"href":"https:\/\/www.robobraille.org\/cs\/wp-json\/wp\/v2\/comments?post=929"}],"version-history":[{"count":1,"href":"https:\/\/www.robobraille.org\/cs\/wp-json\/wp\/v2\/pages\/929\/revisions"}],"predecessor-version":[{"id":930,"href":"https:\/\/www.robobraille.org\/cs\/wp-json\/wp\/v2\/pages\/929\/revisions\/930"}],"wp:attachment":[{"href":"https:\/\/www.robobraille.org\/cs\/wp-json\/wp\/v2\/media?parent=929"}],"curies":[{"name":"wp","href":"https:\/\/api.w.org\/{rel}","templated":true}]}}