{"id":1218,"date":"2021-01-21T11:12:32","date_gmt":"2021-01-21T10:12:32","guid":{"rendered":"https:\/\/www.robobraille.org\/zdroje\/smart-training-course\/"},"modified":"2021-01-21T11:12:33","modified_gmt":"2021-01-21T10:12:33","slug":"smart-training-course","status":"publish","type":"page","link":"https:\/\/www.robobraille.org\/cs\/zdroje\/smart-training-course\/","title":{"rendered":"SMART Training Course"},"content":{"rendered":"\n<p>The RoboBraille SMART\u00a0Alternate Media Training Course was developed as part of the\u00a0RoboBraille SMART Alternate Media project. Funded\u00a0by the European Commission under the Leonardi da Vinci part of the Life Long Learning programme, the goal of the project was\u00a0to explore new smarter and easier methods to prepare and produce educational material in alternate formats (e.g., digital Braille, audio books, e-books and other accessible documents) using RoboBraille and other relevant free ICT tools, and to further educate teachers, parents and professional alternate media producers supporting people with visual and reading impairments to use such methods and tools.<\/p>\n\n<p>A Course Handbook as well as six training units were produced as part of\u00a0the project. The material can be downloaded from the links below:<\/p>\n\n<h2 class=\"wp-block-heading\">Course Handbook<\/h2>\n\n<p>RoboBraille SMART Alternative Media Course Handbook\u00a0(in PDF)<\/p>\n\n<p>RoboBraille SMART Alternative Media Course Handbook\u00a0(in Word)<\/p>\n\n<h2 class=\"wp-block-heading\">Training Units<\/h2>\n\n<h3 class=\"wp-block-heading\">Unit 1 &#8211;\u00a0An Introduction to inclusive education<\/h3>\n\n<p>In the first unit, the topic of inclusive education is introduced and discussed using case studies.\u00a0Inclusive education is at the heart of the SMART course and learners will be introduced to the concepts such as universal design theory, assistive technologies and learning technologies. Building on these, learners will learn more about the RoboBraille Consortium and its members, in particular how inclusive education can be implemented at local, regional and national levels.<\/p>\n\n<p>Slides supporting Unit 1<\/p>\n\n<h3 class=\"wp-block-heading\">Unit 2 &#8211;\u00a0Designing Accessible Documents<\/h3>\n\n<p>In the\u00a0second unit, learners will be introduced to how to create accessible documents. To begin, the unit will offer learners an insight into the concept of universal design theory and the origins of accessibility in education. Following this, learners will learn about the procedures and challenges to creating accessible common documents. In particular, guidelines will be provided for the creation of accessible Word documents and PDF\u2019s. From here, the unit will present an overview of the challenges to creating accessible PowerPoint documents. Finally, the unit will offer learners an insight into the principles behind accessible web content.<\/p>\n\n<p>Slides supporting Unit 2<\/p>\n\n<h3 class=\"wp-block-heading\">Unit 3 &#8211;\u00a0Using Learning Technologies to support Learners<\/h3>\n\n<p>In the\u00a0third unit, learners will be introduced to how to use learning technologies in an inclusive learning environment. To begin, the unit will offer learners an insight into free learning technologies such as mind maps, audio notes and RoboBraille. Building on this, the Unit will present an inclusive play strategy to improve brain harmonisation and coordination. Following this, learners will be directed to\u00a0Unit 3\u00a0slides, where they will be introduced to the specific challenges of supporting Learners with visual impairments and Learners with specific learning difficulties.<\/p>\n\n<p>Slides supporting Unit 3<\/p>\n\n<h3 class=\"wp-block-heading\">Unit 4 &#8211;\u00a0DAISY Conversions<\/h3>\n\n<p>In Unit four, learners will become familiar with the procedures needed in order to create DAISY conversions. To begin, the unit will focus on what is DAISY and offer learners an insight into the different types of DAISY conversion options. Following this, the Unit will guide learners through a complete DAISY process and outline specific tasks to be completed either in class or outside of class time.<\/p>\n\n<p>Slides supporting Unit 4<\/p>\n\n<h3 class=\"wp-block-heading\">Unit 5 &#8211;\u00a0E-book conversions<\/h3>\n\n<p>In the\u00a0fifth Unit, learners will become familiar with the procedures needed in order to create E-Book conversions. To begin, the unit will focus on what E-book conversions are and offer learners an insight into the different types of e-book conversions available. Following this, the Unit will guide learners through a complete E-book conversion process and outline specific tasks to be completed either in class or outside of class time.<\/p>\n\n<p>Slides supporting Unit 5<\/p>\n\n<h3 class=\"wp-block-heading\">Unit 6 &#8211;\u00a0Braille conversions<\/h3>\n\n<p>In the\u00a0sixth Unit, learners will become familiar with the procedures needed in order to create Braille conversions. To begin, the unit will focus on what Braille conversions are and offer learners an insight into the challenges of Braille conversion. Following this, the Unit will guide learners through a Braille conversion processes and outline specific tasks to be completed either in class or outside of class time.<\/p>\n\n<p>Slides supporting Unit 6<\/p>\n<p><img loading=\"lazy\" decoding=\"async\" width=\"150\" height=\"76\" src=\"https:\/\/www.robobraille.org\/wp-content\/uploads\/2020\/11\/rsz_leonardo-smart-logo_color.jpg\" alt=\"Leonardo SMART\" loading=\"lazy\"><\/p>\n","protected":false},"excerpt":{"rendered":"<p>The RoboBraille SMART\u00a0Alternate Media Training Course was developed as part of the\u00a0RoboBraille SMART Alternate Media project. Funded\u00a0by the European Commission under the Leonardi da Vinci part of the Life Long Learning programme, the goal of the project was\u00a0to explore new smarter and easier methods to prepare and produce educational material in alternate formats (e.g., digital [&hellip;]<\/p>\n","protected":false},"author":4,"featured_media":0,"parent":1051,"menu_order":0,"comment_status":"closed","ping_status":"closed","template":"","meta":{"site-sidebar-layout":"default","site-content-layout":"default","ast-site-content-layout":"default","site-content-style":"default","site-sidebar-style":"default","ast-global-header-display":"","ast-banner-title-visibility":"","ast-main-header-display":"","ast-hfb-above-header-display":"","ast-hfb-below-header-display":"","ast-hfb-mobile-header-display":"","site-post-title":"","ast-breadcrumbs-content":"","ast-featured-img":"","footer-sml-layout":"","ast-disable-related-posts":"","theme-transparent-header-meta":"default","adv-header-id-meta":"","stick-header-meta":"","header-above-stick-meta":"","header-main-stick-meta":"","header-below-stick-meta":"","astra-migrate-meta-layouts":"default","ast-page-background-enabled":"default","ast-page-background-meta":{"desktop":{"background-color":"","background-image":"","background-repeat":"repeat","background-position":"center center","background-size":"auto","background-attachment":"scroll","background-type":"","background-media":"","overlay-type":"","overlay-color":"","overlay-opacity":"","overlay-gradient":""},"tablet":{"background-color":"","background-image":"","background-repeat":"repeat","background-position":"center center","background-size":"auto","background-attachment":"scroll","background-type":"","background-media":"","overlay-type":"","overlay-color":"","overlay-opacity":"","overlay-gradient":""},"mobile":{"background-color":"","background-image":"","background-repeat":"repeat","background-position":"center center","background-size":"auto","background-attachment":"scroll","background-type":"","background-media":"","overlay-type":"","overlay-color":"","overlay-opacity":"","overlay-gradient":""}},"ast-content-background-meta":{"desktop":{"background-color":"var(--ast-global-color-5)","background-image":"","background-repeat":"repeat","background-position":"center center","background-size":"auto","background-attachment":"scroll","background-type":"","background-media":"","overlay-type":"","overlay-color":"","overlay-opacity":"","overlay-gradient":""},"tablet":{"background-color":"var(--ast-global-color-5)","background-image":"","background-repeat":"repeat","background-position":"center center","background-size":"auto","background-attachment":"scroll","background-type":"","background-media":"","overlay-type":"","overlay-color":"","overlay-opacity":"","overlay-gradient":""},"mobile":{"background-color":"var(--ast-global-color-5)","background-image":"","background-repeat":"repeat","background-position":"center center","background-size":"auto","background-attachment":"scroll","background-type":"","background-media":"","overlay-type":"","overlay-color":"","overlay-opacity":"","overlay-gradient":""}},"footnotes":""},"class_list":["post-1218","page","type-page","status-publish","hentry"],"yoast_head":"<!-- This site is optimized with the Yoast SEO plugin v27.0 - https:\/\/yoast.com\/product\/yoast-seo-wordpress\/ -->\r\n<title>SMART Training Course - RoboBraille<\/title>\r\n<meta name=\"robots\" content=\"index, follow, max-snippet:-1, max-image-preview:large, max-video-preview:-1\" \/>\r\n<link rel=\"canonical\" href=\"https:\/\/www.robobraille.org\/cs\/zdroje\/smart-training-course\/\" \/>\r\n<meta property=\"og:locale\" content=\"cs_CZ\" \/>\r\n<meta property=\"og:type\" content=\"article\" \/>\r\n<meta property=\"og:title\" content=\"SMART Training Course - RoboBraille\" \/>\r\n<meta property=\"og:description\" content=\"The RoboBraille SMART\u00a0Alternate Media Training Course was developed as part of the\u00a0RoboBraille SMART Alternate Media project. Funded\u00a0by the European Commission under the Leonardi da Vinci part of the Life Long Learning programme, the goal of the project was\u00a0to explore new smarter and easier methods to prepare and produce educational material in alternate formats (e.g., digital [&hellip;]\" \/>\r\n<meta property=\"og:url\" content=\"https:\/\/www.robobraille.org\/cs\/zdroje\/smart-training-course\/\" \/>\r\n<meta property=\"og:site_name\" content=\"RoboBraille\" \/>\r\n<meta property=\"article:modified_time\" content=\"2021-01-21T10:12:33+00:00\" \/>\r\n<meta property=\"og:image\" content=\"https:\/\/www.robobraille.org\/wp-content\/uploads\/2020\/11\/rsz_leonardo-smart-logo_color.jpg\" \/>\r\n<meta name=\"twitter:card\" content=\"summary_large_image\" \/>\r\n<meta name=\"twitter:label1\" content=\"Odhadovan\u00e1 doba \u010dten\u00ed\" \/>\n\t<meta name=\"twitter:data1\" content=\"3 minuty\" \/>\r\n<script type=\"application\/ld+json\" class=\"yoast-schema-graph\">{\"@context\":\"https:\/\/schema.org\",\"@graph\":[{\"@type\":\"WebPage\",\"@id\":\"https:\/\/www.robobraille.org\/cs\/zdroje\/smart-training-course\/\",\"url\":\"https:\/\/www.robobraille.org\/cs\/zdroje\/smart-training-course\/\",\"name\":\"SMART Training Course - RoboBraille\",\"isPartOf\":{\"@id\":\"https:\/\/www.robobraille.org\/cs\/#website\"},\"primaryImageOfPage\":{\"@id\":\"https:\/\/www.robobraille.org\/cs\/zdroje\/smart-training-course\/#primaryimage\"},\"image\":{\"@id\":\"https:\/\/www.robobraille.org\/cs\/zdroje\/smart-training-course\/#primaryimage\"},\"thumbnailUrl\":\"https:\/\/www.robobraille.org\/wp-content\/uploads\/2020\/11\/rsz_leonardo-smart-logo_color.jpg\",\"datePublished\":\"2021-01-21T10:12:32+00:00\",\"dateModified\":\"2021-01-21T10:12:33+00:00\",\"breadcrumb\":{\"@id\":\"https:\/\/www.robobraille.org\/cs\/zdroje\/smart-training-course\/#breadcrumb\"},\"inLanguage\":\"cs\",\"potentialAction\":[{\"@type\":\"ReadAction\",\"target\":[\"https:\/\/www.robobraille.org\/cs\/zdroje\/smart-training-course\/\"]}]},{\"@type\":\"ImageObject\",\"inLanguage\":\"cs\",\"@id\":\"https:\/\/www.robobraille.org\/cs\/zdroje\/smart-training-course\/#primaryimage\",\"url\":\"https:\/\/www.robobraille.org\/wp-content\/uploads\/2020\/11\/rsz_leonardo-smart-logo_color.jpg\",\"contentUrl\":\"https:\/\/www.robobraille.org\/wp-content\/uploads\/2020\/11\/rsz_leonardo-smart-logo_color.jpg\"},{\"@type\":\"BreadcrumbList\",\"@id\":\"https:\/\/www.robobraille.org\/cs\/zdroje\/smart-training-course\/#breadcrumb\",\"itemListElement\":[{\"@type\":\"ListItem\",\"position\":1,\"name\":\"Home\",\"item\":\"https:\/\/www.robobraille.org\/cs\/\"},{\"@type\":\"ListItem\",\"position\":2,\"name\":\"Zdroje\",\"item\":\"https:\/\/www.robobraille.org\/cs\/zdroje\/\"},{\"@type\":\"ListItem\",\"position\":3,\"name\":\"SMART Training Course\"}]},{\"@type\":\"WebSite\",\"@id\":\"https:\/\/www.robobraille.org\/cs\/#website\",\"url\":\"https:\/\/www.robobraille.org\/cs\/\",\"name\":\"RoboBraille\",\"description\":\"\",\"publisher\":{\"@id\":\"https:\/\/www.robobraille.org\/cs\/#organization\"},\"potentialAction\":[{\"@type\":\"SearchAction\",\"target\":{\"@type\":\"EntryPoint\",\"urlTemplate\":\"https:\/\/www.robobraille.org\/cs\/?s={search_term_string}\"},\"query-input\":{\"@type\":\"PropertyValueSpecification\",\"valueRequired\":true,\"valueName\":\"search_term_string\"}}],\"inLanguage\":\"cs\"},{\"@type\":\"Organization\",\"@id\":\"https:\/\/www.robobraille.org\/cs\/#organization\",\"name\":\"RoboBraille\",\"url\":\"https:\/\/www.robobraille.org\/cs\/\",\"logo\":{\"@type\":\"ImageObject\",\"inLanguage\":\"cs\",\"@id\":\"https:\/\/www.robobraille.org\/cs\/#\/schema\/logo\/image\/\",\"url\":\"https:\/\/www.robobraille.org\/wp-content\/uploads\/2020\/11\/RoboBraille.jpg\",\"contentUrl\":\"https:\/\/www.robobraille.org\/wp-content\/uploads\/2020\/11\/RoboBraille.jpg\",\"width\":340,\"height\":98,\"caption\":\"RoboBraille\"},\"image\":{\"@id\":\"https:\/\/www.robobraille.org\/cs\/#\/schema\/logo\/image\/\"}}]}<\/script>\r\n<!-- \/ Yoast SEO plugin. -->","yoast_head_json":{"title":"SMART Training Course - RoboBraille","robots":{"index":"index","follow":"follow","max-snippet":"max-snippet:-1","max-image-preview":"max-image-preview:large","max-video-preview":"max-video-preview:-1"},"canonical":"https:\/\/www.robobraille.org\/cs\/zdroje\/smart-training-course\/","og_locale":"cs_CZ","og_type":"article","og_title":"SMART Training Course - RoboBraille","og_description":"The RoboBraille SMART\u00a0Alternate Media Training Course was developed as part of the\u00a0RoboBraille SMART Alternate Media project. Funded\u00a0by the European Commission under the Leonardi da Vinci part of the Life Long Learning programme, the goal of the project was\u00a0to explore new smarter and easier methods to prepare and produce educational material in alternate formats (e.g., digital [&hellip;]","og_url":"https:\/\/www.robobraille.org\/cs\/zdroje\/smart-training-course\/","og_site_name":"RoboBraille","article_modified_time":"2021-01-21T10:12:33+00:00","og_image":[{"url":"https:\/\/www.robobraille.org\/wp-content\/uploads\/2020\/11\/rsz_leonardo-smart-logo_color.jpg","type":"","width":"","height":""}],"twitter_card":"summary_large_image","twitter_misc":{"Odhadovan\u00e1 doba \u010dten\u00ed":"3 minuty"},"schema":{"@context":"https:\/\/schema.org","@graph":[{"@type":"WebPage","@id":"https:\/\/www.robobraille.org\/cs\/zdroje\/smart-training-course\/","url":"https:\/\/www.robobraille.org\/cs\/zdroje\/smart-training-course\/","name":"SMART Training Course - RoboBraille","isPartOf":{"@id":"https:\/\/www.robobraille.org\/cs\/#website"},"primaryImageOfPage":{"@id":"https:\/\/www.robobraille.org\/cs\/zdroje\/smart-training-course\/#primaryimage"},"image":{"@id":"https:\/\/www.robobraille.org\/cs\/zdroje\/smart-training-course\/#primaryimage"},"thumbnailUrl":"https:\/\/www.robobraille.org\/wp-content\/uploads\/2020\/11\/rsz_leonardo-smart-logo_color.jpg","datePublished":"2021-01-21T10:12:32+00:00","dateModified":"2021-01-21T10:12:33+00:00","breadcrumb":{"@id":"https:\/\/www.robobraille.org\/cs\/zdroje\/smart-training-course\/#breadcrumb"},"inLanguage":"cs","potentialAction":[{"@type":"ReadAction","target":["https:\/\/www.robobraille.org\/cs\/zdroje\/smart-training-course\/"]}]},{"@type":"ImageObject","inLanguage":"cs","@id":"https:\/\/www.robobraille.org\/cs\/zdroje\/smart-training-course\/#primaryimage","url":"https:\/\/www.robobraille.org\/wp-content\/uploads\/2020\/11\/rsz_leonardo-smart-logo_color.jpg","contentUrl":"https:\/\/www.robobraille.org\/wp-content\/uploads\/2020\/11\/rsz_leonardo-smart-logo_color.jpg"},{"@type":"BreadcrumbList","@id":"https:\/\/www.robobraille.org\/cs\/zdroje\/smart-training-course\/#breadcrumb","itemListElement":[{"@type":"ListItem","position":1,"name":"Home","item":"https:\/\/www.robobraille.org\/cs\/"},{"@type":"ListItem","position":2,"name":"Zdroje","item":"https:\/\/www.robobraille.org\/cs\/zdroje\/"},{"@type":"ListItem","position":3,"name":"SMART Training Course"}]},{"@type":"WebSite","@id":"https:\/\/www.robobraille.org\/cs\/#website","url":"https:\/\/www.robobraille.org\/cs\/","name":"RoboBraille","description":"","publisher":{"@id":"https:\/\/www.robobraille.org\/cs\/#organization"},"potentialAction":[{"@type":"SearchAction","target":{"@type":"EntryPoint","urlTemplate":"https:\/\/www.robobraille.org\/cs\/?s={search_term_string}"},"query-input":{"@type":"PropertyValueSpecification","valueRequired":true,"valueName":"search_term_string"}}],"inLanguage":"cs"},{"@type":"Organization","@id":"https:\/\/www.robobraille.org\/cs\/#organization","name":"RoboBraille","url":"https:\/\/www.robobraille.org\/cs\/","logo":{"@type":"ImageObject","inLanguage":"cs","@id":"https:\/\/www.robobraille.org\/cs\/#\/schema\/logo\/image\/","url":"https:\/\/www.robobraille.org\/wp-content\/uploads\/2020\/11\/RoboBraille.jpg","contentUrl":"https:\/\/www.robobraille.org\/wp-content\/uploads\/2020\/11\/RoboBraille.jpg","width":340,"height":98,"caption":"RoboBraille"},"image":{"@id":"https:\/\/www.robobraille.org\/cs\/#\/schema\/logo\/image\/"}}]}},"_links":{"self":[{"href":"https:\/\/www.robobraille.org\/cs\/wp-json\/wp\/v2\/pages\/1218","targetHints":{"allow":["GET"]}}],"collection":[{"href":"https:\/\/www.robobraille.org\/cs\/wp-json\/wp\/v2\/pages"}],"about":[{"href":"https:\/\/www.robobraille.org\/cs\/wp-json\/wp\/v2\/types\/page"}],"author":[{"embeddable":true,"href":"https:\/\/www.robobraille.org\/cs\/wp-json\/wp\/v2\/users\/4"}],"replies":[{"embeddable":true,"href":"https:\/\/www.robobraille.org\/cs\/wp-json\/wp\/v2\/comments?post=1218"}],"version-history":[{"count":1,"href":"https:\/\/www.robobraille.org\/cs\/wp-json\/wp\/v2\/pages\/1218\/revisions"}],"predecessor-version":[{"id":1219,"href":"https:\/\/www.robobraille.org\/cs\/wp-json\/wp\/v2\/pages\/1218\/revisions\/1219"}],"up":[{"embeddable":true,"href":"https:\/\/www.robobraille.org\/cs\/wp-json\/wp\/v2\/pages\/1051"}],"wp:attachment":[{"href":"https:\/\/www.robobraille.org\/cs\/wp-json\/wp\/v2\/media?parent=1218"}],"curies":[{"name":"wp","href":"https:\/\/api.w.org\/{rel}","templated":true}]}}