{"id":1139,"date":"2021-01-20T15:46:23","date_gmt":"2021-01-20T14:46:23","guid":{"rendered":"https:\/\/www.robobraille.org\/zdroje\/robobraille-elektronicky-vyukovy-kurz\/"},"modified":"2021-01-20T15:46:24","modified_gmt":"2021-01-20T14:46:24","slug":"robobraille-elektronicky-vyukovy-kurz","status":"publish","type":"page","link":"https:\/\/www.robobraille.org\/cs\/zdroje\/robobraille-elektronicky-vyukovy-kurz\/","title":{"rendered":"RoboBraille elektronick\u00fd v\u00fdukov\u00fd kurz"},"content":{"rendered":"\n<p>V\u00edtejte v elektronick\u00e9m v\u00fdukov\u00e9m kurzu RoboBraille. Tento kurz je navr\u017een tak , aby V\u00e1m kompletn\u011b p\u0159edstavil slu\u017ebu RoboBraille. Nau\u010d\u00ed V\u00e1s tak\u00e9 jak pou\u017e\u00edvat RoboBraille k p\u0159eveden\u00ed r\u016fzn\u00fdch dokument\u016f do alternativn\u00edch form\u00e1t\u016f jako audio knihy, e-knihy, digit\u00e1ln\u00ed velkoplo\u0161n\u00fd tisk a Braillovo p\u00edsmo.&#13;\n&#13;\n<\/p>\n\n<h2 class=\"wp-block-heading\">Anglick\u00e9 vyd\u00e1n\u00ed<\/h2>\n\n<p><a href=\"https:\/\/access.sensus.dk\/elearn\/rb\/en-gb\/module1\/story.html\">Module 1: \u00davod do elektronick\u00e9ho v\u00fdukov\u00e9ho kurzu\u00a0<\/a><\/p>\n\n<p><a href=\"https:\/\/access.sensus.dk\/elearn\/rb\/en-gb\/module2\/story.html\">Module 2: \u00davod do slu\u017eby RoboBraille <\/a><\/p>\n\n<p><a href=\"https:\/\/access.sensus.dk\/elearn\/rb\/en-gb\/module3\/story.html\">Module 3: Produkce jednoduch\u00fdch MP3 soubor\u016f<\/a><\/p>\n\n<p><a href=\"https:\/\/access.sensus.dk\/elearn\/rb\/en-gb\/module4\/story.html\">Module 4: P\u0159evod nep\u0159\u00edstupn\u00fdch nebo obt\u00ed\u017en\u00fdch dokument\u016f<\/a><\/p>\n\n<p><a href=\"https:\/\/access.sensus.dk\/elearn\/rb\/en-gb\/module5\/story.html\">Module 5: Produkce jednoduch\u00fdch e-knih<\/a><\/p>\n\n<p><a href=\"https:\/\/access.sensus.dk\/elearn\/rb\/en-gb\/module6\/story.html\">Module 6: N\u00e1vrh a tvorba p\u0159\u00edstupn\u00fdch dokument\u016f<\/a><\/p>\n\n<p><a href=\"https:\/\/access.sensus.dk\/elearn\/rb\/en-gb\/module7\/story.html\">Module 7: Produkce pokro\u010dil\u00fdch e-knih<\/a><\/p>\n\n<p><a href=\"https:\/\/access.sensus.dk\/elearn\/rb\/en-gb\/module8\/story.html\">Module 8: Produkce DAISY knih<\/a><\/p>\n\n<p><a href=\"https:\/\/access.sensus.dk\/elearn\/rb\/en-gb\/module9\/story.html\">Module 9: Produkce Braillova p\u00edsma<\/a><\/p>\n\n<h2 class=\"wp-block-heading\">\u010cesk\u00e9 vyd\u00e1n\u00ed<\/h2>\n\n<p><a href=\"https:\/\/access.sensus.dk\/elearn\/rb\/cs\/module2\/story.html\">\u00davod do slu\u017eby RoboBraille<\/a><\/p>\n\n<h2 class=\"wp-block-heading\"> <\/h2>\n\n<p> <\/p>\n\n<h2 class=\"wp-block-heading\">Slovensk\u00e9 vyd\u00e1n\u00ed<\/h2>\n\n<p><a href=\"https:\/\/access.sensus.dk\/elearn\/rb\/sk\/module2\/story.html\">\u00davod do slu\u017eby RoboBraille<\/a><\/p>\n","protected":false},"excerpt":{"rendered":"<p>V\u00edtejte v elektronick\u00e9m v\u00fdukov\u00e9m kurzu RoboBraille. Tento kurz je navr\u017een tak , aby V\u00e1m kompletn\u011b p\u0159edstavil slu\u017ebu RoboBraille. Nau\u010d\u00ed V\u00e1s tak\u00e9 jak pou\u017e\u00edvat RoboBraille k p\u0159eveden\u00ed r\u016fzn\u00fdch dokument\u016f do alternativn\u00edch form\u00e1t\u016f jako audio knihy, e-knihy, digit\u00e1ln\u00ed velkoplo\u0161n\u00fd tisk a Braillovo p\u00edsmo.&#13; &#13; Anglick\u00e9 vyd\u00e1n\u00ed Module 1: \u00davod do elektronick\u00e9ho v\u00fdukov\u00e9ho kurzu\u00a0 Module 2: \u00davod do [&hellip;]<\/p>\n","protected":false},"author":4,"featured_media":0,"parent":1051,"menu_order":0,"comment_status":"closed","ping_status":"closed","template":"","meta":{"site-sidebar-layout":"default","site-content-layout":"default","ast-site-content-layout":"default","site-content-style":"default","site-sidebar-style":"default","ast-global-header-display":"","ast-banner-title-visibility":"","ast-main-header-display":"","ast-hfb-above-header-display":"","ast-hfb-below-header-display":"","ast-hfb-mobile-header-display":"","site-post-title":"","ast-breadcrumbs-content":"","ast-featured-img":"","footer-sml-layout":"","ast-disable-related-posts":"","theme-transparent-header-meta":"default","adv-header-id-meta":"","stick-header-meta":"","header-above-stick-meta":"","header-main-stick-meta":"","header-below-stick-meta":"","astra-migrate-meta-layouts":"default","ast-page-background-enabled":"default","ast-page-background-meta":{"desktop":{"background-color":"","background-image":"","background-repeat":"repeat","background-position":"center center","background-size":"auto","background-attachment":"scroll","background-type":"","background-media":"","overlay-type":"","overlay-color":"","overlay-opacity":"","overlay-gradient":""},"tablet":{"background-color":"","background-image":"","background-repeat":"repeat","background-position":"center center","background-size":"auto","background-attachment":"scroll","background-type":"","background-media":"","overlay-type":"","overlay-color":"","overlay-opacity":"","overlay-gradient":""},"mobile":{"background-color":"","background-image":"","background-repeat":"repeat","background-position":"center center","background-size":"auto","background-attachment":"scroll","background-type":"","background-media":"","overlay-type":"","overlay-color":"","overlay-opacity":"","overlay-gradient":""}},"ast-content-background-meta":{"desktop":{"background-color":"var(--ast-global-color-5)","background-image":"","background-repeat":"repeat","background-position":"center center","background-size":"auto","background-attachment":"scroll","background-type":"","background-media":"","overlay-type":"","overlay-color":"","overlay-opacity":"","overlay-gradient":""},"tablet":{"background-color":"var(--ast-global-color-5)","background-image":"","background-repeat":"repeat","background-position":"center center","background-size":"auto","background-attachment":"scroll","background-type":"","background-media":"","overlay-type":"","overlay-color":"","overlay-opacity":"","overlay-gradient":""},"mobile":{"background-color":"var(--ast-global-color-5)","background-image":"","background-repeat":"repeat","background-position":"center center","background-size":"auto","background-attachment":"scroll","background-type":"","background-media":"","overlay-type":"","overlay-color":"","overlay-opacity":"","overlay-gradient":""}},"footnotes":""},"class_list":["post-1139","page","type-page","status-publish","hentry"],"yoast_head":"<!-- This site is optimized with the Yoast SEO plugin v27.0 - https:\/\/yoast.com\/product\/yoast-seo-wordpress\/ -->\r\n<title>RoboBraille elektronick\u00fd v\u00fdukov\u00fd kurz - RoboBraille<\/title>\r\n<meta name=\"robots\" content=\"index, follow, max-snippet:-1, max-image-preview:large, max-video-preview:-1\" \/>\r\n<link rel=\"canonical\" href=\"https:\/\/www.robobraille.org\/cs\/zdroje\/robobraille-elektronicky-vyukovy-kurz\/\" \/>\r\n<meta property=\"og:locale\" content=\"cs_CZ\" \/>\r\n<meta property=\"og:type\" content=\"article\" \/>\r\n<meta property=\"og:title\" content=\"RoboBraille elektronick\u00fd v\u00fdukov\u00fd kurz - RoboBraille\" \/>\r\n<meta property=\"og:description\" content=\"V\u00edtejte v elektronick\u00e9m v\u00fdukov\u00e9m kurzu RoboBraille. Tento kurz je navr\u017een tak , aby V\u00e1m kompletn\u011b p\u0159edstavil slu\u017ebu RoboBraille. Nau\u010d\u00ed V\u00e1s tak\u00e9 jak pou\u017e\u00edvat RoboBraille k p\u0159eveden\u00ed r\u016fzn\u00fdch dokument\u016f do alternativn\u00edch form\u00e1t\u016f jako audio knihy, e-knihy, digit\u00e1ln\u00ed velkoplo\u0161n\u00fd tisk a Braillovo p\u00edsmo.&#013; &#013; Anglick\u00e9 vyd\u00e1n\u00ed Module 1: \u00davod do elektronick\u00e9ho v\u00fdukov\u00e9ho kurzu\u00a0 Module 2: \u00davod do [&hellip;]\" \/>\r\n<meta property=\"og:url\" content=\"https:\/\/www.robobraille.org\/cs\/zdroje\/robobraille-elektronicky-vyukovy-kurz\/\" \/>\r\n<meta property=\"og:site_name\" content=\"RoboBraille\" \/>\r\n<meta property=\"article:modified_time\" content=\"2021-01-20T14:46:24+00:00\" \/>\r\n<meta name=\"twitter:card\" content=\"summary_large_image\" \/>\r\n<meta name=\"twitter:label1\" content=\"Odhadovan\u00e1 doba \u010dten\u00ed\" \/>\n\t<meta name=\"twitter:data1\" content=\"1 minuta\" \/>\r\n<script type=\"application\/ld+json\" class=\"yoast-schema-graph\">{\"@context\":\"https:\/\/schema.org\",\"@graph\":[{\"@type\":\"WebPage\",\"@id\":\"https:\/\/www.robobraille.org\/cs\/zdroje\/robobraille-elektronicky-vyukovy-kurz\/\",\"url\":\"https:\/\/www.robobraille.org\/cs\/zdroje\/robobraille-elektronicky-vyukovy-kurz\/\",\"name\":\"RoboBraille elektronick\u00fd v\u00fdukov\u00fd kurz - RoboBraille\",\"isPartOf\":{\"@id\":\"https:\/\/www.robobraille.org\/cs\/#website\"},\"datePublished\":\"2021-01-20T14:46:23+00:00\",\"dateModified\":\"2021-01-20T14:46:24+00:00\",\"breadcrumb\":{\"@id\":\"https:\/\/www.robobraille.org\/cs\/zdroje\/robobraille-elektronicky-vyukovy-kurz\/#breadcrumb\"},\"inLanguage\":\"cs\",\"potentialAction\":[{\"@type\":\"ReadAction\",\"target\":[\"https:\/\/www.robobraille.org\/cs\/zdroje\/robobraille-elektronicky-vyukovy-kurz\/\"]}]},{\"@type\":\"BreadcrumbList\",\"@id\":\"https:\/\/www.robobraille.org\/cs\/zdroje\/robobraille-elektronicky-vyukovy-kurz\/#breadcrumb\",\"itemListElement\":[{\"@type\":\"ListItem\",\"position\":1,\"name\":\"Home\",\"item\":\"https:\/\/www.robobraille.org\/cs\/\"},{\"@type\":\"ListItem\",\"position\":2,\"name\":\"Zdroje\",\"item\":\"https:\/\/www.robobraille.org\/cs\/zdroje\/\"},{\"@type\":\"ListItem\",\"position\":3,\"name\":\"RoboBraille elektronick\u00fd v\u00fdukov\u00fd kurz\"}]},{\"@type\":\"WebSite\",\"@id\":\"https:\/\/www.robobraille.org\/cs\/#website\",\"url\":\"https:\/\/www.robobraille.org\/cs\/\",\"name\":\"RoboBraille\",\"description\":\"\",\"publisher\":{\"@id\":\"https:\/\/www.robobraille.org\/cs\/#organization\"},\"potentialAction\":[{\"@type\":\"SearchAction\",\"target\":{\"@type\":\"EntryPoint\",\"urlTemplate\":\"https:\/\/www.robobraille.org\/cs\/?s={search_term_string}\"},\"query-input\":{\"@type\":\"PropertyValueSpecification\",\"valueRequired\":true,\"valueName\":\"search_term_string\"}}],\"inLanguage\":\"cs\"},{\"@type\":\"Organization\",\"@id\":\"https:\/\/www.robobraille.org\/cs\/#organization\",\"name\":\"RoboBraille\",\"url\":\"https:\/\/www.robobraille.org\/cs\/\",\"logo\":{\"@type\":\"ImageObject\",\"inLanguage\":\"cs\",\"@id\":\"https:\/\/www.robobraille.org\/cs\/#\/schema\/logo\/image\/\",\"url\":\"https:\/\/www.robobraille.org\/wp-content\/uploads\/2020\/11\/RoboBraille.jpg\",\"contentUrl\":\"https:\/\/www.robobraille.org\/wp-content\/uploads\/2020\/11\/RoboBraille.jpg\",\"width\":340,\"height\":98,\"caption\":\"RoboBraille\"},\"image\":{\"@id\":\"https:\/\/www.robobraille.org\/cs\/#\/schema\/logo\/image\/\"}}]}<\/script>\r\n<!-- \/ Yoast SEO plugin. -->","yoast_head_json":{"title":"RoboBraille elektronick\u00fd v\u00fdukov\u00fd kurz - RoboBraille","robots":{"index":"index","follow":"follow","max-snippet":"max-snippet:-1","max-image-preview":"max-image-preview:large","max-video-preview":"max-video-preview:-1"},"canonical":"https:\/\/www.robobraille.org\/cs\/zdroje\/robobraille-elektronicky-vyukovy-kurz\/","og_locale":"cs_CZ","og_type":"article","og_title":"RoboBraille elektronick\u00fd v\u00fdukov\u00fd kurz - RoboBraille","og_description":"V\u00edtejte v elektronick\u00e9m v\u00fdukov\u00e9m kurzu RoboBraille. Tento kurz je navr\u017een tak , aby V\u00e1m kompletn\u011b p\u0159edstavil slu\u017ebu RoboBraille. Nau\u010d\u00ed V\u00e1s tak\u00e9 jak pou\u017e\u00edvat RoboBraille k p\u0159eveden\u00ed r\u016fzn\u00fdch dokument\u016f do alternativn\u00edch form\u00e1t\u016f jako audio knihy, e-knihy, digit\u00e1ln\u00ed velkoplo\u0161n\u00fd tisk a Braillovo p\u00edsmo.&#13; &#13; Anglick\u00e9 vyd\u00e1n\u00ed Module 1: \u00davod do elektronick\u00e9ho v\u00fdukov\u00e9ho kurzu\u00a0 Module 2: \u00davod do [&hellip;]","og_url":"https:\/\/www.robobraille.org\/cs\/zdroje\/robobraille-elektronicky-vyukovy-kurz\/","og_site_name":"RoboBraille","article_modified_time":"2021-01-20T14:46:24+00:00","twitter_card":"summary_large_image","twitter_misc":{"Odhadovan\u00e1 doba \u010dten\u00ed":"1 minuta"},"schema":{"@context":"https:\/\/schema.org","@graph":[{"@type":"WebPage","@id":"https:\/\/www.robobraille.org\/cs\/zdroje\/robobraille-elektronicky-vyukovy-kurz\/","url":"https:\/\/www.robobraille.org\/cs\/zdroje\/robobraille-elektronicky-vyukovy-kurz\/","name":"RoboBraille elektronick\u00fd v\u00fdukov\u00fd kurz - RoboBraille","isPartOf":{"@id":"https:\/\/www.robobraille.org\/cs\/#website"},"datePublished":"2021-01-20T14:46:23+00:00","dateModified":"2021-01-20T14:46:24+00:00","breadcrumb":{"@id":"https:\/\/www.robobraille.org\/cs\/zdroje\/robobraille-elektronicky-vyukovy-kurz\/#breadcrumb"},"inLanguage":"cs","potentialAction":[{"@type":"ReadAction","target":["https:\/\/www.robobraille.org\/cs\/zdroje\/robobraille-elektronicky-vyukovy-kurz\/"]}]},{"@type":"BreadcrumbList","@id":"https:\/\/www.robobraille.org\/cs\/zdroje\/robobraille-elektronicky-vyukovy-kurz\/#breadcrumb","itemListElement":[{"@type":"ListItem","position":1,"name":"Home","item":"https:\/\/www.robobraille.org\/cs\/"},{"@type":"ListItem","position":2,"name":"Zdroje","item":"https:\/\/www.robobraille.org\/cs\/zdroje\/"},{"@type":"ListItem","position":3,"name":"RoboBraille elektronick\u00fd v\u00fdukov\u00fd kurz"}]},{"@type":"WebSite","@id":"https:\/\/www.robobraille.org\/cs\/#website","url":"https:\/\/www.robobraille.org\/cs\/","name":"RoboBraille","description":"","publisher":{"@id":"https:\/\/www.robobraille.org\/cs\/#organization"},"potentialAction":[{"@type":"SearchAction","target":{"@type":"EntryPoint","urlTemplate":"https:\/\/www.robobraille.org\/cs\/?s={search_term_string}"},"query-input":{"@type":"PropertyValueSpecification","valueRequired":true,"valueName":"search_term_string"}}],"inLanguage":"cs"},{"@type":"Organization","@id":"https:\/\/www.robobraille.org\/cs\/#organization","name":"RoboBraille","url":"https:\/\/www.robobraille.org\/cs\/","logo":{"@type":"ImageObject","inLanguage":"cs","@id":"https:\/\/www.robobraille.org\/cs\/#\/schema\/logo\/image\/","url":"https:\/\/www.robobraille.org\/wp-content\/uploads\/2020\/11\/RoboBraille.jpg","contentUrl":"https:\/\/www.robobraille.org\/wp-content\/uploads\/2020\/11\/RoboBraille.jpg","width":340,"height":98,"caption":"RoboBraille"},"image":{"@id":"https:\/\/www.robobraille.org\/cs\/#\/schema\/logo\/image\/"}}]}},"_links":{"self":[{"href":"https:\/\/www.robobraille.org\/cs\/wp-json\/wp\/v2\/pages\/1139","targetHints":{"allow":["GET"]}}],"collection":[{"href":"https:\/\/www.robobraille.org\/cs\/wp-json\/wp\/v2\/pages"}],"about":[{"href":"https:\/\/www.robobraille.org\/cs\/wp-json\/wp\/v2\/types\/page"}],"author":[{"embeddable":true,"href":"https:\/\/www.robobraille.org\/cs\/wp-json\/wp\/v2\/users\/4"}],"replies":[{"embeddable":true,"href":"https:\/\/www.robobraille.org\/cs\/wp-json\/wp\/v2\/comments?post=1139"}],"version-history":[{"count":1,"href":"https:\/\/www.robobraille.org\/cs\/wp-json\/wp\/v2\/pages\/1139\/revisions"}],"predecessor-version":[{"id":1140,"href":"https:\/\/www.robobraille.org\/cs\/wp-json\/wp\/v2\/pages\/1139\/revisions\/1140"}],"up":[{"embeddable":true,"href":"https:\/\/www.robobraille.org\/cs\/wp-json\/wp\/v2\/pages\/1051"}],"wp:attachment":[{"href":"https:\/\/www.robobraille.org\/cs\/wp-json\/wp\/v2\/media?parent=1139"}],"curies":[{"name":"wp","href":"https:\/\/api.w.org\/{rel}","templated":true}]}}