{"id":1019,"date":"2021-01-20T12:13:44","date_gmt":"2021-01-20T11:13:44","guid":{"rendered":"https:\/\/www.robobraille.org\/soukromi-a-podminky\/"},"modified":"2021-01-20T12:13:45","modified_gmt":"2021-01-20T11:13:45","slug":"soukromi-a-podminky","status":"publish","type":"page","link":"https:\/\/www.robobraille.org\/cs\/soukromi-a-podminky\/","title":{"rendered":"Soukrom\u00ed a podm\u00ednky"},"content":{"rendered":"\n<h2 class=\"wp-block-heading\">Soukrom\u00ed<\/h2>\n\n<p>Proces p\u0159evodu dokument\u016f RoboBraille je zcela automatizov\u00e1n a prob\u00edh\u00e1 bez lidsk\u00e9 interakce. Zdrojov\u00e9 dokumenty jsou p\u0159ij\u00edm\u00e1ny na po\u0161tovn\u00edm serveru RoboBraille, zpracov\u00e1ny jedn\u00edm nebo v\u00edce RoboBraille z\u00e1stupci a v\u00fdsledek je vr\u00e1cen odesilateli e-mailem. Zdrojov\u00fd dokument je n\u00e1sledn\u011b smaz\u00e1n ze server\u016f.<\/p>\n\n<p>Z\u00e1znamy o transakc\u00edch jsou uchov\u00e1v\u00e1ny pro statistick\u00e9 a mana\u017eersk\u00e9 \u00fa\u010dely a z d\u016fvodu spamov\u00e9 prevence.<\/p>\n\n<p> <\/p>\n\n<p> <\/p>\n\n<p> <\/p>\n\n<p> <\/p>\n\n<h2 class=\"wp-block-heading\">Podm\u00ednky<\/h2>\n\n<p>Slu\u017ebu RoboBraille poskytuje spole\u010dnost Synscenter Refsn\u00e6s a spole\u010dnost Sensus \u010dist\u011b na b\u00e1zi \u201etak, jak to je.\u201c Spole\u010dnost Synscenter Refsn\u00e6s ani spole\u010dnost Sensus nenesou \u017e\u00e1dnou odpov\u011bdnost za p\u0159\u00edm\u00e9 a\/nebo nep\u0159\u00edm\u00e9 ztr\u00e1ty spojen\u00e9 s u\u017e\u00edv\u00e1n\u00edm t\u00e9to slu\u017eby. Posytovatel\u00e9 slu\u017eby RoboBraille p\u0159edpokl\u00e1daj\u00ed, \u017ee u\u017eivatel\u00e9 maj\u00ed odpov\u00eddaj\u00edc\u00ed pr\u00e1va na jak\u00fdkoli dokument p\u0159edlo\u017een\u00fd slu\u017eb\u011b RoboBraille. Poskytovatel\u00e9 slu\u017eby RoboBraille d\u00e1le p\u0159edpokl\u00e1daj\u00ed, \u017ee u\u017eivatel\u00e9 slu\u017ebu vyu\u017e\u00edvaj\u00ed v souladu s podm\u00ednkami uveden\u00fdmi na t\u00e9to webov\u00e9 str\u00e1nce.<\/p>\n\n<p>RoboBraille je k dispozici zdarma jednotliv\u00fdm u\u017eivatel\u016fm pro striktn\u011b osobn\u00ed, nekomer\u010dn\u00ed pou\u017eit\u00ed. Pro institucion\u00e1ln\u00ed pou\u017eit\u00ed slu\u017eby RoboBraille je vy\u017eadov\u00e1na smlouva o poskytov\u00e1n\u00ed slu\u017eebse spole\u010dnost\u00ed Sensus. Institucion\u00e1ln\u011b p\u0159idru\u017een\u00ed u\u017eivatel\u00e9 (akademick\u00e9 instituce, organizace, sdru\u017een\u00ed apod.), kte\u0159\u00ed jsou povinni poskytovat podporu, p\u0159edstavuj\u00ed sp\u00ed\u0161e institucion\u00e1ln\u00ed ne\u017e individu\u00e1ln\u00ed u\u017eivatele. Tak\u00e9 organizovan\u00e1 v\u00fduka student\u016f, klient\u016f, zam\u011bstnanc\u016f, \u010dlen\u016f, absolvent\u016f a dal\u0161\u00edch u\u017eivatel\u016f o zp\u016fsobu pou\u017eit\u00ed slu\u017eby RoboBraille p\u0159edstavuje institucion\u00e1ln\u00ed vyu\u017eit\u00ed. Institucion\u00e1ln\u00ed u\u017eivatel\u00e9 jako akademick\u00e9 instituce, organizace, sdru\u017een\u00ed apod., kte\u0159\u00ed cht\u011bj\u00ed slu\u017ebu voln\u011b zp\u0159\u00edstupnit jako p\u0159izp\u016fsoben\u00ed a\/nebo prost\u0159ednictv\u00edm p\u0159izp\u016fsoben\u00fdch rozhran\u00ed sv\u00fdm student\u016fm, klient\u016fm, zzam\u011bstnanc\u016fm, \u010dlen\u016fm, absolvent\u016fm a dal\u0161\u00edm by se m\u011bli obr\u00e1tit na spole\u010dnost Sensus na <a href=\"https:\/\/web.archive.org\/web\/20200814182816\/mailto:contact@robobraille.org\">contact@robobraille.org<\/a> ohledn\u011b smlouvy o poskytov\u00e1n\u00ed slu\u017eeb.<\/p>\n\n<p>Komer\u010dn\u00ed pou\u017eit\u00ed slu\u017eby RoboBraille, jako p\u0159eprod\u00e1v\u00e1n\u00ed materi\u00e1lu vytvo\u0159en\u00e9ho slu\u017ebou RoboBraille, jako\u017e i institucion\u00e1ln\u00ed vyu\u017e\u00edv\u00e1n\u00ed slu\u017eby bez \u0159\u00e1dn\u00e9 smlouvy o poskytov\u00e1n\u00ed slu\u017eeb je p\u0159\u00edsn\u011b zak\u00e1z\u00e1no. Akademick\u00e9 instituce, kter\u00e9 cht\u011bj\u00ed RoboBraille vyu\u017e\u00edvat jako ofici\u00e1ln\u00ed p\u0159izp\u016fsoben\u00ed, by m\u011bly uzav\u0159\u00edt smlouvu o poskytov\u00e1n\u00ed slu\u017eeb pro institucion\u00e1ln\u00ed pou\u017eit\u00ed se spole\u010dnost\u00ed Sensus. Organizovan\u00e1 v\u00fduka student\u016f a dal\u0161\u00edch u\u017eivatel\u016f o zp\u016fsobu pou\u017eit\u00ed RoboBraille p\u0159edstavuje institucion\u00e1ln\u00ed vyu\u017eit\u00ed. V p\u0159\u00edpad\u011b zneu\u017eit\u00ed a\/nebo poru\u0161en\u00ed podm\u00ednek stanoven\u00fdch na t\u011bchto webov\u00fdch str\u00e1nk\u00e1ch budou podniknuty pr\u00e1vn\u00ed kroky.<\/p>\n","protected":false},"excerpt":{"rendered":"<p>Soukrom\u00ed Proces p\u0159evodu dokument\u016f RoboBraille je zcela automatizov\u00e1n a prob\u00edh\u00e1 bez lidsk\u00e9 interakce. Zdrojov\u00e9 dokumenty jsou p\u0159ij\u00edm\u00e1ny na po\u0161tovn\u00edm serveru RoboBraille, zpracov\u00e1ny jedn\u00edm nebo v\u00edce RoboBraille z\u00e1stupci a v\u00fdsledek je vr\u00e1cen odesilateli e-mailem. Zdrojov\u00fd dokument je n\u00e1sledn\u011b smaz\u00e1n ze server\u016f. Z\u00e1znamy o transakc\u00edch jsou uchov\u00e1v\u00e1ny pro statistick\u00e9 a mana\u017eersk\u00e9 \u00fa\u010dely a z d\u016fvodu spamov\u00e9 prevence. [&hellip;]<\/p>\n","protected":false},"author":4,"featured_media":0,"parent":0,"menu_order":0,"comment_status":"closed","ping_status":"closed","template":"","meta":{"site-sidebar-layout":"default","site-content-layout":"default","ast-site-content-layout":"default","site-content-style":"default","site-sidebar-style":"default","ast-global-header-display":"","ast-banner-title-visibility":"","ast-main-header-display":"","ast-hfb-above-header-display":"","ast-hfb-below-header-display":"","ast-hfb-mobile-header-display":"","site-post-title":"","ast-breadcrumbs-content":"","ast-featured-img":"","footer-sml-layout":"","ast-disable-related-posts":"","theme-transparent-header-meta":"default","adv-header-id-meta":"","stick-header-meta":"","header-above-stick-meta":"","header-main-stick-meta":"","header-below-stick-meta":"","astra-migrate-meta-layouts":"default","ast-page-background-enabled":"default","ast-page-background-meta":{"desktop":{"background-color":"","background-image":"","background-repeat":"repeat","background-position":"center center","background-size":"auto","background-attachment":"scroll","background-type":"","background-media":"","overlay-type":"","overlay-color":"","overlay-opacity":"","overlay-gradient":""},"tablet":{"background-color":"","background-image":"","background-repeat":"repeat","background-position":"center center","background-size":"auto","background-attachment":"scroll","background-type":"","background-media":"","overlay-type":"","overlay-color":"","overlay-opacity":"","overlay-gradient":""},"mobile":{"background-color":"","background-image":"","background-repeat":"repeat","background-position":"center center","background-size":"auto","background-attachment":"scroll","background-type":"","background-media":"","overlay-type":"","overlay-color":"","overlay-opacity":"","overlay-gradient":""}},"ast-content-background-meta":{"desktop":{"background-color":"var(--ast-global-color-5)","background-image":"","background-repeat":"repeat","background-position":"center center","background-size":"auto","background-attachment":"scroll","background-type":"","background-media":"","overlay-type":"","overlay-color":"","overlay-opacity":"","overlay-gradient":""},"tablet":{"background-color":"var(--ast-global-color-5)","background-image":"","background-repeat":"repeat","background-position":"center center","background-size":"auto","background-attachment":"scroll","background-type":"","background-media":"","overlay-type":"","overlay-color":"","overlay-opacity":"","overlay-gradient":""},"mobile":{"background-color":"var(--ast-global-color-5)","background-image":"","background-repeat":"repeat","background-position":"center center","background-size":"auto","background-attachment":"scroll","background-type":"","background-media":"","overlay-type":"","overlay-color":"","overlay-opacity":"","overlay-gradient":""}},"footnotes":""},"class_list":["post-1019","page","type-page","status-publish","hentry"],"yoast_head":"<!-- This site is optimized with the Yoast SEO plugin v27.0 - https:\/\/yoast.com\/product\/yoast-seo-wordpress\/ -->\r\n<title>Soukrom\u00ed a podm\u00ednky - RoboBraille<\/title>\r\n<meta name=\"robots\" content=\"index, follow, max-snippet:-1, max-image-preview:large, max-video-preview:-1\" \/>\r\n<link rel=\"canonical\" href=\"https:\/\/www.robobraille.org\/cs\/soukromi-a-podminky\/\" \/>\r\n<meta property=\"og:locale\" content=\"cs_CZ\" \/>\r\n<meta property=\"og:type\" content=\"article\" \/>\r\n<meta property=\"og:title\" content=\"Soukrom\u00ed a podm\u00ednky - RoboBraille\" \/>\r\n<meta property=\"og:description\" content=\"Soukrom\u00ed Proces p\u0159evodu dokument\u016f RoboBraille je zcela automatizov\u00e1n a prob\u00edh\u00e1 bez lidsk\u00e9 interakce. Zdrojov\u00e9 dokumenty jsou p\u0159ij\u00edm\u00e1ny na po\u0161tovn\u00edm serveru RoboBraille, zpracov\u00e1ny jedn\u00edm nebo v\u00edce RoboBraille z\u00e1stupci a v\u00fdsledek je vr\u00e1cen odesilateli e-mailem. Zdrojov\u00fd dokument je n\u00e1sledn\u011b smaz\u00e1n ze server\u016f. Z\u00e1znamy o transakc\u00edch jsou uchov\u00e1v\u00e1ny pro statistick\u00e9 a mana\u017eersk\u00e9 \u00fa\u010dely a z d\u016fvodu spamov\u00e9 prevence. [&hellip;]\" \/>\r\n<meta property=\"og:url\" content=\"https:\/\/www.robobraille.org\/cs\/soukromi-a-podminky\/\" \/>\r\n<meta property=\"og:site_name\" content=\"RoboBraille\" \/>\r\n<meta property=\"article:modified_time\" content=\"2021-01-20T11:13:45+00:00\" \/>\r\n<meta name=\"twitter:card\" content=\"summary_large_image\" \/>\r\n<meta name=\"twitter:label1\" content=\"Odhadovan\u00e1 doba \u010dten\u00ed\" \/>\n\t<meta name=\"twitter:data1\" content=\"2 minuty\" \/>\r\n<script type=\"application\/ld+json\" class=\"yoast-schema-graph\">{\"@context\":\"https:\/\/schema.org\",\"@graph\":[{\"@type\":\"WebPage\",\"@id\":\"https:\/\/www.robobraille.org\/cs\/soukromi-a-podminky\/\",\"url\":\"https:\/\/www.robobraille.org\/cs\/soukromi-a-podminky\/\",\"name\":\"Soukrom\u00ed a podm\u00ednky - RoboBraille\",\"isPartOf\":{\"@id\":\"https:\/\/www.robobraille.org\/cs\/#website\"},\"datePublished\":\"2021-01-20T11:13:44+00:00\",\"dateModified\":\"2021-01-20T11:13:45+00:00\",\"breadcrumb\":{\"@id\":\"https:\/\/www.robobraille.org\/cs\/soukromi-a-podminky\/#breadcrumb\"},\"inLanguage\":\"cs\",\"potentialAction\":[{\"@type\":\"ReadAction\",\"target\":[\"https:\/\/www.robobraille.org\/cs\/soukromi-a-podminky\/\"]}]},{\"@type\":\"BreadcrumbList\",\"@id\":\"https:\/\/www.robobraille.org\/cs\/soukromi-a-podminky\/#breadcrumb\",\"itemListElement\":[{\"@type\":\"ListItem\",\"position\":1,\"name\":\"Home\",\"item\":\"https:\/\/www.robobraille.org\/cs\/\"},{\"@type\":\"ListItem\",\"position\":2,\"name\":\"Soukrom\u00ed a podm\u00ednky\"}]},{\"@type\":\"WebSite\",\"@id\":\"https:\/\/www.robobraille.org\/cs\/#website\",\"url\":\"https:\/\/www.robobraille.org\/cs\/\",\"name\":\"RoboBraille\",\"description\":\"\",\"publisher\":{\"@id\":\"https:\/\/www.robobraille.org\/cs\/#organization\"},\"potentialAction\":[{\"@type\":\"SearchAction\",\"target\":{\"@type\":\"EntryPoint\",\"urlTemplate\":\"https:\/\/www.robobraille.org\/cs\/?s={search_term_string}\"},\"query-input\":{\"@type\":\"PropertyValueSpecification\",\"valueRequired\":true,\"valueName\":\"search_term_string\"}}],\"inLanguage\":\"cs\"},{\"@type\":\"Organization\",\"@id\":\"https:\/\/www.robobraille.org\/cs\/#organization\",\"name\":\"RoboBraille\",\"url\":\"https:\/\/www.robobraille.org\/cs\/\",\"logo\":{\"@type\":\"ImageObject\",\"inLanguage\":\"cs\",\"@id\":\"https:\/\/www.robobraille.org\/cs\/#\/schema\/logo\/image\/\",\"url\":\"https:\/\/www.robobraille.org\/wp-content\/uploads\/2020\/11\/RoboBraille.jpg\",\"contentUrl\":\"https:\/\/www.robobraille.org\/wp-content\/uploads\/2020\/11\/RoboBraille.jpg\",\"width\":340,\"height\":98,\"caption\":\"RoboBraille\"},\"image\":{\"@id\":\"https:\/\/www.robobraille.org\/cs\/#\/schema\/logo\/image\/\"}}]}<\/script>\r\n<!-- \/ Yoast SEO plugin. -->","yoast_head_json":{"title":"Soukrom\u00ed a podm\u00ednky - RoboBraille","robots":{"index":"index","follow":"follow","max-snippet":"max-snippet:-1","max-image-preview":"max-image-preview:large","max-video-preview":"max-video-preview:-1"},"canonical":"https:\/\/www.robobraille.org\/cs\/soukromi-a-podminky\/","og_locale":"cs_CZ","og_type":"article","og_title":"Soukrom\u00ed a podm\u00ednky - RoboBraille","og_description":"Soukrom\u00ed Proces p\u0159evodu dokument\u016f RoboBraille je zcela automatizov\u00e1n a prob\u00edh\u00e1 bez lidsk\u00e9 interakce. Zdrojov\u00e9 dokumenty jsou p\u0159ij\u00edm\u00e1ny na po\u0161tovn\u00edm serveru RoboBraille, zpracov\u00e1ny jedn\u00edm nebo v\u00edce RoboBraille z\u00e1stupci a v\u00fdsledek je vr\u00e1cen odesilateli e-mailem. Zdrojov\u00fd dokument je n\u00e1sledn\u011b smaz\u00e1n ze server\u016f. Z\u00e1znamy o transakc\u00edch jsou uchov\u00e1v\u00e1ny pro statistick\u00e9 a mana\u017eersk\u00e9 \u00fa\u010dely a z d\u016fvodu spamov\u00e9 prevence. [&hellip;]","og_url":"https:\/\/www.robobraille.org\/cs\/soukromi-a-podminky\/","og_site_name":"RoboBraille","article_modified_time":"2021-01-20T11:13:45+00:00","twitter_card":"summary_large_image","twitter_misc":{"Odhadovan\u00e1 doba \u010dten\u00ed":"2 minuty"},"schema":{"@context":"https:\/\/schema.org","@graph":[{"@type":"WebPage","@id":"https:\/\/www.robobraille.org\/cs\/soukromi-a-podminky\/","url":"https:\/\/www.robobraille.org\/cs\/soukromi-a-podminky\/","name":"Soukrom\u00ed a podm\u00ednky - RoboBraille","isPartOf":{"@id":"https:\/\/www.robobraille.org\/cs\/#website"},"datePublished":"2021-01-20T11:13:44+00:00","dateModified":"2021-01-20T11:13:45+00:00","breadcrumb":{"@id":"https:\/\/www.robobraille.org\/cs\/soukromi-a-podminky\/#breadcrumb"},"inLanguage":"cs","potentialAction":[{"@type":"ReadAction","target":["https:\/\/www.robobraille.org\/cs\/soukromi-a-podminky\/"]}]},{"@type":"BreadcrumbList","@id":"https:\/\/www.robobraille.org\/cs\/soukromi-a-podminky\/#breadcrumb","itemListElement":[{"@type":"ListItem","position":1,"name":"Home","item":"https:\/\/www.robobraille.org\/cs\/"},{"@type":"ListItem","position":2,"name":"Soukrom\u00ed a podm\u00ednky"}]},{"@type":"WebSite","@id":"https:\/\/www.robobraille.org\/cs\/#website","url":"https:\/\/www.robobraille.org\/cs\/","name":"RoboBraille","description":"","publisher":{"@id":"https:\/\/www.robobraille.org\/cs\/#organization"},"potentialAction":[{"@type":"SearchAction","target":{"@type":"EntryPoint","urlTemplate":"https:\/\/www.robobraille.org\/cs\/?s={search_term_string}"},"query-input":{"@type":"PropertyValueSpecification","valueRequired":true,"valueName":"search_term_string"}}],"inLanguage":"cs"},{"@type":"Organization","@id":"https:\/\/www.robobraille.org\/cs\/#organization","name":"RoboBraille","url":"https:\/\/www.robobraille.org\/cs\/","logo":{"@type":"ImageObject","inLanguage":"cs","@id":"https:\/\/www.robobraille.org\/cs\/#\/schema\/logo\/image\/","url":"https:\/\/www.robobraille.org\/wp-content\/uploads\/2020\/11\/RoboBraille.jpg","contentUrl":"https:\/\/www.robobraille.org\/wp-content\/uploads\/2020\/11\/RoboBraille.jpg","width":340,"height":98,"caption":"RoboBraille"},"image":{"@id":"https:\/\/www.robobraille.org\/cs\/#\/schema\/logo\/image\/"}}]}},"_links":{"self":[{"href":"https:\/\/www.robobraille.org\/cs\/wp-json\/wp\/v2\/pages\/1019","targetHints":{"allow":["GET"]}}],"collection":[{"href":"https:\/\/www.robobraille.org\/cs\/wp-json\/wp\/v2\/pages"}],"about":[{"href":"https:\/\/www.robobraille.org\/cs\/wp-json\/wp\/v2\/types\/page"}],"author":[{"embeddable":true,"href":"https:\/\/www.robobraille.org\/cs\/wp-json\/wp\/v2\/users\/4"}],"replies":[{"embeddable":true,"href":"https:\/\/www.robobraille.org\/cs\/wp-json\/wp\/v2\/comments?post=1019"}],"version-history":[{"count":1,"href":"https:\/\/www.robobraille.org\/cs\/wp-json\/wp\/v2\/pages\/1019\/revisions"}],"predecessor-version":[{"id":1020,"href":"https:\/\/www.robobraille.org\/cs\/wp-json\/wp\/v2\/pages\/1019\/revisions\/1020"}],"wp:attachment":[{"href":"https:\/\/www.robobraille.org\/cs\/wp-json\/wp\/v2\/media?parent=1019"}],"curies":[{"name":"wp","href":"https:\/\/api.w.org\/{rel}","templated":true}]}}